{"id":10319,"date":"2024-02-14T02:07:58","date_gmt":"2024-02-14T02:07:58","guid":{"rendered":"https:\/\/bbg.mystagingwebsite.com\/?page_id=10319"},"modified":"2024-03-11T22:23:17","modified_gmt":"2024-03-11T22:23:17","slug":"como-puedo-estar-seguro-en-las-aceras-durante-el-invierno","status":"publish","type":"page","link":"https:\/\/www.briskmanandbriskman.com\/es\/practice-areas\/personal-injury\/winter-safety-frequently-asked-questions\/how-can-i-stay-safe-on-the-sidewalks-during-the-winter\/","title":{"rendered":"\u00bfC\u00f3mo puedo estar seguro en las aceras durante el invierno?"},"content":{"rendered":"<p>Durante el invierno, uno puede mantenerse seguro en las aceras manteniendo el centro de gravedad sobre la pierna delantera. Cuando la gente camina, su capacidad para soportar el peso se divide en la mitad de la zancada. Sin embargo, caminar de esta manera sobre el hielo obliga a cada pierna a soportar el peso del cuerpo que no est\u00e1 perpendicular al hielo, y por lo tanto puede provocar una ca\u00edda.<\/p>\n\n\n\n<p>Mantener el centro de gravedad sobre la pierna delantera ayuda a mantenerse erguido. Tambi\u00e9n ayuda separar un poco los pies para aumentar el centro de gravedad y dar peque\u00f1os pasos. Tambi\u00e9n se puede aumentar el centro de gravedad manteniendo las manos fuera de los bolsillos. Si se empieza a resbalar, se puede frenar la ca\u00edda con las manos.<\/p>\n\n\n\n<p>Es aconsejable darse tiempo m\u00e1s que suficiente para llegar al destino cuando se camina sobre hielo o nieve. Utilice calzado o botas con buena tracci\u00f3n y camine despacio. Permanezca en los pasos designados y utilice los pasamanos al subir o bajar escaleras.<\/p>\n\n\n\n<h2 class=\"wp-block-heading\">Otras preguntas frecuentes sobre seguridad invernal:<\/h2>\n\n\n<ul class=\"list-pages-shortcode sibling-pages\"><li class=\"page_item page-item-10319\"><a href=\"https:\/\/www.briskmanandbriskman.com\/es\/practice-areas\/personal-injury\/winter-safety-frequently-asked-questions\/how-can-i-stay-safe-on-the-sidewalks-during-the-winter\/\">\u00bfC\u00f3mo puedo estar seguro en las aceras durante el invierno?<\/a><\/li>\n<li class=\"page_item page-item-10322\"><a href=\"https:\/\/www.briskmanandbriskman.com\/es\/practice-areas\/personal-injury\/winter-safety-frequently-asked-questions\/how-do-i-install-tire-chains\/\">\u00bfC\u00f3mo se instalan las cadenas?<\/a><\/li>\n<li class=\"page_item page-item-10324\"><a href=\"https:\/\/www.briskmanandbriskman.com\/es\/practice-areas\/personal-injury\/winter-safety-frequently-asked-questions\/what-should-be-in-my-cars-first-aid-kit-for-the-winter\/\">\u00bfQu\u00e9 debe haber en el botiqu\u00edn de mi coche para el invierno?<\/a><\/li>\n<\/ul>","protected":false},"excerpt":{"rendered":"<p>Durante el invierno, uno puede mantenerse seguro en las aceras manteniendo el centro de gravedad sobre la pierna delantera. Cuando la gente camina, su capacidad para soportar el peso se divide en la mitad de la zancada. Sin embargo, caminar as\u00ed sobre hielo obliga a cada pierna a soportar el peso del cuerpo que...<\/p>","protected":false},"author":1,"featured_media":11523,"parent":10317,"menu_order":0,"comment_status":"closed","ping_status":"closed","template":"","meta":{"_acf_changed":false,"footnotes":""},"class_list":["post-10319","page","type-page","status-publish","has-post-thumbnail","hentry"],"acf":[],"_links":{"self":[{"href":"https:\/\/www.briskmanandbriskman.com\/es\/wp-json\/wp\/v2\/pages\/10319","targetHints":{"allow":["GET"]}}],"collection":[{"href":"https:\/\/www.briskmanandbriskman.com\/es\/wp-json\/wp\/v2\/pages"}],"about":[{"href":"https:\/\/www.briskmanandbriskman.com\/es\/wp-json\/wp\/v2\/types\/page"}],"author":[{"embeddable":true,"href":"https:\/\/www.briskmanandbriskman.com\/es\/wp-json\/wp\/v2\/users\/1"}],"replies":[{"embeddable":true,"href":"https:\/\/www.briskmanandbriskman.com\/es\/wp-json\/wp\/v2\/comments?post=10319"}],"version-history":[{"count":1,"href":"https:\/\/www.briskmanandbriskman.com\/es\/wp-json\/wp\/v2\/pages\/10319\/revisions"}],"predecessor-version":[{"id":10724,"href":"https:\/\/www.briskmanandbriskman.com\/es\/wp-json\/wp\/v2\/pages\/10319\/revisions\/10724"}],"up":[{"embeddable":true,"href":"https:\/\/www.briskmanandbriskman.com\/es\/wp-json\/wp\/v2\/pages\/10317"}],"wp:featuredmedia":[{"embeddable":true,"href":"https:\/\/www.briskmanandbriskman.com\/es\/wp-json\/wp\/v2\/media\/11523"}],"wp:attachment":[{"href":"https:\/\/www.briskmanandbriskman.com\/es\/wp-json\/wp\/v2\/media?parent=10319"}],"curies":[{"name":"wp","href":"https:\/\/api.w.org\/{rel}","templated":true}]}}