{"id":10315,"date":"2024-02-14T02:02:29","date_gmt":"2024-02-14T02:02:29","guid":{"rendered":"https:\/\/bbg.mystagingwebsite.com\/?page_id=10315"},"modified":"2024-06-27T22:37:26","modified_gmt":"2024-06-27T22:37:26","slug":"necesito-un-abogado-de-lesiones-personales-chicago","status":"publish","type":"page","link":"https:\/\/www.briskmanandbriskman.com\/es\/practice-areas\/personal-injury\/do-i-need-a-chicago-personal-injury-attorney\/","title":{"rendered":"\u00bfNecesito un abogado de lesiones personales Chicago?"},"content":{"rendered":"<h2 class=\"wp-block-heading\">Da\u00f1os personales en Chicago<\/h2>\n\n\n\n<p>\u00bfNECESITO UN ABOGADO DE CHICAGO DE LESIONES PERSONALES?<\/p>\n\n\n\n<p>Tras un accidente grave, las v\u00edctimas de lesiones y sus familias pueden encontrarse con importantes repercusiones m\u00e9dicas, financieras y psicol\u00f3gicas. Incluso si las partes mantienen p\u00f3lizas de seguro activas, las p\u00f3lizas no cubren el alcance de los da\u00f1os de una persona en muchas situaciones. Tras un accidente, una v\u00edctima puede tener que hacer frente a gastos considerables relacionados con tratamientos de urgencia, hospitalizaciones, rehabilitaci\u00f3n y recetas m\u00e9dicas. Estos problemas m\u00e9dicos a menudo obligan a la persona a faltar al trabajo, con la consiguiente p\u00e9rdida de oportunidades de ascenso y otros beneficios. Adem\u00e1s de los impedimentos m\u00e9dicos y financieros, darse cuenta de que un accidente potencialmente evitable cambi\u00f3 la trayectoria de la vida de una persona puede ser particularmente dif\u00edcil.<\/p>\n\n\n\n<p>Tras un accidente evitable, quienes hayan sufrido p\u00e9rdidas por culpa de otro pueden&nbsp;<a href=\"https:\/\/www.briskmanandbriskman.com\/es\/\">presentar una demanda por lesiones personales Chicago<\/a>&nbsp;contra la parte o partes culpables. El primer paso para recuperarse es presentar una reclamaci\u00f3n a la aseguradora de la parte culpable. Sin embargo, las compa\u00f1\u00edas de seguros trabajan para mantener su situaci\u00f3n financiera y a menudo presentan obst\u00e1culos a quienes intentan evocar la cobertura. Las negociaciones entre los reclamantes y las compa\u00f1\u00edas de seguros pueden ser desalentadoras, complicadas y largas. Estas negociaciones a menudo dejan al reclamante con una cobertura insuficiente para hacer frente a sus p\u00e9rdidas.<\/p>\n\n\n\n<p>En&nbsp;<a href=\"https:\/\/www.briskmanandbriskman.com\/es\/nuestros-abogados\/\">abogados en Briskman Briskman &amp; Greenberg<\/a>Chicago, estamos aqu\u00ed para proporcionar a las v\u00edctimas de lesiones personales los recursos y las herramientas para recuperar sus da\u00f1os. El&nbsp;<a href=\"https:\/\/www.briskmanandbriskman.com\/es\/\">equipo experimentado de abogados especializados en lesiones Chicago<\/a>&nbsp;tiene a\u00f1os de experiencia combinada ayudando a las v\u00edctimas de lesiones a trav\u00e9s de&nbsp;<a href=\"https:\/\/www.briskmanandbriskman.com\/es\/centros-de-informacion\/danos-personales\/proceso-judicial\/\">todos los pasos de una demanda por lesiones personales<\/a>. Nuestros abogados ayudan en las negociaciones con las compa\u00f1\u00edas de seguros adversarios y las partes culpables, adem\u00e1s de litigar reclamaciones, si es necesario. Los abogados de Briskman Briskman &amp; Greenberg mantienen un reconocimiento positivo en el sector por parte de clientes y compa\u00f1eros al proporcionar a los clientes la capacidad de enfrentarse a los retos con confianza.<\/p>\n\n\n\n<h3 class=\"wp-block-heading\">Estad\u00edsticas relacionadas con la abogac\u00eda:<\/h3>\n\n\n\n<p>Un estudio del Insurance Research Council (IRC) titulado \"Paying for Auto Injuries\" revel\u00f3 que las v\u00edctimas de lesiones representadas por un abogado obten\u00edan indemnizaciones un 40% superiores a las de quienes no estaban representados por abogados. Otro estudio del IRC, titulado \"Auto Injuries: Claiming Behavior and Its Impact on Insurance Costs\", se centraba \u00fanicamente en las reclamaciones por lesiones corporales. Ese estudio concluy\u00f3 que el pago medio por lesiones en accidentes de coche era 3,5 veces superior para los demandantes que contrataban a un abogado.<\/p>\n\n\n\n<h3 class=\"wp-block-heading\">\u00bfDebo presentar una demanda por lesiones personales contra Chicago?<\/h3>\n\n\n\n<p><strong>Tras un accidente, es posible que se encuentre en estado de shock y que el alcance de su dolor y sufrimiento no se manifieste inmediatamente. Incluso los accidentes aparentemente menores pueden provocar lesiones tard\u00edas.&nbsp;<a href=\"https:\/\/www.briskmanandbriskman.com\/es\/areas-de-practica\/chicago-resbalon-y-caida-abogados\/\">Los resbalones y ca\u00eddas pueden no causar dolor inmediato<\/a>&nbsp;aunque la persona se haya torcido un m\u00fasculo o roto un ligamento. Del mismo modo, es posible que los conductores y pasajeros no sientan dolor inmediatamente despu\u00e9s de un accidente de tr\u00e1fico; sin embargo, el dolor provocado por el latigazo cervical y otras lesiones de tejidos blandos puede hacerse evidente al cabo de unos d\u00edas, semanas o incluso meses.<\/strong><\/p>\n\n\n\n<p>En el otro extremo del espectro, las v\u00edctimas de lesiones pueden sufrir heridas graves inmediatamente despu\u00e9s de un accidente. Un resbal\u00f3n y ca\u00edda o un accidente de coche pueden hacer que alguien se golpee la cabeza y pierda el conocimiento, o se rompa un hueso, requiriendo hospitalizaci\u00f3n inmediata.<\/p>\n\n\n\n<p>Tras un accidente, es esencial que las v\u00edctimas reciban atenci\u00f3n m\u00e9dica inmediata. Las v\u00edctimas de lesiones pueden sufrir lesiones cerebrales traum\u00e1ticas, da\u00f1os en la m\u00e9dula espinal, amputaciones, da\u00f1os en \u00f3rganos internos, trastorno de estr\u00e9s postraum\u00e1tico y otras dolencias y enfermedades similares. Las lesiones no tratadas pueden provocar problemas m\u00e9dicos a largo plazo y dificultar la recuperaci\u00f3n m\u00e9dica y econ\u00f3mica. Despu\u00e9s de buscar tratamiento m\u00e9dico, las v\u00edctimas deben ponerse en contacto con un abogado para discutir sus derechos y recursos.<\/p>\n\n\n\n<h2 class=\"wp-block-heading\">Lo que un abogado de lesiones personales Chicago aporta a su caso<\/h2>\n\n\n\n<p>Aunque no es obligatorio que una v\u00edctima de lesiones contrate a un abogado para que le ayude en la preparaci\u00f3n de su caso, hacerlo es casi siempre una buena idea. Las estad\u00edsticas muestran que las v\u00edctimas de accidentes que est\u00e1n representados por un abogado no s\u00f3lo tienden a obtener una indemnizaci\u00f3n m\u00e1s a menudo, pero tambi\u00e9n obtienen mayores indemnizaciones por da\u00f1os y perjuicios, en promedio. A continuaci\u00f3n se exponen algunas razones por las que un&nbsp;<a href=\"https:\/\/www.briskmanandbriskman.com\/es\/\">Chicago abogado de lesiones personales es de vital importancia para las v\u00edctimas de accidentes<\/a>.<\/p>\n\n\n\n<h3 class=\"wp-block-heading\">Las reclamaciones de seguros y los casos de lesiones personales suelen ser complejos<\/h3>\n\n\n\n<p>Los abogados se har\u00e1n cargo de las negociaciones con una compa\u00f1\u00eda de seguros aunque la v\u00edctima ya hubiera iniciado el proceso. Muchas v\u00edctimas no se plantean contratar a un abogado de inmediato. Es aconsejable que un abogado se encargue de estas complejas discusiones. Los abogados pueden ayudar en las negociaciones con el seguro de muchas maneras. Por ejemplo, las compa\u00f1\u00edas de seguros suelen tomar m\u00e1s en serio a las v\u00edctimas de lesiones que est\u00e1n representadas por un abogado, lo que puede dar lugar a una oferta de acuerdo m\u00e1s considerable.<\/p>\n\n\n\n<h3 class=\"wp-block-heading\">Un abogado puede ayudarle a evitar la denegaci\u00f3n, los retrasos y la resoluci\u00f3n insuficiente de las reclamaciones al seguro<\/h3>\n\n\n\n<p>Los abogados pueden ayudar si una compa\u00f1\u00eda de seguros deniega injustamente una reclamaci\u00f3n. Despu\u00e9s de una denegaci\u00f3n, un abogado puede trabajar con la v\u00edctima para apelar la decisi\u00f3n de la compa\u00f1\u00eda de seguros y lograr una resoluci\u00f3n m\u00e1s adecuada. Un abogado puede ayudar a investigar el accidente, reunir las pruebas necesarias, historiales m\u00e9dicos y opiniones de expertos para presentar una imagen completa del incidente.<\/p>\n\n\n\n<p>Adem\u00e1s, en muchas situaciones, las compa\u00f1\u00edas de seguros retrasan las reclamaciones y no proporcionan actualizaciones a los reclamantes. Si la compa\u00f1\u00eda de seguros no se comunica con un reclamante o no proporciona actualizaciones significativas, un abogado puede intervenir para garantizar que la empresa responda. Un abogado puede ayudar a las v\u00edctimas a comprender sus posibles v\u00edas de recurso contra una compa\u00f1\u00eda de seguros que haya ignorado su reclamaci\u00f3n.<\/p>\n\n\n\n<p>Por \u00faltimo, un abogado puede ayudar a las v\u00edctimas a determinar si un acuerdo propuesto es apropiado. En muchos casos, las compa\u00f1\u00edas de seguros tratan de resolver las reclamaciones por la menor cantidad de dinero posible. Las v\u00edctimas deben discutir el coste real de sus da\u00f1os con un abogado antes de aceptar un acuerdo con el seguro. Los abogados suelen ofrecer consultas gratuitas a los clientes para ayudarles a identificar el alcance total de los da\u00f1os que sufrieron en el accidente, asegur\u00e1ndose de que no se deja nada sobre la mesa.<\/p>\n\n\n\n<h3 class=\"wp-block-heading\">Identificar a todas las partes potencialmente responsables para maximizar sus posibilidades de recuperaci\u00f3n<\/h3>\n\n\n\n<p>Un abogado de lesiones personales puede ayudar a una v\u00edctima a identificar a la parte responsable y repartir los da\u00f1os en consecuencia. Chicago las demandas por lesiones personales requieren que las v\u00edctimas establezcan los elementos de una demanda por negligencia. La pregunta inicial en estas demandas es qui\u00e9n es responsable de las lesiones de la v\u00edctima. En muchos casos, hay m\u00e1s de una parte responsable del accidente, y un abogado puede ayudar a identificar las reclamaciones pertinentes contra cada parte.<\/p>\n\n\n\n<p>En algunas situaciones, un conductor puede ser responsable de un cambio de carril inseguro, pero un fabricante de autom\u00f3viles puede serlo. <a href=\"https:\/\/www.briskmanandbriskman.com\/es\/areas-de-practica\/abogados-de-accidentes-de-camiones-en-chicago-2\/necesita-un-abogado-para-un-accidente-de-coche-defectuoso\/\">responsable de los frenos defectuosos<\/a> que llev\u00f3 al conductor a ser incapaz de detener su veh\u00edculo con eficacia. Del mismo modo, en algunos casos de negligencia m\u00e9dica, una v\u00edctima puede presentar una demanda contra el m\u00e9dico negligente, as\u00ed como el hospital que emple\u00f3 el proveedor de atenci\u00f3n m\u00e9dica. Nombrar a todas las partes potencialmente responsables es crucial, ya que aumenta las posibilidades de la v\u00edctima de cobrar una indemnizaci\u00f3n por da\u00f1os y perjuicios.<\/p>\n\n\n\n<h3 class=\"wp-block-heading\">Evaluar los da\u00f1os y valorar todas las v\u00edas de recuperaci\u00f3n<\/h3>\n\n\n\n<p>Despu\u00e9s de determinar si un accidente requiere una indemnizaci\u00f3n adicional y la identificaci\u00f3n de las partes responsables, un abogado puede ayudar a las v\u00edctimas a entender sus caminos hacia la recuperaci\u00f3n. En una peque\u00f1a minor\u00eda de situaciones, el pago del seguro puede ser suficiente para cubrir las p\u00e9rdidas de la v\u00edctima. Sin embargo, en muchos casos, una demanda es necesaria para compensar plenamente a una v\u00edctima. Incluso si una v\u00edctima ya est\u00e1 inmersa en negociaciones para llegar a un acuerdo, un abogado puede proporcionarle orientaci\u00f3n fundamental sobre el alcance total de los da\u00f1os y la posible indemnizaci\u00f3n.<\/p>\n\n\n\n<h3 class=\"wp-block-heading\">Litigar las demandas y proteger los intereses de la v\u00edctima<\/h3>\n\n\n\n<p>Si un caso llega a juicio, un abogado es una herramienta inestimable para garantizar que el proceso sea lo m\u00e1s \u00e1gil posible. Las demandas por lesiones personales requieren un profundo conocimiento de las complejas normas sustantivas y leyes procesales. El incumplimiento de un plazo de presentaci\u00f3n, un requisito de notificaci\u00f3n o una norma probatoria puede dar lugar a una desestimaci\u00f3n. Los abogados poseen los conocimientos jur\u00eddicos necesarios para representar a los clientes a lo largo de este proceso y garantizar que obtengan la indemnizaci\u00f3n que merecen.<\/p>\n\n\n\n<h2 class=\"wp-block-heading\">P\u00f3ngase en contacto con un abogado de lesiones personales Chicago para obtener ayuda<\/h2>\n\n\n\n<p>HABLAR CON UN ABOGADO SOBRE SU CASO ES GRATIS<\/p>\n\n\n\n<p>Recuperar una indemnizaci\u00f3n tras un accidente puede ser un proceso dif\u00edcil para las v\u00edctimas de lesiones y sus familias. En&nbsp;<a href=\"https:\/\/www.briskmanandbriskman.com\/es\/nuestros-abogados\/\">abogados experimentados y dedicados de Briskman Briskman &amp; Greenberg<\/a>&nbsp;puede ayudarle en este proceso. Nuestros abogados ofrecen consultas gratuitas con un abogado real. Nos enorgullecemos de tratar constantemente a nuestros clientes con cortes\u00eda y respeto, y proporcionarles la confianza que necesitan durante un momento estresante.<\/p>\n\n\n\n<p>Si usted o alguien que usted conoce ha sufrido lesiones despu\u00e9s de un accidente Chicago, p\u00f3ngase en contacto con nuestra oficina para discutir sus derechos y recursos. Nuestros abogados en Briskman Briskman &amp; Greenberg manejan&nbsp;<a href=\"https:\/\/www.briskmanandbriskman.com\/es\/areas-de-practica\/\">todo tipo de casos de da\u00f1os corporales en Chicago<\/a>y en todo el Illinois, incluidos los&nbsp;<a href=\"https:\/\/www.briskmanandbriskman.com\/es\/areas-de-practica\/abogados-de-accidentes-de-camiones-en-chicago-2\/\">derivados de accidentes de tr\u00e1fico<\/a>,&nbsp;<a href=\"https:\/\/www.briskmanandbriskman.com\/es\/areas-de-practica\/negligencia-medica\/\">casos de negligencia m\u00e9dica<\/a>,&nbsp;<a href=\"https:\/\/www.briskmanandbriskman.com\/es\/areas-de-practica\/abogados-de-abuso-en-residencias-de-ancianos-de-chicago\/\">negligencia y abusos en residencias de ancianos<\/a>y mucho m\u00e1s. Para saber m\u00e1s sobre c\u00f3mo podemos ayudarle,&nbsp;<a href=\"tel:18775954878\">Contacte con nosotros en el 1-877-595-4878<\/a>a&nbsp;<a href=\"https:\/\/www.briskmanandbriskman.com\/es\/abogados-de-accidentes-de-camiones-en-chicago-2\/\">programar una consulta gratuita<\/a>.<\/p>","protected":false},"excerpt":{"rendered":"<p>Lesiones personales en Chicago \u00bfNECESITO UN ABOGADO DE LESIONES PERSONALES EN CHICAGO? Despu\u00e9s de un accidente grave, las v\u00edctimas de lesiones y sus familias pueden encontrarse con importantes repercusiones m\u00e9dicas, financieras y psicol\u00f3gicas. Incluso si las partes mantienen p\u00f3lizas de seguro activas, las p\u00f3lizas no cubren el alcance de los da\u00f1os de una persona en muchas situaciones. Tras un accidente,...<\/p>","protected":false},"author":1,"featured_media":0,"parent":56,"menu_order":0,"comment_status":"closed","ping_status":"closed","template":"","meta":{"_acf_changed":false,"footnotes":""},"class_list":["post-10315","page","type-page","status-publish","hentry"],"acf":[],"_links":{"self":[{"href":"https:\/\/www.briskmanandbriskman.com\/es\/wp-json\/wp\/v2\/pages\/10315","targetHints":{"allow":["GET"]}}],"collection":[{"href":"https:\/\/www.briskmanandbriskman.com\/es\/wp-json\/wp\/v2\/pages"}],"about":[{"href":"https:\/\/www.briskmanandbriskman.com\/es\/wp-json\/wp\/v2\/types\/page"}],"author":[{"embeddable":true,"href":"https:\/\/www.briskmanandbriskman.com\/es\/wp-json\/wp\/v2\/users\/1"}],"replies":[{"embeddable":true,"href":"https:\/\/www.briskmanandbriskman.com\/es\/wp-json\/wp\/v2\/comments?post=10315"}],"version-history":[{"count":6,"href":"https:\/\/www.briskmanandbriskman.com\/es\/wp-json\/wp\/v2\/pages\/10315\/revisions"}],"predecessor-version":[{"id":13285,"href":"https:\/\/www.briskmanandbriskman.com\/es\/wp-json\/wp\/v2\/pages\/10315\/revisions\/13285"}],"up":[{"embeddable":true,"href":"https:\/\/www.briskmanandbriskman.com\/es\/wp-json\/wp\/v2\/pages\/56"}],"wp:attachment":[{"href":"https:\/\/www.briskmanandbriskman.com\/es\/wp-json\/wp\/v2\/media?parent=10315"}],"curies":[{"name":"wp","href":"https:\/\/api.w.org\/{rel}","templated":true}]}}