{"id":10309,"date":"2024-02-14T01:59:26","date_gmt":"2024-02-14T01:59:26","guid":{"rendered":"https:\/\/bbg.mystagingwebsite.com\/?page_id=10309"},"modified":"2024-06-25T21:18:45","modified_gmt":"2024-06-25T21:18:45","slug":"abogados-de-abuso-en-residencias-de-ancianos-de-chicago","status":"publish","type":"page","link":"https:\/\/www.briskmanandbriskman.com\/es\/practice-areas\/chicago-nursing-home-abuse-lawyers\/","title":{"rendered":"Chicago Abogados Abuso y Negligencia en Asilos de Ancianos"},"content":{"rendered":"<h2 class=\"wp-block-heading\"><em>Abogados compasivos de lesiones Chicago luchan para proteger a los clientes y las familias despu\u00e9s de abuso o negligencia en el hogar de ancianos<\/em><\/h2>\n\n\n\n<p>La poblaci\u00f3n de Illinois incluye un amplio segmento de adultos mayores. Cada a\u00f1o, muchos de estos ancianos necesitan cuidados en residencias. Sin embargo, el n\u00famero de residencias no aumenta al mismo ritmo que las necesidades. En consecuencia, las residencias suelen carecer de personal suficiente y los presupuestos son ajustados.<\/p>\n\n\n\n<p>En estas tensas circunstancias, pueden producirse casos de abuso y negligencia en residencias de ancianos. El personal puede estar mal supervisado o mal formado. Puede que no haya personal suficiente para atender todas las necesidades de los residentes. La mala remuneraci\u00f3n y la presi\u00f3n para que se tomen atajos en el cuidado de los ancianos tambi\u00e9n pueden dar lugar a abusos o negligencias.<\/p>\n\n\n\n<p>Las lesiones y enfermedades graves debidas al maltrato y la negligencia en residencias de ancianos han aumentado en los \u00faltimos a\u00f1os. Cuando se produce un da\u00f1o, es importante <a href=\"https:\/\/www.briskmanandbriskman.com\/es\/\">hable con un abogado con experiencia<\/a> para saber m\u00e1s sobre los derechos de su ser querido y su familia.\u00a0<\/p>\n\n\n\n<h3 class=\"wp-block-heading\">Illinois Estad\u00edsticas sobre el maltrato en residencias de ancianos<\/h3>\n\n\n\n<p>Seg\u00fan el National Council on Aging (NCOA), cada a\u00f1o cinco millones de ancianos estadounidenses sufren abusos o negligencias en residencias de ancianos. Los tipos m\u00e1s comunes de abuso y negligencia son:<\/p>\n\n\n\n<ul class=\"wp-block-list\">\n<li><strong>Maltrato f\u00edsico. <\/strong>El maltrato f\u00edsico se produce cuando alguien golpea, empuja o da\u00f1a f\u00edsicamente de cualquier otra forma a un residente de una residencia de ancianos. Una encuesta realizada a 452 familiares de residentes en residencias de ancianos revel\u00f3 que <strong>24,3 por ciento <\/strong>denunciaron uno o m\u00e1s incidentes de agresi\u00f3n f\u00edsica en la residencia de ancianos. Entre 2002 y 2016, m\u00e1s de 600 000 ancianos residentes en Estados Unidos recibieron atenci\u00f3n en urgencias por lesiones de agresi\u00f3n f\u00edsica.\u00a0<\/li>\n\n\n\n<li><strong>Abuso emocional. <\/strong>El maltrato emocional puede consistir en que el personal u otros residentes amenacen, acosen, intimiden o a\u00edslen socialmente a una persona mayor. En una encuesta realizada a enfermeras y auxiliares de residencias de ancianos, <strong>81 por ciento <\/strong>del personal dijeron que hab\u00edan visto casos de maltrato emocional a ancianos en una residencia. Otro <strong>40 por ciento <\/strong>hab\u00edan cometido abusos emocionales contra un anciano en el \u00faltimo a\u00f1o. El 70% dijo haber visto a un compa\u00f1ero gritar a un residente, y el 50% dijo haber o\u00eddo a un compa\u00f1ero insultar a un residente.\u00a0<\/li>\n\n\n\n<li><strong>Negligencia. <\/strong>La negligencia incluye cualquier situaci\u00f3n en la que un residente de una residencia de ancianos no recibe los cuidados que necesita. Seg\u00fan un estudio de la OMS <strong>12 por ciento <\/strong>del personal de residencias de ancianos admiti\u00f3 haber descuidado al menos a un residente. Alrededor del 12% de los residentes tambi\u00e9n dijeron haber sufrido negligencias.\u00a0<\/li>\n<\/ul>\n\n\n\n<p>En las residencias de ancianos tambi\u00e9n se producen otros tipos de abusos, como los econ\u00f3micos y los sexuales. En un estudio de la OMS, m\u00e1s de <strong>66 por ciento <\/strong>de los miembros del personal de residencias de ancianos dijeron haber cometido alg\u00fan tipo de abuso o negligencia.&nbsp;<\/p>\n\n\n\n<p>Los costes de los malos tratos y la negligencia son elevados. Entre los residentes en residencias de ancianos que sufren malos tratos o negligencia:<\/p>\n\n\n\n<ul class=\"wp-block-list\">\n<li>Los residentes son <strong>tres veces <\/strong>m\u00e1s probabilidades de ser hospitalizados,<\/li>\n\n\n\n<li>Los residentes son <strong>tres veces <\/strong>m\u00e1s probabilidades de morir, y<\/li>\n\n\n\n<li>S\u00f3lo el coste anual de los abusos financieros asciende al menos a 1.000 millones de euros. <strong>$36.500 millones. <\/strong>Los costes de la atenci\u00f3n m\u00e9dica a\u00f1adida y otras necesidades de los residentes de residencias de ancianos maltratados o desatendidos son a\u00fan mayores.\u00a0<\/li>\n<\/ul>\n\n\n\n<p>Cualquier persona en una residencia de ancianos puede sufrir malos tratos o negligencia. Ciertos factores de riesgo, como la demencia, la depresi\u00f3n, el aislamiento social y las deficiencias f\u00edsicas, pueden aumentar las probabilidades de que se produzcan abusos o negligencias.<\/p>\n\n\n\n<h3 class=\"wp-block-heading\">Se\u00f1ales de maltrato o negligencia en una residencia de ancianos<\/h3>\n\n\n\n<p>El maltrato y la negligencia en las residencias de ancianos suelen dejar pruebas. Esto es lo que debe buscar cuando visite a su ser querido.&nbsp;<\/p>\n\n\n\n<h4 class=\"wp-block-heading\">Lesiones y enfermedades<\/h4>\n\n\n\n<p>El maltrato y la negligencia pueden dejar marcas f\u00edsicas en forma de lesiones o enfermedades. Busca:<\/p>\n\n\n\n<ul class=\"wp-block-list\">\n<li>Moratones, quemaduras, cicatrices u otras lesiones inexplicables,<\/li>\n\n\n\n<li>\u00dalceras por presi\u00f3n u otras afecciones evitables, como deshidrataci\u00f3n o desnutrici\u00f3n,<\/li>\n\n\n\n<li>Cambios que podr\u00edan estar relacionados con la omisi\u00f3n de dosis de medicaci\u00f3n por parte de un ser querido,<\/li>\n\n\n\n<li>Ca\u00eddas, sobre todo repetidas. Las ca\u00eddas son m\u00e1s frecuentes cuando el personal descuida las medidas necesarias para prevenirlas.\u00a0<\/li>\n<\/ul>\n\n\n\n<p>Cualquier otra lesi\u00f3n o enfermedad que parezca fuera de lugar o que no pueda explicarse adecuadamente por la edad o las necesidades m\u00e9dicas preexistentes de su ser querido tambi\u00e9n debe examinarse detenidamente.&nbsp;<\/p>\n\n\n\n<h4 class=\"wp-block-heading\">Comportamiento y comunicaci\u00f3n<\/h4>\n\n\n\n<p>Una persona que sufre malos tratos o abandono puede no ser capaz de comunicar lo que le ocurre. Puede sentirse avergonzada o confusa. Puede que le cueste encontrar palabras para lo que est\u00e1 pasando. O puede que su estado de salud le impida comunicarse con claridad.&nbsp;<\/p>\n\n\n\n<p>Sin embargo, el comportamiento puede comunicar que algo va mal incluso cuando las palabras no lo hacen. Busque cambios en el comportamiento y la comunicaci\u00f3n de su ser querido, como:<\/p>\n\n\n\n<ul class=\"wp-block-list\">\n<li>Parecer deprimido, confuso o retra\u00eddo,<\/li>\n\n\n\n<li>Aislarse de los dem\u00e1s o elegir mantenerse alejado de ellos,<\/li>\n\n\n\n<li>Mostrarse temeroso, exteriorizar o \"cerrarse en banda\", especialmente en presencia del personal,<\/li>\n\n\n\n<li>Comportarse de forma agitada, como si intentaran llamar tu atenci\u00f3n o no pudieran \"calmarse\".\u00a0<\/li>\n<\/ul>\n\n\n\n<p>Lo m\u00e1s probable es que conozca bien a su ser querido. Deje que cualquier cambio de comportamiento le impulse a buscar su origen.&nbsp;<\/p>\n\n\n\n<h4 class=\"wp-block-heading\">Situaci\u00f3n y entorno<\/h4>\n\n\n\n<p>Los indicios en la residencia de ancianos tambi\u00e9n pueden ayudarle a determinar si se han producido malos tratos o negligencia. Los signos m\u00e1s comunes de que el abuso o la negligencia pueden ser m\u00e1s probables incluyen:<\/p>\n\n\n\n<ul class=\"wp-block-list\">\n<li>Ropa de cama o de vestir sucia y sin cambiar. Tanto los olores como la suciedad visible indican que puede haberse descuidado un cambio necesario.\u00a0<\/li>\n\n\n\n<li>Necesidades personales vac\u00edas, como una caja de pa\u00f1uelos vac\u00eda, un vaso para beber, bolsas de suero u otro art\u00edculo que deba estar a mano para su ser querido.\u00a0<\/li>\n\n\n\n<li>Basura que no se ha retirado de la habitaci\u00f3n.\u00a0<\/li>\n\n\n\n<li>Faltas o retrasos en las comidas o en la medicaci\u00f3n.\u00a0<\/li>\n\n\n\n<li>A la hora de comer, el personal no viene a buscar a su ser querido si no aparece en el comedor para la comida.\u00a0<\/li>\n<\/ul>\n\n\n\n<p>Las visitas durante las comidas y la toma de medicamentos pueden ayudarle a comprender la rutina de su ser querido, de modo que pueda detectar cualquier cambio que se produzca.&nbsp;<\/p>\n\n\n\n<h3 class=\"wp-block-heading\">Qu\u00e9 buscar en una residencia de ancianos<\/h3>\n\n\n\n<p>Cuando busque una residencia de ancianos, necesitar\u00e1 un lugar que pueda satisfacer las necesidades de su ser querido. Los Institutos Nacionales de la Salud recomiendan tener en cuenta los siguientes consejos a la hora de buscar una residencia de ancianos:<\/p>\n\n\n\n<ul class=\"wp-block-list\">\n<li><strong>Piense en lo que su ser querido necesita y desea. <\/strong>\u00bfSu familiar mayor necesita ayuda para vestirse o ba\u00f1arse? \u00bfNecesita cuidados para la demencia o el Alzheimer? Utilice la lista de necesidades y deseos para limitar sus opciones.<\/li>\n\n\n\n<li><strong>Habla con tus conocidos. <\/strong>Los amigos, la familia y los compa\u00f1eros de trabajo pueden aportar su punto de vista sobre las residencias de ancianos en las que han vivido sus seres queridos. Los profesionales sanitarios, los trabajadores sociales y los grupos religiosos tambi\u00e9n pueden recomendar residencias de ancianos.\u00a0<\/li>\n\n\n\n<li><strong>Haga preguntas durante las conversaciones o visitas a la residencia. <\/strong>Cuando se ponga en contacto con una residencia de ancianos, pregunte por la proporci\u00f3n de personal por residente, cu\u00e1nto tiempo llevan trabajando all\u00ed los jefes de departamento, en qu\u00e9 actividades pueden participar los residentes y preguntas similares.\u00a0<\/li>\n<\/ul>\n\n\n\n<p>Una vez que tenga una lista de posibles residencias de ancianos, p\u00f3ngase en contacto con cada una de ellas. Pregunte cu\u00e1ntos residentes tienen y cu\u00e1nto cuestan. Pregunte si pueden satisfacer las necesidades particulares de su ser querido y pida ejemplos de c\u00f3mo satisfacen esas necesidades de los residentes.&nbsp;<\/p>\n\n\n\n<p>Tambi\u00e9n conviene visitar los lugares de la lista. Cuando los visites, busca pruebas de:<\/p>\n\n\n\n<ul class=\"wp-block-list\">\n<li>Certificaci\u00f3n de Medicare y Medicaid<\/li>\n\n\n\n<li>Licencias estatales<\/li>\n\n\n\n<li>Accesibilidad, especialmente para quienes utilizan ayudas a la movilidad como andadores o sillas de ruedas.<\/li>\n\n\n\n<li>Comodidad y comportamiento de los residentes. \u00bfParecen adecuadamente vestidos y cuidados? \u00bfEst\u00e1n los residentes en las zonas comunes o escondidos en sus habitaciones?\u00a0<\/li>\n\n\n\n<li>Interacciones entre el personal y los residentes. \u00bfSe hablan con amabilidad y respeto? \u00bfParece que se llevan bien?<\/li>\n\n\n\n<li>El entorno de las instalaciones. \u00bfParecen y huelen limpios? \u00bfSon c\u00f3modos y est\u00e1n bien mantenidos, sin peligros de tropiezos, mala iluminaci\u00f3n u otros riesgos?\u00a0<\/li>\n<\/ul>\n\n\n\n<p>Las familias que tienen mucho cuidado en elegir una buena residencia de ancianos a menudo se sorprenden cuando se producen abusos o negligencias en ella. Sin embargo, los malos tratos y la negligencia pueden producirse en cualquier residencia. Por muy seguro que est\u00e9 de la residencia que ha elegido, vis\u00edtela siempre que pueda, comun\u00edquese regularmente con su ser querido y f\u00edjese en los cambios y dificultades del entorno.&nbsp;<\/p>\n\n\n\n<h3 class=\"wp-block-heading\">Qu\u00e9 hacer si sospecha de malos tratos o negligencia en una residencia de ancianos\u00a0<\/h3>\n\n\n\n<p>Si sospecha que un ser querido est\u00e1 sufriendo malos tratos o abandono en una residencia de ancianos, estos pasos pueden ayudarle <a href=\"https:\/\/www.briskmanandbriskman.com\/es\/centros-de-informacion\/danos-personales\/como-proteger-a-sus-seres-queridos-de-los-malos-tratos-y-la-negligencia-en-residencias-de-ancianos\/\">proteja a su ser querido<\/a> y sus derechos legales.<\/p>\n\n\n\n<p><strong>Plantee sus preocupaciones al personal y docum\u00e9ntelas. <\/strong>Diga al personal de la residencia lo que necesita su ser querido. Cada vez que hable con el personal, anote la fecha, la hora, con qui\u00e9n habl\u00f3 y lo que dijo. Anote tambi\u00e9n si las condiciones cambiaron despu\u00e9s de que usted se lo mencionara al personal.&nbsp;<\/p>\n\n\n\n<p><strong>Denuncie o pregunte por malos tratos a personas mayores. <\/strong>Tanto Chicago como el estado de Illinois ofrecen l\u00edneas directas para denunciar sospechas de malos tratos a personas mayores o formular preguntas:<\/p>\n\n\n\n<ul class=\"wp-block-list\">\n<li>Chicago Departamento de Familia y Servicios de Apoyo: <a href=\"tel:1-312-774-4016\">312.744.4016<\/a><\/li>\n\n\n\n<li>Oficina de Violencia Dom\u00e9stica: <a href=\"tel:1-877-863-6338\">1.877.863.6338<\/a> (TTY: <a href=\"tel:1-877-863-6339\">1.877.863.6339<\/a>)<\/li>\n\n\n\n<li>Illinois L\u00ednea de ayuda del Departamento de la Tercera Edad: <a href=\"tel:1-866-800-1409\">1.866.800.1409<\/a><\/li>\n<\/ul>\n\n\n\n<p>Las llamadas a estas l\u00edneas directas son confidenciales. Las personas que llaman pueden optar por el anonimato. Si llama, anote la fecha, la hora y lo que se dijo. Este registro puede ayudar a su abogado a construir un caso para proteger a su ser querido.&nbsp;<\/p>\n\n\n\n<p><strong>Hable con un abogado. <\/strong>Un abogado experto en abusos y negligencias en residencias de ancianos puede ayudarle a proteger a su ser querido y a luchar por la indemnizaci\u00f3n que se merece.&nbsp;<\/p>\n\n\n\n<h2 class=\"wp-block-heading\">Hable hoy con un abogado con experiencia en abuso y negligencia en hogares de ancianos Chicago<\/h2>\n\n\n\n<p>La decisi\u00f3n de ingresar a un ser querido en una residencia de ancianos es dif\u00edcil. Muchas familias se esfuerzan por elegir una residencia y conf\u00edan en que satisfar\u00e1 las necesidades de su ser querido. Cuando la residencia traiciona esa confianza con malos tratos o negligencia, tanto el anciano como su familia pueden verse perjudicados.&nbsp;<\/p>\n\n\n\n<p>Si sospecha que un familiar suyo sufre malos tratos o negligencia en una residencia de ancianos, no espere. <a href=\"https:\/\/www.briskmanandbriskman.com\/es\/abogados-de-accidentes-de-camiones-en-chicago-2\/\">Llame a los abogados expertos en maltrato y abandono de ancianos Chicago<\/a> en Briskman, Briskman &amp; Greenberg hoy. Le ayudaremos a proteger a su ser querido y a luchar por sus derechos.<\/p>","protected":false},"excerpt":{"rendered":"<p>Compasivos Abogados de Lesiones Chicago Luchan para Proteger a Clientes y Familias Despu\u00e9s de Abuso o Negligencia en Asilos de Ancianos Illinois' poblaci\u00f3n incluye un gran segmento de adultos mayores. Cada a\u00f1o, muchos de estos ancianos requieren cuidados en residencias. Sin embargo, el n\u00famero de hogares de ancianos no est\u00e1 aumentando al mismo ritmo para satisfacer las necesidades. En consecuencia, las residencias...<\/p>","protected":false},"author":1,"featured_media":11469,"parent":54,"menu_order":0,"comment_status":"closed","ping_status":"closed","template":"","meta":{"_acf_changed":false,"footnotes":""},"class_list":["post-10309","page","type-page","status-publish","has-post-thumbnail","hentry"],"acf":[],"_links":{"self":[{"href":"https:\/\/www.briskmanandbriskman.com\/es\/wp-json\/wp\/v2\/pages\/10309","targetHints":{"allow":["GET"]}}],"collection":[{"href":"https:\/\/www.briskmanandbriskman.com\/es\/wp-json\/wp\/v2\/pages"}],"about":[{"href":"https:\/\/www.briskmanandbriskman.com\/es\/wp-json\/wp\/v2\/types\/page"}],"author":[{"embeddable":true,"href":"https:\/\/www.briskmanandbriskman.com\/es\/wp-json\/wp\/v2\/users\/1"}],"replies":[{"embeddable":true,"href":"https:\/\/www.briskmanandbriskman.com\/es\/wp-json\/wp\/v2\/comments?post=10309"}],"version-history":[{"count":3,"href":"https:\/\/www.briskmanandbriskman.com\/es\/wp-json\/wp\/v2\/pages\/10309\/revisions"}],"predecessor-version":[{"id":13263,"href":"https:\/\/www.briskmanandbriskman.com\/es\/wp-json\/wp\/v2\/pages\/10309\/revisions\/13263"}],"up":[{"embeddable":true,"href":"https:\/\/www.briskmanandbriskman.com\/es\/wp-json\/wp\/v2\/pages\/54"}],"wp:featuredmedia":[{"embeddable":true,"href":"https:\/\/www.briskmanandbriskman.com\/es\/wp-json\/wp\/v2\/media\/11469"}],"wp:attachment":[{"href":"https:\/\/www.briskmanandbriskman.com\/es\/wp-json\/wp\/v2\/media?parent=10309"}],"curies":[{"name":"wp","href":"https:\/\/api.w.org\/{rel}","templated":true}]}}