{"id":10307,"date":"2024-02-13T23:56:39","date_gmt":"2024-02-13T23:56:39","guid":{"rendered":"https:\/\/bbg.mystagingwebsite.com\/?page_id=10307"},"modified":"2024-04-09T18:42:08","modified_gmt":"2024-04-09T18:42:08","slug":"chicago-cuello-espalda-lesiones-abogados","status":"publish","type":"page","link":"https:\/\/www.briskmanandbriskman.com\/es\/practice-areas\/chicago-neck-back-injuries-lawyers\/","title":{"rendered":"Chicago Abogados de lesiones de cuello y espalda"},"content":{"rendered":"<h3 class=\"wp-block-heading\"><a href=\"https:\/\/www.briskmanandbriskman.com\/es\/espanol\/abogados-de-lesiones-de-cuello-y-espalda-en-chicago\/\">Abogados de lesiones de cuello y espalda en Chicago<\/a><\/h3>\n\n\n\n<h3 class=\"wp-block-heading\">V\u00edctimas de lesiones de cuello o espalda: Estamos de su lado en Joliet y Waukegan<\/h3>\n\n\n\n<p>Servimos a clientes en todo el Condado de Cook, Lake County y el Condado de Will.<\/p>\n\n\n\n<p>Las lesiones de cuello y espalda son algunas de las m\u00e1s devastadoras que se puedan imaginar. Los s\u00edntomas pueden ir desde entumecimiento y hormigueo hasta par\u00e1lisis total o parcial. Independientemente de la gravedad de los s\u00edntomas, los efectos de las lesiones de cuello y espalda rara vez se disipan por completo.<\/p>\n\n\n\n<p>Si ha sufrido una lesi\u00f3n en el cuello, la espalda o la m\u00e9dula espinal como consecuencia de un <a href=\"https:\/\/www.briskmanandbriskman.com\/es\/areas-de-practica\/chicago-cuello-espalda-lesiones-abogados\/\">accidente de tr\u00e1fico<\/a>, <a href=\"https:\/\/www.briskmanandbriskman.com\/es\/areas-de-practica\/chicago-cuello-espalda-lesiones-abogados\/\">accidente de construcci\u00f3n<\/a> u otro suceso traum\u00e1tico, tiene derecho a emprender acciones legales contra las partes negligentes.<\/p>\n\n\n\n<p>En el bufete de abogados del \u00e1rea Chicago de Briskman Briskman &amp; Greenberg, estamos de su lado. Durante d\u00e9cadas, nuestros abogados de lesiones personales han asegurado con \u00e9xito la compensaci\u00f3n para las v\u00edctimas de lesiones en el cuello y la espalda. P\u00f3ngase en contacto con nosotros para concertar una cita. Representamos a clientes en todo Chicagoland, incluyendo las ciudades de Joliet, Waukegan y Zion, y los condados de Cook, Lake y Will.<\/p>\n\n\n\n<h3 class=\"wp-block-heading\">El tratamiento m\u00e9dico inmediato es crucial<\/h3>\n\n\n\n<p>Algunas lesiones de cuello y espalda pueden no ser evidentes inmediatamente despu\u00e9s de un accidente. Muchas personas tienden a ignorar sus s\u00edntomas, esperando que \"simplemente desaparezcan\". Esto puede ser una decisi\u00f3n muy perjudicial. Muchas lesiones de cuello y espalda pueden empeorar con el tiempo, dando lugar a m\u00e1s problemas en el futuro. Si experimenta alguno de los siguientes s\u00edntomas, es importante que busque atenci\u00f3n m\u00e9dica inmediatamente.<\/p>\n\n\n\n<ul class=\"wp-block-list\">\n<li>Sensaci\u00f3n de hormigueo o quemaz\u00f3n<\/li>\n\n\n\n<li>Rigidez, entumecimiento o debilidad en el cuello y el brazo<\/li>\n\n\n\n<li>Dificultad para tragar, escribir, hablar o caminar<\/li>\n\n\n\n<li>Dolor de cabeza intenso<\/li>\n\n\n\n<li>Visi\u00f3n borrosa<\/li>\n\n\n\n<li>N\u00e1useas<\/li>\n<\/ul>\n\n\n\n<p>Si no se trata a tiempo, incluso una lesi\u00f3n aparentemente leve en el cuello o la espalda puede provocar problemas de movilidad en el futuro, hernias, protuberancias o discos degenerativos, o incluso una lesi\u00f3n medular.<\/p>\n\n\n\n<h5 class=\"wp-block-heading\">Sin honorarios a menos que tengamos \u00e9xito<\/h5>\n\n\n\n<p>Todos los casos de lesiones personales se manejan sobre una base de contingencia, lo que significa que s\u00f3lo aceptaremos el pago si tenemos \u00e9xito en conseguir una indemnizaci\u00f3n.<\/p>\n\n\n\n<h2 class=\"wp-block-heading\">P\u00f3ngase en contacto con un abogado de lesiones de cuello y espalda Chicago y un abogado de lesiones personales Chicago ahora para consultas gratuitas - Llamadas contestadas 24\/7 - Se habla espa\u00f1ol<\/h2>\n\n\n\n<p>Para programar una consulta gratuita sobre su caso, ll\u00e1menos gratis al 877-595-HURT (4878) o <a href=\"https:\/\/www.briskmanandbriskman.com\/es\/areas-de-practica\/chicago-cuello-espalda-lesiones-abogados\/\">env\u00ede un correo electr\u00f3nico a nuestro abogado especializado en lesiones de cuello y espalda.<\/a><\/p>","protected":false},"excerpt":{"rendered":"<p>Abogados de lesiones de cuello y espalda en Chicago Victims of Neck or Back Injuries: Estamos de su lado en Joliet y Waukegan Servimos a clientes en todo el Condado de Cook, Lake County y el Condado de Will. Lesiones de cuello y espalda son algunas de las lesiones mas devastadoras imaginables. Los sintomas pueden ir desde entumecimiento y hormigueo...<\/p>","protected":false},"author":1,"featured_media":11468,"parent":54,"menu_order":0,"comment_status":"closed","ping_status":"closed","template":"","meta":{"_acf_changed":false,"footnotes":""},"class_list":["post-10307","page","type-page","status-publish","has-post-thumbnail","hentry"],"acf":[],"_links":{"self":[{"href":"https:\/\/www.briskmanandbriskman.com\/es\/wp-json\/wp\/v2\/pages\/10307","targetHints":{"allow":["GET"]}}],"collection":[{"href":"https:\/\/www.briskmanandbriskman.com\/es\/wp-json\/wp\/v2\/pages"}],"about":[{"href":"https:\/\/www.briskmanandbriskman.com\/es\/wp-json\/wp\/v2\/types\/page"}],"author":[{"embeddable":true,"href":"https:\/\/www.briskmanandbriskman.com\/es\/wp-json\/wp\/v2\/users\/1"}],"replies":[{"embeddable":true,"href":"https:\/\/www.briskmanandbriskman.com\/es\/wp-json\/wp\/v2\/comments?post=10307"}],"version-history":[{"count":3,"href":"https:\/\/www.briskmanandbriskman.com\/es\/wp-json\/wp\/v2\/pages\/10307\/revisions"}],"predecessor-version":[{"id":12748,"href":"https:\/\/www.briskmanandbriskman.com\/es\/wp-json\/wp\/v2\/pages\/10307\/revisions\/12748"}],"up":[{"embeddable":true,"href":"https:\/\/www.briskmanandbriskman.com\/es\/wp-json\/wp\/v2\/pages\/54"}],"wp:featuredmedia":[{"embeddable":true,"href":"https:\/\/www.briskmanandbriskman.com\/es\/wp-json\/wp\/v2\/media\/11468"}],"wp:attachment":[{"href":"https:\/\/www.briskmanandbriskman.com\/es\/wp-json\/wp\/v2\/media?parent=10307"}],"curies":[{"name":"wp","href":"https:\/\/api.w.org\/{rel}","templated":true}]}}