{"id":10303,"date":"2024-02-13T23:55:16","date_gmt":"2024-02-13T23:55:16","guid":{"rendered":"https:\/\/bbg.mystagingwebsite.com\/?page_id=10303"},"modified":"2024-04-09T18:41:30","modified_gmt":"2024-04-09T18:41:30","slug":"lo-que-debe-saber-sobre-los-errores-farmaceuticos","status":"publish","type":"page","link":"https:\/\/www.briskmanandbriskman.com\/es\/practice-areas\/chicago-medication-error-attorney\/what-you-should-know-about-pharmacy-errors\/","title":{"rendered":"Lo que debe saber sobre los errores farmac\u00e9uticos"},"content":{"rendered":"<p>La negligencia m\u00e9dica es una epidemia nacional. Seg\u00fan un estudio publicado en el Journal of Patient Safety, los errores hospitalarios causan m\u00e1s de 210.000 muertes al a\u00f1o, lo que convierte a los errores m\u00e9dicos en la tercera causa de muerte en Estados Unidos, despu\u00e9s de las cardiopat\u00edas y el c\u00e1ncer. Las historias que suelen aparecer en los titulares son casos de errores atroces, como operar la parte del cuerpo equivocada o dejar material quir\u00fargico dentro de la cavidad corporal. Mientras tanto, los errores m\u00e1s comunes son m\u00e1s mundanos, pero pueden ser igual de mortales.<\/p>\n\n\n\n<p>Los errores de medicaci\u00f3n, incluidos los de farmacia, son uno de los tipos m\u00e1s comunes de problemas de salud p\u00fablica. <a href=\"https:\/\/www.briskmanandbriskman.com\/es\/areas-de-practica\/negligencia-medica\/\">negligencia m\u00e9dica<\/a>Seg\u00fan los Centros para el Control y la Prevenci\u00f3n de Enfermedades, los errores de medicaci\u00f3n causan lesiones a 1,3 millones de personas en EE.UU. cada a\u00f1o. Los errores de medicaci\u00f3n pueden deberse a que los m\u00e9dicos receten un medicamento equivocado o una dosis incorrecta, a que el personal del hospital administre un medicamento equivocado o una dosis incorrecta, o a que los farmac\u00e9uticos cometan errores al cumplimentar las recetas.<\/p>\n\n\n\n<p>Un nuevo estudio publicado en la revista American Journal of Health-Systems Pharmacy revela que los farmac\u00e9uticos cometen m\u00e1s errores cuando tienen m\u00e1s recetas que atender. Los investigadores estudiaron a 50 farmac\u00e9uticos de un centro m\u00e9dico a lo largo de un a\u00f1o y detectaron 92 errores en 1,8 millones de pedidos de medicaci\u00f3n. Los investigadores descubrieron que cuando los farmac\u00e9uticos ten\u00edan que verificar m\u00e1s de 400 pedidos por turno, la tasa de errores aumentaba significativamente. Los tipos de errores m\u00e1s comunes eran la medicaci\u00f3n o la dosis incorrectas.<\/p>\n\n\n\n<p>Los pacientes pueden protegerse implic\u00e1ndose m\u00e1s e inform\u00e1ndose sobre su propia atenci\u00f3n sanitaria. Cuando su m\u00e9dico le receta un medicamento, usted debe entender por qu\u00e9 lo necesita y qu\u00e9 efectos se supone que tiene. Comente cualquier duda que tenga con su m\u00e9dico. En el hospital, aseg\u00farese de que le dicen qu\u00e9 medicaci\u00f3n le est\u00e1n administrando. Si le cambian la medicaci\u00f3n, pregunte por qu\u00e9. Cuando le surta una receta un farmac\u00e9utico, p\u00eddale que repase la medicaci\u00f3n y las instrucciones para asegurarse de que se le suministra el f\u00e1rmaco adecuado y de que usted sabe c\u00f3mo administrarlo correctamente.<\/p>\n\n\n\n<p>Si ha sufrido una lesi\u00f3n que cree que ha sido causada por un <a href=\"https:\/\/www.briskmanandbriskman.com\/es\/areas-de-practica\/chicago-error-de-medicacion-abogado\/lo-que-debe-saber-sobre-los-errores-farmaceuticos\/\">error farmac\u00e9utico<\/a> u otro tipo de negligencia m\u00e9dica, <a href=\"https:\/\/www.briskmanandbriskman.com\/es\/abogados-de-accidentes-de-camiones-en-chicago-2\/\">consulte con un abogado<\/a>.<\/p>\n\n\n\n<h3 class=\"wp-block-heading\">Otros errores de medicaci\u00f3n en farmacia:<\/h3>\n\n\n<ul class=\"list-pages-shortcode sibling-pages\"><li class=\"page_item page-item-10287\"><a href=\"https:\/\/www.briskmanandbriskman.com\/es\/practice-areas\/chicago-medication-error-attorney\/chicago-cvs-pharmacy-negligence-lawyer\/\">Chicago Abogado negligencia farmacia CVS<\/a><\/li>\n<li class=\"page_item page-item-10289\"><a href=\"https:\/\/www.briskmanandbriskman.com\/es\/practice-areas\/chicago-medication-error-attorney\/chicago-walgreens-pharmacy-negligence-lawyer\/\">Chicago Abogado negligencia farmacia Walgreens<\/a><\/li>\n<li class=\"page_item page-item-10291 page_item_has_children\"><a href=\"https:\/\/www.briskmanandbriskman.com\/es\/practice-areas\/chicago-medication-error-attorney\/medication-error-frequently-asked-questions\/\">Preguntas frecuentes sobre errores de medicaci\u00f3n<\/a>\n<ul class='children'>\n\t<li class=\"page_item page-item-10293\"><a href=\"https:\/\/www.briskmanandbriskman.com\/es\/practice-areas\/chicago-medication-error-attorney\/medication-error-frequently-asked-questions\/how-do-pharmacy-errors-commonly-occur\/\">\u00bfC\u00f3mo suelen producirse los errores farmac\u00e9uticos?<\/a><\/li>\n\t<li class=\"page_item page-item-10296\"><a href=\"https:\/\/www.briskmanandbriskman.com\/es\/practice-areas\/chicago-medication-error-attorney\/medication-error-frequently-asked-questions\/what-is-the-time-limit-for-filing-a-pharmacy-error-lawsuit-in-illinois\/\">\u00bfCu\u00e1l es el plazo para presentar una demanda por error de farmacia en el Illinois?<\/a><\/li>\n\t<li class=\"page_item page-item-10299\"><a href=\"https:\/\/www.briskmanandbriskman.com\/es\/practice-areas\/chicago-medication-error-attorney\/medication-error-frequently-asked-questions\/who-is-liable-for-prescription-errors\/\">\u00bfQui\u00e9n es responsable de los errores de prescripci\u00f3n?<\/a><\/li>\n\t<li class=\"page_item page-item-10301\"><a href=\"https:\/\/www.briskmanandbriskman.com\/es\/practice-areas\/chicago-medication-error-attorney\/medication-error-frequently-asked-questions\/why-do-i-need-a-pharmacy-error-attorney\/\">\u00bfPor qu\u00e9 necesito un abogado de errores de farmacia?<\/a><\/li>\n<\/ul>\n<\/li>\n<li class=\"page_item page-item-10303\"><a href=\"https:\/\/www.briskmanandbriskman.com\/es\/practice-areas\/chicago-medication-error-attorney\/what-you-should-know-about-pharmacy-errors\/\">Lo que debe saber sobre los errores farmac\u00e9uticos<\/a><\/li>\n<\/ul>","protected":false},"excerpt":{"rendered":"<p>La negligencia m\u00e9dica es una epidemia nacional. Seg\u00fan un estudio publicado en el Journal of Patient Safety, los errores hospitalarios causan m\u00e1s de 210.000 muertes al a\u00f1o, lo que convierte a los errores m\u00e9dicos en la tercera causa de muerte en Estados Unidos, despu\u00e9s de las cardiopat\u00edas y el c\u00e1ncer. Las historias que suelen aparecer en los titulares son casos de...<\/p>","protected":false},"author":1,"featured_media":11124,"parent":10285,"menu_order":0,"comment_status":"closed","ping_status":"closed","template":"","meta":{"_acf_changed":false,"footnotes":""},"class_list":["post-10303","page","type-page","status-publish","has-post-thumbnail","hentry"],"acf":[],"_links":{"self":[{"href":"https:\/\/www.briskmanandbriskman.com\/es\/wp-json\/wp\/v2\/pages\/10303","targetHints":{"allow":["GET"]}}],"collection":[{"href":"https:\/\/www.briskmanandbriskman.com\/es\/wp-json\/wp\/v2\/pages"}],"about":[{"href":"https:\/\/www.briskmanandbriskman.com\/es\/wp-json\/wp\/v2\/types\/page"}],"author":[{"embeddable":true,"href":"https:\/\/www.briskmanandbriskman.com\/es\/wp-json\/wp\/v2\/users\/1"}],"replies":[{"embeddable":true,"href":"https:\/\/www.briskmanandbriskman.com\/es\/wp-json\/wp\/v2\/comments?post=10303"}],"version-history":[{"count":2,"href":"https:\/\/www.briskmanandbriskman.com\/es\/wp-json\/wp\/v2\/pages\/10303\/revisions"}],"predecessor-version":[{"id":12743,"href":"https:\/\/www.briskmanandbriskman.com\/es\/wp-json\/wp\/v2\/pages\/10303\/revisions\/12743"}],"up":[{"embeddable":true,"href":"https:\/\/www.briskmanandbriskman.com\/es\/wp-json\/wp\/v2\/pages\/10285"}],"wp:featuredmedia":[{"embeddable":true,"href":"https:\/\/www.briskmanandbriskman.com\/es\/wp-json\/wp\/v2\/media\/11124"}],"wp:attachment":[{"href":"https:\/\/www.briskmanandbriskman.com\/es\/wp-json\/wp\/v2\/media?parent=10303"}],"curies":[{"name":"wp","href":"https:\/\/api.w.org\/{rel}","templated":true}]}}