{"id":10301,"date":"2024-02-13T23:53:54","date_gmt":"2024-02-13T23:53:54","guid":{"rendered":"https:\/\/bbg.mystagingwebsite.com\/?page_id=10301"},"modified":"2024-03-06T22:45:50","modified_gmt":"2024-03-06T22:45:50","slug":"por-que-necesito-un-abogado-de-errores-de-farmacia","status":"publish","type":"page","link":"https:\/\/www.briskmanandbriskman.com\/es\/practice-areas\/chicago-medication-error-attorney\/medication-error-frequently-asked-questions\/why-do-i-need-a-pharmacy-error-attorney\/","title":{"rendered":"\u00bfPor qu\u00e9 necesito un abogado de errores de farmacia?"},"content":{"rendered":"<p>En el <a href=\"https:\/\/www.briskmanandbriskman.com\/es\/areas-de-practica\/medication-errors\/\">consecuencias de un error de prescripci\u00f3n<\/a>es importante <a href=\"https:\/\/www.briskmanandbriskman.com\/es\/abogados-de-accidentes-de-camiones-en-chicago-2\/\">hable con un abogado especializado en negligencias m\u00e9dicas<\/a> inmediatamente. Contratar a un abogado con experiencia aumentar\u00e1 sustancialmente sus posibilidades de recibir una indemnizaci\u00f3n justa por su lesi\u00f3n o enfermedad en un <a href=\"https:\/\/www.briskmanandbriskman.com\/es\/areas-de-practica\/medication-errors\/\">demanda por error farmac\u00e9utico<\/a>.<\/p>\n\n\n\n<p>En <a href=\"https:\/\/www.briskmanandbriskman.com\/es\/areas-de-practica\/negligencia-medica\/\">abogado de negligencia m\u00e9dica<\/a> le asesorar\u00e1 sobre sus opciones y le guiar\u00e1 a trav\u00e9s de los pasos clave y los plazos que forman parte del proceso legal. Con una representaci\u00f3n legal cualificada, podr\u00e1 exigir responsabilidades a la parte negligente por los da\u00f1os derivados del error farmac\u00e9utico.<\/p>\n\n\n\n<p>En <a href=\"https:\/\/www.briskmanandbriskman.com\/es\/areas-de-practica\/negligencia-medica\/\">abogados especializados en negligencias m\u00e9dicas<\/a> en <a href=\"https:\/\/www.briskmanandbriskman.com\/es\/\">Briskman Briskman &amp; Greenberg<\/a> investigar\u00e1 su caso de error farmac\u00e9utico, determinar\u00e1 la responsabilidad, buscar\u00e1 expertos m\u00e9dicos y obtendr\u00e1 las pruebas necesarias para construir una demanda s\u00f3lida. Haremos todo lo posible para obtener una compensaci\u00f3n justa por sus facturas m\u00e9dicas, salarios perdidos y otros da\u00f1os.<\/p>\n\n\n\n<h3 class=\"wp-block-heading\">Otras preguntas frecuentes sobre errores de medicaci\u00f3n:<\/h3>\n\n\n<ul class=\"list-pages-shortcode sibling-pages\"><li class=\"page_item page-item-10293\"><a href=\"https:\/\/www.briskmanandbriskman.com\/es\/practice-areas\/chicago-medication-error-attorney\/medication-error-frequently-asked-questions\/how-do-pharmacy-errors-commonly-occur\/\">\u00bfC\u00f3mo suelen producirse los errores farmac\u00e9uticos?<\/a><\/li>\n<li class=\"page_item page-item-10296\"><a href=\"https:\/\/www.briskmanandbriskman.com\/es\/practice-areas\/chicago-medication-error-attorney\/medication-error-frequently-asked-questions\/what-is-the-time-limit-for-filing-a-pharmacy-error-lawsuit-in-illinois\/\">\u00bfCu\u00e1l es el plazo para presentar una demanda por error de farmacia en el Illinois?<\/a><\/li>\n<li class=\"page_item page-item-10299\"><a href=\"https:\/\/www.briskmanandbriskman.com\/es\/practice-areas\/chicago-medication-error-attorney\/medication-error-frequently-asked-questions\/who-is-liable-for-prescription-errors\/\">\u00bfQui\u00e9n es responsable de los errores de prescripci\u00f3n?<\/a><\/li>\n<li class=\"page_item page-item-10301\"><a href=\"https:\/\/www.briskmanandbriskman.com\/es\/practice-areas\/chicago-medication-error-attorney\/medication-error-frequently-asked-questions\/why-do-i-need-a-pharmacy-error-attorney\/\">\u00bfPor qu\u00e9 necesito un abogado de errores de farmacia?<\/a><\/li>\n<\/ul>","protected":false},"excerpt":{"rendered":"<p>A ra\u00edz de un error de prescripci\u00f3n, es importante hablar con un abogado de negligencia m\u00e9dica de inmediato. La contrataci\u00f3n de un abogado con experiencia aumentar\u00e1 sustancialmente sus posibilidades de recibir una compensaci\u00f3n justa por su lesi\u00f3n o enfermedad en una demanda por error farmac\u00e9utico. El abogado especializado en negligencias m\u00e9dicas le informar\u00e1 de sus opciones y le guiar\u00e1...<\/p>","protected":false},"author":1,"featured_media":11124,"parent":10291,"menu_order":0,"comment_status":"closed","ping_status":"closed","template":"","meta":{"_acf_changed":false,"footnotes":""},"class_list":["post-10301","page","type-page","status-publish","has-post-thumbnail","hentry"],"acf":[],"_links":{"self":[{"href":"https:\/\/www.briskmanandbriskman.com\/es\/wp-json\/wp\/v2\/pages\/10301","targetHints":{"allow":["GET"]}}],"collection":[{"href":"https:\/\/www.briskmanandbriskman.com\/es\/wp-json\/wp\/v2\/pages"}],"about":[{"href":"https:\/\/www.briskmanandbriskman.com\/es\/wp-json\/wp\/v2\/types\/page"}],"author":[{"embeddable":true,"href":"https:\/\/www.briskmanandbriskman.com\/es\/wp-json\/wp\/v2\/users\/1"}],"replies":[{"embeddable":true,"href":"https:\/\/www.briskmanandbriskman.com\/es\/wp-json\/wp\/v2\/comments?post=10301"}],"version-history":[{"count":1,"href":"https:\/\/www.briskmanandbriskman.com\/es\/wp-json\/wp\/v2\/pages\/10301\/revisions"}],"predecessor-version":[{"id":10730,"href":"https:\/\/www.briskmanandbriskman.com\/es\/wp-json\/wp\/v2\/pages\/10301\/revisions\/10730"}],"up":[{"embeddable":true,"href":"https:\/\/www.briskmanandbriskman.com\/es\/wp-json\/wp\/v2\/pages\/10291"}],"wp:featuredmedia":[{"embeddable":true,"href":"https:\/\/www.briskmanandbriskman.com\/es\/wp-json\/wp\/v2\/media\/11124"}],"wp:attachment":[{"href":"https:\/\/www.briskmanandbriskman.com\/es\/wp-json\/wp\/v2\/media?parent=10301"}],"curies":[{"name":"wp","href":"https:\/\/api.w.org\/{rel}","templated":true}]}}