{"id":10299,"date":"2024-02-13T23:52:37","date_gmt":"2024-02-13T23:52:37","guid":{"rendered":"https:\/\/bbg.mystagingwebsite.com\/?page_id=10299"},"modified":"2024-03-06T22:45:27","modified_gmt":"2024-03-06T22:45:27","slug":"quien-es-responsable-de-los-errores-de-prescripcion","status":"publish","type":"page","link":"https:\/\/www.briskmanandbriskman.com\/es\/practice-areas\/chicago-medication-error-attorney\/medication-error-frequently-asked-questions\/who-is-liable-for-prescription-errors\/","title":{"rendered":"\u00bfQui\u00e9n es responsable de los errores de prescripci\u00f3n?"},"content":{"rendered":"<p><a href=\"https:\/\/www.briskmanandbriskman.com\/es\/\">Determinar qui\u00e9n fue responsable de las lesiones que sufri\u00f3 debido a su error de prescripci\u00f3n<\/a> es la clave para reclamar una indemnizaci\u00f3n. Puede haber muchas partes implicadas, desde que se produce un medicamento hasta que el paciente lo toma.<\/p>\n\n\n\n<p>Los farmac\u00e9uticos, m\u00e9dicos, enfermeros y otros profesionales sanitarios son responsables de garantizar que los medicamentos se prescriban y dispensen correctamente. Tienen el deber de respetar las normas aceptadas de atenci\u00f3n a sus pacientes. Si su negligencia da lugar a un error de prescripci\u00f3n perjudicial, pueden ser considerados responsables a trav\u00e9s de una demanda por negligencia m\u00e9dica. Por ejemplo, dar a los pacientes la dosis equivocada de un medicamento, administrar la medicaci\u00f3n incorrecta o no advertir de los efectos secundarios puede provocar lesiones o enfermedades.<\/p>\n\n\n\n<p>Adem\u00e1s, las empresas farmac\u00e9uticas tienen el deber de garantizar que los medicamentos que fabrican y venden son seguros. Pueden ser responsables de defectos en la fabricaci\u00f3n de medicamentos, etiquetado incorrecto o fabricaci\u00f3n de medicamentos sin la aprobaci\u00f3n de la Administraci\u00f3n de Alimentos y Medicamentos de Estados Unidos.<\/p>\n\n\n\n<p>Averiguar <a href=\"https:\/\/www.briskmanandbriskman.com\/es\/areas-de-practica\/medication-errors\/\">qui\u00e9n fue el responsable de su error de prescripci\u00f3n<\/a> puede resultar dif\u00edcil. A <a href=\"https:\/\/www.briskmanandbriskman.com\/es\/areas-de-practica\/negligencia-medica\/\">un abogado experto en negligencias m\u00e9dicas puede asesorarle<\/a> sobre si puede emprender acciones legales contra la parte negligente.<\/p>\n\n\n\n<h3 class=\"wp-block-heading\">Otras preguntas frecuentes sobre errores de medicaci\u00f3n:<\/h3>\n\n\n<ul class=\"list-pages-shortcode sibling-pages\"><li class=\"page_item page-item-10293\"><a href=\"https:\/\/www.briskmanandbriskman.com\/es\/practice-areas\/chicago-medication-error-attorney\/medication-error-frequently-asked-questions\/how-do-pharmacy-errors-commonly-occur\/\">\u00bfC\u00f3mo suelen producirse los errores farmac\u00e9uticos?<\/a><\/li>\n<li class=\"page_item page-item-10296\"><a href=\"https:\/\/www.briskmanandbriskman.com\/es\/practice-areas\/chicago-medication-error-attorney\/medication-error-frequently-asked-questions\/what-is-the-time-limit-for-filing-a-pharmacy-error-lawsuit-in-illinois\/\">\u00bfCu\u00e1l es el plazo para presentar una demanda por error de farmacia en el Illinois?<\/a><\/li>\n<li class=\"page_item page-item-10299\"><a href=\"https:\/\/www.briskmanandbriskman.com\/es\/practice-areas\/chicago-medication-error-attorney\/medication-error-frequently-asked-questions\/who-is-liable-for-prescription-errors\/\">\u00bfQui\u00e9n es responsable de los errores de prescripci\u00f3n?<\/a><\/li>\n<li class=\"page_item page-item-10301\"><a href=\"https:\/\/www.briskmanandbriskman.com\/es\/practice-areas\/chicago-medication-error-attorney\/medication-error-frequently-asked-questions\/why-do-i-need-a-pharmacy-error-attorney\/\">\u00bfPor qu\u00e9 necesito un abogado de errores de farmacia?<\/a><\/li>\n<\/ul>","protected":false},"excerpt":{"rendered":"<p>Determinar qui\u00e9n fue responsable de las lesiones que sufri\u00f3 debido a un error de prescripci\u00f3n es la clave para presentar una demanda de indemnizaci\u00f3n con \u00e9xito. Puede haber muchas partes implicadas, desde que se fabrica un medicamento hasta que el paciente lo toma. Farmac\u00e9uticos, m\u00e9dicos, enfermeros y otros profesionales sanitarios son responsables de...<\/p>","protected":false},"author":1,"featured_media":11085,"parent":10291,"menu_order":0,"comment_status":"closed","ping_status":"closed","template":"","meta":{"_acf_changed":false,"footnotes":""},"class_list":["post-10299","page","type-page","status-publish","has-post-thumbnail","hentry"],"acf":[],"_links":{"self":[{"href":"https:\/\/www.briskmanandbriskman.com\/es\/wp-json\/wp\/v2\/pages\/10299","targetHints":{"allow":["GET"]}}],"collection":[{"href":"https:\/\/www.briskmanandbriskman.com\/es\/wp-json\/wp\/v2\/pages"}],"about":[{"href":"https:\/\/www.briskmanandbriskman.com\/es\/wp-json\/wp\/v2\/types\/page"}],"author":[{"embeddable":true,"href":"https:\/\/www.briskmanandbriskman.com\/es\/wp-json\/wp\/v2\/users\/1"}],"replies":[{"embeddable":true,"href":"https:\/\/www.briskmanandbriskman.com\/es\/wp-json\/wp\/v2\/comments?post=10299"}],"version-history":[{"count":1,"href":"https:\/\/www.briskmanandbriskman.com\/es\/wp-json\/wp\/v2\/pages\/10299\/revisions"}],"predecessor-version":[{"id":10729,"href":"https:\/\/www.briskmanandbriskman.com\/es\/wp-json\/wp\/v2\/pages\/10299\/revisions\/10729"}],"up":[{"embeddable":true,"href":"https:\/\/www.briskmanandbriskman.com\/es\/wp-json\/wp\/v2\/pages\/10291"}],"wp:featuredmedia":[{"embeddable":true,"href":"https:\/\/www.briskmanandbriskman.com\/es\/wp-json\/wp\/v2\/media\/11085"}],"wp:attachment":[{"href":"https:\/\/www.briskmanandbriskman.com\/es\/wp-json\/wp\/v2\/media?parent=10299"}],"curies":[{"name":"wp","href":"https:\/\/api.w.org\/{rel}","templated":true}]}}