{"id":10296,"date":"2024-02-13T23:51:12","date_gmt":"2024-02-13T23:51:12","guid":{"rendered":"https:\/\/bbg.mystagingwebsite.com\/?page_id=10296"},"modified":"2024-03-06T22:45:07","modified_gmt":"2024-03-06T22:45:07","slug":"cual-es-el-plazo-para-presentar-una-demanda-por-error-farmaceutico-en-illinois","status":"publish","type":"page","link":"https:\/\/www.briskmanandbriskman.com\/es\/practice-areas\/chicago-medication-error-attorney\/medication-error-frequently-asked-questions\/what-is-the-time-limit-for-filing-a-pharmacy-error-lawsuit-in-illinois\/","title":{"rendered":"\u00bfCu\u00e1l es el plazo para presentar una demanda por error de farmacia en el Illinois?"},"content":{"rendered":"<p>Cada Estado tiene leyes que especifican el plazo de que dispone una persona para presentar una demanda. Este plazo se conoce como prescripci\u00f3n.<\/p>\n\n\n\n<p>En Illinois, el plazo de prescripci\u00f3n de la <a href=\"https:\/\/www.briskmanandbriskman.com\/es\/areas-de-practica\/negligencia-medica\/\">la mayor\u00eda de los casos de negligencia m\u00e9dica<\/a> que implican errores farmac\u00e9uticos es de dos a\u00f1os. El per\u00edodo de dos a\u00f1os comienza una vez que la persona lesionada se da cuenta de la lesi\u00f3n causada injustamente o deber\u00eda haberse dado cuenta razonablemente. Adem\u00e1s, la ley estatal no permite que las reclamaciones se presenten m\u00e1s de cuatro a\u00f1os despu\u00e9s de que se produjera el supuesto acto de negligencia m\u00e9dica.<\/p>\n\n\n\n<p>El plazo de prescripci\u00f3n para los casos que afectan a menores es de hasta ocho a\u00f1os a partir de la fecha en que el paciente o sus padres se enteraron del error de la farmacia o deber\u00edan haberlo sabido razonablemente. La reclamaci\u00f3n debe presentarse antes de que el paciente cumpla 22 a\u00f1os.<\/p>\n\n\n\n<p>Debido a los estrictos plazos en los que una persona puede <a href=\"https:\/\/www.briskmanandbriskman.com\/es\/areas-de-practica\/medication-errors\/\">presentar una demanda por error farmac\u00e9utico<\/a>es importante <a href=\"https:\/\/www.briskmanandbriskman.com\/es\/abogados-de-accidentes-de-camiones-en-chicago-2\/\">contacte con un abogado especializado en negligencias m\u00e9dicas<\/a> lo antes posible tras producirse la lesi\u00f3n.<\/p>\n\n\n\n<h3 class=\"wp-block-heading\">Otras preguntas frecuentes sobre errores de medicaci\u00f3n:<\/h3>\n\n\n<ul class=\"list-pages-shortcode sibling-pages\"><li class=\"page_item page-item-10293\"><a href=\"https:\/\/www.briskmanandbriskman.com\/es\/practice-areas\/chicago-medication-error-attorney\/medication-error-frequently-asked-questions\/how-do-pharmacy-errors-commonly-occur\/\">\u00bfC\u00f3mo suelen producirse los errores farmac\u00e9uticos?<\/a><\/li>\n<li class=\"page_item page-item-10296\"><a href=\"https:\/\/www.briskmanandbriskman.com\/es\/practice-areas\/chicago-medication-error-attorney\/medication-error-frequently-asked-questions\/what-is-the-time-limit-for-filing-a-pharmacy-error-lawsuit-in-illinois\/\">\u00bfCu\u00e1l es el plazo para presentar una demanda por error de farmacia en el Illinois?<\/a><\/li>\n<li class=\"page_item page-item-10299\"><a href=\"https:\/\/www.briskmanandbriskman.com\/es\/practice-areas\/chicago-medication-error-attorney\/medication-error-frequently-asked-questions\/who-is-liable-for-prescription-errors\/\">\u00bfQui\u00e9n es responsable de los errores de prescripci\u00f3n?<\/a><\/li>\n<li class=\"page_item page-item-10301\"><a href=\"https:\/\/www.briskmanandbriskman.com\/es\/practice-areas\/chicago-medication-error-attorney\/medication-error-frequently-asked-questions\/why-do-i-need-a-pharmacy-error-attorney\/\">\u00bfPor qu\u00e9 necesito un abogado de errores de farmacia?<\/a><\/li>\n<\/ul>","protected":false},"excerpt":{"rendered":"<p>Cada Estado tiene leyes que especifican el plazo de que dispone una persona para presentar una demanda. Este plazo se conoce como prescripci\u00f3n. En Illinois, el plazo de prescripci\u00f3n para la mayor\u00eda de los casos de negligencia m\u00e9dica relacionados con errores farmac\u00e9uticos es de dos a\u00f1os. El plazo de dos a\u00f1os comienza una vez que la persona perjudicada tiene conocimiento de...<\/p>","protected":false},"author":1,"featured_media":11124,"parent":10291,"menu_order":0,"comment_status":"closed","ping_status":"closed","template":"","meta":{"_acf_changed":false,"footnotes":""},"class_list":["post-10296","page","type-page","status-publish","has-post-thumbnail","hentry"],"acf":[],"_links":{"self":[{"href":"https:\/\/www.briskmanandbriskman.com\/es\/wp-json\/wp\/v2\/pages\/10296","targetHints":{"allow":["GET"]}}],"collection":[{"href":"https:\/\/www.briskmanandbriskman.com\/es\/wp-json\/wp\/v2\/pages"}],"about":[{"href":"https:\/\/www.briskmanandbriskman.com\/es\/wp-json\/wp\/v2\/types\/page"}],"author":[{"embeddable":true,"href":"https:\/\/www.briskmanandbriskman.com\/es\/wp-json\/wp\/v2\/users\/1"}],"replies":[{"embeddable":true,"href":"https:\/\/www.briskmanandbriskman.com\/es\/wp-json\/wp\/v2\/comments?post=10296"}],"version-history":[{"count":1,"href":"https:\/\/www.briskmanandbriskman.com\/es\/wp-json\/wp\/v2\/pages\/10296\/revisions"}],"predecessor-version":[{"id":10728,"href":"https:\/\/www.briskmanandbriskman.com\/es\/wp-json\/wp\/v2\/pages\/10296\/revisions\/10728"}],"up":[{"embeddable":true,"href":"https:\/\/www.briskmanandbriskman.com\/es\/wp-json\/wp\/v2\/pages\/10291"}],"wp:featuredmedia":[{"embeddable":true,"href":"https:\/\/www.briskmanandbriskman.com\/es\/wp-json\/wp\/v2\/media\/11124"}],"wp:attachment":[{"href":"https:\/\/www.briskmanandbriskman.com\/es\/wp-json\/wp\/v2\/media?parent=10296"}],"curies":[{"name":"wp","href":"https:\/\/api.w.org\/{rel}","templated":true}]}}