{"id":10293,"date":"2024-02-13T23:48:56","date_gmt":"2024-02-13T23:48:56","guid":{"rendered":"https:\/\/bbg.mystagingwebsite.com\/?page_id=10293"},"modified":"2024-03-06T22:44:49","modified_gmt":"2024-03-06T22:44:49","slug":"como-suelen-producirse-los-errores-farmaceuticos","status":"publish","type":"page","link":"https:\/\/www.briskmanandbriskman.com\/es\/practice-areas\/chicago-medication-error-attorney\/medication-error-frequently-asked-questions\/how-do-pharmacy-errors-commonly-occur\/","title":{"rendered":"\u00bfC\u00f3mo suelen producirse los errores farmac\u00e9uticos?"},"content":{"rendered":"<p><a href=\"https:\/\/www.briskmanandbriskman.com\/es\/areas-de-practica\/medication-errors\/\">Los errores de medicaci\u00f3n se pueden prevenir<\/a> y pueden producirse de diferentes maneras durante las distintas fases del proceso de prescripci\u00f3n. Cuando un profesional sanitario se descuida a la hora de suministrar los medicamentos adecuados, el paciente puede verse expuesto al riesgo de sufrir lesiones, enfermedades o incluso la muerte a causa de un error farmac\u00e9utico. En muchos casos, los errores de prescripci\u00f3n no se descubren hasta que el paciente ha sufrido da\u00f1os.<\/p>\n\n\n\n<p>Los errores de medicaci\u00f3n pueden deberse a la negligencia de un farmac\u00e9utico. Los farmac\u00e9uticos suelen estar sobrecargados de trabajo y bajo presi\u00f3n para atender r\u00e1pidamente un gran n\u00famero de recetas, lo que puede dar lugar a errores como confundir los nombres de los medicamentos, utilizar etiquetas incorrectas o no comprobar si hay interacciones adversas entre medicamentos. Los errores de prescripci\u00f3n m\u00e1s comunes consisten en dar a los pacientes un medicamento incorrecto o una dosis equivocada.<\/p>\n\n\n\n<p>Los m\u00e9dicos, enfermeros y otros profesionales de la medicina tambi\u00e9n pueden cometer errores de medicaci\u00f3n por falta de comunicaci\u00f3n y otros motivos. Por ejemplo, un m\u00e9dico puede escribir una receta con letra descuidada o recetar ciertos medicamentos en exceso. A veces los errores de prescripci\u00f3n pueden deberse a razones administrativas, como pr\u00e1cticas de contrataci\u00f3n negligentes o falta de personal en farmacias, cl\u00ednicas y hospitales.<\/p>\n\n\n\n<h3 class=\"wp-block-heading\">Otras preguntas frecuentes sobre errores de medicaci\u00f3n<\/h3>\n\n\n<ul class=\"list-pages-shortcode sibling-pages\"><li class=\"page_item page-item-10293\"><a href=\"https:\/\/www.briskmanandbriskman.com\/es\/practice-areas\/chicago-medication-error-attorney\/medication-error-frequently-asked-questions\/how-do-pharmacy-errors-commonly-occur\/\">\u00bfC\u00f3mo suelen producirse los errores farmac\u00e9uticos?<\/a><\/li>\n<li class=\"page_item page-item-10296\"><a href=\"https:\/\/www.briskmanandbriskman.com\/es\/practice-areas\/chicago-medication-error-attorney\/medication-error-frequently-asked-questions\/what-is-the-time-limit-for-filing-a-pharmacy-error-lawsuit-in-illinois\/\">\u00bfCu\u00e1l es el plazo para presentar una demanda por error de farmacia en el Illinois?<\/a><\/li>\n<li class=\"page_item page-item-10299\"><a href=\"https:\/\/www.briskmanandbriskman.com\/es\/practice-areas\/chicago-medication-error-attorney\/medication-error-frequently-asked-questions\/who-is-liable-for-prescription-errors\/\">\u00bfQui\u00e9n es responsable de los errores de prescripci\u00f3n?<\/a><\/li>\n<li class=\"page_item page-item-10301\"><a href=\"https:\/\/www.briskmanandbriskman.com\/es\/practice-areas\/chicago-medication-error-attorney\/medication-error-frequently-asked-questions\/why-do-i-need-a-pharmacy-error-attorney\/\">\u00bfPor qu\u00e9 necesito un abogado de errores de farmacia?<\/a><\/li>\n<\/ul>","protected":false},"excerpt":{"rendered":"<p>Los errores de medicaci\u00f3n son evitables y pueden producirse de diferentes maneras durante las distintas fases del proceso de prescripci\u00f3n. Cuando un profesional sanitario se descuida a la hora de suministrar los medicamentos adecuados, el paciente puede verse expuesto al riesgo de sufrir lesiones, enfermedades o incluso la muerte por un error de farmacia. En muchos casos, los errores de prescripci\u00f3n no se descubren...<\/p>","protected":false},"author":1,"featured_media":11124,"parent":10291,"menu_order":0,"comment_status":"closed","ping_status":"closed","template":"","meta":{"_acf_changed":false,"footnotes":""},"class_list":["post-10293","page","type-page","status-publish","has-post-thumbnail","hentry"],"acf":[],"_links":{"self":[{"href":"https:\/\/www.briskmanandbriskman.com\/es\/wp-json\/wp\/v2\/pages\/10293","targetHints":{"allow":["GET"]}}],"collection":[{"href":"https:\/\/www.briskmanandbriskman.com\/es\/wp-json\/wp\/v2\/pages"}],"about":[{"href":"https:\/\/www.briskmanandbriskman.com\/es\/wp-json\/wp\/v2\/types\/page"}],"author":[{"embeddable":true,"href":"https:\/\/www.briskmanandbriskman.com\/es\/wp-json\/wp\/v2\/users\/1"}],"replies":[{"embeddable":true,"href":"https:\/\/www.briskmanandbriskman.com\/es\/wp-json\/wp\/v2\/comments?post=10293"}],"version-history":[{"count":1,"href":"https:\/\/www.briskmanandbriskman.com\/es\/wp-json\/wp\/v2\/pages\/10293\/revisions"}],"predecessor-version":[{"id":10727,"href":"https:\/\/www.briskmanandbriskman.com\/es\/wp-json\/wp\/v2\/pages\/10293\/revisions\/10727"}],"up":[{"embeddable":true,"href":"https:\/\/www.briskmanandbriskman.com\/es\/wp-json\/wp\/v2\/pages\/10291"}],"wp:featuredmedia":[{"embeddable":true,"href":"https:\/\/www.briskmanandbriskman.com\/es\/wp-json\/wp\/v2\/media\/11124"}],"wp:attachment":[{"href":"https:\/\/www.briskmanandbriskman.com\/es\/wp-json\/wp\/v2\/media?parent=10293"}],"curies":[{"name":"wp","href":"https:\/\/api.w.org\/{rel}","templated":true}]}}