{"id":1029,"date":"2011-08-08T13:16:51","date_gmt":"2011-08-08T13:16:51","guid":{"rendered":"https:\/\/www.briskmanandbriskman.com\/?page_id=1029"},"modified":"2024-03-15T20:17:24","modified_gmt":"2024-03-15T20:17:24","slug":"tipos-comunes-de-casos-de-lesiones-personales","status":"publish","type":"page","link":"https:\/\/www.briskmanandbriskman.com\/es\/information-centers\/personal-injury\/common-types-of-personal-injury-cases\/","title":{"rendered":"Tipos comunes de casos de lesiones personales en Chicago"},"content":{"rendered":"<p><a href=\"https:\/\/www.briskmanandbriskman.com\/es\/centros-de-informacion\/danos-personales\/\">Centro de Informaci\u00f3n sobre Lesiones Personales principal \"<\/a><\/p>\n\n\n\n<p><strong>Accidente de tr\u00e1fico.<\/strong> Cada a\u00f1o millones de personas sufren lesiones, a veces mortales, en accidentes de tr\u00e1fico. Solo en 2021, m\u00e1s de 295.000 personas en Illinois resultaron heridas y <a href=\"https:\/\/www.usatoday.com\/story\/sponsor-story\/briskman-briskman-and-greenberg\/2024\/02\/29\/chicago-car-accident-lawyer-concerned-to-see-more-incidences-resulting-in-serious-injuries-and-fatal\/72746876007\/\" target=\"_blank\" rel=\"noreferrer noopener\">1.341 muertos<\/a> en accidentes de autom\u00f3viles, camiones, motocicletas, peatones y ciclistas. Si usted ha sido lesionado en un accidente de veh\u00edculo de motor, ya sea como conductor, pasajero o peat\u00f3n, usted puede tener derecho a una compensaci\u00f3n monetaria por sus lesiones personales y p\u00e9rdidas financieras. Un abogado <a href=\"https:\/\/www.briskmanandbriskman.com\/es\/areas-de-practica\/abogados-de-accidentes-de-camiones-en-chicago-2\/\">abogado de accidentes de coche y cami\u00f3n<\/a> proteger\u00e1 sus derechos durante todo el proceso legal. <a href=\"https:\/\/www.briskmanandbriskman.com\/es\/centros-de-informacion\/accidentes-de-trafico\/\">Haga clic aqu\u00ed para visitar nuestro Centro de Informaci\u00f3n de Accidentes de Coche para obtener informaci\u00f3n y recursos adicionales.<\/a><\/p>\n\n\n\n<p><strong>Negligencias m\u00e9dicas.<\/strong> La negligencia de m\u00e9dicos, enfermeras, hospitales y otros profesionales de la medicina puede causar, y a menudo causa, lesiones graves. Hay muchos tipos diferentes de negligencia m\u00e9dica, como diagn\u00f3sticos err\u00f3neos, tratamientos inadecuados, errores quir\u00fargicos, errores de medicaci\u00f3n, errores de farmacia, lesiones en el parto (errores cometidos durante el parto de un ni\u00f1o) y falta de diagn\u00f3stico de c\u00e1ncer u otras enfermedades graves. Los casos de negligencia m\u00e9dica son complejos y requieren la experiencia de un abogado especializado. <a href=\"https:\/\/www.briskmanandbriskman.com\/es\/areas-de-practica\/negligencia-medica\/\">abogado de negligencia m\u00e9dica<\/a>. Si usted ha sido herido o perdido un ser querido a manos de un profesional de la medicina, es crucial para contratar a un abogado con experiencia que pueda evaluar con prontitud la posible negligencia y, si es necesario, agresivamente emprender acciones legales para compensar sus lesiones y p\u00e9rdidas. <a href=\"https:\/\/www.briskmanandbriskman.com\/es\/centros-de-informacion\/centro-de-negligencias-medicas\/\">Haga clic aqu\u00ed para visitar nuestro Centro de Informaci\u00f3n sobre Negligencia M\u00e9dica para obtener informaci\u00f3n y recursos adicionales.<\/a><\/p>\n\n\n\n<p><strong>Muerte por negligencia<\/strong>. Como su nombre indica, el t\u00e9rmino \"homicidio culposo\" describe un tipo de demanda que puede interponerse cuando alguien ha fallecido por imprudencia ajena. La mayor\u00eda de los sitios <a href=\"https:\/\/www.briskmanandbriskman.com\/es\/areas-de-practica\/muerte-por-negligencia\/\">demandas por homicidio culposo<\/a> se deben a accidentes de coche o cami\u00f3n, negligencia en residencias de ancianos, negligencia m\u00e9dica, accidentes de construcci\u00f3n, accidentes a\u00e9reos o el uso de un producto defectuoso o peligroso. Una demanda por \"homicidio culposo\" permite recuperar da\u00f1os y perjuicios que son \u00fanicos y diferentes de los disponibles cuando alguien sufre lesiones no mortales. <a href=\"https:\/\/www.briskmanandbriskman.com\/es\/centros-de-informacion\/centro-de-muerte-por-negligencia\/\">Haga clic aqu\u00ed para visitar nuestro Centro de Informaci\u00f3n de Muerte Injusta para obtener informaci\u00f3n y recursos adicionales.<\/a><\/p>\n\n\n\n<p><strong>Accidente laboral.<\/strong> Cuando alguien se lesiona o muere mientras trabaja para su empleador, por lo general no se le permite presentar una demanda por lesiones personales contra su empleador. En su lugar, el empleado lesionado debe presentar una reclamaci\u00f3n al amparo de la Ley de Indemnizaci\u00f3n por Accidentes de Trabajo Illinois, que obliga a los empresarios a proporcionar diversas prestaciones a sus trabajadores lesionados. Entre ellas se incluyen el tratamiento m\u00e9dico, la \"incapacidad total temporal\" (es decir, los salarios) y el pago de una suma a tanto alzado, tambi\u00e9n conocida como \"incapacidad parcial permanente\", para compensar al trabajador lesionado por sus lesiones. La ley de indemnizaci\u00f3n por accidente laboral var\u00eda de un estado a otro y presenta muchos obst\u00e1culos y trampas potenciales. Un abogado experimentado <a href=\"https:\/\/www.briskmanandbriskman.com\/es\/areas-de-practica\/indemnizacion-por-accidente-laboral\/\">Abogado laboralista<\/a> le guiar\u00e1 a lo largo del proceso y garantizar\u00e1 la protecci\u00f3n de sus derechos. <a href=\"https:\/\/www.briskmanandbriskman.com\/es\/centros-de-informacion\/centro-de-compensacion-de-trabajadores\/\">Haga clic aqu\u00ed para visitar nuestro Centro de Informaci\u00f3n sobre Indemnizaci\u00f3n por Accidentes de Trabajo y obtener informaci\u00f3n y recursos adicionales.<\/a>.<\/p>\n\n\n\n<p><strong>Responsabilidad civil<\/strong>. \"Responsabilidad de los locales\" se refiere a los accidentes causados por una condici\u00f3n peligrosa o defectuosa en el terreno de alguien. Estos accidentes pueden ocurrir casi en cualquier lugar, desde propiedades comerciales como tiendas de comestibles, restaurantes, gasolineras, centros comerciales y tiendas al por menor, hasta la casa de un vecino o una piscina p\u00fablica o privada. Una amplia gama de condiciones defectuosas o peligrosas pueden dar lugar a una reclamaci\u00f3n por \"responsabilidad de las instalaciones\", desde caerse por una escalera debido a la falta de una barandilla, a tropezar con un obst\u00e1culo o resbalar en un derrame en un pasillo o corredor, a ser mordido por un perro, entre muchos otros. Es fundamental documentar la condici\u00f3n peligrosa o defectuosa lo antes posible despu\u00e9s del accidente. A <a href=\"https:\/\/www.briskmanandbriskman.com\/es\/\">abogado de lesiones personales<\/a> le ayudar\u00e1 a hacerlo y proteger\u00e1 sus derechos durante todo el proceso legal. <\/p>\n\n\n\n<p><strong>Responsabilidad por productos defectuosos<\/strong>. <a href=\"https:\/\/www.briskmanandbriskman.com\/es\/areas-de-practica\/chicago-product-liability-attorney\/\">Productos peligrosos y defectuosos<\/a> pueden causar lesiones graves en el hogar, en lugares p\u00fablicos y en el trabajo. Las advertencias y manuales de uso inadecuados tambi\u00e9n pueden provocar lesiones. Algunos ejemplos de productos nocivos son medicamentos, alimentos, productos de consumo y productos infantiles peligrosos; piezas de veh\u00edculos y dispositivos m\u00e9dicos defectuosos; y materiales y productos qu\u00edmicos t\u00f3xicos. Las partes responsables pueden ser particulares, empresas o entidades gubernamentales que vendieron, dise\u00f1aron, fabricaron o comercializaron un producto peligroso o defectuoso. P\u00f3ngase en contacto con un abogado con experiencia si ha resultado lesionado por un producto inseguro. Un abogado especializado en lesiones personales puede evaluar el producto da\u00f1ino, identificar a las partes responsables y asegurarse de que usted reciba la m\u00e1xima indemnizaci\u00f3n por sus lesiones.<\/p>\n\n\n\n<p><strong>Otros tipos de casos de lesiones personales<\/strong>. Entre ellos figuran los malos tratos o la negligencia en residencias de ancianos; los accidentes de aviaci\u00f3n y n\u00e1uticos; las mordeduras de animales y perros; las lesiones cerebrales, de parto, por quemaduras y de m\u00e9dula espinal; otros accidentes y lesiones catastr\u00f3ficos; las intoxicaciones alimentarias; la exposici\u00f3n al amianto y el mesotelioma; la negligencia legal.<\/p>\n\n\n\n<h3 class=\"wp-block-heading\">Otros art\u00edculos sobre da\u00f1os personales<\/h3>\n\n\n<ul class=\"list-pages-shortcode sibling-pages\"><li class=\"page_item page-item-2348\"><a href=\"https:\/\/www.briskmanandbriskman.com\/es\/information-centers\/personal-injury\/can-i-fire-my-personal-injury-attorney\/\">\u00bfPuedo despedir a mi abogado de lesiones personales?<\/a><\/li>\n<li class=\"page_item page-item-1029\"><a href=\"https:\/\/www.briskmanandbriskman.com\/es\/information-centers\/personal-injury\/common-types-of-personal-injury-cases\/\">Tipos comunes de casos de lesiones personales en Chicago<\/a><\/li>\n<li class=\"page_item page-item-2351\"><a href=\"https:\/\/www.briskmanandbriskman.com\/es\/information-centers\/personal-injury\/do-i-have-to-pay-to-receive-a-consultation-about-my-personal-injury-case\/\">\u00bfTengo que pagar para recibir una consulta sobre mi caso de lesiones personales?<\/a><\/li>\n<li class=\"page_item page-item-1034\"><a href=\"https:\/\/www.briskmanandbriskman.com\/es\/information-centers\/personal-injury\/how-do-i-know-if-i-have-a-personal-injury-case\/\">\u00bfC\u00f3mo s\u00e9 si tengo una demanda por lesiones personales?<\/a><\/li>\n<li class=\"page_item page-item-697\"><a href=\"https:\/\/www.briskmanandbriskman.com\/es\/information-centers\/personal-injury\/how-much-is-my-case-worth\/\">\u00bfCu\u00e1nto vale mi caso de lesiones personales?<\/a><\/li>\n<li class=\"page_item page-item-694\"><a href=\"https:\/\/www.briskmanandbriskman.com\/es\/information-centers\/personal-injury\/how-long-will-my-case-last\/\">\u00bfDe cu\u00e1nto tiempo dispongo para presentar una demanda por lesiones personales en Chicago?<\/a><\/li>\n<li class=\"page_item page-item-3647\"><a href=\"https:\/\/www.briskmanandbriskman.com\/es\/information-centers\/personal-injury\/how-to-keep-your-loved-ones-safe-from-nursing-home-abuse-and-neglect\/\">C\u00f3mo proteger a sus seres queridos de los malos tratos y el abandono en residencias de ancianos<\/a><\/li>\n<li class=\"page_item page-item-1069\"><a href=\"https:\/\/www.briskmanandbriskman.com\/es\/information-centers\/personal-injury\/lawsuit-process\/\">\u00bfQu\u00e9 ocurre durante una demanda por lesiones personales?<\/a><\/li>\n<li class=\"page_item page-item-2355\"><a href=\"https:\/\/www.briskmanandbriskman.com\/es\/information-centers\/personal-injury\/what-is-a-contingency-fee\/\">\u00bfQu\u00e9 son los honorarios condicionales?<\/a><\/li>\n<li class=\"page_item page-item-2291\"><a href=\"https:\/\/www.briskmanandbriskman.com\/es\/information-centers\/personal-injury\/what-is-negligence\/\">\u00bfQu\u00e9 es la negligencia?<\/a><\/li>\n<li class=\"page_item page-item-2287\"><a href=\"https:\/\/www.briskmanandbriskman.com\/es\/information-centers\/personal-injury\/what-is-a-personal-injury\/\">\u00bfQu\u00e9 son los da\u00f1os personales?<\/a><\/li>\n<li class=\"page_item page-item-2542\"><a href=\"https:\/\/www.briskmanandbriskman.com\/es\/information-centers\/personal-injury\/what-you-should-know-about-traumatic-brain-injury\/\">Lo que debe saber sobre el da\u00f1o cerebral traum\u00e1tico<\/a><\/li>\n<\/ul>","protected":false},"excerpt":{"rendered":"<p>Centro de Informaci\u00f3n de Lesiones Personales principal \" Accidente de autom\u00f3vil. Cada a\u00f1o millones de personas resultan heridas, a veces fatalmente, en accidentes de veh\u00edculos de motor. S\u00f3lo en 2021, m\u00e1s de 295.000 personas en Illinois resultaron heridas y 1.341 murieron en accidentes de coches, camiones, motocicletas, peatones y ciclistas. Si ha resultado herido en un accidente de tr\u00e1fico...<\/p>","protected":false},"author":1,"featured_media":11471,"parent":924,"menu_order":0,"comment_status":"closed","ping_status":"closed","template":"","meta":{"_acf_changed":false,"footnotes":""},"class_list":["post-1029","page","type-page","status-publish","has-post-thumbnail","hentry"],"acf":[],"_links":{"self":[{"href":"https:\/\/www.briskmanandbriskman.com\/es\/wp-json\/wp\/v2\/pages\/1029","targetHints":{"allow":["GET"]}}],"collection":[{"href":"https:\/\/www.briskmanandbriskman.com\/es\/wp-json\/wp\/v2\/pages"}],"about":[{"href":"https:\/\/www.briskmanandbriskman.com\/es\/wp-json\/wp\/v2\/types\/page"}],"author":[{"embeddable":true,"href":"https:\/\/www.briskmanandbriskman.com\/es\/wp-json\/wp\/v2\/users\/1"}],"replies":[{"embeddable":true,"href":"https:\/\/www.briskmanandbriskman.com\/es\/wp-json\/wp\/v2\/comments?post=1029"}],"version-history":[{"count":4,"href":"https:\/\/www.briskmanandbriskman.com\/es\/wp-json\/wp\/v2\/pages\/1029\/revisions"}],"predecessor-version":[{"id":11906,"href":"https:\/\/www.briskmanandbriskman.com\/es\/wp-json\/wp\/v2\/pages\/1029\/revisions\/11906"}],"up":[{"embeddable":true,"href":"https:\/\/www.briskmanandbriskman.com\/es\/wp-json\/wp\/v2\/pages\/924"}],"wp:featuredmedia":[{"embeddable":true,"href":"https:\/\/www.briskmanandbriskman.com\/es\/wp-json\/wp\/v2\/media\/11471"}],"wp:attachment":[{"href":"https:\/\/www.briskmanandbriskman.com\/es\/wp-json\/wp\/v2\/media?parent=1029"}],"curies":[{"name":"wp","href":"https:\/\/api.w.org\/{rel}","templated":true}]}}