{"id":10281,"date":"2024-02-13T23:02:09","date_gmt":"2024-02-13T23:02:09","guid":{"rendered":"https:\/\/bbg.mystagingwebsite.com\/?page_id=10281"},"modified":"2024-03-06T22:43:00","modified_gmt":"2024-03-06T22:43:00","slug":"abogados-de-negligencia-medica-del-hospital-sherman","status":"publish","type":"page","link":"https:\/\/www.briskmanandbriskman.com\/es\/practice-areas\/medical-malpractice\/sherman-hospital-medical-malpractice-attorneys\/","title":{"rendered":"Abogados de negligencia m\u00e9dica en el Hospital Sherman"},"content":{"rendered":"<p>Chicago es conocido en todo el Medio Oeste - y la naci\u00f3n - por su atenci\u00f3n m\u00e9dica de alta calidad. Los residentes de Chicago tienen muchas opciones en cuanto a hospitales, incluido el Sherman Hospital en el condado de Kane. Cuando visita el Hospital Sherman, da por sentado que el profesional m\u00e9dico all\u00ed presente le proporcionar\u00e1 a usted o a su ser querido la atenci\u00f3n que necesita para mejorar. Sin embargo, \u00bfqu\u00e9 sucede si un m\u00e9dico o enfermera comete un error y usted queda en peores condiciones que cuando lleg\u00f3?<\/p>\n\n\n\n<p>Los errores m\u00e9dicos son terriblemente frecuentes en Estados Unidos. Sin embargo, el sector sanitario hace un buen trabajo ocult\u00e1ndolo. El hecho es que los errores m\u00e9dicos evitables son una de las principales causas de lesiones y muerte en el pa\u00eds. Seg\u00fan un estudio reciente, las tres principales causas de muerte en Estados Unidos son el c\u00e1ncer, las cardiopat\u00edas y los errores m\u00e9dicos. Si usted o un miembro de su familia sufri\u00f3 lesiones nuevas o que empeoraron despu\u00e9s de haber sido tratado en el Hospital Sherman, puede haber sido <a href=\"https:\/\/www.briskmanandbriskman.com\/es\/areas-de-practica\/negligencia-medica\/\">por negligencia m\u00e9dica<\/a>.<\/p>\n\n\n\n<p><a href=\"https:\/\/www.briskmanandbriskman.com\/es\/\">Briskman Briskman &amp; Greenberg<\/a> representa a clientes en todo el estado de Illinois. Nuestro <a href=\"https:\/\/www.briskmanandbriskman.com\/es\/areas-de-practica\/negligencia-medica\/\">Chicago abogados negligencia m\u00e9dica<\/a> ayudar a las v\u00edctimas y a sus familiares a obtener la justicia que merecen tras un incidente de negligencia m\u00e9dica. <a href=\"https:\/\/www.briskmanandbriskman.com\/es\/nuestra-empresa\/\">La empresa cuenta con m\u00e1s de 35 a\u00f1os de experiencia<\/a> y luchamos en\u00e9rgicamente por los derechos de nuestros clientes. El <a href=\"https:\/\/www.briskmanandbriskman.com\/es\/nuestros-abogados\/\">abogados en Briskman, Briskman y Greenberg<\/a> saben lo que hace falta para exigir responsabilidades a los proveedores negligentes.<\/p>\n\n\n\n<p><strong>Sobre el Hospital Sherman en Illinois<\/strong><\/p>\n\n\n\n<p>El Sherman Hospital del condado de Kane, Illinois, es un hospital religioso sin \u00e1nimo de lucro especializado en cuidados intensivos y cirug\u00eda cardiaca. El hospital se inaugur\u00f3 en 1888 y cuenta con 255 camas. Sherman Hospital es propiedad de Advocate Medical Group, uno de los mayores operadores de hospitales sin \u00e1nimo de lucro de Estados Unidos.<\/p>\n\n\n\n<p>Sherman Hospital se encuentra en 1425 N. Randall Road, Elgin, IL 60123. Si usted cree que sufri\u00f3 lesiones graves a causa de un accidente automovil\u00edstico, accidente de cami\u00f3n o accidente peatonal en el condado de Kane, es posible que tenga derecho a una indemnizaci\u00f3n. Aunque usted no deber\u00eda tener que cuestionar el tipo de atenci\u00f3n que est\u00e1 recibiendo, es importante analizar su atenci\u00f3n y tomar las medidas necesarias en su b\u00fasqueda de justicia.<\/p>\n\n\n\n<p>Si estuvo ingresado en el Hospital Sherman y se produjo una negligencia asistencial o m\u00e9dica, <a href=\"https:\/\/www.briskmanandbriskman.com\/es\/abogados-de-accidentes-de-camiones-en-chicago-2\/\">p\u00f3ngase en contacto con nosotros<\/a> y uno de nuestros abogados estar\u00e1 encantado de evaluar su caso. <a href=\"tel:1-877-595-4878\">P\u00f3ngase en contacto con el equipo de Briskman, Briskman y Greenberg hoy mismo en el 877-595-4878<\/a>.<\/p>\n\n\n\n<p><strong>\u00bfQu\u00e9 incluye la negligencia m\u00e9dica?<\/strong><\/p>\n\n\n\n<p>Un caso de negligencia m\u00e9dica es un tipo de <a href=\"https:\/\/www.briskmanandbriskman.com\/es\/\">reclamaci\u00f3n por da\u00f1os personales<\/a> presentada por un paciente que sufre lesiones evitables debido a la negligencia de un profesional sanitario. Los casos de negligencia m\u00e9dica se pueden presentar contra todo tipo de profesionales sanitarios, incluidos m\u00e9dicos de atenci\u00f3n primaria, farmac\u00e9uticos, enfermeros, cirujanos, onc\u00f3logos, etc.<\/p>\n\n\n\n<p>Todos los profesionales sanitarios tienen el deber de prestar a sus pacientes un determinado nivel de atenci\u00f3n. Aunque no se puede esperar que ning\u00fan proveedor obtenga un resultado positivo para todos los pacientes, debe prestar una atenci\u00f3n adecuada y a la altura de las normas de la profesi\u00f3n.<\/p>\n\n\n\n<p>Siempre que el mal juicio, la falta de diligencia o la negligencia de un profesional m\u00e9dico cause lesiones a un paciente, puede ser responsable a trav\u00e9s de una demanda por negligencia m\u00e9dica. Algunos de los ejemplos m\u00e1s comunes de casos de negligencia m\u00e9dica incluyen:<\/p>\n\n\n\n<p>- Lesiones al nacer;<br>- No tener en cuenta el historial del paciente;<br>- Tratamiento de seguimiento inadecuado; <br>- Diagn\u00f3sticos err\u00f3neos y diagn\u00f3sticos tard\u00edos;<br>- Interpretaci\u00f3n err\u00f3nea de los resultados de pruebas o laboratorios;<br>- Errores de prescripci\u00f3n; y<br>- Errores quir\u00fargicos.<\/p>\n\n\n\n<p><strong>Probar un caso se considera negligencia m\u00e9dica<\/strong><\/p>\n\n\n\n<p>Para probar un caso de negligencia m\u00e9dica contra el Hospital Sherman, un paciente debe satisfacer cada uno de los siguientes elementos:<\/p>\n\n\n\n<p>1.) Exist\u00eda una relaci\u00f3n m\u00e9dico-paciente;<br>2.) El m\u00e9dico prest\u00f3 una asistencia inferior a la generalmente aceptada;<br>3.) La negligencia del m\u00e9dico caus\u00f3 o agrav\u00f3 las lesiones del paciente.<\/p>\n\n\n\n<p>Dado que los casos de negligencia m\u00e9dica a menudo requieren un conocimiento detallado del campo m\u00e9dico, cualquier persona que persiga un <a href=\"https:\/\/www.briskmanandbriskman.com\/es\/areas-de-practica\/negligencia-medica\/\">caso de negligencia m\u00e9dica contra el Hospital Sherman<\/a> debe obtener una declaraci\u00f3n jurada de m\u00e9rito. Una declaraci\u00f3n jurada de m\u00e9rito es una declaraci\u00f3n de un profesional de la salud que ejerce en el mismo campo que el proveedor de atenci\u00f3n m\u00e9dica demandado, indicando que creen que su reclamo tiene m\u00e9rito.<\/p>\n\n\n\n<p><strong>Da\u00f1os y perjuicios en un caso de negligencia m\u00e9dica contra el Hospital Sherman<\/strong><\/p>\n\n\n\n<p>Las v\u00edctimas de negligencia m\u00e9dica sufren una amplia gama de lesiones; por lo tanto, cada caso es \u00fanico y debe evaluarse en funci\u00f3n de sus hechos espec\u00edficos. Sin embargo, si usted presenta con \u00e9xito una demanda por negligencia m\u00e9dica, por lo general puede recuperar los da\u00f1os econ\u00f3micos y no econ\u00f3micos que sufri\u00f3 como resultado de la negligencia del proveedor.<\/p>\n\n\n\n<p>Los da\u00f1os econ\u00f3micos le compensan por todos los gastos en que incurri\u00f3 debido a la negligencia del proveedor, as\u00ed como por el dinero que habr\u00eda ganado pero no pudo debido a sus lesiones. Por ejemplo, los da\u00f1os econ\u00f3micos incluyen:<\/p>\n\n\n\n<p>- Facturas m\u00e9dicas anteriores,<br>- Gastos m\u00e9dicos futuros, <br>- Salarios perdidos, y<br>- Disminuci\u00f3n de la capacidad de ganancia. <\/p>\n\n\n\n<p>Para determinar la cuant\u00eda de los da\u00f1os econ\u00f3micos a los que tiene derecho, <a href=\"https:\/\/www.briskmanandbriskman.com\/es\/areas-de-practica\/negligencia-medica\/\">su abogado especializado en negligencias m\u00e9dicas<\/a> reunir\u00e1 y presentar\u00e1 pruebas de sus p\u00e9rdidas reales, incluidas sus facturas m\u00e9dicas, estimaciones de futuros gastos m\u00e9dicos, recibos y justificantes de ingresos.<\/p>\n\n\n\n<p>Por otro lado, los da\u00f1os no econ\u00f3micos le compensan por los efectos emocionales y psicol\u00f3gicos de sus lesiones. Los da\u00f1os no econ\u00f3micos reconocen que las lesiones graves no s\u00f3lo suponen un coste econ\u00f3mico, sino que tambi\u00e9n afectan a su calidad de vida. Algunos ejemplos de da\u00f1os no econ\u00f3micos son:<br><br>- Dolor y sufrimiento;<br>- Discapacidad;<br>- Desfiguraci\u00f3n;<br>- Angustia emocional; y<br>- P\u00e9rdida del disfrute de la vida.<\/p>\n\n\n\n<p>A diferencia de muchos otros estados, en el Illinois no hay l\u00edmites m\u00e1ximos de indemnizaci\u00f3n. Esto significa que el juez o el jurado pueden conceder cualquier cantidad por da\u00f1os y perjuicios que consideren apropiada. Sin embargo, para probar los da\u00f1os no econ\u00f3micos es necesario que usted cuente una historia convincente sobre c\u00f3mo era su vida antes de la negligencia y qu\u00e9 es diferente en su vida actual. Por ejemplo, \u00bfqu\u00e9 actividades le gustaban y ya no puede hacer? \u00bfSe ha perdido alg\u00fan hito o acontecimiento familiar importante? \u00bfSe ve obligado a vivir con dolores constantes? Cada uno de estos factores puede influir en la indemnizaci\u00f3n por da\u00f1os no econ\u00f3micos.<\/p>\n\n\n\n<h4 class=\"wp-block-heading\">P\u00f3ngase en contacto con un abogado de negligencia m\u00e9dica del Hospital Sherman hoy<\/h4>\n\n\n\n<p>Si usted o un ser querido fue tratado recientemente en el Hospital Sherman en el Condado de Kane, IL, y sufri\u00f3 lesiones como resultado del tratamiento que recibi\u00f3, es posible que tenga un caso de negligencia m\u00e9dica contra el Hospital Sherman. En Briskman, Briskman &amp; Greenberg, nuestros <a href=\"https:\/\/www.briskmanandbriskman.com\/es\/areas-de-practica\/negligencia-medica\/\">Chicago abogados negligencia m\u00e9dica<\/a> proporcionar a los pacientes una representaci\u00f3n compasiva y adaptada a sus necesidades particulares.<\/p>\n\n\n\n<p>Tambi\u00e9n tenemos el conocimiento, la habilidad y los recursos necesarios para responsabilizar a los grandes hospitales por la negligencia de sus trabajadores de la salud. Ofrecemos consultas gratuitas a todos los posibles clientes y estamos disponibles para reunirnos con usted en el Hospital Sherman o en cualquier otro hospital de la zona. En <a href=\"https:\/\/www.briskmanandbriskman.com\/es\/la-garantia-briskman\/\">parte de la Garant\u00eda Briskman<\/a>Nunca le facturaremos por nuestros servicios a menos que podamos ayudarle a recuperar una indemnizaci\u00f3n por sus lesiones.<\/p>\n\n\n\n<p>Para m\u00e1s informaci\u00f3n <a href=\"https:\/\/www.briskmanandbriskman.com\/es\/consulta-gratuita\/\">programar una consulta gratuita<\/a> con uno de nuestros abogados de negligencia m\u00e9dica en Sherman, <a href=\"tel:1-877-595-4878\">ll\u00e1menos al 877-595-4878<\/a>. Tambi\u00e9n puede <a href=\"https:\/\/www.briskmanandbriskman.com\/es\/abogados-de-accidentes-de-camiones-en-chicago-2\/\">p\u00f3ngase en contacto con nosotros a trav\u00e9s de nuestro formulario de contacto en l\u00ednea<\/a>.<\/p>","protected":false},"excerpt":{"rendered":"<p>Chicago es conocido en todo el Medio Oeste - y la naci\u00f3n - por su atenci\u00f3n m\u00e9dica de alta calidad. Los residentes de Chicago tienen muchas opciones en cuanto a hospitales, incluido el Sherman Hospital en el condado de Kane. Cuando visita el Hospital Sherman, asume que el profesional m\u00e9dico que all\u00ed se encuentra le proporcionar\u00e1 a usted o a su ser querido la atenci\u00f3n que necesita para mejorar. Sin embargo,...<\/p>","protected":false},"author":1,"featured_media":10904,"parent":62,"menu_order":0,"comment_status":"closed","ping_status":"closed","template":"","meta":{"_acf_changed":false,"footnotes":""},"class_list":["post-10281","page","type-page","status-publish","has-post-thumbnail","hentry"],"acf":[],"_links":{"self":[{"href":"https:\/\/www.briskmanandbriskman.com\/es\/wp-json\/wp\/v2\/pages\/10281","targetHints":{"allow":["GET"]}}],"collection":[{"href":"https:\/\/www.briskmanandbriskman.com\/es\/wp-json\/wp\/v2\/pages"}],"about":[{"href":"https:\/\/www.briskmanandbriskman.com\/es\/wp-json\/wp\/v2\/types\/page"}],"author":[{"embeddable":true,"href":"https:\/\/www.briskmanandbriskman.com\/es\/wp-json\/wp\/v2\/users\/1"}],"replies":[{"embeddable":true,"href":"https:\/\/www.briskmanandbriskman.com\/es\/wp-json\/wp\/v2\/comments?post=10281"}],"version-history":[{"count":1,"href":"https:\/\/www.briskmanandbriskman.com\/es\/wp-json\/wp\/v2\/pages\/10281\/revisions"}],"predecessor-version":[{"id":10676,"href":"https:\/\/www.briskmanandbriskman.com\/es\/wp-json\/wp\/v2\/pages\/10281\/revisions\/10676"}],"up":[{"embeddable":true,"href":"https:\/\/www.briskmanandbriskman.com\/es\/wp-json\/wp\/v2\/pages\/62"}],"wp:featuredmedia":[{"embeddable":true,"href":"https:\/\/www.briskmanandbriskman.com\/es\/wp-json\/wp\/v2\/media\/10904"}],"wp:attachment":[{"href":"https:\/\/www.briskmanandbriskman.com\/es\/wp-json\/wp\/v2\/media?parent=10281"}],"curies":[{"name":"wp","href":"https:\/\/api.w.org\/{rel}","templated":true}]}}