{"id":10273,"date":"2024-02-13T22:53:05","date_gmt":"2024-02-13T22:53:05","guid":{"rendered":"https:\/\/bbg.mystagingwebsite.com\/?page_id=10273"},"modified":"2024-03-06T22:41:14","modified_gmt":"2024-03-06T22:41:14","slug":"abogados-de-negligencias-medicas-en-el-hospital-edward","status":"publish","type":"page","link":"https:\/\/www.briskmanandbriskman.com\/es\/practice-areas\/medical-malpractice\/edward-hospital-medical-malpractice-lawyers\/","title":{"rendered":"Edward Hospital Abogados de negligencia m\u00e9dica"},"content":{"rendered":"<p>Cuando acudes al Hospital Edward, lo m\u00e1s probable es que sea debido a alg\u00fan tipo de lesi\u00f3n hacia ti o hacia un ser querido. Dada la reputaci\u00f3n del Hospital Edward, uno supondr\u00eda que los m\u00e9dicos, enfermeras y otros profesionales m\u00e9dicos del personal proporcionar\u00e1n la mejor atenci\u00f3n que cualquier paciente necesite. Sin embargo, los profesionales sanitarios son humanos y pueden cometer errores.<\/p>\n\n\n\n<p>\u00bfQu\u00e9 ocurre cuando el error de un proveedor m\u00e9dico hace que usted o su ser querido salgan en peor estado que cuando llegaron? La verdad es que los errores m\u00e9dicos son terriblemente frecuentes en Estados Unidos. El sector sanitario se toma muchas molestias para mantener ocultos los errores m\u00e9dicos. Seg\u00fan datos recientes, los errores m\u00e9dicos son la tercera causa de muerte, por detr\u00e1s del c\u00e1ncer y las enfermedades cardiacas. Si usted o un miembro de su familia sufrieron lesiones nuevas o que empeoraron despu\u00e9s de recibir tratamiento en el Hospital Edward, es posible que tenga una <a href=\"https:\/\/www.briskmanandbriskman.com\/es\/areas-de-practica\/negligencia-medica\/\">demanda por negligencia m\u00e9dica contra el hospital<\/a>.<\/p>\n\n\n\n<p>En <a href=\"https:\/\/www.briskmanandbriskman.com\/es\/\">Briskman Briskman &amp; Greenberg<\/a>Nuestros abogados especializados en negligencia m\u00e9dica del Hospital Edward ayudan a los pacientes y a sus familiares a obtener la justicia que merecen tras haber recibido una atenci\u00f3n m\u00e9dica inadecuada. <a href=\"https:\/\/www.briskmanandbriskman.com\/es\/nuestra-empresa\/\">Con m\u00e1s de 35 a\u00f1os de experiencia<\/a>Trabajamos duro para representar agresivamente a los pacientes locales en toda el \u00e1rea Chicago. Queremos ayudarle a retener a los proveedores negligentes que fueron responsables del da\u00f1o causado a usted y su familia.<\/p>\n\n\n\n<p><strong>Sobre el Hospital Edward<\/strong><\/p>\n\n\n\n<p>El hospital Edward del condado de Cook, Illinois, es uno de los tres centros que forman parte de Edward-Elmhurst Health. Los otros dos hospitales son Elmhurst Hospital y Linden Oaks Behavioral Health. En conjunto, el sistema de salud Edward-Elmhurst gestiona casi 50 centros ambulatorios que atienden a 1,7 millones de residentes. Edward-Elmhurst Health, uno de los mayores sistemas sanitarios de Illinois, genera unos ingresos anuales de m\u00e1s de $1.000 millones.<\/p>\n\n\n\n<p>El Hospital Edward est\u00e1 situado en 801 S. Washington Street, Naperville, IL 60540. Si usted estuvo involucrado en un accidente, dio a luz a un beb\u00e9, o se someti\u00f3 a cirug\u00eda por otra condici\u00f3n de salud, usted puede tener derecho a una indemnizaci\u00f3n.<\/p>\n\n\n\n<p>Si estuvo ingresado en el Hospital Edward y cree que no le atendieron, <a href=\"https:\/\/www.briskmanandbriskman.com\/es\/\">contacte hoy mismo con un abogado experto en lesiones personales<\/a>. En un momento de necesidad desesperada, no deber\u00eda tener que preocuparse por el tipo de atenci\u00f3n que recibe. Las negligencias m\u00e9dicas ocurren y deben ser tratadas por las autoridades competentes. <a href=\"https:\/\/www.briskmanandbriskman.com\/es\/nuestros-abogados\/\">Briskman Briskman &amp; Greenberg abogados<\/a>. Le ayudaremos a evaluar su situaci\u00f3n particular y a desarrollar el mejor plan.<\/p>\n\n\n\n<p><strong>\u00bfQu\u00e9 se considera negligencia m\u00e9dica?<\/strong><\/p>\n\n\n\n<p>La negligencia m\u00e9dica es un \u00e1rea espec\u00edfica del derecho de da\u00f1os personales que se centra en el deber que tienen los profesionales sanitarios para con sus pacientes. Los pacientes pueden <a href=\"https:\/\/www.briskmanandbriskman.com\/es\/areas-de-practica\/negligencia-medica\/\">demanda por negligencia m\u00e9dica<\/a> contra cualquier proveedor m\u00e9dico, incluyendo:<\/p>\n\n\n\n<ul class=\"wp-block-list\">\n<li>M\u00e9dicos de atenci\u00f3n primaria,<\/li>\n\n\n\n<li>Cirujanos,<\/li>\n\n\n\n<li>Farmac\u00e9utico,<\/li>\n\n\n\n<li>Enfermeras y<\/li>\n\n\n\n<li>Especialistas.<\/li>\n<\/ul>\n\n\n\n<p>Aunque todos los profesionales sanitarios tienen la obligaci\u00f3n de proporcionar a sus pacientes un determinado nivel de atenci\u00f3n, esta obligaci\u00f3n var\u00eda en funci\u00f3n del \u00e1rea de pr\u00e1ctica del profesional. En general, cada vez que el mal juicio, la falta de diligencia o la negligencia de un profesional m\u00e9dico hacen que un paciente sufra lesiones nuevas o que empeoren, el <a href=\"https:\/\/www.briskmanandbriskman.com\/es\/areas-de-practica\/negligencia-medica\/\">el paciente puede interponer una demanda por negligencia m\u00e9dica<\/a>. Algunos de los ejemplos m\u00e1s comunes de casos de negligencia m\u00e9dica son:<\/p>\n\n\n\n<ul class=\"wp-block-list\">\n<li>Lesiones al nacer;<\/li>\n\n\n\n<li>No tener en cuenta el historial del paciente;<\/li>\n\n\n\n<li>Tratamiento de seguimiento inadecuado; <\/li>\n\n\n\n<li>Diagn\u00f3sticos err\u00f3neos y diagn\u00f3sticos tard\u00edos;<\/li>\n\n\n\n<li>Interpretaci\u00f3n err\u00f3nea de los resultados de pruebas o laboratorios;<\/li>\n\n\n\n<li>Errores de prescripci\u00f3n; y<\/li>\n\n\n\n<li>Errores quir\u00fargicos.<\/li>\n<\/ul>\n\n\n\n<p><strong>C\u00f3mo probar un caso de negligencia m\u00e9dica<\/strong><\/p>\n\n\n\n<p><a href=\"https:\/\/www.briskmanandbriskman.com\/es\/areas-de-practica\/negligencia-medica\/\">La negligencia es el n\u00facleo de cualquier demanda por negligencia m\u00e9dica<\/a>. As\u00ed pues, para presentar con \u00e9xito una demanda por negligencia m\u00e9dica contra el Hospital Edward, un paciente debe probar cada uno de los siguientes elementos:<\/p>\n\n\n\n<p>1.) La existencia de una relaci\u00f3n m\u00e9dico-paciente;<br>2.) Que la atenci\u00f3n del m\u00e9dico fue inferior a la norma generalmente aceptada;<br>3.) Que la negligencia del m\u00e9dico caus\u00f3 o agrav\u00f3 las lesiones del paciente.<\/p>\n\n\n\n<p>La negligencia m\u00e9dica casi siempre implica cuestiones m\u00e9dicas complejas que est\u00e1n m\u00e1s all\u00e1 de la comprensi\u00f3n com\u00fan de la mayor\u00eda de los jurados y jueces. Cualquier persona que presente un caso de negligencia m\u00e9dica contra el Hospital Edward debe obtener una declaraci\u00f3n jurada de m\u00e9rito. Una declaraci\u00f3n jurada de m\u00e9rito es una declaraci\u00f3n firmada de un profesional de la salud que ejerce en el mismo campo que el proveedor de atenci\u00f3n m\u00e9dica demandado, en la que se afirma que, en opini\u00f3n del experto, su demanda tiene m\u00e9rito.<\/p>\n\n\n\n<p><strong>Da\u00f1os y perjuicios en un caso de negligencia m\u00e9dica contra el hospital Edward<\/strong><\/p>\n\n\n\n<p>La negligencia m\u00e9dica puede provocar lesiones de gran alcance, muchas de las cuales pueden tener consecuencias que cambien la vida. Aunque cada caso es \u00fanico, si usted presenta con \u00e9xito un caso de negligencia m\u00e9dica, por lo general tiene derecho a recuperar todos los da\u00f1os econ\u00f3micos y no econ\u00f3micos que sufri\u00f3 como consecuencia de la negligencia del proveedor.<\/p>\n\n\n\n<p>Los da\u00f1os econ\u00f3micos incluyen los gastos que usted tuvo que pagar de su bolsillo como consecuencia de la negligencia del proveedor, adem\u00e1s del dinero que podr\u00eda haber ganado de no ser por sus lesiones. Por ejemplo, los da\u00f1os econ\u00f3micos incluyen:<\/p>\n\n\n\n<ul class=\"wp-block-list\">\n<li>Facturas m\u00e9dicas anteriores,<\/li>\n\n\n\n<li>Gastos m\u00e9dicos futuros, <\/li>\n\n\n\n<li>Salarios perdidos, y<\/li>\n\n\n\n<li>Disminuci\u00f3n de la capacidad de ganancia. <\/li>\n<\/ul>\n\n\n\n<p>Los da\u00f1os no econ\u00f3micos, en cambio, compensan a los pacientes por los efectos emocionales y psicol\u00f3gicos de sus lesiones. De este modo, la existencia de da\u00f1os no econ\u00f3micos reconoce que quienes sufren un acto de negligencia m\u00e9dica no s\u00f3lo merecen una compensaci\u00f3n por sus p\u00e9rdidas econ\u00f3micas, sino tambi\u00e9n por el efecto que tuvo en su calidad de vida. Algunos ejemplos de da\u00f1os no econ\u00f3micos son:<\/p>\n\n\n\n<ul class=\"wp-block-list\">\n<li>Dolor y sufrimiento;<\/li>\n\n\n\n<li>Discapacidad;<\/li>\n\n\n\n<li>Desfiguraci\u00f3n;<\/li>\n\n\n\n<li>Angustia emocional; y<\/li>\n\n\n\n<li>P\u00e9rdida del disfrute de la vida. <\/li>\n<\/ul>\n\n\n\n<p>Probar los da\u00f1os econ\u00f3micos implica reunir y presentar pruebas de sus p\u00e9rdidas reales; por ejemplo, un <a href=\"https:\/\/www.briskmanandbriskman.com\/es\/areas-de-practica\/negligencia-medica\/\">abogado de negligencia m\u00e9dica<\/a> puede basarse en facturas m\u00e9dicas, estimaciones de futuros gastos m\u00e9dicos, recibos y justificantes de ingresos a la hora de identificar sus da\u00f1os econ\u00f3micos.<\/p>\n\n\n\n<p>Mientras que algunos estados limitan la cuant\u00eda de los da\u00f1os no econ\u00f3micos que un juez o un jurado puede conceder en una demanda por negligencia m\u00e9dica, no es \u00e9se el caso en el Illinois. Por lo tanto, un juez o jurado puede conceder cualquier cantidad de da\u00f1os que considere apropiada, dada la situaci\u00f3n espec\u00edfica. Sin embargo, para probar los da\u00f1os no econ\u00f3micos es necesario que usted cuente una historia convincente sobre c\u00f3mo el incidente afect\u00f3 a su vida. \u00bfYa no puede participar en las actividades que sol\u00eda disfrutar? \u00bfSe enfrenta a una vida de dolor persistente? \u00bfHan afectado sus lesiones a la relaci\u00f3n con sus seres queridos? Todas estas son consideraciones que intervienen en la indemnizaci\u00f3n por da\u00f1os y perjuicios no econ\u00f3micos.<\/p>\n\n\n\n<h4 class=\"wp-block-heading\">P\u00f3ngase en contacto con un abogado de negligencia m\u00e9dica Edward Hospital hoy<\/h4>\n\n\n\n<p>Si usted o un ser querido ha sido tratado recientemente en el Hospital Edward del Condado de Cook, IL, y ha sufrido lesiones como consecuencia de ello, puede presentar una demanda por negligencia m\u00e9dica contra el Hospital Edward. En <a href=\"https:\/\/www.briskmanandbriskman.com\/es\/\">Briskman Briskman &amp; Greenberg<\/a>, nuestro <a href=\"https:\/\/www.briskmanandbriskman.com\/es\/areas-de-practica\/negligencia-medica\/\">Chicago abogados negligencia m\u00e9dica<\/a> tienen una larga historia de proporcionar a los pacientes una representaci\u00f3n agresiva que se centra en satisfacer sus necesidades \u00fanicas.<\/p>\n\n\n\n<p>Tenemos los conocimientos, la habilidad y los recursos necesarios para responsabilizar a los grandes hospitales y sistemas de salud por la negligencia de sus proveedores de atenci\u00f3n m\u00e9dica. En <a href=\"https:\/\/www.briskmanandbriskman.com\/es\/la-garantia-briskman\/\">parte de la Garant\u00eda Briskman<\/a>ofrecemos <a href=\"https:\/\/www.briskmanandbriskman.com\/es\/consulta-gratuita\/\">consultas gratuitas a todos los posibles clientes<\/a> y podemos concertar una cita con usted en el Hospital Edward o en cualquier otro hospital local. Adem\u00e1s, nunca le facturaremos por nuestros servicios a menos que podamos ayudarle a recuperar una indemnizaci\u00f3n por sus lesiones.<\/p>\n\n\n\n<p>Para obtener m\u00e1s informaci\u00f3n, programe una consulta gratuita con uno de nuestros <a href=\"https:\/\/www.briskmanandbriskman.com\/es\/areas-de-practica\/negligencia-medica\/\">abogados especializados en negligencias m\u00e9dicas hospitalarias<\/a>. Ll\u00e1menos al <a href=\"tel:1-877-595-4878\">877-595-4878<\/a>. Tambi\u00e9n puede <a href=\"https:\/\/www.briskmanandbriskman.com\/es\/abogados-de-accidentes-de-camiones-en-chicago-2\/\">p\u00f3ngase en contacto con nosotros a trav\u00e9s de nuestro formulario de contacto en l\u00ednea<\/a> y un abogado se pondr\u00e1 en contacto con usted.<\/p>","protected":false},"excerpt":{"rendered":"<p>Cuando acudes al Hospital Edward, lo m\u00e1s probable es que sea debido a alg\u00fan tipo de lesi\u00f3n hacia ti o hacia un ser querido. Dada la reputaci\u00f3n del Hospital Edward, uno supondr\u00eda que los m\u00e9dicos, enfermeras y otros profesionales m\u00e9dicos del personal proporcionar\u00e1n la mejor atenci\u00f3n que cualquier paciente necesite. Sin embargo, los profesionales sanitarios son humanos y...<\/p>","protected":false},"author":1,"featured_media":10907,"parent":62,"menu_order":0,"comment_status":"closed","ping_status":"closed","template":"","meta":{"_acf_changed":false,"footnotes":""},"class_list":["post-10273","page","type-page","status-publish","has-post-thumbnail","hentry"],"acf":[],"_links":{"self":[{"href":"https:\/\/www.briskmanandbriskman.com\/es\/wp-json\/wp\/v2\/pages\/10273","targetHints":{"allow":["GET"]}}],"collection":[{"href":"https:\/\/www.briskmanandbriskman.com\/es\/wp-json\/wp\/v2\/pages"}],"about":[{"href":"https:\/\/www.briskmanandbriskman.com\/es\/wp-json\/wp\/v2\/types\/page"}],"author":[{"embeddable":true,"href":"https:\/\/www.briskmanandbriskman.com\/es\/wp-json\/wp\/v2\/users\/1"}],"replies":[{"embeddable":true,"href":"https:\/\/www.briskmanandbriskman.com\/es\/wp-json\/wp\/v2\/comments?post=10273"}],"version-history":[{"count":1,"href":"https:\/\/www.briskmanandbriskman.com\/es\/wp-json\/wp\/v2\/pages\/10273\/revisions"}],"predecessor-version":[{"id":10672,"href":"https:\/\/www.briskmanandbriskman.com\/es\/wp-json\/wp\/v2\/pages\/10273\/revisions\/10672"}],"up":[{"embeddable":true,"href":"https:\/\/www.briskmanandbriskman.com\/es\/wp-json\/wp\/v2\/pages\/62"}],"wp:featuredmedia":[{"embeddable":true,"href":"https:\/\/www.briskmanandbriskman.com\/es\/wp-json\/wp\/v2\/media\/10907"}],"wp:attachment":[{"href":"https:\/\/www.briskmanandbriskman.com\/es\/wp-json\/wp\/v2\/media?parent=10273"}],"curies":[{"name":"wp","href":"https:\/\/api.w.org\/{rel}","templated":true}]}}