{"id":10264,"date":"2024-01-10T01:39:41","date_gmt":"2024-01-10T01:39:41","guid":{"rendered":"https:\/\/bbg.mystagingwebsite.com\/?page_id=10264"},"modified":"2024-03-06T22:39:57","modified_gmt":"2024-03-06T22:39:57","slug":"chicago-incendio-explosion-accidentes-abogado","status":"publish","type":"page","link":"https:\/\/www.briskmanandbriskman.com\/es\/practice-areas\/chicago-fire-explosion-accidents-attorney\/","title":{"rendered":"Chicago Abogado de accidentes de incendio y explosi\u00f3n"},"content":{"rendered":"<h3 class=\"wp-block-heading\">V\u00edctimas de accidentes por incendio o explosi\u00f3n: Estamos de su lado<\/h3>\n\n\n\n<p>Quienes trabajan en sectores en los que existe la posibilidad de que se produzcan accidentes por incendio o explosi\u00f3n se cuidan de tomar medidas de precauci\u00f3n para protegerse. Desgraciadamente, incluso con las medidas de seguridad en vigor y siguiendo estrictamente la normativa OHSA, los accidentes de incendio y explosi\u00f3n no son totalmente evitables. Ocurren, y a menudo dejan a la v\u00edctima con lesiones graves y duraderas.<\/p>\n\n\n\n<p>En el bufete de abogados Chicago de Briskman Briskman &amp; Greenberg, estamos de su lado. Representamos a las v\u00edctimas de accidentes de incendio o explosi\u00f3n en el lugar de trabajo en la b\u00fasqueda de ambos&nbsp;<a href=\"https:\/\/www.briskmanandbriskman.com\/es\/areas-de-practica\/indemnizacion-por-accidente-laboral\/\">indemnizaci\u00f3n por accidente laboral<\/a>&nbsp;y&nbsp;<a href=\"https:\/\/www.briskmanandbriskman.com\/es\/\">reclamaciones por da\u00f1os personales<\/a>. Con d\u00e9cadas de experiencia a sus espaldas, nuestros abogados saben c\u00f3mo conseguir la indemnizaci\u00f3n que necesita para los gastos actuales y futuros.<\/p>\n\n\n\n<p><a href=\"https:\/\/www.briskmanandbriskman.com\/es\/abogados-de-accidentes-de-camiones-en-chicago-2\/https%3a\/\/www.briskmanandbriskman.com\/\">P\u00f3ngase en contacto con nosotros<\/a>&nbsp;para programar una consulta gratuita para discutir su caso de accidente de incendio o explosi\u00f3n.<\/p>\n\n\n\n<h3 class=\"wp-block-heading\">Examinar los costes asociados a un accidente por incendio o explosi\u00f3n<\/h3>\n\n\n\n<p>Un accidente laboral provocado por un incendio o una explosi\u00f3n puede dar lugar a graves complicaciones, entre ellas:<\/p>\n\n\n\n<ul class=\"wp-block-list\">\n<li>Quemaduras<\/li>\n\n\n\n<li>Lesiones por electrocuci\u00f3n<\/li>\n\n\n\n<li>P\u00e9rdida de extremidades<\/li>\n\n\n\n<li>Da\u00f1o nervioso<\/li>\n\n\n\n<li>Cicatrices permanentes<\/li>\n\n\n\n<li>Movilidad reducida<\/li>\n<\/ul>\n\n\n\n<p>Las v\u00edctimas de accidentes por quemaduras o explosiones suelen pasar meses bajo el cuidado de profesionales m\u00e9dicos. Dependiendo de los da\u00f1os que hayan sufrido, puede ser necesaria una terapia f\u00edsica ocupacional y psicol\u00f3gica continuada. Si una v\u00edctima resulta herida hasta el punto de que no podr\u00e1 volver a su antiguo empleo, tambi\u00e9n puede ser necesaria la rehabilitaci\u00f3n profesional.<\/p>\n\n\n\n<p>Los costes asociados a las lesiones provocadas por un accidente de incendio o explosi\u00f3n se acumulan r\u00e1pidamente. Obtener una indemnizaci\u00f3n completa y justa de las partes responsables es vital para seguir llevando una vida digna.<\/p>\n\n\n\n<h3 class=\"wp-block-heading\">Determinaci\u00f3n de la responsabilidad<\/h3>\n\n\n\n<p>Cuando se produce un accidente laboral con incendio o explosi\u00f3n, es importante investigar a fondo todas las posibles fuentes de indemnizaci\u00f3n. En \u00faltima instancia, muchas partes pueden ser responsables de lo ocurrido. M\u00e1s all\u00e1 de la indemnizaci\u00f3n de los trabajadores, usted puede ser elegible para presentar una reclamaci\u00f3n de responsabilidad de terceros contra los fabricantes de productos defectuosos, contratistas negligentes que trabajan en el lugar de trabajo u otras personas cuyas acciones negligentes contribuyeron al accidente.<\/p>\n\n\n\n<h5 class=\"wp-block-heading\">Sin honorarios a menos que tengamos \u00e9xito<\/h5>\n\n\n\n<p>Todos los casos de lesiones personales se manejan sobre una base de contingencia, lo que significa que s\u00f3lo aceptaremos el pago si tenemos \u00e9xito en conseguir una indemnizaci\u00f3n.<\/p>\n\n\n\n<h2 class=\"wp-block-heading\">P\u00f3ngase en contacto con un Chicago Fuego y Explosi\u00f3n Abogado y Chicago Lesiones Personales Abogado Ahora Para Consultas Gratuitas - Llamadas Contestadas 24\/7 - Se habla espa\u00f1ol<\/h2>\n\n\n\n<p>Para programar una consulta gratuita sobre su caso, ll\u00e1menos gratis al 877-595-HURT (4878) o&nbsp;<a href=\"https:\/\/www.briskmanandbriskman.com\/es\/abogados-de-accidentes-de-camiones-en-chicago-2\/\">env\u00ede un correo electr\u00f3nico a nuestros abogados especializados en accidentes de incendio y explosi\u00f3n<\/a>.<\/p>","protected":false},"excerpt":{"rendered":"<p>V\u00edctimas de Accidentes por Incendio o Explosi\u00f3n: Estamos de su lado Los que trabajan en campos de carrera donde existe la posibilidad de accidentes de incendio o explosi\u00f3n tienen cuidado de tomar medidas de precauci\u00f3n para protegerse. Desafortunadamente, incluso con las medidas de seguridad en el lugar y las regulaciones OHSA estrictamente seguido, los accidentes de incendio y explosi\u00f3n no son totalmente evitables. Ocurren,...<\/p>","protected":false},"author":1,"featured_media":5771,"parent":54,"menu_order":0,"comment_status":"closed","ping_status":"closed","template":"","meta":{"_acf_changed":false,"footnotes":""},"class_list":["post-10264","page","type-page","status-publish","has-post-thumbnail","hentry"],"acf":[],"_links":{"self":[{"href":"https:\/\/www.briskmanandbriskman.com\/es\/wp-json\/wp\/v2\/pages\/10264","targetHints":{"allow":["GET"]}}],"collection":[{"href":"https:\/\/www.briskmanandbriskman.com\/es\/wp-json\/wp\/v2\/pages"}],"about":[{"href":"https:\/\/www.briskmanandbriskman.com\/es\/wp-json\/wp\/v2\/types\/page"}],"author":[{"embeddable":true,"href":"https:\/\/www.briskmanandbriskman.com\/es\/wp-json\/wp\/v2\/users\/1"}],"replies":[{"embeddable":true,"href":"https:\/\/www.briskmanandbriskman.com\/es\/wp-json\/wp\/v2\/comments?post=10264"}],"version-history":[{"count":1,"href":"https:\/\/www.briskmanandbriskman.com\/es\/wp-json\/wp\/v2\/pages\/10264\/revisions"}],"predecessor-version":[{"id":10686,"href":"https:\/\/www.briskmanandbriskman.com\/es\/wp-json\/wp\/v2\/pages\/10264\/revisions\/10686"}],"up":[{"embeddable":true,"href":"https:\/\/www.briskmanandbriskman.com\/es\/wp-json\/wp\/v2\/pages\/54"}],"wp:featuredmedia":[{"embeddable":true,"href":"https:\/\/www.briskmanandbriskman.com\/es\/wp-json\/wp\/v2\/media\/5771"}],"wp:attachment":[{"href":"https:\/\/www.briskmanandbriskman.com\/es\/wp-json\/wp\/v2\/media?parent=10264"}],"curies":[{"name":"wp","href":"https:\/\/api.w.org\/{rel}","templated":true}]}}