{"id":10262,"date":"2024-01-10T01:37:29","date_gmt":"2024-01-10T01:37:29","guid":{"rendered":"https:\/\/bbg.mystagingwebsite.com\/?page_id=10262"},"modified":"2024-09-18T18:40:10","modified_gmt":"2024-09-18T18:40:10","slug":"chicago-ruedas-scooter-accidente-abogado","status":"publish","type":"page","link":"https:\/\/www.briskmanandbriskman.com\/es\/practice-areas\/electric-scooter-accident\/chicago-wheels-scooter-accident-lawyer\/","title":{"rendered":"Chicago Ruedas Scooter Abogado Accidente"},"content":{"rendered":"<p>En un sector en el que todas las empresas fabrican productos similares, algunos servicios de e-scooter ride-share quieren destacar entre sus competidores. Wheels Scooter hace precisamente eso. Su dise\u00f1o general lo diferencia de los dem\u00e1s e-scooters. Parece una bicicleta, pero es un scooter con un asiento m\u00e1s grande y ruedas m\u00e1s grandes que la media de los scooters el\u00e9ctricos.&nbsp; <\/p>\n\n\n\n<p>Wheels son patinetes el\u00e9ctricos sin acoplamiento que vienen equipados con un sistema de altavoces manos libres inal\u00e1mbricos. Cada patinete incluye tambi\u00e9n un casco. Adem\u00e1s, los patinetes tienen una bater\u00eda extra\u00edble. <\/p>\n\n\n\n<p>Para alquilar un scooter Wheels, debes descargarte la aplicaci\u00f3n Wheels. La aplicaci\u00f3n te muestra d\u00f3nde hay scooters Wheels en tu zona. Tambi\u00e9n desbloquea el scooter cuando est\u00e1s listo para conducirlo.&nbsp; <\/p>\n\n\n\n<p><strong>Ruedas de scooters y seguridad&nbsp;<\/strong><\/p>\n\n\n\n<p>Una de las caracter\u00edsticas de dise\u00f1o de los scooters el\u00e9ctricos Wheels es que los usuarios pueden manejarlos sentados. Otros e-scooters requieren que el usuario se ponga de pie. El dise\u00f1o de los scooters el\u00e9ctricos Wheels permite a los usuarios alcanzar velocidades de 22 millas por hora. Esto es casi diez millas por hora m\u00e1s r\u00e1pido que otros e-scooters.&nbsp; <\/p>\n\n\n\n<p>La posibilidad de ir m\u00e1s r\u00e1pido puede atraer a la gente a alquilar y conducir e-scooters con ruedas. Sin embargo, el tiempo de reacci\u00f3n en un e-scooter a 22 millas por hora puede no ser lo suficientemente r\u00e1pido para evitar... <a href=\"https:\/\/www.briskmanandbriskman.com\/es\/areas-de-practica\/pedestrian-accident\/\">peatones<\/a> o <a href=\"https:\/\/www.briskmanandbriskman.com\/es\/areas-de-practica\/abogados-de-accidentes-de-camiones-en-chicago-2\/\">otros veh\u00edculos<\/a>.&nbsp; <\/p>\n\n\n\n<p>Otro problema de seguridad es aparcar los patinetes Wheels en zonas que bloquean el paso de los peatones. Para ayudar a sus usuarios, Wheels enumera tres tipos de lugares en los que no deben aparcar sus e-scooters:<\/p>\n\n\n\n<ul class=\"wp-block-list\">\n<li>En propiedad privada&nbsp; <\/li>\n\n\n\n<li>En el tr\u00e1fico&nbsp; <\/li>\n\n\n\n<li>En el camino (donde la gente tiene que cruzar) <\/li>\n<\/ul>\n\n\n\n<p><strong>Legislaci\u00f3n y normativa sobre e-scooters<\/strong><\/p>\n\n\n\n<p>El Illinois est\u00e1 trabajando para promulgar nuevas leyes sobre el uso de los patinetes el\u00e9ctricos. Actualmente, una propuesta de ley quiere abordar los requisitos de concesi\u00f3n de licencias, los l\u00edmites de edad y d\u00f3nde ser utilizado. <\/p>\n\n\n\n<p>Sin embargo, el Estado a\u00fan tiene que aplicar leyes para hacer frente a los accidentes y lesiones causados por los e-scooters. Para hacer frente a los accidentes de e-scooter, Illinois utiliza las leyes vigentes de tr\u00e1fico y veh\u00edculos de motor.&nbsp; <\/p>\n\n\n\n<p>Si t\u00fa o un ser querido hab\u00e9is sufrido un accidente con un e-scooter, <a href=\"https:\/\/www.briskmanandbriskman.com\/es\/abogados-de-accidentes-de-camiones-en-chicago-2\/\">p\u00f3ngase en contacto con<\/a> nuestros experimentados <a href=\"https:\/\/www.briskmanandbriskman.com\/es\/areas-de-practica\/accidente-de-scooter-electrico\/\">abogados de accidentes de e-scooter<\/a> en Briskman, Briskman y Greenberg. Los pleitos llevan mucho tiempo y pueden ser muy complejos, por lo que es mejor contar con un abogado experto que represente sus derechos.<\/p>\n\n\n\n<h3 class=\"wp-block-heading\">Otras p\u00e1ginas sobre accidentes con scooters el\u00e9ctricos<\/h3>\n\n\n<ul class=\"list-pages-shortcode sibling-pages\"><li class=\"page_item page-item-10244\"><a href=\"https:\/\/www.briskmanandbriskman.com\/es\/practice-areas\/electric-scooter-accident\/chicago-bird-scooter-accident-lawyer\/\">Chicago Abogado Accidente Scooter Bird<\/a><\/li>\n<li class=\"page_item page-item-10246\"><a href=\"https:\/\/www.briskmanandbriskman.com\/es\/practice-areas\/electric-scooter-accident\/chicago-bolt-scooter-accident-lawyer\/\">Chicago Abogado Accidente Scooter Bolt<\/a><\/li>\n<li class=\"page_item page-item-10248\"><a href=\"https:\/\/www.briskmanandbriskman.com\/es\/practice-areas\/electric-scooter-accident\/chicago-gruv-scooter-accident-lawyer\/\">Chicago Gr\u00fcv Abogado Accidente Scooter<\/a><\/li>\n<li class=\"page_item page-item-10250\"><a href=\"https:\/\/www.briskmanandbriskman.com\/es\/practice-areas\/electric-scooter-accident\/chicago-jump-scooter-accident-lawyer\/\">Chicago JUMP Abogado de accidentes de scooter<\/a><\/li>\n<li class=\"page_item page-item-10252\"><a href=\"https:\/\/www.briskmanandbriskman.com\/es\/practice-areas\/electric-scooter-accident\/chicago-lime-scooter-accident-lawyer\/\">Chicago Abogado Accidente Scooter Lime<\/a><\/li>\n<li class=\"page_item page-item-10254\"><a href=\"https:\/\/www.briskmanandbriskman.com\/es\/practice-areas\/electric-scooter-accident\/chicago-lyft-scooter-accident-lawyer\/\">Chicago Lyft Scooter Abogado de accidente<\/a><\/li>\n<li class=\"page_item page-item-10256\"><a href=\"https:\/\/www.briskmanandbriskman.com\/es\/practice-areas\/electric-scooter-accident\/chicago-sherpa-scooter-accident-lawyer\/\">Chicago Abogado de accidentes de scooter Sherpa<\/a><\/li>\n<li class=\"page_item page-item-10258\"><a href=\"https:\/\/www.briskmanandbriskman.com\/es\/practice-areas\/electric-scooter-accident\/chicago-spin-scooter-accident-lawyer\/\">Chicago Spin Scooter Abogado de accidente<\/a><\/li>\n<li class=\"page_item page-item-10260\"><a href=\"https:\/\/www.briskmanandbriskman.com\/es\/practice-areas\/electric-scooter-accident\/chicago-veoride-scooter-accident-lawyer\/\">Chicago VeoRide Scooter Abogado de accidente<\/a><\/li>\n<li class=\"page_item page-item-10262\"><a href=\"https:\/\/www.briskmanandbriskman.com\/es\/practice-areas\/electric-scooter-accident\/chicago-wheels-scooter-accident-lawyer\/\">Chicago Ruedas Scooter Abogado Accidente<\/a><\/li>\n<\/ul>","protected":false},"excerpt":{"rendered":"<p>En un sector en el que todas las empresas fabrican productos similares, algunos servicios de e-scooter ride-share quieren destacar entre sus competidores. Wheels Scooter hace precisamente eso. Su dise\u00f1o general lo diferencia de los dem\u00e1s e-scooters. Parece una bicicleta, pero es un scooter con un asiento m\u00e1s grande y ruedas m\u00e1s grandes que...<\/p>","protected":false},"author":1,"featured_media":11107,"parent":10232,"menu_order":0,"comment_status":"closed","ping_status":"closed","template":"","meta":{"_acf_changed":false,"footnotes":""},"class_list":["post-10262","page","type-page","status-publish","has-post-thumbnail","hentry"],"acf":[],"_links":{"self":[{"href":"https:\/\/www.briskmanandbriskman.com\/es\/wp-json\/wp\/v2\/pages\/10262","targetHints":{"allow":["GET"]}}],"collection":[{"href":"https:\/\/www.briskmanandbriskman.com\/es\/wp-json\/wp\/v2\/pages"}],"about":[{"href":"https:\/\/www.briskmanandbriskman.com\/es\/wp-json\/wp\/v2\/types\/page"}],"author":[{"embeddable":true,"href":"https:\/\/www.briskmanandbriskman.com\/es\/wp-json\/wp\/v2\/users\/1"}],"replies":[{"embeddable":true,"href":"https:\/\/www.briskmanandbriskman.com\/es\/wp-json\/wp\/v2\/comments?post=10262"}],"version-history":[{"count":1,"href":"https:\/\/www.briskmanandbriskman.com\/es\/wp-json\/wp\/v2\/pages\/10262\/revisions"}],"predecessor-version":[{"id":10714,"href":"https:\/\/www.briskmanandbriskman.com\/es\/wp-json\/wp\/v2\/pages\/10262\/revisions\/10714"}],"up":[{"embeddable":true,"href":"https:\/\/www.briskmanandbriskman.com\/es\/wp-json\/wp\/v2\/pages\/10232"}],"wp:featuredmedia":[{"embeddable":true,"href":"https:\/\/www.briskmanandbriskman.com\/es\/wp-json\/wp\/v2\/media\/11107"}],"wp:attachment":[{"href":"https:\/\/www.briskmanandbriskman.com\/es\/wp-json\/wp\/v2\/media?parent=10262"}],"curies":[{"name":"wp","href":"https:\/\/api.w.org\/{rel}","templated":true}]}}