{"id":10256,"date":"2024-01-10T01:33:16","date_gmt":"2024-01-10T01:33:16","guid":{"rendered":"https:\/\/bbg.mystagingwebsite.com\/?page_id=10256"},"modified":"2024-09-18T18:40:19","modified_gmt":"2024-09-18T18:40:19","slug":"chicago-sherpa-scooter-accidente-abogado","status":"publish","type":"page","link":"https:\/\/www.briskmanandbriskman.com\/es\/practice-areas\/electric-scooter-accident\/chicago-sherpa-scooter-accident-lawyer\/","title":{"rendered":"Chicago Abogado de accidentes de scooter Sherpa"},"content":{"rendered":"<p>El uso compartido de scooters el\u00e9ctricos es la expansi\u00f3n m\u00e1s reciente del sector de los viajes compartidos. El sector de los e-scooters es un reflejo del de Uber y Lyft. En menos de dos a\u00f1os desde su invasi\u00f3n en las calles de miles de ciudades, los e-scooters siguen siendo un medio popular para los viajes de corta distancia.<\/p>\n\n\n\n<p>Bird, una popular empresa de e-scooters sin conductor, ha ampliado el \u00e1mbito de los e-scooters compartidos al permitir que otra empresa de e-scooters utilice su plataforma comercial y sus scooters. Una de las empresas que utiliza esta plataforma es Sherpa.<\/p>\n\n\n\n<p><strong>\u00bfQu\u00e9 es Sherpa?<\/strong><\/p>\n\n\n\n<p>Sherpa, franquiciada de Bird scooter, es una empresa de e-scooter sharing sin puerto. Los scooters Sherpa son scooters Bird reales rebautizados como Sherpa. Sherpa compra los patinetes a Bird y les pone su nombre. Como franquiciado, Sherpa tiene acceso a ciertas operaciones de Bird que ayudan a mantener los patinetes.<\/p>\n\n\n\n<p><strong>Conducci\u00f3n segura con Sherpa<\/strong><\/p>\n\n\n\n<p>Aunque Sherpa est\u00e1 afiliada a Bird, su propiedad y gesti\u00f3n son independientes. Sherpa no tiene un sitio web en el que se enumeren las normas y requisitos de uso de sus scooters. No obstante, los usuarios de Sherpa deben respetar la legislaci\u00f3n local cuando utilicen scooters el\u00e9ctricos.<\/p>\n\n\n\n<p>Las leyes generales de tr\u00e1fico regulan el funcionamiento de los Sherpa e-scooters. Las regulaciones pueden incluir:<\/p>\n\n\n\n<ul class=\"wp-block-list\">\n<li>Llevar gafas de protecci\u00f3n<\/li>\n\n\n\n<li>Cuidado con los peatones en las aceras<\/li>\n\n\n\n<li>Hacer se\u00f1ales con la mano para indicar a los dem\u00e1s que se va a girar<\/li>\n<\/ul>\n\n\n\n<p><strong>Patinetes defectuosos y lesiones<\/strong><\/p>\n\n\n\n<p>Sherpa, al igual que otras empresas de alquiler de e-scooters, cuenta con un sistema de mantenimiento rutinario de sus scooters. Sin embargo, el desgaste de los e-scooters puede aparecer entre las revisiones de mantenimiento. Esto puede conducir a un mal funcionamiento del scooter.<\/p>\n\n\n\n<p>El mal funcionamiento de un Sherpa e-scooter puede hacer que el conductor pierda el control y provoque un accidente. Las lesiones causadas por un e-scooter pueden provocar dolor y sufrimiento, facturas m\u00e9dicas y p\u00e9rdida de tiempo de trabajo.<\/p>\n\n\n\n<p><strong>Contratar a un abogado<\/strong><\/p>\n\n\n\n<p>Si usted o un ser querido ha sufrido lesiones en un accidente con un e-scooter, puede presentar una demanda para obtener una indemnizaci\u00f3n. Sin embargo, las demandas requieren mucho tiempo y son complicadas, por lo que lo mejor es contar con un abogado. <a href=\"https:\/\/www.briskmanandbriskman.com\/es\/nuestros-abogados\/\">abogado con experiencia y conocimientos<\/a> proteger sus derechos.<\/p>\n\n\n\n<p><a href=\"https:\/\/www.briskmanandbriskman.com\/es\/abogados-de-accidentes-de-camiones-en-chicago-2\/\">Contacto Briskman Briskman &amp; Greenberg<\/a> hoy, si fueras <a href=\"https:\/\/www.briskmanandbriskman.com\/es\/areas-de-practica\/accidente-de-scooter-electrico\/\">herido por un Sherpa e-scooter<\/a>.<\/p>\n\n\n\n<h3 class=\"wp-block-heading\">Otras p\u00e1ginas sobre accidentes con scooters el\u00e9ctricos<\/h3>\n\n\n<ul class=\"list-pages-shortcode sibling-pages\"><li class=\"page_item page-item-10244\"><a href=\"https:\/\/www.briskmanandbriskman.com\/es\/practice-areas\/electric-scooter-accident\/chicago-bird-scooter-accident-lawyer\/\">Chicago Abogado Accidente Scooter Bird<\/a><\/li>\n<li class=\"page_item page-item-10246\"><a href=\"https:\/\/www.briskmanandbriskman.com\/es\/practice-areas\/electric-scooter-accident\/chicago-bolt-scooter-accident-lawyer\/\">Chicago Abogado Accidente Scooter Bolt<\/a><\/li>\n<li class=\"page_item page-item-10248\"><a href=\"https:\/\/www.briskmanandbriskman.com\/es\/practice-areas\/electric-scooter-accident\/chicago-gruv-scooter-accident-lawyer\/\">Chicago Gr\u00fcv Abogado Accidente Scooter<\/a><\/li>\n<li class=\"page_item page-item-10250\"><a href=\"https:\/\/www.briskmanandbriskman.com\/es\/practice-areas\/electric-scooter-accident\/chicago-jump-scooter-accident-lawyer\/\">Chicago JUMP Abogado de accidentes de scooter<\/a><\/li>\n<li class=\"page_item page-item-10252\"><a href=\"https:\/\/www.briskmanandbriskman.com\/es\/practice-areas\/electric-scooter-accident\/chicago-lime-scooter-accident-lawyer\/\">Chicago Abogado Accidente Scooter Lime<\/a><\/li>\n<li class=\"page_item page-item-10254\"><a href=\"https:\/\/www.briskmanandbriskman.com\/es\/practice-areas\/electric-scooter-accident\/chicago-lyft-scooter-accident-lawyer\/\">Chicago Lyft Scooter Abogado de accidente<\/a><\/li>\n<li class=\"page_item page-item-10256\"><a href=\"https:\/\/www.briskmanandbriskman.com\/es\/practice-areas\/electric-scooter-accident\/chicago-sherpa-scooter-accident-lawyer\/\">Chicago Abogado de accidentes de scooter Sherpa<\/a><\/li>\n<li class=\"page_item page-item-10258\"><a href=\"https:\/\/www.briskmanandbriskman.com\/es\/practice-areas\/electric-scooter-accident\/chicago-spin-scooter-accident-lawyer\/\">Chicago Spin Scooter Abogado de accidente<\/a><\/li>\n<li class=\"page_item page-item-10260\"><a href=\"https:\/\/www.briskmanandbriskman.com\/es\/practice-areas\/electric-scooter-accident\/chicago-veoride-scooter-accident-lawyer\/\">Chicago VeoRide Scooter Abogado de accidente<\/a><\/li>\n<li class=\"page_item page-item-10262\"><a href=\"https:\/\/www.briskmanandbriskman.com\/es\/practice-areas\/electric-scooter-accident\/chicago-wheels-scooter-accident-lawyer\/\">Chicago Ruedas Scooter Abogado Accidente<\/a><\/li>\n<\/ul>","protected":false},"excerpt":{"rendered":"<p>El uso compartido de scooters el\u00e9ctricos es la expansi\u00f3n m\u00e1s reciente del sector de los viajes compartidos. El sector de los e-scooters es un reflejo del de Uber y Lyft. En menos de dos a\u00f1os desde su invasi\u00f3n en las calles de miles de ciudades, los e-scooters siguen siendo un medio popular para los viajes de corta distancia. Bird, un popular e-scooter...<\/p>","protected":false},"author":1,"featured_media":11107,"parent":10232,"menu_order":0,"comment_status":"closed","ping_status":"closed","template":"","meta":{"_acf_changed":false,"footnotes":""},"class_list":["post-10256","page","type-page","status-publish","has-post-thumbnail","hentry"],"acf":[],"_links":{"self":[{"href":"https:\/\/www.briskmanandbriskman.com\/es\/wp-json\/wp\/v2\/pages\/10256","targetHints":{"allow":["GET"]}}],"collection":[{"href":"https:\/\/www.briskmanandbriskman.com\/es\/wp-json\/wp\/v2\/pages"}],"about":[{"href":"https:\/\/www.briskmanandbriskman.com\/es\/wp-json\/wp\/v2\/types\/page"}],"author":[{"embeddable":true,"href":"https:\/\/www.briskmanandbriskman.com\/es\/wp-json\/wp\/v2\/users\/1"}],"replies":[{"embeddable":true,"href":"https:\/\/www.briskmanandbriskman.com\/es\/wp-json\/wp\/v2\/comments?post=10256"}],"version-history":[{"count":2,"href":"https:\/\/www.briskmanandbriskman.com\/es\/wp-json\/wp\/v2\/pages\/10256\/revisions"}],"predecessor-version":[{"id":13599,"href":"https:\/\/www.briskmanandbriskman.com\/es\/wp-json\/wp\/v2\/pages\/10256\/revisions\/13599"}],"up":[{"embeddable":true,"href":"https:\/\/www.briskmanandbriskman.com\/es\/wp-json\/wp\/v2\/pages\/10232"}],"wp:featuredmedia":[{"embeddable":true,"href":"https:\/\/www.briskmanandbriskman.com\/es\/wp-json\/wp\/v2\/media\/11107"}],"wp:attachment":[{"href":"https:\/\/www.briskmanandbriskman.com\/es\/wp-json\/wp\/v2\/media?parent=10256"}],"curies":[{"name":"wp","href":"https:\/\/api.w.org\/{rel}","templated":true}]}}