{"id":10252,"date":"2024-01-10T00:30:26","date_gmt":"2024-01-10T00:30:26","guid":{"rendered":"https:\/\/bbg.mystagingwebsite.com\/?page_id=10252"},"modified":"2024-09-18T18:40:35","modified_gmt":"2024-09-18T18:40:35","slug":"chicago-lime-scooter-accidente-abogado","status":"publish","type":"page","link":"https:\/\/www.briskmanandbriskman.com\/es\/practice-areas\/electric-scooter-accident\/chicago-lime-scooter-accident-lawyer\/","title":{"rendered":"Chicago Abogado Accidente Scooter Lime"},"content":{"rendered":"<p>El sistema de viajes compartidos en patinete el\u00e9ctrico es una tendencia creciente en muchas ciudades de Estados Unidos y de todo el mundo. Permite recorrer distancias cortas r\u00e1pidamente sin tener que depender del coche o del transporte p\u00fablico. Los e-scooters pueden acortar cualquier desplazamiento. Tambi\u00e9n ofrecen una opci\u00f3n de transporte para las personas que no tienen veh\u00edculo propio.<\/p>\n\n\n\n<p>En las ciudades muy pobladas, se pueden encontrar miles de veh\u00edculos de motor en uso cada d\u00eda. Esto produce un alto nivel de emisiones de gases. El uso de e-scooters ayuda a mantener un medio ambiente m\u00e1s limpio y saludable, que es uno de los objetivos de Lime.<\/p>\n\n\n\n<p><strong>C\u00f3mo funciona la cal<\/strong><\/p>\n\n\n\n<p>Lime es una empresa de uso compartido de scooters el\u00e9ctricos sin puerto fundada en 2017. Tiene una aplicaci\u00f3n m\u00f3vil que se utiliza para encontrar scooters el\u00e9ctricos Lime en tu zona. Cada e-scooter tiene un c\u00f3digo que se utiliza para iniciar y finalizar el alquiler. Solo una persona a la vez puede conducir un e-scooter Lime. Puedes alquilar un e-scooter Lime durante 24 horas.<\/p>\n\n\n\n<p><strong>Scooters el\u00e9ctricos y seguridad<\/strong><\/p>\n\n\n\n<p>La congesti\u00f3n del tr\u00e1fico es un problema importante en muchas ciudades. Alquilar un scooter Lime puede ayudarte a maniobrar o incluso evitar el tr\u00e1fico.<\/p>\n\n\n\n<p>Para promover una conducci\u00f3n segura y responsable, Lime proporciona instrucciones sobre c\u00f3mo utilizar y aparcar correctamente los e-scooters. Los requisitos de Lime para un alquiler seguro de e-scooters incluyen:<\/p>\n\n\n\n<ul class=\"wp-block-list\">\n<li>No circule por la acera si infringe las leyes locales o estatales<\/li>\n\n\n\n<li>No conduzca un scooter el\u00e9ctrico Lime bajo los efectos de drogas, alcohol, medicamentos u otras sustancias que puedan afectar a su capacidad para conducir de forma segura.<\/li>\n\n\n\n<li>Aparcar los e-scooters de Lime de acuerdo con las leyes y normativas aplicables, y de forma que Lime pueda acceder a ellos.<\/li>\n<\/ul>\n\n\n\n<p>Los usuarios de limusinas deben estar atentos a peatones y conductores en todo momento para evitar cualquier colisi\u00f3n o accidente.<\/p>\n\n\n\n<p><strong>Leyes y lesiones en los scooters de limusina<\/strong><\/p>\n\n\n\n<p>Illinois es uno de los pocos estados que no tienen una ley que obligue a llevar casco. Sin embargo, llevar casco puede protegerte de lesiones en caso de accidente. Los scooters el\u00e9ctricos dejan tu cuerpo expuesto al entorno que te rodea; por lo tanto, llevar casco es la \u00fanica forma de protecci\u00f3n disponible.<\/p>\n\n\n\n<p>Adem\u00e1s, Illinois no tiene leyes que aborden espec\u00edficamente el uso de patinetes el\u00e9ctricos. Illinois es uno de los muchos estados que est\u00e1 trabajando para introducir un proyecto de ley que describa las regulaciones para los e-scooters. Si Illinois aprueba el proyecto de ley, la ley de Illinois exigir\u00eda a los conductores:<\/p>\n\n\n\n<ul class=\"wp-block-list\">\n<li>Tener al menos 16 a\u00f1os; y<\/li>\n\n\n\n<li>Tener permiso de aprendizaje, carn\u00e9 de conducir o carn\u00e9 de identidad estatal<\/li>\n<\/ul>\n\n\n\n<p>La normativa adicional sobre scooters el\u00e9ctricos puede incluir:<\/p>\n\n\n\n<ul class=\"wp-block-list\">\n<li>D\u00f3nde montar<\/li>\n\n\n\n<li>D\u00f3nde aparcar<\/li>\n\n\n\n<li>L\u00edmite m\u00e1ximo de velocidad<\/li>\n<\/ul>\n\n\n\n<p>Aunque Lime cuenta con normas para mantener la seguridad de usuarios y no usuarios, no puede controlar a los conductores que deciden conducir de forma temeraria. La conducci\u00f3n temeraria puede provocar colisiones. Lime tampoco puede controlar d\u00f3nde aparcan los usuarios sus e-scooters. Los scooters mal aparcados corren el riesgo de ser un peligro de tropiezo.<\/p>\n\n\n\n<p>Si sufres lesiones en una colisi\u00f3n con un patinete el\u00e9ctrico Lime, sigue estos pasos:<\/p>\n\n\n\n<ul class=\"wp-block-list\">\n<li>Permanezca en el lugar del accidente<\/li>\n\n\n\n<li>Llama al 911 y a la polic\u00eda<\/li>\n\n\n\n<li>Facilita tus datos de contacto a todos los implicados<\/li>\n\n\n\n<li>Presentar un parte de accidente<\/li>\n<\/ul>\n\n\n\n<p><strong>Contrate a un abogado para sus lesiones<\/strong><\/p>\n\n\n\n<p>Las lesiones causadas por un accidente de moto el\u00e9ctrica Lime pueden dejarte con elevadas facturas m\u00e9dicas, dolor y sufrimiento, y tiempo de baja laboral. Es posible que tengas derecho a una indemnizaci\u00f3n. <a href=\"https:\/\/www.briskmanandbriskman.com\/es\/abogados-de-accidentes-de-camiones-en-chicago-2\/\">Contacte con un abogado tras un accidente de e-scooter<\/a>.<\/p>\n\n\n\n<p>Los pleitos son procesos legales complejos que llevan mucho tiempo. Lo mejor es <a href=\"https:\/\/www.briskmanandbriskman.com\/es\/nuestros-abogados\/\">contratar a un abogado con experiencia y conocimientos<\/a> para llevar su caso. <a href=\"https:\/\/www.briskmanandbriskman.com\/es\/areas-de-practica\/accidente-de-scooter-electrico\/\">Si te has lesionado conduciendo un e-scooter de Lime<\/a>, <a href=\"https:\/\/www.briskmanandbriskman.com\/es\/abogados-de-accidentes-de-camiones-en-chicago-2\/\">p\u00f3ngase en contacto con Briskman &amp; Greenberg hoy mismo<\/a>.<\/p>\n\n\n\n<h3 class=\"wp-block-heading\">Otras p\u00e1ginas sobre accidentes con scooters el\u00e9ctricos<\/h3>\n\n\n<ul class=\"list-pages-shortcode sibling-pages\"><li class=\"page_item page-item-10244\"><a href=\"https:\/\/www.briskmanandbriskman.com\/es\/practice-areas\/electric-scooter-accident\/chicago-bird-scooter-accident-lawyer\/\">Chicago Abogado Accidente Scooter Bird<\/a><\/li>\n<li class=\"page_item page-item-10246\"><a href=\"https:\/\/www.briskmanandbriskman.com\/es\/practice-areas\/electric-scooter-accident\/chicago-bolt-scooter-accident-lawyer\/\">Chicago Abogado Accidente Scooter Bolt<\/a><\/li>\n<li class=\"page_item page-item-10248\"><a href=\"https:\/\/www.briskmanandbriskman.com\/es\/practice-areas\/electric-scooter-accident\/chicago-gruv-scooter-accident-lawyer\/\">Chicago Gr\u00fcv Abogado Accidente Scooter<\/a><\/li>\n<li class=\"page_item page-item-10250\"><a href=\"https:\/\/www.briskmanandbriskman.com\/es\/practice-areas\/electric-scooter-accident\/chicago-jump-scooter-accident-lawyer\/\">Chicago JUMP Abogado de accidentes de scooter<\/a><\/li>\n<li class=\"page_item page-item-10252\"><a href=\"https:\/\/www.briskmanandbriskman.com\/es\/practice-areas\/electric-scooter-accident\/chicago-lime-scooter-accident-lawyer\/\">Chicago Abogado Accidente Scooter Lime<\/a><\/li>\n<li class=\"page_item page-item-10254\"><a href=\"https:\/\/www.briskmanandbriskman.com\/es\/practice-areas\/electric-scooter-accident\/chicago-lyft-scooter-accident-lawyer\/\">Chicago Lyft Scooter Abogado de accidente<\/a><\/li>\n<li class=\"page_item page-item-10256\"><a href=\"https:\/\/www.briskmanandbriskman.com\/es\/practice-areas\/electric-scooter-accident\/chicago-sherpa-scooter-accident-lawyer\/\">Chicago Abogado de accidentes de scooter Sherpa<\/a><\/li>\n<li class=\"page_item page-item-10258\"><a href=\"https:\/\/www.briskmanandbriskman.com\/es\/practice-areas\/electric-scooter-accident\/chicago-spin-scooter-accident-lawyer\/\">Chicago Spin Scooter Abogado de accidente<\/a><\/li>\n<li class=\"page_item page-item-10260\"><a href=\"https:\/\/www.briskmanandbriskman.com\/es\/practice-areas\/electric-scooter-accident\/chicago-veoride-scooter-accident-lawyer\/\">Chicago VeoRide Scooter Abogado de accidente<\/a><\/li>\n<li class=\"page_item page-item-10262\"><a href=\"https:\/\/www.briskmanandbriskman.com\/es\/practice-areas\/electric-scooter-accident\/chicago-wheels-scooter-accident-lawyer\/\">Chicago Ruedas Scooter Abogado Accidente<\/a><\/li>\n<\/ul>","protected":false},"excerpt":{"rendered":"<p>El sistema de viajes compartidos en patinete el\u00e9ctrico es una tendencia creciente en muchas ciudades de Estados Unidos y de todo el mundo. Permite recorrer distancias cortas r\u00e1pidamente sin tener que depender del coche o del transporte p\u00fablico. Los e-scooters pueden acortar cualquier desplazamiento. Tambi\u00e9n ofrecen una opci\u00f3n de transporte a las personas que no...<\/p>","protected":false},"author":1,"featured_media":11107,"parent":10232,"menu_order":0,"comment_status":"closed","ping_status":"closed","template":"","meta":{"_acf_changed":false,"footnotes":""},"class_list":["post-10252","page","type-page","status-publish","has-post-thumbnail","hentry"],"acf":[],"_links":{"self":[{"href":"https:\/\/www.briskmanandbriskman.com\/es\/wp-json\/wp\/v2\/pages\/10252","targetHints":{"allow":["GET"]}}],"collection":[{"href":"https:\/\/www.briskmanandbriskman.com\/es\/wp-json\/wp\/v2\/pages"}],"about":[{"href":"https:\/\/www.briskmanandbriskman.com\/es\/wp-json\/wp\/v2\/types\/page"}],"author":[{"embeddable":true,"href":"https:\/\/www.briskmanandbriskman.com\/es\/wp-json\/wp\/v2\/users\/1"}],"replies":[{"embeddable":true,"href":"https:\/\/www.briskmanandbriskman.com\/es\/wp-json\/wp\/v2\/comments?post=10252"}],"version-history":[{"count":2,"href":"https:\/\/www.briskmanandbriskman.com\/es\/wp-json\/wp\/v2\/pages\/10252\/revisions"}],"predecessor-version":[{"id":13600,"href":"https:\/\/www.briskmanandbriskman.com\/es\/wp-json\/wp\/v2\/pages\/10252\/revisions\/13600"}],"up":[{"embeddable":true,"href":"https:\/\/www.briskmanandbriskman.com\/es\/wp-json\/wp\/v2\/pages\/10232"}],"wp:featuredmedia":[{"embeddable":true,"href":"https:\/\/www.briskmanandbriskman.com\/es\/wp-json\/wp\/v2\/media\/11107"}],"wp:attachment":[{"href":"https:\/\/www.briskmanandbriskman.com\/es\/wp-json\/wp\/v2\/media?parent=10252"}],"curies":[{"name":"wp","href":"https:\/\/api.w.org\/{rel}","templated":true}]}}