{"id":10250,"date":"2024-01-10T00:27:40","date_gmt":"2024-01-10T00:27:40","guid":{"rendered":"https:\/\/bbg.mystagingwebsite.com\/?page_id=10250"},"modified":"2024-09-18T18:41:10","modified_gmt":"2024-09-18T18:41:10","slug":"chicago-jump-scooter-accidente-abogado","status":"publish","type":"page","link":"https:\/\/www.briskmanandbriskman.com\/es\/practice-areas\/electric-scooter-accident\/chicago-jump-scooter-accident-lawyer\/","title":{"rendered":"Chicago JUMP Abogado de accidentes de scooter"},"content":{"rendered":"<p>Desde 2009, Uber ofrece servicios de veh\u00edculos compartidos. Cuenta con m\u00e1s de 100 millones de usuarios en todo el mundo. Con la introducci\u00f3n del sistema de alquiler de scooters el\u00e9ctricos, Uber adquiri\u00f3 y se asoci\u00f3 con el servicio de alquiler de scooters el\u00e9ctricos JUMP.\u00a0<\/p>\n\n\n\n<p><strong>C\u00f3mo saltar<\/strong><\/p>\n\n\n\n<p>JUMP es un scooter el\u00e9ctrico sin muelle disponible para alquilar a trav\u00e9s de la app JUMP. Para arrancar un scooter, tienes que escanear el c\u00f3digo QR en la aplicaci\u00f3n o introducir manualmente el ID del scooter correspondiente. Esto desbloquea el viaje, y ya est\u00e1 listo para dirigirse a su destino.&nbsp;<\/p>\n\n\n\n<p><strong>Conducci\u00f3n segura con JUMP<\/strong><\/p>\n\n\n\n<p>JUMP dice expl\u00edcitamente a sus clientes que no circulen por la acera. Indican a los ciclistas que utilicen los carriles bici y circulen por las calles.&nbsp;<\/p>\n\n\n\n<p>JUMP dice a sus motoristas que la seguridad es una prioridad. Animan e instruyen a sus clientes sobre c\u00f3mo estar seguros mientras conducen, por:<\/p>\n\n\n\n<ul class=\"wp-block-list\">\n<li>Uso del casco<\/li>\n\n\n\n<li>Circular por carriles bici (siempre que est\u00e9n disponibles)<\/li>\n\n\n\n<li>Cuidado con los peatones en las aceras&nbsp;<\/li>\n\n\n\n<li>Estacionar los e-scooters en zonas de aparcamiento o en lugares que no obstaculicen las v\u00edas p\u00fablicas o privadas.&nbsp;<\/li>\n<\/ul>\n\n\n\n<p><strong>Patinetes defectuosos y lesiones<\/strong><\/p>\n\n\n\n<p>El desgaste del veh\u00edculo puede hacer que el scooter el\u00e9ctrico empiece a averiarse. El m\u00e9todo de recogida y entrega de un lugar a otro dificulta la revisi\u00f3n peri\u00f3dica de los e-scooters. JUMP dice a sus clientes que inspeccionen su e-scooter antes de utilizarlo para asegurarse de que est\u00e1 en buenas condiciones y de que los frenos funcionan correctamente.&nbsp;<\/p>\n\n\n\n<p>Aunque revise el e-scooter, es posible que no est\u00e9 familiarizado con la mec\u00e1nica del veh\u00edculo y no sepa qu\u00e9 buscar. Las lesiones en el scooter el\u00e9ctrico siguen siendo probables. A veces, el scooter puede no romperse hasta que usted est\u00e9 montado en \u00e9l. Esto puede hacer que pierda el control del mismo y se lesione.<\/p>\n\n\n\n<p>Estas lesiones pueden causarle dolor y sufrimiento, y p\u00e9rdida de tiempo en la escuela o el trabajo. Es posible que pueda presentar una demanda para obtener una indemnizaci\u00f3n por las lesiones, el dolor y las facturas m\u00e9dicas. Sin embargo, las demandas requieren mucho tiempo y pueden ser muy complejas, por lo que es mejor contar con un abogado con experiencia y conocimientos que represente sus derechos. <a href=\"https:\/\/www.briskmanandbriskman.com\/es\/abogados-de-accidentes-de-camiones-en-chicago-2\/\">Contacto Briskman Briskman &amp; Greenberg<\/a> hoy, si fueras <a href=\"https:\/\/www.briskmanandbriskman.com\/es\/areas-de-practica\/accidente-de-scooter-electrico\/\">herido por un e-scooter JUMP<\/a> debido a un <a href=\"https:\/\/www.briskmanandbriskman.com\/es\/areas-de-practica\/abogados-de-accidentes-de-camiones-en-chicago-2\/\">accidente de tr\u00e1fico<\/a>.\u00a0<\/p>\n\n\n\n<h3 class=\"wp-block-heading\">Otras p\u00e1ginas sobre accidentes con scooters el\u00e9ctricos<\/h3>\n\n\n<ul class=\"list-pages-shortcode sibling-pages\"><li class=\"page_item page-item-10244\"><a href=\"https:\/\/www.briskmanandbriskman.com\/es\/practice-areas\/electric-scooter-accident\/chicago-bird-scooter-accident-lawyer\/\">Chicago Abogado Accidente Scooter Bird<\/a><\/li>\n<li class=\"page_item page-item-10246\"><a href=\"https:\/\/www.briskmanandbriskman.com\/es\/practice-areas\/electric-scooter-accident\/chicago-bolt-scooter-accident-lawyer\/\">Chicago Abogado Accidente Scooter Bolt<\/a><\/li>\n<li class=\"page_item page-item-10248\"><a href=\"https:\/\/www.briskmanandbriskman.com\/es\/practice-areas\/electric-scooter-accident\/chicago-gruv-scooter-accident-lawyer\/\">Chicago Gr\u00fcv Abogado Accidente Scooter<\/a><\/li>\n<li class=\"page_item page-item-10250\"><a href=\"https:\/\/www.briskmanandbriskman.com\/es\/practice-areas\/electric-scooter-accident\/chicago-jump-scooter-accident-lawyer\/\">Chicago JUMP Abogado de accidentes de scooter<\/a><\/li>\n<li class=\"page_item page-item-10252\"><a href=\"https:\/\/www.briskmanandbriskman.com\/es\/practice-areas\/electric-scooter-accident\/chicago-lime-scooter-accident-lawyer\/\">Chicago Abogado Accidente Scooter Lime<\/a><\/li>\n<li class=\"page_item page-item-10254\"><a href=\"https:\/\/www.briskmanandbriskman.com\/es\/practice-areas\/electric-scooter-accident\/chicago-lyft-scooter-accident-lawyer\/\">Chicago Lyft Scooter Abogado de accidente<\/a><\/li>\n<li class=\"page_item page-item-10256\"><a href=\"https:\/\/www.briskmanandbriskman.com\/es\/practice-areas\/electric-scooter-accident\/chicago-sherpa-scooter-accident-lawyer\/\">Chicago Abogado de accidentes de scooter Sherpa<\/a><\/li>\n<li class=\"page_item page-item-10258\"><a href=\"https:\/\/www.briskmanandbriskman.com\/es\/practice-areas\/electric-scooter-accident\/chicago-spin-scooter-accident-lawyer\/\">Chicago Spin Scooter Abogado de accidente<\/a><\/li>\n<li class=\"page_item page-item-10260\"><a href=\"https:\/\/www.briskmanandbriskman.com\/es\/practice-areas\/electric-scooter-accident\/chicago-veoride-scooter-accident-lawyer\/\">Chicago VeoRide Scooter Abogado de accidente<\/a><\/li>\n<li class=\"page_item page-item-10262\"><a href=\"https:\/\/www.briskmanandbriskman.com\/es\/practice-areas\/electric-scooter-accident\/chicago-wheels-scooter-accident-lawyer\/\">Chicago Ruedas Scooter Abogado Accidente<\/a><\/li>\n<\/ul>","protected":false},"excerpt":{"rendered":"<p>Desde 2009, Uber ofrece servicios de veh\u00edculos compartidos. Cuenta con m\u00e1s de 100 millones de usuarios en todo el mundo. Con la introducci\u00f3n del sistema de alquiler de patinetes el\u00e9ctricos, Uber adquiri\u00f3 y se asoci\u00f3 con la empresa de alquiler de patinetes el\u00e9ctricos JUMP.  C\u00f3mo JUMP JUMP es un scooter el\u00e9ctrico sin puerto disponible para alquilar a trav\u00e9s de la aplicaci\u00f3n JUMP. Para arrancar un patinete,...<\/p>","protected":false},"author":1,"featured_media":11107,"parent":10232,"menu_order":0,"comment_status":"closed","ping_status":"closed","template":"","meta":{"_acf_changed":false,"footnotes":""},"class_list":["post-10250","page","type-page","status-publish","has-post-thumbnail","hentry"],"acf":[],"_links":{"self":[{"href":"https:\/\/www.briskmanandbriskman.com\/es\/wp-json\/wp\/v2\/pages\/10250","targetHints":{"allow":["GET"]}}],"collection":[{"href":"https:\/\/www.briskmanandbriskman.com\/es\/wp-json\/wp\/v2\/pages"}],"about":[{"href":"https:\/\/www.briskmanandbriskman.com\/es\/wp-json\/wp\/v2\/types\/page"}],"author":[{"embeddable":true,"href":"https:\/\/www.briskmanandbriskman.com\/es\/wp-json\/wp\/v2\/users\/1"}],"replies":[{"embeddable":true,"href":"https:\/\/www.briskmanandbriskman.com\/es\/wp-json\/wp\/v2\/comments?post=10250"}],"version-history":[{"count":3,"href":"https:\/\/www.briskmanandbriskman.com\/es\/wp-json\/wp\/v2\/pages\/10250\/revisions"}],"predecessor-version":[{"id":13601,"href":"https:\/\/www.briskmanandbriskman.com\/es\/wp-json\/wp\/v2\/pages\/10250\/revisions\/13601"}],"up":[{"embeddable":true,"href":"https:\/\/www.briskmanandbriskman.com\/es\/wp-json\/wp\/v2\/pages\/10232"}],"wp:featuredmedia":[{"embeddable":true,"href":"https:\/\/www.briskmanandbriskman.com\/es\/wp-json\/wp\/v2\/media\/11107"}],"wp:attachment":[{"href":"https:\/\/www.briskmanandbriskman.com\/es\/wp-json\/wp\/v2\/media?parent=10250"}],"curies":[{"name":"wp","href":"https:\/\/api.w.org\/{rel}","templated":true}]}}