{"id":10248,"date":"2024-01-10T00:25:07","date_gmt":"2024-01-10T00:25:07","guid":{"rendered":"https:\/\/bbg.mystagingwebsite.com\/?page_id=10248"},"modified":"2024-09-18T18:41:40","modified_gmt":"2024-09-18T18:41:40","slug":"chicago-gruv-scooter-accidente-abogado","status":"publish","type":"page","link":"https:\/\/www.briskmanandbriskman.com\/es\/practice-areas\/electric-scooter-accident\/chicago-gruv-scooter-accident-lawyer\/","title":{"rendered":"Chicago Gr\u00fcv Abogado Accidente Scooter"},"content":{"rendered":"<p>Disponer de transporte propio es un lujo que muchas personas no tienen la suerte de tener. El uso compartido de scooters el\u00e9ctricos puede ser una gran soluci\u00f3n para viajar por la ciudad. Gr\u00fcv es una empresa de viajes compartidos en patinete el\u00e9ctrico o e-scooter que ayuda a los usuarios a viajar con libertad.<\/p>\n\n\n\n<p><strong>C\u00f3mo Gr\u00fcv<\/strong><\/p>\n\n\n\n<p>Gr\u00fcv es un patinete el\u00e9ctrico sin puerto. Para utilizarlo, los clientes deben descargarse la aplicaci\u00f3n gr\u00fcv. Para arrancar el patinete, hay que escanear el c\u00f3digo QR de la aplicaci\u00f3n o introducir manualmente el identificador del patinete correspondiente.&nbsp;<\/p>\n\n\n\n<p><strong>Conduce seguro con Gr\u00fcv<\/strong><\/p>\n\n\n\n<p>Gr\u00fcv dice expl\u00edcitamente a sus clientes que no circulen por la acera. Indican a los usuarios que utilicen los carriles bici. Gr\u00fcv informa a sus usuarios de que la seguridad es una prioridad. Anima e instruye a sus clientes para que circulen con seguridad. Gr\u00fcv dice a sus clientes que:<\/p>\n\n\n\n<ul class=\"wp-block-list\">\n<li>Llevar casco<\/li>\n\n\n\n<li>Circule por los carriles bici (siempre que est\u00e9n disponibles)<\/li>\n\n\n\n<li>Tenga cuidado con los peatones en las aceras (si las leyes locales lo exigen o permiten)&nbsp;<\/li>\n\n\n\n<li>Aparcar los e-scooters en los corrales de los parques designados o en un lugar que no bloquee las v\u00edas p\u00fablicas o privadas.&nbsp;<\/li>\n<\/ul>\n\n\n\n<p>Illinois no tiene una ley sobre el uso del casco que obligue a las personas a llevarlo mientras conducen scooters el\u00e9ctricos; sin embargo, llevarlo puede protegerle de lesiones en caso de accidente. Los scooters el\u00e9ctricos dejan su cuerpo expuesto al entorno que le rodea; por lo tanto, llevar casco es la \u00fanica forma de protecci\u00f3n disponible.<\/p>\n\n\n\n<p><strong>Patinetes defectuosos y lesiones<\/strong><\/p>\n\n\n\n<p>Tan conveniente y asequible como alquilar un scooter el\u00e9ctrico es, tiene el potencial de romperse o funcionar mal mientras lo est\u00e1 conduciendo. El uso de un sistema ride-share e-scooter significa que usted est\u00e1 utilizando scooters que son utilizados por otras personas todos los d\u00edas. El desgaste del veh\u00edculo puede ocurrir m\u00e1s r\u00e1pido que si usted fuera la \u00fanica persona que lo utiliza. El m\u00e9todo de recogida y entrega de este tipo de ride-share significa que el mantenimiento y reparaci\u00f3n de los e-scooters s\u00f3lo puede ocurrir cuando no funcionan correctamente o dejan de funcionar.&nbsp;<\/p>\n\n\n\n<p>Puede lesionarse mientras conduce el e-scooter porque puede funcionar mal. Adem\u00e1s, los conductores de e-scooters corren el riesgo de ser atropellados por los veh\u00edculos que les rodean.<\/p>\n\n\n\n<p>Lesionarse con un patinete el\u00e9ctrico defectuoso o que no funcione correctamente puede provocar lesiones y p\u00e9rdida de tiempo en la escuela o el trabajo. Puede presentar una demanda para obtener una indemnizaci\u00f3n por las lesiones, el dolor y las facturas m\u00e9dicas. Sin embargo, las demandas requieren mucho tiempo y pueden ser muy complejas, por lo que lo mejor es contar con un abogado con experiencia y conocimientos que le represente. <a href=\"https:\/\/www.briskmanandbriskman.com\/es\/abogados-de-accidentes-de-camiones-en-chicago-2\/\">Contacto Briskman Briskman &amp; Greenberg<\/a> hoy, si un <a href=\"https:\/\/www.briskmanandbriskman.com\/es\/areas-de-practica\/accidente-de-scooter-electrico\/\">gr\u00fcv e-scooter te lesion\u00f3<\/a> debido a un mal funcionamiento o defecto.\u00a0<\/p>\n\n\n\n<h3 class=\"wp-block-heading\">Otras p\u00e1ginas sobre accidentes con scooters el\u00e9ctricos<\/h3>\n\n\n<ul class=\"list-pages-shortcode sibling-pages\"><li class=\"page_item page-item-10244\"><a href=\"https:\/\/www.briskmanandbriskman.com\/es\/practice-areas\/electric-scooter-accident\/chicago-bird-scooter-accident-lawyer\/\">Chicago Abogado Accidente Scooter Bird<\/a><\/li>\n<li class=\"page_item page-item-10246\"><a href=\"https:\/\/www.briskmanandbriskman.com\/es\/practice-areas\/electric-scooter-accident\/chicago-bolt-scooter-accident-lawyer\/\">Chicago Abogado Accidente Scooter Bolt<\/a><\/li>\n<li class=\"page_item page-item-10248\"><a href=\"https:\/\/www.briskmanandbriskman.com\/es\/practice-areas\/electric-scooter-accident\/chicago-gruv-scooter-accident-lawyer\/\">Chicago Gr\u00fcv Abogado Accidente Scooter<\/a><\/li>\n<li class=\"page_item page-item-10250\"><a href=\"https:\/\/www.briskmanandbriskman.com\/es\/practice-areas\/electric-scooter-accident\/chicago-jump-scooter-accident-lawyer\/\">Chicago JUMP Abogado de accidentes de scooter<\/a><\/li>\n<li class=\"page_item page-item-10252\"><a href=\"https:\/\/www.briskmanandbriskman.com\/es\/practice-areas\/electric-scooter-accident\/chicago-lime-scooter-accident-lawyer\/\">Chicago Abogado Accidente Scooter Lime<\/a><\/li>\n<li class=\"page_item page-item-10254\"><a href=\"https:\/\/www.briskmanandbriskman.com\/es\/practice-areas\/electric-scooter-accident\/chicago-lyft-scooter-accident-lawyer\/\">Chicago Lyft Scooter Abogado de accidente<\/a><\/li>\n<li class=\"page_item page-item-10256\"><a href=\"https:\/\/www.briskmanandbriskman.com\/es\/practice-areas\/electric-scooter-accident\/chicago-sherpa-scooter-accident-lawyer\/\">Chicago Abogado de accidentes de scooter Sherpa<\/a><\/li>\n<li class=\"page_item page-item-10258\"><a href=\"https:\/\/www.briskmanandbriskman.com\/es\/practice-areas\/electric-scooter-accident\/chicago-spin-scooter-accident-lawyer\/\">Chicago Spin Scooter Abogado de accidente<\/a><\/li>\n<li class=\"page_item page-item-10260\"><a href=\"https:\/\/www.briskmanandbriskman.com\/es\/practice-areas\/electric-scooter-accident\/chicago-veoride-scooter-accident-lawyer\/\">Chicago VeoRide Scooter Abogado de accidente<\/a><\/li>\n<li class=\"page_item page-item-10262\"><a href=\"https:\/\/www.briskmanandbriskman.com\/es\/practice-areas\/electric-scooter-accident\/chicago-wheels-scooter-accident-lawyer\/\">Chicago Ruedas Scooter Abogado Accidente<\/a><\/li>\n<\/ul>","protected":false},"excerpt":{"rendered":"<p>Disponer de transporte propio es un lujo que muchas personas no tienen la suerte de tener. El uso compartido de scooters el\u00e9ctricos puede ser una gran soluci\u00f3n para viajar por la ciudad. Gr\u00fcv es un scooter el\u00e9ctrico o e-scooter ride-share empresa que ayuda a dar a los pilotos la libertad de viajar. C\u00f3mo utilizar Gr\u00fcv Gr\u00fcv es un scooter el\u00e9ctrico sin puerto. Para usarlo...<\/p>","protected":false},"author":1,"featured_media":11107,"parent":10232,"menu_order":0,"comment_status":"closed","ping_status":"closed","template":"","meta":{"_acf_changed":false,"footnotes":""},"class_list":["post-10248","page","type-page","status-publish","has-post-thumbnail","hentry"],"acf":[],"_links":{"self":[{"href":"https:\/\/www.briskmanandbriskman.com\/es\/wp-json\/wp\/v2\/pages\/10248","targetHints":{"allow":["GET"]}}],"collection":[{"href":"https:\/\/www.briskmanandbriskman.com\/es\/wp-json\/wp\/v2\/pages"}],"about":[{"href":"https:\/\/www.briskmanandbriskman.com\/es\/wp-json\/wp\/v2\/types\/page"}],"author":[{"embeddable":true,"href":"https:\/\/www.briskmanandbriskman.com\/es\/wp-json\/wp\/v2\/users\/1"}],"replies":[{"embeddable":true,"href":"https:\/\/www.briskmanandbriskman.com\/es\/wp-json\/wp\/v2\/comments?post=10248"}],"version-history":[{"count":3,"href":"https:\/\/www.briskmanandbriskman.com\/es\/wp-json\/wp\/v2\/pages\/10248\/revisions"}],"predecessor-version":[{"id":13602,"href":"https:\/\/www.briskmanandbriskman.com\/es\/wp-json\/wp\/v2\/pages\/10248\/revisions\/13602"}],"up":[{"embeddable":true,"href":"https:\/\/www.briskmanandbriskman.com\/es\/wp-json\/wp\/v2\/pages\/10232"}],"wp:featuredmedia":[{"embeddable":true,"href":"https:\/\/www.briskmanandbriskman.com\/es\/wp-json\/wp\/v2\/media\/11107"}],"wp:attachment":[{"href":"https:\/\/www.briskmanandbriskman.com\/es\/wp-json\/wp\/v2\/media?parent=10248"}],"curies":[{"name":"wp","href":"https:\/\/api.w.org\/{rel}","templated":true}]}}