{"id":10246,"date":"2024-01-10T00:22:53","date_gmt":"2024-01-10T00:22:53","guid":{"rendered":"https:\/\/bbg.mystagingwebsite.com\/?page_id=10246"},"modified":"2024-09-18T18:42:29","modified_gmt":"2024-09-18T18:42:29","slug":"chicago-bolt-scooter-accidente-abogado","status":"publish","type":"page","link":"https:\/\/www.briskmanandbriskman.com\/es\/practice-areas\/electric-scooter-accident\/chicago-bolt-scooter-accident-lawyer\/","title":{"rendered":"Chicago Abogado Accidente Scooter Bolt"},"content":{"rendered":"<p><a href=\"https:\/\/www.briskmanandbriskman.com\/es\/areas-de-practica\/accidente-de-scooter-electrico\/\">Patinetes el\u00e9ctricos<\/a>Los e-scooters son la \u00faltima tendencia en transporte compartido. La gente utiliza los e-scooters para su uso profesional o personal. \u00daltimamente, el uso compartido de scooters el\u00e9ctricos es cada vez m\u00e1s popular.<\/p>\n\n\n\n<p>Existen varias empresas de alquiler de scooters el\u00e9ctricos. Sin embargo, algunas de ellas no est\u00e1n disponibles en algunas ciudades. El \u00e1rea metropolitana de Chicago tambi\u00e9n est\u00e1 experimentando un repunte de los patinetes.&nbsp;<\/p>\n\n\n\n<p><strong>\u00bfQu\u00e9 es Bolt Mobility?<\/strong><\/p>\n\n\n\n<p>Bolt Mobility es una empresa de alquiler de patinetes el\u00e9ctricos sin muelle cofundada por Usain Bolt. Para alquilar un patinete Bolt hay que descargarse la aplicaci\u00f3n Bolt Scooters, que localiza los patinetes m\u00e1s cercanos. Para usar el patinete, tienes que escanear en la aplicaci\u00f3n el c\u00f3digo QR que se encuentra en el patinete. Esto desbloquea el scooter y lo prepara para su uso. Bolt Mobility distingue sus scooters de los de la competencia por disponer de una bolsa y un compartimento para el tel\u00e9fono m\u00f3vil.<\/p>\n\n\n\n<p><strong>Seguridad de los scooters<\/strong><\/p>\n\n\n\n<p>Los scooters el\u00e9ctricos son una excelente forma de desplazarse. El tama\u00f1o del patinete permite a los conductores maniobrar entre los atascos y llegar r\u00e1pidamente a su destino. Sin embargo, el uso de patinetes entre peatones o veh\u00edculos plantea problemas de seguridad.&nbsp;<\/p>\n\n\n\n<p>Bolt Mobility anima a sus usuarios a utilizar sus e-scooters de forma segura. Bolt instruye a los clientes a seguir las precauciones de seguridad tales como:<\/p>\n\n\n\n<ul class=\"wp-block-list\">\n<li>Circular por carriles bici\u00a0<\/li>\n\n\n\n<li>Cuidado con los peatones\u00a0<\/li>\n\n\n\n<li>Devolver los e-scooters cerca de un aparcabicis y no dejarlos en las aceras<\/li>\n<\/ul>\n\n\n\n<p>Aunque en Illinois no hay leyes que obliguen a los conductores de scooters el\u00e9ctricos a llevar casco, es aconsejable llevarlo. Los e-scooters no disponen de protecci\u00f3n contra colisiones. Dado que los e-scooters pueden circular por los carriles bici, corren el riesgo de sufrir <a href=\"https:\/\/www.briskmanandbriskman.com\/es\/areas-de-practica\/abogados-de-accidentes-de-camiones-en-chicago-2\/\">atropellados por veh\u00edculos que pasan<\/a>.<\/p>\n\n\n\n<p><strong>Leyes que regulan los patinetes Bolt<\/strong><\/p>\n\n\n\n<p>La tecnolog\u00eda avanza m\u00e1s r\u00e1pido de lo que puede hacerlo la ley. Illinois no tiene leyes que regulen espec\u00edficamente el uso de patinetes el\u00e9ctricos de uso compartido. Sin embargo, el estado tiene un proyecto de ley que pondr\u00eda en marcha normas relativas a los e-scooters. Algunas de las normas introducidas en el proyecto de ley son:<\/p>\n\n\n\n<ul class=\"wp-block-list\">\n<li>Requisitos de identificaci\u00f3n<\/li>\n\n\n\n<li>Edad m\u00ednima<\/li>\n\n\n\n<li>Los scooters s\u00f3lo pueden utilizarse en los lugares en los que est\u00e1 permitido el uso de bicicletas<\/li>\n\n\n\n<li>Precauciones de seguridad como luces y reflectores<\/li>\n\n\n\n<li><\/li>\n<\/ul>\n\n\n\n<p>Las leyes generales de conducci\u00f3n pueden seguir aplic\u00e1ndose a la conducci\u00f3n de un Bolt scooter en una carretera o autopista. Con un n\u00famero cada vez mayor de personas que optan por utilizar e-scooters, cuestiones tales como <a href=\"https:\/\/www.briskmanandbriskman.com\/es\/areas-de-practica\/pedestrian-accident\/\">lesiones a peatones<\/a>Los accidentes por mal aparcamiento van en aumento.<\/p>\n\n\n\n<p>Los scooters Bolt alcanzan una velocidad m\u00e1xima de aproximadamente 24 km\/h. Aunque esa velocidad puede no parecer peligrosa, es probable que un choque con un peat\u00f3n cause lesiones graves. Dado que los patinetes Bolt no tienen acoplamiento, no tienen un lugar fijo de devoluci\u00f3n. Esto ha dado lugar a que algunos los aparquen ilegalmente en lugares que bloquean las zonas de carga, interfieren con la subida y bajada de los pasajeros de los autobuses urbanos y obstruyen los pasos de los peatones.&nbsp;<\/p>\n\n\n\n<p>Si usted es herido por un e-scooter estacionado ilegalmente o herido debido a la conducci\u00f3n temeraria de un e-scooter, es posible que tenga que presentar una demanda para obtener la compensaci\u00f3n que se merece. Las demandas llevan mucho tiempo y pueden ser muy complejas, por lo que es mejor contar con un abogado con experiencia y conocimientos que represente sus derechos. <a href=\"https:\/\/www.briskmanandbriskman.com\/es\/abogados-de-accidentes-de-camiones-en-chicago-2\/\">P\u00f3ngase en contacto con<\/a> el <a href=\"https:\/\/www.briskmanandbriskman.com\/es\/areas-de-practica\/accidente-de-scooter-electrico\/\">abogados e-scooter<\/a> al Briskman Briskman &amp; Greenberg hoy mismo para hablar de su caso.<\/p>\n\n\n\n<h3 class=\"wp-block-heading\">Otras p\u00e1ginas sobre accidentes con scooters el\u00e9ctricos<\/h3>\n\n\n<ul class=\"list-pages-shortcode sibling-pages\"><li class=\"page_item page-item-10244\"><a href=\"https:\/\/www.briskmanandbriskman.com\/es\/practice-areas\/electric-scooter-accident\/chicago-bird-scooter-accident-lawyer\/\">Chicago Abogado Accidente Scooter Bird<\/a><\/li>\n<li class=\"page_item page-item-10246\"><a href=\"https:\/\/www.briskmanandbriskman.com\/es\/practice-areas\/electric-scooter-accident\/chicago-bolt-scooter-accident-lawyer\/\">Chicago Abogado Accidente Scooter Bolt<\/a><\/li>\n<li class=\"page_item page-item-10248\"><a href=\"https:\/\/www.briskmanandbriskman.com\/es\/practice-areas\/electric-scooter-accident\/chicago-gruv-scooter-accident-lawyer\/\">Chicago Gr\u00fcv Abogado Accidente Scooter<\/a><\/li>\n<li class=\"page_item page-item-10250\"><a href=\"https:\/\/www.briskmanandbriskman.com\/es\/practice-areas\/electric-scooter-accident\/chicago-jump-scooter-accident-lawyer\/\">Chicago JUMP Abogado de accidentes de scooter<\/a><\/li>\n<li class=\"page_item page-item-10252\"><a href=\"https:\/\/www.briskmanandbriskman.com\/es\/practice-areas\/electric-scooter-accident\/chicago-lime-scooter-accident-lawyer\/\">Chicago Abogado Accidente Scooter Lime<\/a><\/li>\n<li class=\"page_item page-item-10254\"><a href=\"https:\/\/www.briskmanandbriskman.com\/es\/practice-areas\/electric-scooter-accident\/chicago-lyft-scooter-accident-lawyer\/\">Chicago Lyft Scooter Abogado de accidente<\/a><\/li>\n<li class=\"page_item page-item-10256\"><a href=\"https:\/\/www.briskmanandbriskman.com\/es\/practice-areas\/electric-scooter-accident\/chicago-sherpa-scooter-accident-lawyer\/\">Chicago Abogado de accidentes de scooter Sherpa<\/a><\/li>\n<li class=\"page_item page-item-10258\"><a href=\"https:\/\/www.briskmanandbriskman.com\/es\/practice-areas\/electric-scooter-accident\/chicago-spin-scooter-accident-lawyer\/\">Chicago Spin Scooter Abogado de accidente<\/a><\/li>\n<li class=\"page_item page-item-10260\"><a href=\"https:\/\/www.briskmanandbriskman.com\/es\/practice-areas\/electric-scooter-accident\/chicago-veoride-scooter-accident-lawyer\/\">Chicago VeoRide Scooter Abogado de accidente<\/a><\/li>\n<li class=\"page_item page-item-10262\"><a href=\"https:\/\/www.briskmanandbriskman.com\/es\/practice-areas\/electric-scooter-accident\/chicago-wheels-scooter-accident-lawyer\/\">Chicago Ruedas Scooter Abogado Accidente<\/a><\/li>\n<\/ul>","protected":false},"excerpt":{"rendered":"<p>Los patinetes el\u00e9ctricos, conocidos como e-scooters, son la \u00faltima tendencia en transporte compartido. La gente utiliza los e-scooters para su uso profesional o personal. \u00daltimamente, el uso compartido de scooters el\u00e9ctricos es cada vez m\u00e1s popular. Existen varias empresas de este tipo. Sin embargo, algunas de ellas no est\u00e1n disponibles en algunas ciudades. El \u00e1rea metropolitana de Chicago tambi\u00e9n est\u00e1 experimentando un...<\/p>","protected":false},"author":1,"featured_media":11107,"parent":10232,"menu_order":0,"comment_status":"closed","ping_status":"closed","template":"","meta":{"_acf_changed":false,"footnotes":""},"class_list":["post-10246","page","type-page","status-publish","has-post-thumbnail","hentry"],"acf":[],"_links":{"self":[{"href":"https:\/\/www.briskmanandbriskman.com\/es\/wp-json\/wp\/v2\/pages\/10246","targetHints":{"allow":["GET"]}}],"collection":[{"href":"https:\/\/www.briskmanandbriskman.com\/es\/wp-json\/wp\/v2\/pages"}],"about":[{"href":"https:\/\/www.briskmanandbriskman.com\/es\/wp-json\/wp\/v2\/types\/page"}],"author":[{"embeddable":true,"href":"https:\/\/www.briskmanandbriskman.com\/es\/wp-json\/wp\/v2\/users\/1"}],"replies":[{"embeddable":true,"href":"https:\/\/www.briskmanandbriskman.com\/es\/wp-json\/wp\/v2\/comments?post=10246"}],"version-history":[{"count":3,"href":"https:\/\/www.briskmanandbriskman.com\/es\/wp-json\/wp\/v2\/pages\/10246\/revisions"}],"predecessor-version":[{"id":13603,"href":"https:\/\/www.briskmanandbriskman.com\/es\/wp-json\/wp\/v2\/pages\/10246\/revisions\/13603"}],"up":[{"embeddable":true,"href":"https:\/\/www.briskmanandbriskman.com\/es\/wp-json\/wp\/v2\/pages\/10232"}],"wp:featuredmedia":[{"embeddable":true,"href":"https:\/\/www.briskmanandbriskman.com\/es\/wp-json\/wp\/v2\/media\/11107"}],"wp:attachment":[{"href":"https:\/\/www.briskmanandbriskman.com\/es\/wp-json\/wp\/v2\/media?parent=10246"}],"curies":[{"name":"wp","href":"https:\/\/api.w.org\/{rel}","templated":true}]}}