{"id":10216,"date":"2024-01-05T04:41:38","date_gmt":"2024-01-05T04:41:38","guid":{"rendered":"https:\/\/bbg.mystagingwebsite.com\/?page_id=10216"},"modified":"2025-09-04T22:16:16","modified_gmt":"2025-09-04T22:16:16","slug":"usps-abogados-de-mordeduras-de-perro","status":"publish","type":"page","link":"https:\/\/www.briskmanandbriskman.com\/es\/practice-areas\/chicago-dog-bite-lawyer\/usps-dog-bite-lawyers\/","title":{"rendered":"USPS Abogados de mordeduras de perro"},"content":{"rendered":"<p>Los empleados de correos se enfrentan a diversos peligros a lo largo de su jornada. Sin embargo, una de las partes m\u00e1s peligrosas del d\u00eda de un trabajador de USPS es cuando se acercan a la casa de una persona que posee un perro feroz. Aunque la mayor\u00eda de los due\u00f1os de perros no los dejan en el exterior, donde pueden suponer un riesgo para los trabajadores postales y dem\u00e1s personal de reparto, por desgracia algunos due\u00f1os de mascotas son menos cuidadosos que otros. De hecho, un estudio reciente llevado a cabo por el USPS descubri\u00f3 que m\u00e1s de 5.800 empleados postales fueron atacados por perros s\u00f3lo en 2020. En el caso de que un <a href=\"https:\/\/www.briskmanandbriskman.com\/es\/areas-de-practica\/abogado-de-mordedura-de-perro-chicago\/\">Un perro muerde o ataca a un trabajador de USPS<\/a>pueden perseguir un <a href=\"https:\/\/www.briskmanandbriskman.com\/es\/\">reclamaci\u00f3n por da\u00f1os personales<\/a> contra el propietario del animal. En el <a href=\"https:\/\/www.briskmanandbriskman.com\/es\/\">bufete de abogados de Briskman Briskman &amp; Greenberg<\/a>, nuestro <strong>abogados expertos en mordeduras de perro de USPS<\/strong> tienen una amplia experiencia en ayudar a los trabajadores postales a recuperarse de sus lesiones tras el ataque de un perro feroz.<\/p>\n\n\n\n<h3 class=\"wp-block-heading\">Chicago Los trabajadores de correos son los que corren m\u00e1s riesgos<\/h3>\n\n\n\n<p>Los empleados de correos de cualquier ciudad corren el riesgo de ser mordidos por un perro. Sin embargo, algunas ciudades, por la raz\u00f3n que sea, registran un mayor n\u00famero de mordeduras de perro que otras. Seg\u00fan un estudio reciente de USPS, Chicago ocup\u00f3 el segundo lugar en el n\u00famero de trabajadores postales atacados por un perro. En 2020, 59 empleados postales sufrieron lesiones por mordedura de perro. Esto es particularmente sorprendente porque Chicago, aunque es una ciudad muy grande, no es el hogar del mayor n\u00famero de perros. De hecho, Illinois en su conjunto tiene una de las tasas m\u00e1s bajas de propiedad de perros, con menos del 49 por ciento de los hogares que poseen un perro. En todo el pa\u00eds, el 57% de los hogares tienen perro.<\/p>\n\n\n\n<h3 class=\"wp-block-heading\">Infograf\u00eda sobre mordeduras de perro a empleados de correos<\/h3>\n\n\n<div class=\"wp-block-image\">\n<figure class=\"aligncenter\"><a href=\"https:\/\/www.briskmanandbriskman.com\/es\/infografia\/lesiones-por-mordedura-de-perro-de-un-empleado-de-correos\/\"><img loading=\"lazy\" decoding=\"async\" width=\"1198\" height=\"783\" src=\"https:\/\/www.briskmanandbriskman.com\/wp-content\/uploads\/2023\/07\/2023-May-Infographic_-Dog-Bite_USPS-1.jpg\" alt=\"Lesiones por mordedura de perro de un empleado de correos\" class=\"wp-image-9446\" title=\"\" srcset=\"https:\/\/www.briskmanandbriskman.com\/wp-content\/uploads\/2023\/07\/2023-May-Infographic_-Dog-Bite_USPS-1.jpg 1198w, https:\/\/www.briskmanandbriskman.com\/wp-content\/uploads\/2023\/07\/2023-May-Infographic_-Dog-Bite_USPS-1-300x196.jpg 300w, https:\/\/www.briskmanandbriskman.com\/wp-content\/uploads\/2023\/07\/2023-May-Infographic_-Dog-Bite_USPS-1-1024x669.jpg 1024w, https:\/\/www.briskmanandbriskman.com\/wp-content\/uploads\/2023\/07\/2023-May-Infographic_-Dog-Bite_USPS-1-768x502.jpg 768w, https:\/\/www.briskmanandbriskman.com\/wp-content\/uploads\/2023\/07\/2023-May-Infographic_-Dog-Bite_USPS-1-1071x700.jpg 1071w, https:\/\/www.briskmanandbriskman.com\/wp-content\/uploads\/2023\/07\/2023-May-Infographic_-Dog-Bite_USPS-1-765x500.jpg 765w, https:\/\/www.briskmanandbriskman.com\/wp-content\/uploads\/2023\/07\/2023-May-Infographic_-Dog-Bite_USPS-1-560x366.jpg 560w, https:\/\/www.briskmanandbriskman.com\/wp-content\/uploads\/2023\/07\/2023-May-Infographic_-Dog-Bite_USPS-1-153x100.jpg 153w, https:\/\/www.briskmanandbriskman.com\/wp-content\/uploads\/2023\/07\/2023-May-Infographic_-Dog-Bite_USPS-1-321x210.jpg 321w, https:\/\/www.briskmanandbriskman.com\/wp-content\/uploads\/2023\/07\/2023-May-Infographic_-Dog-Bite_USPS-1-256x167.jpg 256w, https:\/\/www.briskmanandbriskman.com\/wp-content\/uploads\/2023\/07\/2023-May-Infographic_-Dog-Bite_USPS-1-150x98.jpg 150w\" sizes=\"auto, (max-width: 1198px) 100vw, 1198px\" \/><\/a><\/figure>\n<\/div>\n\n\n<h3 class=\"wp-block-heading\">\u00bfPor qu\u00e9 muerden los perros a los carteros?<\/h3>\n\n\n\n<p>Los perros son conocidos como el mejor amigo del hombre. <a href=\"https:\/\/www.briskmanandbriskman.com\/es\/areas-de-practica\/abogado-de-mordedura-de-perro-chicago\/por-que-muerden-los-perros\/\">\u00bfPor qu\u00e9, entonces, hay tantas personas heridas en ataques por mordedura de perro<\/a> cada a\u00f1o? Hay varias respuestas a esta pregunta. Algunas razas son m\u00e1s peligrosas que otras. Sin embargo, todas las razas de perros son capaces de atacar a un empleado de correos, por lo que es importante estar siempre alerta.<\/p>\n\n\n\n<h3 class=\"wp-block-heading\">Las razas de perros m\u00e1s peligrosas<\/h3>\n\n\n\n<p><a href=\"https:\/\/www.briskmanandbriskman.com\/es\/areas-de-practica\/abogado-de-mordedura-de-perro-chicago\/tipos-de-perros-que-pueden-causar-lesiones-graves\/\">Ciertas razas de perros se cr\u00edan para resaltar sus caracter\u00edsticas m\u00e1s agresivas.<\/a>. Seg\u00fan un estudio reciente que analiza el n\u00famero total de mordeduras de perro mortales entre 2005 y 2017, las siguientes razas fueron identificadas como las m\u00e1s peligrosas:<\/p>\n\n\n\n<ul class=\"wp-block-list\">\n<li><a href=\"https:\/\/www.briskmanandbriskman.com\/es\/areas-de-practica\/abogado-de-mordedura-de-perro-chicago\/chicago-pit-bull-dog-bite-lawyer\/\">Pit bull terriers<\/a><\/li>\n\n\n\n<li>Rottweilers<\/li>\n\n\n\n<li>Pastores alemanes<\/li>\n\n\n\n<li>Bulldogs americanos<\/li>\n\n\n\n<li>Mastines y Bullmastiffs<\/li>\n\n\n\n<li>Huskies<\/li>\n<\/ul>\n\n\n\n<p>De hecho, m\u00e1s del 75% de todas las mordeduras de perro mortales en ese periodo correspondieron a pit bulls y rottweilers.<\/p>\n\n\n\n<figure class=\"wp-block-image size-large\"><a href=\"https:\/\/www.briskmanandbriskman.com\/es\/infografia\/common-characteristics-of-dangerous-dog-bite-breeds\/\"><img loading=\"lazy\" decoding=\"async\" width=\"1024\" height=\"667\" src=\"https:\/\/www.briskmanandbriskman.com\/wp-content\/uploads\/2025\/09\/Infographic-BBG_DogBite_AggressiveBreeds-min2.june25-1-1024x667.jpg\" alt=\"Common Characteristics of Dangerous Dog Breeds Infographic Thumbnail\" class=\"wp-image-15254\" title=\"\" srcset=\"https:\/\/www.briskmanandbriskman.com\/wp-content\/uploads\/2025\/09\/Infographic-BBG_DogBite_AggressiveBreeds-min2.june25-1-1024x667.jpg 1024w, https:\/\/www.briskmanandbriskman.com\/wp-content\/uploads\/2025\/09\/Infographic-BBG_DogBite_AggressiveBreeds-min2.june25-1-300x195.jpg 300w, https:\/\/www.briskmanandbriskman.com\/wp-content\/uploads\/2025\/09\/Infographic-BBG_DogBite_AggressiveBreeds-min2.june25-1-768x500.jpg 768w, https:\/\/www.briskmanandbriskman.com\/wp-content\/uploads\/2025\/09\/Infographic-BBG_DogBite_AggressiveBreeds-min2.june25-1-18x12.jpg 18w, https:\/\/www.briskmanandbriskman.com\/wp-content\/uploads\/2025\/09\/Infographic-BBG_DogBite_AggressiveBreeds-min2.june25-1-150x98.jpg 150w, https:\/\/www.briskmanandbriskman.com\/wp-content\/uploads\/2025\/09\/Infographic-BBG_DogBite_AggressiveBreeds-min2.june25-1.jpg 1197w\" sizes=\"auto, (max-width: 1024px) 100vw, 1024px\" \/><\/a><\/figure>\n\n\n\n<h3 class=\"wp-block-heading\">Otras razones por las que los perros atacan<\/h3>\n\n\n\n<p>El viejo dicho \"no se puede juzgar un libro por su portada\" es muy aplicable cuando se trata de perros. Cualquier raza de perro puede atacar a un ser humano sin previo aviso ni provocaci\u00f3n. Algunas de las razones por las que un perro que no pertenece a una raza peligrosa puede atacar son:<\/p>\n\n\n\n<p><strong>Enfermedad<\/strong><\/p>\n\n\n\n<p>Ciertas enfermedades caninas pueden hacer que un perro sea m\u00e1s propenso a atacar a un humano. Por ejemplo, la rabia ataca el sistema nervioso central del perro y afecta al funcionamiento de su cerebro. Esto puede hacer que un animal por lo dem\u00e1s d\u00f3cil ataque.<\/p>\n\n\n\n<p><strong>Protecci\u00f3n<\/strong><\/p>\n\n\n\n<p>Cuando un perro percibe que alguien invade su espacio o se acerca demasiado a su casa o a su due\u00f1o, puede tomarlo como una amenaza. Esto puede llevar a un perro que no suele mostrar un comportamiento agresivo a atacar. Por supuesto, el sentido que tiene un perro de lo que constituye una amenaza no siempre es exacto, raz\u00f3n por la cual a veces los perros atacan a trabajadores postales invitados.<\/p>\n\n\n\n<p><strong>Miedo<\/strong><\/p>\n\n\n\n<p>Si un perro se sobresalta de repente, puede morder por instinto. Por eso es especialmente importante que los carteros hagan notar su presencia si se acercan a un perro dormido o a un perro que inicialmente no repara en ellos. A menudo, cuando un perro asustado muerde, la reacci\u00f3n de la v\u00edctima de alejarse o gritar s\u00f3lo aumenta la amenaza percibida. Esto puede hacer que el ataque del perro sea m\u00e1s feroz.<\/p>\n\n\n\n<p><strong>Jugar<\/strong><\/p>\n\n\n\n<p>A los perros les encanta jugar; sin embargo, algunos son m\u00e1s suaves que otros. Lo que empieza como un juego en la mente de un perro puede escalar r\u00e1pidamente, especialmente si alguien empuja al perro, grita, huye o hace un movimiento brusco.<\/p>\n\n\n\n<p>Independientemente de la raz\u00f3n por la que un perro ataque, rara vez se debe a la culpa de un trabajador postal. Los empleados de USPS est\u00e1n en la propiedad del due\u00f1o del animal con un prop\u00f3sito, y depende de los due\u00f1os de los perros asegurar a sus animales, para que no supongan un riesgo innecesario de lesiones graves, o incluso la muerte.<\/p>\n\n\n\n<h3 class=\"wp-block-heading\">Los trabajadores de correos pueden recibir una indemnizaci\u00f3n econ\u00f3mica tras la mordedura de un perro<\/h3>\n\n\n\n<p>Los empleados de correos mordidos por un perro pueden presentar una demanda por lesiones personales contra el propietario del animal. Adem\u00e1s, pueden solicitar una indemnizaci\u00f3n por accidente laboral. Es importante que entienda las diferencias entre un caso de lesiones personales y una reclamaci\u00f3n de indemnizaci\u00f3n laboral.<\/p>\n\n\n\n<h3 class=\"wp-block-heading\">Reclamaciones de indemnizaci\u00f3n por accidentes laborales frente a casos de lesiones personales<\/h3>\n\n\n\n<p>Como empleados federales, los trabajadores de USPS pueden solicitar prestaciones federales de compensaci\u00f3n a los trabajadores. El sistema de compensaci\u00f3n de los trabajadores permite a los trabajadores postales lesionados obtener compensaci\u00f3n por una lesi\u00f3n en el lugar de trabajo sin necesidad de demostrar que otra persona tuvo la culpa. En muchos accidentes laborales, una <a href=\"https:\/\/www.briskmanandbriskman.com\/es\/areas-de-practica\/indemnizacion-por-accidente-laboral\/\">reclamaci\u00f3n de indemnizaci\u00f3n por accidente laboral<\/a> es el \u00fanico recurso disponible porque, en virtud de la legislaci\u00f3n federal, el \u00fanico recurso de un trabajador lesionado contra su empresario es una demanda de indemnizaci\u00f3n por accidente de trabajo.<\/p>\n\n\n\n<p>Sin embargo, las mordeduras de perro de USPS son diferentes. Cuando un perro ataca a un empleado de correos, a menudo no tiene nada que ver con la negligencia del USPS. En su lugar, es el due\u00f1o de la mascota quien fue negligente. Esto permite a los empleados postales presentar una demanda por lesiones personales contra el due\u00f1o del animal.<\/p>\n\n\n\n<p>Hay algunas diferencias entre una reclamaci\u00f3n de indemnizaci\u00f3n por accidente laboral y una reclamaci\u00f3n por lesiones personales. Mientras que usted necesita para demostrar la negligencia de otra parte en un caso de lesiones personales, los da\u00f1os disponibles son t\u00edpicamente mucho mayor que a trav\u00e9s de una demanda de indemnizaci\u00f3n de los trabajadores.<\/p>\n\n\n\n<p>Las reclamaciones de indemnizaci\u00f3n por accidente de trabajo proporcionan a los trabajadores lesionados prestaciones m\u00e9dicas y prestaciones de sustituci\u00f3n de ingresos. Sin embargo, no permiten a un trabajador lesionado obtener una indemnizaci\u00f3n por sus da\u00f1os no econ\u00f3micos. Por otro lado, un trabajador postal lesionado que lleva con \u00e9xito un caso de mordedura de perro USPS puede obtener una indemnizaci\u00f3n por sus da\u00f1os econ\u00f3micos y no econ\u00f3micos. Esto incluye:<\/p>\n\n\n\n<ul class=\"wp-block-list\">\n<li>Gastos m\u00e9dicos anteriores,<\/li>\n\n\n\n<li>Gastos m\u00e9dicos futuros,<\/li>\n\n\n\n<li>Salarios perdidos,<\/li>\n\n\n\n<li>Disminuci\u00f3n de la capacidad de ganancia,<\/li>\n\n\n\n<li>Dolor y sufrimiento,<\/li>\n\n\n\n<li>Angustia emocional,<\/li>\n\n\n\n<li>Discapacidad o desfiguraci\u00f3n, y<\/li>\n\n\n\n<li>P\u00e9rdida del disfrute de la vida.<\/li>\n<\/ul>\n\n\n\n<p>As\u00ed pues, para recuperarse plenamente tras una lesi\u00f3n por mordedura de perro, <a href=\"https:\/\/www.briskmanandbriskman.com\/es\/\">Los trabajadores de USPS deben presentar una demanda por da\u00f1os personales<\/a> siempre que sea posible. En el <a href=\"https:\/\/www.briskmanandbriskman.com\/es\/\">bufete de abogados de Briskman Briskman &amp; Greenberg<\/a>Nuestros abogados de lesiones manejan tanto lesiones personales y reclamaciones de indemnizaci\u00f3n de los trabajadores. Tenemos un profundo conocimiento de cada una de estas reclamaciones, que utilizamos para maximizar la compensaci\u00f3n que nuestros clientes recuperan.<\/p>\n\n\n\n<h3 class=\"wp-block-heading\">Illinois Ley sobre mordeduras de perro<\/h3>\n\n\n\n<p>Cuando se trata de la ley de mordeduras de perro, <a href=\"https:\/\/www.briskmanandbriskman.com\/es\/areas-de-practica\/abogado-de-mordedura-de-perro-chicago\/que-es-la-responsabilidad-objetiva-en-un-caso-de-mordedura-de-perro\/\">Illinois es un estado de \"responsabilidad objetiva<\/a>. La responsabilidad objetiva es un concepto jur\u00eddico que crea responsabilidad independientemente de la culpa de una de las partes. En el contexto de la ley de mordedura de perro, significa que el due\u00f1o de un perro es responsable de cualquier lesi\u00f3n causada por su perro. No es necesario demostrar que el propietario sab\u00eda que su perro era peligroso, que el perro hab\u00eda atacado a alguien en el pasado, o que el propietario no asegurar adecuadamente a su perro en un recinto o una correa.<\/p>\n\n\n\n<p>Sin embargo, no todos los casos de mordedura de perro Illinois entran dentro de la teor\u00eda de la responsabilidad objetiva. Para beneficiarse de la ley de responsabilidad objetiva, una v\u00edctima de mordedura de perro debe:<br>1) No haber provocado al animal;<br>2) \"conducirse pac\u00edficamente\"; y<br>3) Estar en un lugar en el que est\u00e9n legalmente autorizados a estar.<\/p>\n\n\n\n<p>Por supuesto, los trabajadores postales est\u00e1n autorizados legalmente a estar en la propiedad del due\u00f1o de una mascota. Por lo tanto, siempre que usted no haya provocado al perro, es probable que el propietario sea considerado estrictamente responsable de sus lesiones. Sin embargo, sigue siendo importante trabajar con un abogado con experiencia en mordeduras de perro a la hora de presentar su reclamaci\u00f3n para asegurarse de que recibe una compensaci\u00f3n justa por sus lesiones. A menudo, las compa\u00f1\u00edas de seguros minimizan las lesiones de un trabajador postal en un intento de reducir la cantidad de su recuperaci\u00f3n. En <a href=\"https:\/\/www.briskmanandbriskman.com\/es\/\">Briskman Briskman &amp; Greenberg<\/a>Tenemos m\u00e1s de 35 a\u00f1os de experiencia negociando con las compa\u00f1\u00edas de seguros para asegurar una compensaci\u00f3n completa y justa por las lesiones de nuestros clientes.<\/p>\n\n\n\n<h3 class=\"wp-block-heading\">C\u00f3mo pueden mantenerse seguros los trabajadores de USPS al entregar paquetes<\/h3>\n\n\n\n<p>Cada d\u00eda, una media de 15 empleados de correos son mordidos o atacados por perros. Cada uno de estos ataques podr\u00eda haberse evitado si el propietario hubiera tomado las precauciones necesarias para proteger a su animal. Aunque no depende de un trabajador de USPS evitar un ataque, hay ciertas cosas que los empleados postales pueden hacer para reducir el riesgo de una mordedura de perro.<\/p>\n\n\n\n<p>El USPS ofrece los siguientes consejos a los trabajadores postales para evitar las posibilidades de ataque de un animal:<br>1.) Lleva un bote de repelente para perros;<br>2.) Actualizar las tarjetas de advertencia sobre perros para mantener informados a los dem\u00e1s trabajadores postales sobre la presencia de animales peligrosos;<br>3.) Tomar notas en el Dispositivo M\u00f3vil de Entrega cuando se encuentre con un perro vicioso; y<br>4.) Informar a un supervisor de cualquier incidente, incluso de los que se produzcan por poco y no den lugar a mordeduras.<\/p>\n\n\n\n<p>Sin embargo, el hecho es que los empleados de correos entran ocasionalmente en contacto con perros peligrosos a lo largo de su ruta. Los empleados de correos tienen un trabajo que hacer, y no es pr\u00e1ctico evitar todas las casas que tienen un perro. En caso de que un perro se le acerque durante su ruta, tome las siguientes precauciones:<\/p>\n\n\n\n<p><strong>1.) Intenta mantener la calma<\/strong><\/p>\n\n\n\n<p>Es una tendencia natural correr o gritar cuando se acerca un perro de aspecto peligroso. Sin embargo, si lo hace, s\u00f3lo conseguir\u00e1 despertar el instinto natural del animal de perseguirle. En lugar de eso, intenta mantener la calma y permanecer quieto mientras miras en la direcci\u00f3n general del perro.<\/p>\n\n\n\n<p><strong>2.) No establecer contacto visual<\/strong><\/p>\n\n\n\n<p>Aunque no conviene dar la espalda a un animal peligroso, tambi\u00e9n hay que evitar el contacto visual. Algunos perros interpretan el contacto visual directo como una amenaza, lo que puede aumentar la probabilidad de un ataque.<\/p>\n\n\n\n<p><strong>3.) Ponga algo entre usted y el perro<\/strong><\/p>\n\n\n\n<p>Despacio y con calma, coloque su mochila o alg\u00fan otro objeto entre usted y el perro. Esto no s\u00f3lo interferir\u00e1 con la l\u00ednea de visi\u00f3n del perro, sino que tambi\u00e9n puede actuar como una barrera f\u00edsica si el perro intenta un ataque.<\/p>\n\n\n\n<p><strong>4.) Retrocede lentamente<\/strong><\/p>\n\n\n\n<p>Una vez que haya identificado la amenaza y colocado un objeto entre usted y el perro, empiece a alejarse lentamente del animal mientras le mira de frente. No te des la vuelta, ya que podr\u00edas dar al animal asustado la oportunidad de atacarte.<\/p>\n\n\n\n<p>Recuerde que incluso los perros que ha encontrado antes en su ruta pueden atacar inesperadamente. Es imprescindible que te mantengas alerta durante toda la ruta.<\/p>\n\n\n\n<h2 class=\"wp-block-heading\">\u00bfEs usted un empleado de correos atacado por un perro?<\/h2>\n\n\n\n<p>Si usted es un trabajador de USPS que recientemente fue atacado por un perro, p\u00f3ngase en contacto con el Chicago USPS abogados de mordedura de perro en Briskman Briskman &amp; Greenberg para la asistencia inmediata. Desde 1987, <a href=\"https:\/\/www.briskmanandbriskman.com\/es\/nuestros-abogados\/\">nuestro equipo de abogados especializados en lesiones personales<\/a> ha estado ayudando a las v\u00edctimas de mordeduras de perro a responsabilizar a los due\u00f1os de animales negligentes. Hemos logrado acuerdos favorables y veredictos del jurado en nombre de innumerables clientes, lo que les permite seguir adelante m\u00e1s f\u00e1cilmente con sus vidas despu\u00e9s de sufrir lesiones graves. <a href=\"https:\/\/www.briskmanandbriskman.com\/es\/consulta-gratuita\/\">Ofrecemos a todos los clientes potenciales una consulta gratuita<\/a>durante el cual le explicaremos el proceso de recuperaci\u00f3n en t\u00e9rminos claros y comprensibles. As\u00ed podr\u00e1 tomar la mejor decisi\u00f3n para usted y su familia. En <a href=\"https:\/\/www.briskmanandbriskman.com\/es\/la-garantia-briskman\/\">parte de la Garant\u00eda Briskman<\/a>En el caso de mordeduras de perro, manejamos todos los casos de mordeduras de perro sobre una base de contingencia, lo que significa que no le pediremos que pague por nuestros servicios legales a menos que y hasta que podamos obtener la compensaci\u00f3n que se merece. Para obtener m\u00e1s informaci\u00f3n, y para programar una consulta gratuita con uno de nuestros abogados de mordedura de perro Chicago USPS, <a href=\"tel:1-877-595-4878\">ll\u00e1menos al 877-595-4878<\/a>. Tambi\u00e9n puede <a href=\"https:\/\/www.briskmanandbriskman.com\/es\/abogados-de-accidentes-de-camiones-en-chicago-2\/\">p\u00f3ngase en contacto con nosotros a trav\u00e9s de nuestro formulario de contacto en l\u00ednea<\/a>.<\/p>","protected":false},"excerpt":{"rendered":"<p>Los empleados de correos se enfrentan a diversos peligros a lo largo de su jornada. Sin embargo, una de las partes m\u00e1s peligrosas del d\u00eda de un trabajador de USPS es cuando se acercan a la casa de una persona que posee un perro feroz. Aunque la mayor\u00eda de los due\u00f1os de perros no los dejan en el exterior, donde pueden suponer un riesgo para los...<\/p>","protected":false},"author":1,"featured_media":11195,"parent":58,"menu_order":0,"comment_status":"closed","ping_status":"closed","template":"","meta":{"_acf_changed":false,"footnotes":""},"class_list":["post-10216","page","type-page","status-publish","has-post-thumbnail","hentry"],"acf":[],"_links":{"self":[{"href":"https:\/\/www.briskmanandbriskman.com\/es\/wp-json\/wp\/v2\/pages\/10216","targetHints":{"allow":["GET"]}}],"collection":[{"href":"https:\/\/www.briskmanandbriskman.com\/es\/wp-json\/wp\/v2\/pages"}],"about":[{"href":"https:\/\/www.briskmanandbriskman.com\/es\/wp-json\/wp\/v2\/types\/page"}],"author":[{"embeddable":true,"href":"https:\/\/www.briskmanandbriskman.com\/es\/wp-json\/wp\/v2\/users\/1"}],"replies":[{"embeddable":true,"href":"https:\/\/www.briskmanandbriskman.com\/es\/wp-json\/wp\/v2\/comments?post=10216"}],"version-history":[{"count":4,"href":"https:\/\/www.briskmanandbriskman.com\/es\/wp-json\/wp\/v2\/pages\/10216\/revisions"}],"predecessor-version":[{"id":15342,"href":"https:\/\/www.briskmanandbriskman.com\/es\/wp-json\/wp\/v2\/pages\/10216\/revisions\/15342"}],"up":[{"embeddable":true,"href":"https:\/\/www.briskmanandbriskman.com\/es\/wp-json\/wp\/v2\/pages\/58"}],"wp:featuredmedia":[{"embeddable":true,"href":"https:\/\/www.briskmanandbriskman.com\/es\/wp-json\/wp\/v2\/media\/11195"}],"wp:attachment":[{"href":"https:\/\/www.briskmanandbriskman.com\/es\/wp-json\/wp\/v2\/media?parent=10216"}],"curies":[{"name":"wp","href":"https:\/\/api.w.org\/{rel}","templated":true}]}}