{"id":10211,"date":"2024-01-05T04:34:48","date_gmt":"2024-01-05T04:34:48","guid":{"rendered":"https:\/\/bbg.mystagingwebsite.com\/?page_id=10211"},"modified":"2025-05-27T21:38:00","modified_gmt":"2025-05-27T21:38:00","slug":"tipos-de-perros-que-pueden-causar-lesiones-graves","status":"publish","type":"page","link":"https:\/\/www.briskmanandbriskman.com\/es\/practice-areas\/chicago-dog-bite-lawyer\/types-of-dogs-that-can-cause-serious-injury\/","title":{"rendered":"Tipos de perros que pueden causar lesiones graves\u00a0"},"content":{"rendered":"<p>Los perros son animales de compa\u00f1\u00eda maravillosos. Sin embargo, <a href=\"https:\/\/www.briskmanandbriskman.com\/es\/areas-de-practica\/abogado-de-mordedura-de-perro-chicago\/\">cualquier perro puede morder<\/a>. Es f\u00e1cil olvidar que incluso el can m\u00e1s querido puede causarle graves da\u00f1os a usted o a un ser querido. Los perros siguen siendo animales con <a href=\"https:\/\/www.briskmanandbriskman.com\/es\/areas-de-practica\/abogado-de-mordedura-de-perro-chicago\/caracteristicas-comunes-de-las-razas-peligrosas\/\">instintos animales<\/a>reacciones y tendencias. Si a esto le a\u00f1adimos el tama\u00f1o, la fuerza y la fuerza de mordida de algunas razas y su limitada capacidad para comunicarse con las personas, puede ser una receta para el desastre.<\/p>\n\n\n\n<p>En <a href=\"https:\/\/www.briskmanandbriskman.com\/es\/\">Briskman Briskman &amp; Greenberg<\/a>, nuestro <a href=\"https:\/\/www.briskmanandbriskman.com\/es\/\">abogados compasivos de lesiones personales<\/a> representamos a clientes atacados por un perro. Trabajamos estrechamente con usted para responsabilizar al due\u00f1o del animal de la totalidad de sus lesiones.<\/p>\n\n\n\n<p><strong>Razas de perro m\u00e1s peligrosas<\/strong><\/p>\n\n\n\n<p>Muchos amantes de los perros sostienen que etiquetar a toda una raza de perros como intr\u00ednsecamente peligrosa es injusto. Los amantes de los perros afirman que los responsables de los ataques no son los perros malos, sino el mal comportamiento de los humanos. Sin embargo, las estad\u00edsticas demuestran que ciertos tipos de perros tienden a causar lesiones m\u00e1s graves cuando muerden. \u00c9stas son las diez razas con m\u00e1s probabilidades de causar lesiones graves:<\/p>\n\n\n\n<p>1. <a href=\"https:\/\/www.briskmanandbriskman.com\/es\/areas-de-practica\/abogado-de-mordedura-de-perro-chicago\/chicago-pit-bull-dog-bite-lawyer\/\">Pit Bulls<\/a>: This breed is responsible for the majority of all bites and 66 percent of all dog-related fatalities (284 of 433) in the 13 years between 2005 and 2017. They have been bred for their ability to fight over the years and have very forceful bites, making them very efficient attackers. As such, they cause the most damage when they do bite.<\/p>\n\n\n\n<p>2. Rottweiler: Los rottweiler son otro perro apreciado por su fuerza y adiestrado para la lucha. Estuvieron implicados en el 11% de los ataques mortales de perros incluidos en el periodo de estudio.<\/p>\n\n\n\n<p>3. Pastores alemanes<br>4. Mestizos<br>5. Bulldogs americanos<br>6. Mastines <br>7. Huskies<br>8. Labrador Retrievers<br>9. Boxeadores<br>10. Doberman Pinschers<\/p>\n\n\n\n<p><strong>Agresivo no siempre significa peligroso<\/strong><\/p>\n\n\n\n<p>Algunas razas, sobre todo las peque\u00f1as, son conocidas por su agresividad. Los chihuahuas y los perros salchicha son los mejores ejemplos de ello. Son dos de las razas de perro m\u00e1s agresivas, pero no es probable que causen lesiones graves porque son muy peque\u00f1os.&nbsp;<\/p>\n\n\n\n<p>Por el contrario, un perro como el Labrador Retriever es una de las razas m\u00e1s populares en Estados Unidos por su personalidad amistosa. Esta raza de perro grande y fuerte puede causar da\u00f1o f\u00e1cilmente cuando muerden o saltan sobre las personas.&nbsp;<\/p>\n\n\n\n<p><strong>Da\u00f1os y perjuicios a las v\u00edctimas de mordeduras de perro<\/strong><\/p>\n\n\n\n<p>Independientemente del tipo de perro que le haya lesionado a usted o a un ser querido, puede haber indemnizaciones disponibles para cubrir los da\u00f1os sufridos a causa de la lesi\u00f3n. En muchos casos, el due\u00f1o del perro puede ser considerado responsable de las acciones de su mascota.&nbsp;<\/p>\n\n\n\n<p>Illinois es un Estado de responsabilidad objetiva por mordeduras de perro. Esto significa que si la v\u00edctima se encontraba legalmente en el lugar donde se produjo el incidente y no provoc\u00f3 al perro cuando le atac\u00f3, puede reclamar da\u00f1os y perjuicios al propietario del perro. No es necesario que el perro tenga un historial de comportamiento agresivo para solicitar una indemnizaci\u00f3n.<\/p>\n\n\n\n<p>En los casos de mordedura de perro se pueden reclamar da\u00f1os econ\u00f3micos y no econ\u00f3micos. Los da\u00f1os econ\u00f3micos son los que tienen un claro valor en d\u00f3lares, como las facturas m\u00e9dicas. Los da\u00f1os no econ\u00f3micos representan p\u00e9rdidas que no son financieras pero que siguen siendo importantes. Los da\u00f1os potenciales incluyen:<\/p>\n\n\n\n<p>- Facturas m\u00e9dicas<br>- P\u00e9rdida de ingresos<br>- Costes futuros de la asistencia<br>- Dolor y sufrimiento<br>- Angustia emocional<br>- Otros, seg\u00fan proceda<\/p>\n\n\n\n<p><strong>Garant\u00eda Briskman<\/strong><\/p>\n\n\n\n<p>En Briskman, Briskman &amp; Greenberg, sabemos que tiene donde elegir a la hora de elegir un abogado de lesiones personales o de <a href=\"https:\/\/www.briskmanandbriskman.com\/es\/areas-de-practica\/indemnizacion-por-accidente-laboral\/\">abogado de accidentes laborales<\/a>. Por eso tenemos <a href=\"https:\/\/www.briskmanandbriskman.com\/es\/la-garantia-briskman\/\">cre\u00f3 la garant\u00eda Briskman<\/a>que es una promesa en seis partes que hacemos a cada uno de nuestros clientes:<\/p>\n\n\n\n<p>1. Recibir\u00e1 una consulta gratuita con un abogado experimentado.<br>2. Como no utilizamos filtros de llamadas, usted hablar\u00e1 con un abogado cuando llame a nuestra oficina.<br>3. Nunca tendr\u00e1 que pagar honorarios a menos que podamos ayudarle a obtener una indemnizaci\u00f3n por sus lesiones.<br>4. Siempre le trataremos con cortes\u00eda y respeto.<br>5. Le mantendremos informado de todas las novedades importantes que se produzcan en su caso.<br>6. Le responderemos r\u00e1pidamente a sus llamadas y correos electr\u00f3nicos.<\/p>\n\n\n\n<p>La garant\u00eda Briskman representa el compromiso de nuestro bufete con nuestros clientes y sus familias. Otros bufetes pueden afirmar que dan prioridad a sus clientes, pero los testimonios de nuestros clientes y nuestro historial de \u00e9xitos hablan por s\u00ed solos.<\/p>\n\n\n\n<p><strong>Chicago Abogados de lesiones personales de su lado<\/strong><\/p>\n\n\n\n<p>Si usted o un ser querido ha sido mordido y herido recientemente por un perro, la <a href=\"https:\/\/www.briskmanandbriskman.com\/es\/\">abogados especializados en lesiones personales Illinois en Briskman, Briskman &amp; Greenberg<\/a> puede ayudar. Con m\u00e1s de 30 a\u00f1os de experiencia en la defensa de las v\u00edctimas de lesiones, sabemos lo que se necesita para tener \u00e9xito en nombre de nuestros clientes. Cuando usted nos invita a trabajar en su caso, empezamos a trabajar diligentemente para usted y le mantendremos informado en cada paso del camino.&nbsp;<\/p>\n\n\n\n<p>Como parte de la Garant\u00eda Briskman, <a href=\"https:\/\/www.briskmanandbriskman.com\/es\/consulta-gratuita\/\">su consulta inicial es gratuita<\/a>. Trabajamos en base a honorarios de contingencia, lo que significa que s\u00f3lo nos paga cuando conseguimos con \u00e9xito una indemnizaci\u00f3n para usted o su familia. Para saber m\u00e1s, <a href=\"tel:1-877-595-4878\">llame al 1-877-595-4878<\/a> a <a href=\"https:\/\/www.briskmanandbriskman.com\/es\/abogados-de-accidentes-de-camiones-en-chicago-2\/\">programe hoy mismo una consulta gratuita<\/a>. Briskman, Briskman &amp; Greenberg tiene sedes en Joliet y Chicago para servirle mejor.<\/p>","protected":false},"excerpt":{"rendered":"<p>Los perros son animales de compa\u00f1\u00eda maravillosos. Sin embargo, cualquier perro puede morder. Es f\u00e1cil olvidar que incluso el can m\u00e1s querido puede causarle graves da\u00f1os a usted o a un ser querido. Los perros siguen siendo animales con instintos, reacciones y tendencias animales. Combine eso con el tama\u00f1o, la fuerza y la potencia de mordida de algunas razas...<\/p>","protected":false},"author":1,"featured_media":0,"parent":58,"menu_order":0,"comment_status":"closed","ping_status":"closed","template":"","meta":{"_acf_changed":false,"footnotes":""},"class_list":["post-10211","page","type-page","status-publish","hentry"],"acf":[],"_links":{"self":[{"href":"https:\/\/www.briskmanandbriskman.com\/es\/wp-json\/wp\/v2\/pages\/10211","targetHints":{"allow":["GET"]}}],"collection":[{"href":"https:\/\/www.briskmanandbriskman.com\/es\/wp-json\/wp\/v2\/pages"}],"about":[{"href":"https:\/\/www.briskmanandbriskman.com\/es\/wp-json\/wp\/v2\/types\/page"}],"author":[{"embeddable":true,"href":"https:\/\/www.briskmanandbriskman.com\/es\/wp-json\/wp\/v2\/users\/1"}],"replies":[{"embeddable":true,"href":"https:\/\/www.briskmanandbriskman.com\/es\/wp-json\/wp\/v2\/comments?post=10211"}],"version-history":[{"count":3,"href":"https:\/\/www.briskmanandbriskman.com\/es\/wp-json\/wp\/v2\/pages\/10211\/revisions"}],"predecessor-version":[{"id":15285,"href":"https:\/\/www.briskmanandbriskman.com\/es\/wp-json\/wp\/v2\/pages\/10211\/revisions\/15285"}],"up":[{"embeddable":true,"href":"https:\/\/www.briskmanandbriskman.com\/es\/wp-json\/wp\/v2\/pages\/58"}],"wp:attachment":[{"href":"https:\/\/www.briskmanandbriskman.com\/es\/wp-json\/wp\/v2\/media?parent=10211"}],"curies":[{"name":"wp","href":"https:\/\/api.w.org\/{rel}","templated":true}]}}