{"id":10207,"date":"2024-01-05T04:30:30","date_gmt":"2024-01-05T04:30:30","guid":{"rendered":"https:\/\/bbg.mystagingwebsite.com\/?page_id=10207"},"modified":"2024-03-06T22:24:08","modified_gmt":"2024-03-06T22:24:08","slug":"tipos-de-enfermedades-que-se-pueden-contraer-por-la-mordedura-de-un-perro","status":"publish","type":"page","link":"https:\/\/www.briskmanandbriskman.com\/es\/practice-areas\/chicago-dog-bite-lawyer\/types-of-diseases-you-can-get-from-a-dog-bite\/","title":{"rendered":"Tipos de enfermedades que se pueden contraer por la mordedura de un perro"},"content":{"rendered":"<p>Los perros de cualquier tama\u00f1o o raza pueden causar heridas abiertas en la piel durante un ataque. Cuando las v\u00edctimas de mordeduras de perro se exponen a bacterias nocivas, corren el riesgo de sufrir infecciones graves. Si no se tratan, estas infecciones pueden provocar enfermedades peligrosas e incluso ser mortales. Si usted ha sido herido debido a una mordedura de perro, Briskman Briskman &amp; Greenberg puede ayudarle a recuperar una indemnizaci\u00f3n por sus gastos m\u00e9dicos, angustia emocional y otros gastos relacionados. Nuestro <a href=\"https:\/\/www.briskmanandbriskman.com\/es\/areas-de-practica\/abogado-de-mordedura-de-perro-chicago\/\">Chicago abogados de mordeduras de perro<\/a> est\u00e1n listos para presentar una demanda por lesiones personales en su nombre.&nbsp;<br>&nbsp;<br><strong>Infecciones comunes por mordedura de perro<\/strong><br>&nbsp;<br>Las infecciones y enfermedades son graves preocupaciones tras un ataque de perro. Cuando una mordedura de perro deja un corte abierto en la piel, las bacterias de la saliva del perro pueden penetrar en el organismo y provocar una infecci\u00f3n. En algunos casos, la infecci\u00f3n puede extenderse a otras partes del cuerpo y provocar complicaciones. Los Centros para el Control y la Prevenci\u00f3n de Enfermedades (CDC) han identificado varias enfermedades que las v\u00edctimas de mordeduras de perro pueden correr el riesgo de desarrollar, entre ellas:<br>&nbsp;<br><strong>- Rabia:<\/strong>&nbsp;Las personas mordidas o ara\u00f1adas por un perro con rabia pueden contraer la enfermedad neurol\u00f3gica a trav\u00e9s de la saliva. Lo que hace que la rabia sea tan peligrosa es que provoca una inflamaci\u00f3n cerebral progresiva y puede ser mortal sin tratamiento m\u00e9dico inmediato.<br>&nbsp;<br><strong><em>S\u00edntomas:<\/em><\/strong>&nbsp;Los signos de infecci\u00f3n por rabia pueden aparecer d\u00edas o meses despu\u00e9s de la mordedura de un perro. Sin embargo, una vez que aparecen, suele ser demasiado tarde para el tratamiento. Los s\u00edntomas pueden empezar con dolores de cabeza, fiebre y debilidad, y empeorar progresivamente hasta provocar insomnio, convulsiones, n\u00e1useas, par\u00e1lisis parcial y alucinaciones.<br>&nbsp;<br><strong>- Pasteurella:<\/strong>&nbsp;Seg\u00fan los CDC, este tipo de bacteria est\u00e1 presente en m\u00e1s de la mitad de las mordeduras de perro infectadas. Los organismos bacterianos pueden encontrarse en el interior de la boca de los perros. Cuando se contagian a una v\u00edctima de mordedura de perro, pueden causar una peligrosa infecci\u00f3n conocida como celulitis. Dado que la celulitis puede provocar la inflamaci\u00f3n de los ganglios y las articulaciones, puede dificultar el movimiento de la persona.<br>&nbsp;<br><strong><em>S\u00edntomas:<\/em><\/strong>&nbsp;Los s\u00edntomas de la celulitis suelen aparecer 24 horas despu\u00e9s de la picadura. Pueden incluir hinchaz\u00f3n, enrojecimiento y supuraci\u00f3n de la herida. La celulitis se propaga r\u00e1pidamente. Sin tratamiento, los s\u00edntomas pueden empeorar r\u00e1pidamente y provocar infecciones sangu\u00edneas, neumon\u00eda, meningitis y otras afecciones graves.<br>&nbsp;<br><strong>- Infecciones por estafilococos y estreptococos:<\/strong>&nbsp;Las infecciones por estafilococos, como el SARM, son frecuentes en las v\u00edctimas de mordeduras de perro. Cuando una infecci\u00f3n bacteriana se propaga al torrente sangu\u00edneo y los pulmones, se convierte en una amenaza para la vida. Las infecciones por estafilococos y estreptococos son resistentes a ciertos tipos de antibi\u00f3ticos.<br>&nbsp;<br><strong><em>S\u00edntomas:<\/em><\/strong>&nbsp;Existe una amplia gama de s\u00edntomas que pueden indicar una infecci\u00f3n por estafilococos o estreptococos. Pueden incluir fiebre, for\u00fanculos y celulitis, que var\u00edan seg\u00fan la parte del cuerpo afectada por la bacteria. Las infecciones pueden ser mortales.<br>&nbsp;<br><strong>- Capnocytophaga spp.:<\/strong> Las mordeduras de perro pueden causar infecciones por capnocytophaga a trav\u00e9s de la transmisi\u00f3n de bacterias desde la boca del perro. Aunque la infecci\u00f3n es poco frecuente, puede progresar r\u00e1pidamente y provocar lesiones org\u00e1nicas y meningitis. Las personas con sistemas inmunitarios debilitados corren especial riesgo. Si se produce sepsis, puede ser mortal. Una infecci\u00f3n grave puede incluso requerir la amputaci\u00f3n de las extremidades del paciente.<\/p>\n\n\n\n<p><strong><em>S\u00edntomas:<\/em><\/strong>&nbsp;Una persona con una infecci\u00f3n por capnocytophaga a causa de una mordedura de perro puede experimentar fiebre, ampollas alrededor de la herida, enrojecimiento, dolor articular, hinchaz\u00f3n, dolores de cabeza y v\u00f3mitos, entre una amplia gama de otros s\u00edntomas similares a los de la gripe.<\/p>\n\n\n\n<p><strong>- T\u00e9tanos: <\/strong>Se trata de una infecci\u00f3n grave que se produce como consecuencia de heridas profundas por mordedura cuando la bacteria del t\u00e9tanos penetra en el organismo. Afecta al sistema nervioso central. Los peores casos conducen a la par\u00e1lisis o la muerte. Cualquier persona que presente s\u00edntomas de esta enfermedad probablemente necesitar\u00e1 una vacuna antitet\u00e1nica y antibi\u00f3ticos.<\/p>\n\n\n\n<p><strong><em>S\u00edntomas:<\/em><\/strong>\u00a0Los s\u00edntomas del t\u00e9tanos incluyen dificultad para tragar y espasmos musculares dolorosos, as\u00ed como rigidez en la mand\u00edbula, el cuello y los m\u00fasculos abdominales.<br>\u00a0<br><strong>Tratamiento de las mordeduras de perro y prevenci\u00f3n de infecciones<\/strong><br>\u00a0<br>Si has sufrido una mordedura de perro, debes limpiar la herida lo antes posible. Lavar la mordedura de perro con agua corriente y jab\u00f3n puede ayudar a prevenir la infecci\u00f3n. Cubre la herida con un vendaje limpio. Presta atenci\u00f3n a los signos de infecci\u00f3n, como enrojecimiento, hinchaz\u00f3n, empeoramiento del dolor, supuraci\u00f3n de la herida o p\u00e9rdida de sensibilidad en la zona.<br>\u00a0<br>Acuda al m\u00e9dico de inmediato para que le haga un diagn\u00f3stico y un tratamiento adecuados. Incluso una mordedura de perro aparentemente leve debe tomarse en serio, ya que puede convertirse en una enfermedad peligrosa sin atenci\u00f3n m\u00e9dica inmediata. A veces, los s\u00edntomas de la infecci\u00f3n no se manifiestan hasta m\u00e1s tarde.<br>\u00a0<br>El m\u00e9dico puede recetar antibi\u00f3ticos o administrar vacunas para tratar determinadas infecciones. Por ejemplo, una v\u00edctima de mordedura de perro que no tenga al d\u00eda la vacuna antitet\u00e1nica puede necesitar una inyecci\u00f3n para reducir el riesgo de enfermedad. Es posible que necesite una vacuna antirr\u00e1bica si le mordi\u00f3 un perro cuyo estado de vacunaci\u00f3n antirr\u00e1bica se desconoce.\u00a0<br>\u00a0<br><strong>Contacto Briskman Briskman &amp; Greenberg<\/strong><br>\u00a0<br>Ser mordido por un perro puede ser una experiencia dolorosa y aterradora, dado el riesgo de infecciones que pueden convertirse en enfermedades peligrosas. Si usted o un ser querido ha sufrido una mordedura de perro, <a href=\"https:\/\/www.briskmanandbriskman.com\/es\/abogados-de-accidentes-de-camiones-en-chicago-2\/\">tender la mano<\/a> a la <a href=\"https:\/\/www.briskmanandbriskman.com\/es\/areas-de-practica\/abogado-de-mordedura-de-perro-chicago\/\">abogados expertos y compasivos en mordeduras de perro Chicago<\/a> en <a href=\"https:\/\/www.briskmanandbriskman.com\/es\/\">Briskman Briskman &amp; Greenberg<\/a>. Podemos ayudarle a comprender sus opciones legales para obtener una indemnizaci\u00f3n por su tratamiento.<\/p>","protected":false},"excerpt":{"rendered":"<p>Los perros de cualquier tama\u00f1o o raza pueden causar heridas abiertas en la piel durante un ataque. Cuando las v\u00edctimas de mordeduras de perro se exponen a bacterias nocivas, corren el riesgo de sufrir infecciones graves. Si no se tratan, estas infecciones pueden provocar enfermedades peligrosas e incluso ser mortales. Si ha resultado herido debido a una...<\/p>","protected":false},"author":1,"featured_media":11063,"parent":58,"menu_order":0,"comment_status":"closed","ping_status":"closed","template":"","meta":{"_acf_changed":false,"footnotes":""},"class_list":["post-10207","page","type-page","status-publish","has-post-thumbnail","hentry"],"acf":[],"_links":{"self":[{"href":"https:\/\/www.briskmanandbriskman.com\/es\/wp-json\/wp\/v2\/pages\/10207","targetHints":{"allow":["GET"]}}],"collection":[{"href":"https:\/\/www.briskmanandbriskman.com\/es\/wp-json\/wp\/v2\/pages"}],"about":[{"href":"https:\/\/www.briskmanandbriskman.com\/es\/wp-json\/wp\/v2\/types\/page"}],"author":[{"embeddable":true,"href":"https:\/\/www.briskmanandbriskman.com\/es\/wp-json\/wp\/v2\/users\/1"}],"replies":[{"embeddable":true,"href":"https:\/\/www.briskmanandbriskman.com\/es\/wp-json\/wp\/v2\/comments?post=10207"}],"version-history":[{"count":2,"href":"https:\/\/www.briskmanandbriskman.com\/es\/wp-json\/wp\/v2\/pages\/10207\/revisions"}],"predecessor-version":[{"id":15283,"href":"https:\/\/www.briskmanandbriskman.com\/es\/wp-json\/wp\/v2\/pages\/10207\/revisions\/15283"}],"up":[{"embeddable":true,"href":"https:\/\/www.briskmanandbriskman.com\/es\/wp-json\/wp\/v2\/pages\/58"}],"wp:featuredmedia":[{"embeddable":true,"href":"https:\/\/www.briskmanandbriskman.com\/es\/wp-json\/wp\/v2\/media\/11063"}],"wp:attachment":[{"href":"https:\/\/www.briskmanandbriskman.com\/es\/wp-json\/wp\/v2\/media?parent=10207"}],"curies":[{"name":"wp","href":"https:\/\/api.w.org\/{rel}","templated":true}]}}