{"id":10205,"date":"2024-01-05T04:28:32","date_gmt":"2024-01-05T04:28:32","guid":{"rendered":"https:\/\/bbg.mystagingwebsite.com\/?page_id=10205"},"modified":"2025-05-27T21:37:34","modified_gmt":"2025-05-27T21:37:34","slug":"pros-y-contras-de-los-parques-caninos-de-chicago","status":"publish","type":"page","link":"https:\/\/www.briskmanandbriskman.com\/es\/practice-areas\/chicago-dog-bite-lawyer\/the-pros-and-cons-of-chicago-dog-parks\/","title":{"rendered":"Ventajas e inconvenientes de los parques para perros Chicago"},"content":{"rendered":"<p>Se dice que los perros son nuestros mejores amigos, y en una ciudad como Chicago, un parque para perros puede ser el mejor amigo de un can encerrado.<\/p>\n\n\n\n<p>Los parques para perros ofrecen la oportunidad de que su perro haga el ejercicio que tanto necesita, practique el adiestramiento, estreche lazos familiares y conozca a otros propietarios de perros. Sin embargo, los parques para perros tambi\u00e9n entra\u00f1an riesgos. Los perros que no est\u00e1n bien adiestrados o que se sobreestimulan en un parque canino pueden escaparse o <a href=\"https:\/\/www.briskmanandbriskman.com\/es\/areas-de-practica\/abogado-de-mordedura-de-perro-chicago\/\">morder a otro perro o persona<\/a> - dej\u00e1ndole preocupado, afrontando facturas inesperadas o incluso lesionado.<\/p>\n\n\n\n<p>Si te has lesionado en un parque para perros Chicago, no esperes. Hable con el <a href=\"https:\/\/www.briskmanandbriskman.com\/es\/nuestros-abogados\/\">equipo de Briskman Briskman &amp; Greenberg<\/a> hoy mismo. Le ayudaremos a entender sus derechos legales y a considerar sus opciones.<\/p>\n\n\n\n<h3 class=\"wp-block-heading\">Parques para perros populares en Chicago<\/h3>\n\n\n\n<p>Chicago est\u00e1 lleno de due\u00f1os de perros, lo que significa que tambi\u00e9n est\u00e1 lleno de parques para perros. Algunos de los parques para perros m\u00e1s populares en Chicago incluyen:<\/p>\n\n\n\n<ul class=\"wp-block-list\">\n<li><strong>Jackson Bark:<\/strong> Considerado uno de los mejores parques caninos y zonas de adiestramiento de la ciudad.<\/li>\n\n\n\n<li><strong>1TP47Parque para perros de la costa este:<\/strong> Un hermoso parque que a\u00fan no es muy conocido entre los due\u00f1os de perros.<\/li>\n\n\n\n<li><strong>Logan Square:<\/strong> Este parque es especialmente adecuado para perros peque\u00f1os.<\/li>\n\n\n\n<li><strong>Playa para perros de Montrose:<\/strong> \u00a1Lleve a su perro a Lake Michigan con la playa para perros m\u00e1s grande de Chicago!<\/li>\n\n\n\n<li><strong>Parque para perros Puptown:<\/strong> Puptown est\u00e1 totalmente vallado, lo que a\u00f1ade tranquilidad a los due\u00f1os de perros asustadizos o curiosos.<\/li>\n\n\n\n<li><strong>Wiggly Field:<\/strong> El primer parque para perros sin correa de la ciudad ofrece una zona separada para perros peque\u00f1os.<\/li>\n<\/ul>\n\n\n\n<p>Cualquiera de estos parques ofrece grandes oportunidades para su compa\u00f1ero canino, pero tambi\u00e9n pueden surgir riesgos, como el de las mordeduras de perro.<\/p>\n\n\n\n<h3 class=\"wp-block-heading\">Requisitos de correa en los parques para perros de Chicago<\/h3>\n\n\n\n<p><a href=\"https:\/\/codelibrary.amlegal.com\/codes\/chicago\/latest\/chicago_il\/0-0-0-2640206\" rel=\"noreferrer noopener\" target=\"_blank\">Chicago C\u00f3digo Municipal Cap\u00edtulo 7-12<\/a> exige que los perros lleven correa siempre que se encuentren fuera de su propiedad, a menos que trabajen como perros de rescate o de las fuerzas del orden. Los perros tambi\u00e9n pueden ser transportados en jaulas o veh\u00edculos en lugar de llevar correa, pero no pueden correr libres.<\/p>\n\n\n\n<p>Chicago's Dog-Friendly Areas (DFAs) permiten que los perros vayan sin correa. Muchos parques para perros son AFD, como el de la playa de Montrose. Para ir sin correa, el perro debe tener un permiso y una placa. Los veterinarios municipales suelen ofrecer estos permisos y placas.<\/p>\n\n\n\n<p>Soltar a su perro de la correa puede ser divertido para \u00e9l, pero tambi\u00e9n conlleva riesgos. Incluso el perro mejor adiestrado puede huir si se asusta o persigue a una presa. Casi todos los perros muerden si se sienten suficientemente amenazados. <a href=\"https:\/\/www.briskmanandbriskman.com\/es\/areas-de-practica\/abogado-de-mordedura-de-perro-chicago\/proceso-judicial-por-mordedura-de-perro\/\">Los propietarios pueden enfrentarse a multas o demandas<\/a> si su perro es calificado de vagabundo o causa da\u00f1os a terceros.<\/p>\n\n\n\n<h3 class=\"wp-block-heading\">Lesiones t\u00edpicas sufridas en un ataque por mordedura de perro<\/h3>\n\n\n\n<p>La mayor\u00eda de las mordeduras de perro no son mortales. Sin embargo, pueden causar lesiones graves. Acerca de <a href=\"https:\/\/www.briskmanandbriskman.com\/es\/areas-de-practica\/abogado-de-mordedura-de-perro-chicago\/tratamientos-medicos-para-las-mordeduras-de-perro\/\">El 20% de las mordeduras de perro requieren atenci\u00f3n m\u00e9dica<\/a>y algunos <a href=\"https:\/\/www.briskmanandbriskman.com\/es\/centros-de-informacion\/centro-de-mordeduras-de-perro\/centros-de-trauma-de-nivel-i-que-tratan-las-mordeduras-de-perro-en-chicago\/\">requieren hospitalizaci\u00f3n<\/a>seg\u00fan los CDC.<\/p>\n\n\n\n<p>Entre las lesiones m\u00e1s comunes sufridas en los ataques por mordedura de perro se incluyen:<\/p>\n\n\n\n<ul class=\"wp-block-list\">\n<li>Laceraciones y da\u00f1os en la piel, incluidas las heridas punzantes.<\/li>\n\n\n\n<li>Da\u00f1os en los m\u00fasculos y nervios situados bajo la piel.<\/li>\n\n\n\n<li>Cicatrices graves, que a menudo son permanentes.<\/li>\n\n\n\n<li>Infecciones provocadas por bacterias en la boca del perro, que pueden llegar a ser mortales si no se tratan.<\/li>\n<\/ul>\n\n\n\n<p>Las mordeduras graves de perro pueden causar graves p\u00e9rdidas de sangre o fracturas \u00f3seas. En un ataque de perro, una persona que es derribada al suelo tambi\u00e9n puede resultar herida por una ca\u00edda.<\/p>\n\n\n\n<h3 class=\"wp-block-heading\">\u00bfHay razas de perros m\u00e1s peligrosas que otras?<\/h3>\n\n\n\n<p><a href=\"https:\/\/www.briskmanandbriskman.com\/es\/areas-de-practica\/abogado-de-mordedura-de-perro-chicago\/chicago-pit-bull-dog-bite-lawyer\/\">Pitbulls<\/a>, Rottweilers, and German Shepherds all have a reputation for being dangerous. Yet the risk for dangerous behavior from a dog comes down to two factors: temperament and environment.<\/p>\n\n\n\n<p>Muchas razas de perros son conocidas por su personalidad. Los labradores, por ejemplo, son muy apreciados como perros de familia por su car\u00e1cter afable y sociable. Los rottweiler se cr\u00edan por sus h\u00e1bitos protectores y su recelo natural hacia los extra\u00f1os. Al igual que el temperamento hace que algunos humanos sean m\u00e1s propensos a atacar que otros, el temperamento hace que algunos perros recurran a la mordedura m\u00e1s r\u00e1pidamente que otros.<\/p>\n\n\n\n<p>Sin embargo, cualquier perro se vuelve peligroso en determinados entornos. Un perro que se siente amenazado o acorralado es m\u00e1s propenso a atacar para protegerse a s\u00ed mismo o a sus cachorros. Los perros que sufren malos tratos o no recibieron una socializaci\u00f3n adecuada cuando eran cachorros tambi\u00e9n son m\u00e1s propensos a morder.<\/p>\n\n\n\n<h3 class=\"wp-block-heading\">Preguntas frecuentes sobre las mordeduras de perro en los parques para perros<\/h3>\n\n\n\n<p>Un ataque por mordedura de perro en un parque para perros puede ser m\u00e1s probable, pero eso no significa que una persona lesionada deba aceptar las consecuencias sin buscar ayuda legal.<\/p>\n\n\n\n<h4 class=\"wp-block-heading\">\u00bfQu\u00e9 ocurre si una persona es atacada por un perro sin correa?<\/h4>\n\n\n\n<p>Violar la ley de correas Chicago conlleva una multa de $300 aunque el perro no haga da\u00f1o a nadie. Si el perro muerde o ataca a una persona, la multa puede ascender a $10.000. Tambi\u00e9n pueden imponerse penas de c\u00e1rcel o trabajos comunitarios. Tambi\u00e9n puede acarrear penas de c\u00e1rcel o trabajos comunitarios.<\/p>\n\n\n\n<p>Aunque estas normas difieren en las zonas aptas para perros, una persona herida por un perro puede reclamar una indemnizaci\u00f3n por los da\u00f1os sufridos. Las multas por perros sueltos sin placa ni permiso pueden ascender a $500 por perro.<\/p>\n\n\n\n<h4 class=\"wp-block-heading\">\u00bfQu\u00e9 ocurre si alguien es atacado en la calle o en un parque, c\u00f3mo se aplican las leyes sobre mordeduras de perro?<\/h4>\n\n\n\n<p><a href=\"https:\/\/www.briskmanandbriskman.com\/es\/areas-de-practica\/abogado-de-mordedura-de-perro-chicago\/como-ser-un-dueno-responsable\/\">Chicago requiere due\u00f1os de perros<\/a> controlar a sus perros con correas, jaulas o cajones si el perro no est\u00e1 en su terreno. Si el perro muerde o ataca a alguien, <a href=\"https:\/\/www.briskmanandbriskman.com\/es\/areas-de-practica\/abogado-de-mordedura-de-perro-chicago\/que-es-la-responsabilidad-objetiva-en-un-caso-de-mordedura-de-perro\/\">Ley de responsabilidad objetiva por mordedura de perro \"Illinois<\/a> responsabiliza al due\u00f1o del perro de las lesiones.<\/p>\n\n\n\n<p>La ley estatal de responsabilidad por mordedura de perro se aplica incluso si el perro nunca ha atacado a nadie ni ha mostrado tendencias violentas anteriormente. Adem\u00e1s, la <a href=\"https:\/\/www.ilga.gov\/legislation\/ilcs\/ilcs3.asp?ActID=1704&amp;ChapterID=41\" rel=\"noreferrer noopener\" target=\"_blank\">Illinois Ley de control de animales<\/a> permite a una persona lesionada reclamar da\u00f1os y perjuicios por cualquier lesi\u00f3n sufrida en un ataque de perro - no s\u00f3lo por mordeduras de perro.<\/p>\n\n\n\n<h4 class=\"wp-block-heading\">\u00bfQu\u00e9 diferencia hay entre que te muerda el perro de un vecino y el de un desconocido?<\/h4>\n\n\n\n<p>Aunque el c\u00f3digo municipal de Chicago obliga a los propietarios a sujetar a los perros que est\u00e1n fuera de su propiedad, la ley no obliga a los propietarios a sujetar a los perros que est\u00e1n en su propiedad. Un perro que se encuentre en la casa o el patio de su propietario puede vagar libremente por ese espacio.<\/p>\n\n\n\n<p>Sin embargo, una persona herida por un perro que est\u00e1 en su territorio sigue teniendo ciertos derechos legales. En este caso, la persona lesionada puede tener que demostrar que el due\u00f1o del perro no le advirti\u00f3 de su presencia.<\/p>\n\n\n\n<p>Los resultados de la reclamaci\u00f3n tambi\u00e9n pueden depender de si el perro fue provocado y por qui\u00e9n. Si el due\u00f1o provoc\u00f3 al perro para que mordiera a un vecino o visitante, por ejemplo, es m\u00e1s probable que el due\u00f1o se responsabilice de las lesiones resultantes de la respuesta agresiva del perro a la provocaci\u00f3n.<\/p>\n\n\n\n<h4 class=\"wp-block-heading\">\u00bfCu\u00e1l es el proceso legal si soy turista y me muerde un perro?<\/h4>\n\n\n\n<p>Los turistas que sufren ataques o mordeduras de perro mientras visitan Chicago tienen los mismos derechos legales que los residentes en Illinois que sufren ataques de perro. Entre ellos se incluye el derecho a reclamar una indemnizaci\u00f3n por facturas m\u00e9dicas, salarios perdidos y da\u00f1os materiales. Los heridos tambi\u00e9n pueden reclamar una indemnizaci\u00f3n por el dolor y el sufrimiento, el trauma mental o emocional, y la <a href=\"https:\/\/www.briskmanandbriskman.com\/es\/areas-de-practica\/abogado-de-mordedura-de-perro-chicago\/tipos-de-cicatrices-de-mordeduras-de-perro\/\">carga de cicatrices o desfiguraci\u00f3n de por vida<\/a>.<\/p>\n\n\n\n<p>Si eres turista, tramitar tu caso puede parecer desalentador. \u00c2\u00bfC\u00c3\u00b3mo puede presentar una reclamaci\u00c3\u00b3n cuando espera estar de vuelta en su pa\u00c3s de origen, o incluso en otro pa\u00c3s, en unos pocos d\u00c3as o semanas?<\/p>\n\n\n\n<p>Trabajar con un abogado experimentado puede ayudarle. Su <a href=\"https:\/\/www.briskmanandbriskman.com\/es\/areas-de-practica\/abogado-de-mordedura-de-perro-chicago\/\">Chicago mordedura de perro<\/a> y <a href=\"https:\/\/www.briskmanandbriskman.com\/es\/\">abogado de lesiones personales<\/a> puede llevar su caso y comunicarse con usted para que pueda buscar una indemnizaci\u00f3n sin tener que abandonar su vida cotidiana para ello.<\/p>\n\n\n\n<h3 class=\"wp-block-heading\">D\u00f3nde pedir ayuda tras un incidente en un parque canino<\/h3>\n\n\n\n<p>Despu\u00e9s de una mordedura de perro, puede que tenga que luchar no s\u00f3lo para curarse de las heridas, sino tambi\u00e9n para hacer frente al impacto mental y emocional del ataque. Puede que le preocupe c\u00f3mo va a mantener a su familia mientras se cura. Puede temer que nunca recupere por completo la funcionalidad de las partes del cuerpo afectadas o que le queden cicatrices permanentes. Puede que incluso sea incapaz de ver a su mejor amigo canino como la fuente de consuelo que una vez fue.<\/p>\n\n\n\n<p>Si esto le resulta familiar, no est\u00e1 solo. Comprender los plazos y las \u00e1reas de experiencia relacionadas con las demandas por mordeduras de perro puede ayudarle a seguir adelante.<\/p>\n\n\n\n<h2 class=\"wp-block-heading\">Elecci\u00f3n de un abogado con experiencia en derecho de lesiones personales y casos de mordeduras de perro<\/h2>\n\n\n\n<p>Si le ha mordido un perro, su primer instinto puede ser buscar \"abogado de mordeduras de perro Chicago\" en su buscador favorito. Cuando <a href=\"https:\/\/www.briskmanandbriskman.com\/es\/areas-de-practica\/abogado-de-mordedura-de-perro-chicago\/como-encontrar-el-mejor-abogado-especializado-en-mordeduras-de-perro\/\">selecci\u00f3n de abogados<\/a>Sin embargo, es importante tener en cuenta su experiencia no s\u00f3lo en la tramitaci\u00f3n de casos de mordeduras de perro, sino tambi\u00e9n en la tramitaci\u00f3n de demandas por lesiones personales.<\/p>\n\n\n\n<p>Muchos casos de mordedura de perro implican p\u00e9rdidas que no se limitan a la mordedura. Una mordedura de perro en un parque, por ejemplo, puede implicar otra lesi\u00f3n, como una ca\u00edda, si el perro tambi\u00e9n te derriba. <a href=\"https:\/\/www.briskmanandbriskman.com\/es\/\">Abogados de da\u00f1os personales<\/a> saben c\u00f3mo tramitar estas reclamaciones relacionadas adem\u00e1s de la mordedura de perro. Pueden asegurarse de que reciba la indemnizaci\u00f3n completa a la que tiene derecho.<\/p>\n\n\n\n<p>Para saber m\u00e1s, hable con el <a href=\"https:\/\/www.briskmanandbriskman.com\/es\/\">Chicago abogados expertos en lesiones en parques para perros en Briskman Briskman &amp; Greenberg<\/a> hoy. <a href=\"https:\/\/www.briskmanandbriskman.com\/es\/abogados-de-accidentes-de-camiones-en-chicago-2\/\">P\u00f3ngase en contacto con nosotros para programar una evaluaci\u00f3n gratuita y confidencial de su caso<\/a>.<\/p>","protected":false},"excerpt":{"rendered":"<p>Se dice que los perros son nuestros mejores amigos, y en una ciudad como Chicago, un parque para perros puede ser el mejor amigo de un can encerrado. Los parques para perros ofrecen la oportunidad de que su perro haga el ejercicio que tanto necesita, practique adiestramiento, estreche lazos familiares y conozca a otros due\u00f1os de perros. Sin embargo, los parques para perros pueden...<\/p>","protected":false},"author":1,"featured_media":11050,"parent":58,"menu_order":0,"comment_status":"closed","ping_status":"closed","template":"","meta":{"_acf_changed":false,"footnotes":""},"class_list":["post-10205","page","type-page","status-publish","has-post-thumbnail","hentry"],"acf":[],"_links":{"self":[{"href":"https:\/\/www.briskmanandbriskman.com\/es\/wp-json\/wp\/v2\/pages\/10205","targetHints":{"allow":["GET"]}}],"collection":[{"href":"https:\/\/www.briskmanandbriskman.com\/es\/wp-json\/wp\/v2\/pages"}],"about":[{"href":"https:\/\/www.briskmanandbriskman.com\/es\/wp-json\/wp\/v2\/types\/page"}],"author":[{"embeddable":true,"href":"https:\/\/www.briskmanandbriskman.com\/es\/wp-json\/wp\/v2\/users\/1"}],"replies":[{"embeddable":true,"href":"https:\/\/www.briskmanandbriskman.com\/es\/wp-json\/wp\/v2\/comments?post=10205"}],"version-history":[{"count":4,"href":"https:\/\/www.briskmanandbriskman.com\/es\/wp-json\/wp\/v2\/pages\/10205\/revisions"}],"predecessor-version":[{"id":14765,"href":"https:\/\/www.briskmanandbriskman.com\/es\/wp-json\/wp\/v2\/pages\/10205\/revisions\/14765"}],"up":[{"embeddable":true,"href":"https:\/\/www.briskmanandbriskman.com\/es\/wp-json\/wp\/v2\/pages\/58"}],"wp:featuredmedia":[{"embeddable":true,"href":"https:\/\/www.briskmanandbriskman.com\/es\/wp-json\/wp\/v2\/media\/11050"}],"wp:attachment":[{"href":"https:\/\/www.briskmanandbriskman.com\/es\/wp-json\/wp\/v2\/media?parent=10205"}],"curies":[{"name":"wp","href":"https:\/\/api.w.org\/{rel}","templated":true}]}}