{"id":10197,"date":"2024-01-05T04:22:11","date_gmt":"2024-01-05T04:22:11","guid":{"rendered":"https:\/\/bbg.mystagingwebsite.com\/?page_id=10197"},"modified":"2025-05-27T21:33:44","modified_gmt":"2025-05-27T21:33:44","slug":"es-la-naturaleza-del-perro-atacar","status":"publish","type":"page","link":"https:\/\/www.briskmanandbriskman.com\/es\/practice-areas\/chicago-dog-bite-lawyer\/is-it-in-a-dogs-nature-to-attack\/","title":{"rendered":"\u00bfEst\u00e1 en la naturaleza del perro atacar?"},"content":{"rendered":"<p>En Estados Unidos viven casi 90 millones de perros. Por algo se les conoce como el mejor amigo del hombre. La gente quiere a sus perros como si fueran de la familia, pero eso no significa que dejen de ser animales capaces de infligir lesiones graves.<\/p>\n\n\n\n<p>Cada a\u00f1o se producen alrededor de <a href=\"https:\/\/www.briskmanandbriskman.com\/es\/areas-de-practica\/abogado-de-mordedura-de-perro-chicago\/\">4,5 millones de mordeduras de perro denunciadas en EE.UU.<\/a>. Esa cifra no refleja ninguno de los millones de incidentes adicionales no denunciados. De esos incidentes de mordedura, 800.000 requieren atenci\u00f3n m\u00e9dica profesional, lo que se traduce en 900 visitas diarias a urgencias y entre 30 y 50 muertes anuales. Las estad\u00edsticas son sorprendentes y pueden hacerle preguntarse: \u00bfest\u00e1 en la naturaleza del perro morder y atacar?<\/p>\n\n\n\n<p><strong>\u00bfNaturaleza o crianza?<\/strong><\/p>\n\n\n\n<p>La cuesti\u00f3n de si atacar est\u00e1 en la naturaleza de un perro es complicada. A diferencia de los humanos, los perros no pueden usar palabras para expresar claramente sus sentimientos y necesidades de un modo que reconozcamos inmediatamente. Tienen que utilizar el lenguaje corporal, ladrar, gru\u00f1ir, llorar y gru\u00f1ir para transmitir lo que quieren. Cuando no se entienden sus anteriores modos de comunicaci\u00f3n canina, un perro puede sentir la necesidad de morder.<\/p>\n\n\n\n<p>La inmensa mayor\u00eda de los perros son amistosos y bondadosos y pasar\u00e1n toda su vida sin morder nunca a nadie. Sin embargo, la causa de la mayor\u00eda de las mordeduras de perro no es un perro intr\u00ednsecamente agresivo, sino el error o el mal comportamiento de una persona.<\/p>\n\n\n\n<p><strong>Legislaci\u00f3n espec\u00edfica sobre razas<\/strong><\/p>\n\n\n\n<p>Algunos <a href=\"https:\/\/www.briskmanandbriskman.com\/es\/areas-de-practica\/abogado-de-mordedura-de-perro-chicago\/tipos-de-perros-que-pueden-causar-lesiones-graves\/\">las razas de perros tienen mala fama por ser agresivas<\/a>. Pit bulls, for example, are frequently considered dangerous and are the most often targeted breed for bans and breed-specific legislation. <a href=\"https:\/\/www.briskmanandbriskman.com\/es\/areas-de-practica\/abogado-de-mordedura-de-perro-chicago\/chicago-pit-bull-dog-bite-lawyer\/\">Pit bulls and pit bull mixes<\/a> are involved in the most bite incidents and tend to inflict more damage when they do attack.<\/p>\n\n\n\n<p>Sin embargo, los estudios demuestran que la raza no es el mejor indicador de la agresividad. El temperamento, las experiencias, el adiestramiento, la socializaci\u00f3n y el due\u00f1o de un perro influyen mucho m\u00e1s en su disposici\u00f3n a morder que la gen\u00e9tica. El tama\u00f1o es otro factor que influye en estas estad\u00edsticas. Los perros peque\u00f1os y medianos muerden con la misma frecuencia que los grandes, s\u00f3lo que causan menos da\u00f1os y, por tanto, se denuncian con menos frecuencia.<\/p>\n\n\n\n<p>La legislaci\u00f3n espec\u00edfica sobre razas es habitual, pero a menudo no aborda la causa de las mordeduras de perro. Hace poco por fomentar la cr\u00eda y tenencia responsable de perros.<\/p>\n\n\n\n<p><strong>Consejos para prevenir las mordeduras de perro<\/strong><\/p>\n\n\n\n<p>Tener un perro es un compromiso serio que requiere tiempo, esfuerzo, paciencia y amor. La tenencia responsable proporciona al perro la mejor vida posible y reduce las posibilidades de que hiera a alguien. Los due\u00f1os de perros siempre deben:<\/p>\n\n\n\n<ul class=\"wp-block-list\">\n<li>Empiece con el adiestramiento y la socializaci\u00f3n lo antes posible. Las clases de adiestramiento, los cursos de civismo canino, etc. son muy beneficiosos tanto para los cachorros como para los perros adultos. Sin embargo, los buenos h\u00e1bitos son m\u00e1s f\u00e1ciles de establecer pronto.<\/li>\n\n\n\n<li>Evite los castigos severos. Los perros a los que se pega, se grita o se deja solos durante mucho tiempo pueden desarrollar miedo a las personas y tendencias agresivas.<\/li>\n\n\n\n<li>Observe a las mascotas en busca de signos de agresividad o ansiedad y haga frente a ellos inmediatamente. Reduzca los desencadenantes y busque adiestramiento profesional cuando sea necesario.<\/li>\n\n\n\n<li>Mant\u00e9n al d\u00eda las vacunas y los cuidados veterinarios. Un perro que sufre o est\u00e1 enfermo no solo sufre, sino que tambi\u00e9n puede ser m\u00e1s propenso a morder.<\/li>\n\n\n\n<li>Mant\u00e9n siempre al perro encerrado en una valla o por otros medios y \u00fasalo con correa cuando salgas en p\u00fablico. Muchos ataques se producen cuando el perro anda suelto.<\/li>\n<\/ul>\n\n\n\n<p>Todo el mundo, incluso los que no tienen perro, debe aplicar el sentido com\u00fan al interactuar con un perro para evitar un ataque. He aqu\u00ed algunas buenas pr\u00e1cticas que todo el mundo debe tener en cuenta:<\/p>\n\n\n\n<ul class=\"wp-block-list\">\n<li>Pide permiso para tocar a un perro que est\u00e9 con su due\u00f1o. Ac\u00e9rcate con precauci\u00f3n a un perro suelto o desconocido.<\/li>\n\n\n\n<li>Procure no sorprender ni acercarse sigilosamente a un perro.<\/li>\n\n\n\n<li>Nunca entres en la zona de un perro desconocido ni toques su comida o sus juguetes. Meter la mano en un veh\u00edculo o entrar en el patio donde est\u00e1 un perro puede provocar que ataquen para proteger su territorio.<\/li>\n\n\n\n<li>Est\u00e9 atento a las se\u00f1ales que preceden a un mordisco. Los perros casi nunca muerden de improviso, y muchas personas que resultan heridas por un perro pasan por alto las se\u00f1ales que indican que el animal est\u00e1 asustado, inc\u00f3modo, ansioso o alterado. Un perro que est\u00e1 a punto de morder puede meter el rabo entre las patas, aplanar las orejas, agacharse, quedarse muy quieto, levantar el pelo del lomo, gru\u00f1ir, ense\u00f1ar los dientes y otras se\u00f1ales.<\/li>\n\n\n\n<li>Evite huir de un perro. Puede activar su impulso natural de persecuci\u00f3n.<\/li>\n<\/ul>\n\n\n\n<p><strong>Qu\u00e9 hacer si ataca un perro<\/strong><\/p>\n\n\n\n<p>A veces, el ataque de un perro es inevitable. Hay algunas estrategias que le ayudar\u00e1n a protegerse en esa situaci\u00f3n y a reducir el da\u00f1o que un perro es capaz de infligir.<\/p>\n\n\n\n<p>En primer lugar, no d\u00e9 la espalda a un perro que muestre signos de agresividad. Intente mantener la calma, evite gritar y prep\u00e1rese para un ataque mientras retrocede hacia un lugar seguro. Si el perro no retrocede, haga todo el ruido posible para alertar a los dem\u00e1s y pedir ayuda. C\u00fabrase la garganta y el cuello con las manos, ya que esta zona es muy vulnerable, y eche al perro a patadas si es posible.<\/p>\n\n\n\n<p><a href=\"https:\/\/www.briskmanandbriskman.com\/es\/areas-de-practica\/abogado-de-mordedura-de-perro-chicago\/\">Personas heridas por un perro<\/a> puede tener derecho a una indemnizaci\u00f3n del propietario del perro por los da\u00f1os que haya causado su animal. El sitio <a href=\"https:\/\/www.briskmanandbriskman.com\/es\/\">abogados especializados en lesiones personales Illinois en Briskman, Briskman &amp; Greenberg<\/a> puede ayudar. Con m\u00e1s de 30 a\u00f1os de experiencia abogando en nombre de las v\u00edctimas de lesiones, sabemos lo que se necesita para tener \u00e9xito en nombre de nuestros clientes.<\/p>\n\n\n\n<p>Como <a href=\"https:\/\/www.briskmanandbriskman.com\/es\/la-garantia-briskman\/\">parte de la Garant\u00eda Briskman<\/a>su consulta inicial es gratuita. Trabajamos sobre una base de honorarios de contingencia, lo que significa que s\u00f3lo nos paga cuando tenemos \u00e9xito en la obtenci\u00f3n de una indemnizaci\u00f3n para usted o su familia. Para saber m\u00e1s, <a href=\"tel:1-877-595-4878\">llame al 1-877-595-4878<\/a> para programar una consulta gratuita hoy mismo. <a href=\"https:\/\/www.briskmanandbriskman.com\/es\/\">Briskman, Briskman Y Greenberg<\/a> tiene sedes en Joliet y Chicago para atenderle mejor.<\/p>","protected":false},"excerpt":{"rendered":"<p>En Estados Unidos viven casi 90 millones de perros. Por algo se les conoce como el mejor amigo del hombre. La gente quiere a sus perros como si fueran de la familia, pero eso no significa que dejen de ser animales capaces de infligir lesiones graves. Cada a\u00f1o se denuncian alrededor de 4,5 millones de mordeduras de perro en EE.UU. ....<\/p>","protected":false},"author":1,"featured_media":0,"parent":58,"menu_order":0,"comment_status":"closed","ping_status":"closed","template":"","meta":{"_acf_changed":false,"footnotes":""},"class_list":["post-10197","page","type-page","status-publish","hentry"],"acf":[],"_links":{"self":[{"href":"https:\/\/www.briskmanandbriskman.com\/es\/wp-json\/wp\/v2\/pages\/10197","targetHints":{"allow":["GET"]}}],"collection":[{"href":"https:\/\/www.briskmanandbriskman.com\/es\/wp-json\/wp\/v2\/pages"}],"about":[{"href":"https:\/\/www.briskmanandbriskman.com\/es\/wp-json\/wp\/v2\/types\/page"}],"author":[{"embeddable":true,"href":"https:\/\/www.briskmanandbriskman.com\/es\/wp-json\/wp\/v2\/users\/1"}],"replies":[{"embeddable":true,"href":"https:\/\/www.briskmanandbriskman.com\/es\/wp-json\/wp\/v2\/comments?post=10197"}],"version-history":[{"count":3,"href":"https:\/\/www.briskmanandbriskman.com\/es\/wp-json\/wp\/v2\/pages\/10197\/revisions"}],"predecessor-version":[{"id":14749,"href":"https:\/\/www.briskmanandbriskman.com\/es\/wp-json\/wp\/v2\/pages\/10197\/revisions\/14749"}],"up":[{"embeddable":true,"href":"https:\/\/www.briskmanandbriskman.com\/es\/wp-json\/wp\/v2\/pages\/58"}],"wp:attachment":[{"href":"https:\/\/www.briskmanandbriskman.com\/es\/wp-json\/wp\/v2\/media?parent=10197"}],"curies":[{"name":"wp","href":"https:\/\/api.w.org\/{rel}","templated":true}]}}