{"id":10194,"date":"2024-01-05T04:19:06","date_gmt":"2024-01-05T04:19:06","guid":{"rendered":"https:\/\/bbg.mystagingwebsite.com\/?page_id=10194"},"modified":"2024-03-06T22:21:46","modified_gmt":"2024-03-06T22:21:46","slug":"instacart-abogados-mordedura-de-perro","status":"publish","type":"page","link":"https:\/\/www.briskmanandbriskman.com\/es\/practice-areas\/chicago-dog-bite-lawyer\/instacart-dog-bite-lawyers\/","title":{"rendered":"Abogados de mordeduras de perro de Instacart"},"content":{"rendered":"<h2 class=\"wp-block-heading\">Chicago Abogados luchan por los conductores de Instacart que sufren mordeduras de perro<\/h2>\n\n\n\n<p>Las compras en l\u00ednea, ya populares antes de la pandemia, despegaron en 2020. Los hogares depend\u00edan de las entregas de alimentos para poder obedecer las normas de distanciamiento social sin pasar hambre.<\/p>\n\n\n\n<p>Las restricciones por la pandemia han remitido, pero el inter\u00e9s por las entregas de alimentos sigue siendo fuerte. Hoy en d\u00eda, muchos residentes de Illinois hacen entregas a trav\u00e9s de Instacart. Conducir para Instacart puede ser una fuente de ingresos \u00fatil, pero tambi\u00e9n puede exponer a los conductores a riesgos, incluido el riesgo de que los clientes no contengan responsablemente a sus perros.<\/p>\n\n\n\n<p>Si ha sufrido una lesi\u00f3n por mordedura de perro mientras realizaba entregas para Instacart, hable con un abogado hoy mismo. En <a href=\"https:\/\/www.briskmanandbriskman.com\/es\/areas-de-practica\/abogado-de-mordedura-de-perro-chicago\/\">abogados expertos en mordeduras de perro de Instacart en Briskman, Briskman &amp; Greenburg<\/a> puede ayudar.<\/p>\n\n\n\n<h3 class=\"wp-block-heading\">Conductores de reparto y estad\u00edsticas de mordeduras de perro<\/h3>\n\n\n\n<p>Las compras en l\u00ednea a\u00f1adieron otros $900.000 millones al gasto en comercio electr\u00f3nico en 2020. Gran parte de este dinero se destin\u00f3 a productos de primera necesidad, como comestibles y comidas a domicilio. Sin embargo, el aumento de las entregas de comercio electr\u00f3nico tambi\u00e9n ha provocado un aumento general de las lesiones por mordedura de perro entre los repartidores, incluidos los que realizan entregas a trav\u00e9s de Instacart.<\/p>\n\n\n\n<p>Instacart cuenta actualmente con unos 500.000 \"compradores\", es decir, personas que recogen art\u00edculos y hacen entregas. Con 9,6 millones de usuarios activos, esos compradores suelen encontrar trabajo suficiente para mantenerse ocupados. Pero cada comprador tambi\u00e9n corre riesgos.<\/p>\n\n\n\n<p>Las mordeduras de perro de los repartidores preocupan desde hace tiempo al Servicio Postal de EE.UU. (USPS). El USPS calcula que <a href=\"https:\/\/www.briskmanandbriskman.com\/es\/areas-de-practica\/abogado-de-mordedura-de-perro-chicago\/usps-abogados-de-mordeduras-de-perro\/\">5.400 carteros sufrieron heridas por el ataque de un perro<\/a> en 2021. En 2019, USPS clasific\u00f3 Chicago como la tercera peor ciudad para las mordeduras de perro relacionadas con la entrega.<\/p>\n\n\n\n<p>Las cifras de USPS no incluyen a los conductores de servicios de reparto privados, como Instacart. Sin embargo, demuestran c\u00f3mo los conductores de reparto se enfrentan a un mayor riesgo de lesiones relacionadas con perros en su trabajo.<\/p>\n\n\n\n<h3 class=\"wp-block-heading\">Illinois Ley sobre mordeduras de perro<\/h3>\n\n\n\n<figure class=\"wp-block-embed is-type-video is-provider-vimeo wp-block-embed-vimeo\"><div class=\"wp-block-embed__wrapper\">\n<iframe loading=\"lazy\" title=\"Chicago Leyes sobre mordeduras de perro para conductores de Instacart\" src=\"https:\/\/player.vimeo.com\/video\/825263242?h=b331927a5c&amp;dnt=1&amp;app_id=122963\" width=\"500\" height=\"281\" frameborder=\"0\" allow=\"autoplay; fullscreen; picture-in-picture; clipboard-write; encrypted-media; web-share\" referrerpolicy=\"strict-origin-when-cross-origin\"><\/iframe>\n<\/div><\/figure>\n\n\n\n<p><a href=\"https:\/\/www.ilga.gov\/legislation\/ilcs\/fulltext.asp?DocName=051000050K16\" rel=\"noreferrer noopener\" target=\"_blank\">Illinois' estatuto mordedura de perro, 510 ILCS 5\/16<\/a>establece que una persona lesionada puede recibir una indemnizaci\u00f3n por da\u00f1os y perjuicios del propietario de un perro si:<\/p>\n\n\n\n<ul class=\"wp-block-list\">\n<li>El perro \"ataca, intenta atacar o lesiona\" a la persona,<\/li>\n\n\n\n<li>El perro no fue provocado,<\/li>\n\n\n\n<li>La persona se comporta \"pac\u00edficamente\", y<\/li>\n\n\n\n<li>La persona se encuentra en un lugar en el que est\u00e1 legalmente autorizada a estar cuando se produce la agresi\u00f3n.<\/li>\n<\/ul>\n\n\n\n<p>La ley de mordeduras de perro de Illinois es un ejemplo de ley de \"responsabilidad objetiva\". <a href=\"https:\/\/www.briskmanandbriskman.com\/es\/areas-de-practica\/abogado-de-mordedura-de-perro-chicago\/que-es-la-responsabilidad-objetiva-en-un-caso-de-mordedura-de-perro\/\">Leyes de responsabilidad objetiva por mordedura de perro<\/a> no incluyen excepciones para perros que lleven correa o correa, perros que est\u00e9n cercados o perros que no hayan mordido a nadie en el pasado. Si un perro muerde a una persona en Illinois, esa persona puede reclamar da\u00f1os y perjuicios siempre que se apliquen todos los elementos de la ley.<\/p>\n\n\n\n<p>Illinois la ley de mordedura de perro a menudo se aplica a situaciones ordinarias de entrega. Un conductor de Instacart se acerca a una direcci\u00f3n de entrega, con la intenci\u00f3n de dejar pac\u00edficamente un pedido de comestibles sin traspasar o romper cualquier ley - s\u00f3lo para sufrir lesiones de un perro que no estaba debidamente controlada por sus propietarios.<\/p>\n\n\n\n<h3 class=\"wp-block-heading\">Tipos comunes de lesiones por ataque de perro<\/h3>\n\n\n\n<p>Cada a\u00f1o se producen en Estados Unidos unos 4,5 millones de ataques de perro. Aunque el riesgo de morir por un ataque de perro es bajo, el riesgo de sufrir lesiones graves, cicatrices permanentes y traumas persistentes es alto.<\/p>\n\n\n\n<p><a href=\"https:\/\/www.briskmanandbriskman.com\/es\/areas-de-practica\/abogado-de-mordedura-de-perro-chicago\/lesiones-comunes-por-mordeduras-de-perro\/\">Lesiones frecuentes por mordeduras de perro<\/a> incluyen:<\/p>\n\n\n\n<ul class=\"wp-block-list\">\n<li>Piel, m\u00fasculos, nervios y otros tejidos da\u00f1ados.<\/li>\n\n\n\n<li>Dolor persistente o permanente o p\u00e9rdida de funciones.<\/li>\n\n\n\n<li>Cicatrices permanentes, a veces graves.<\/li>\n\n\n\n<li>Infecciones que comienzan en el lugar de la lesi\u00f3n.<\/li>\n\n\n\n<li>Trauma mental y emocional.<\/li>\n<\/ul>\n\n\n\n<p>Las mordeduras de perro graves pueden incluso provocar fracturas u otras lesiones graves.<\/p>\n\n\n\n<p>No todas las lesiones relacionadas con los perros se producen por mordeduras. Durante un ataque de perro, una persona puede sufrir lesiones por ser derribada, ara\u00f1ada o arrojada contra una pared, una ventana u otro objeto. Sea cual sea la situaci\u00f3n, es importante buscar atenci\u00f3n m\u00e9dica lo antes posible. Tambi\u00e9n es importante conocer mejor sus derechos legales.<\/p>\n\n\n\n<p>Los conductores de Instacart que sufren una mordedura de perro pueden encontrarse luchando contra altos costos m\u00e9dicos. Debido a que los conductores de Instacart se clasifican normalmente como contratistas independientes, Instacart no ofrece seguro m\u00e9dico. En su lugar, estos conductores deben encontrar su propia cobertura de seguro - o pagar las facturas m\u00e9dicas de su bolsillo.<\/p>\n\n\n\n<h3 class=\"wp-block-heading\">D\u00f3nde pedir ayuda<\/h3>\n\n\n\n<p>Si usted ha sido herido en un ataque de perro mientras entrega para Instacart, usted merece ayuda. P\u00f3ngase en contacto con los abogados de lesiones por mordedura de perro de Instacart en Briskman, Briskman, &amp; Greenburg hoy. Ayudamos a nuestros clientes de lesiones por mordedura de perro a luchar por la compensaci\u00f3n que merecen.<\/p>\n\n\n\n<p>Cuando se ponga en contacto con nosotros para una consulta, responderemos a sus preguntas y le ayudaremos a entender sus opciones. Su consulta inicial es gratuita y confidencial. <a href=\"https:\/\/www.briskmanandbriskman.com\/es\/abogados-de-accidentes-de-camiones-en-chicago-2\/\">P\u00f3ngase en contacto con nosotros<\/a> para saber m\u00e1s.<\/p>","protected":false},"excerpt":{"rendered":"<p>Chicago Los abogados luchan por los conductores de Instacart que sufren mordeduras de perro Las compras en l\u00ednea, ya populares antes de la pandemia, despegaron en 2020. Los hogares confiaban en las entregas de comida para poder cumplir las normas de distanciamiento social sin pasar hambre. Las restricciones de la pandemia han disminuido, pero el inter\u00e9s por las entregas de alimentos sigue siendo fuerte. Hoy en d\u00eda, muchos residentes de Illinois hacen entregas a trav\u00e9s de Instacart....<\/p>","protected":false},"author":1,"featured_media":11112,"parent":58,"menu_order":0,"comment_status":"closed","ping_status":"closed","template":"","meta":{"_acf_changed":false,"footnotes":""},"class_list":["post-10194","page","type-page","status-publish","has-post-thumbnail","hentry"],"acf":[],"_links":{"self":[{"href":"https:\/\/www.briskmanandbriskman.com\/es\/wp-json\/wp\/v2\/pages\/10194","targetHints":{"allow":["GET"]}}],"collection":[{"href":"https:\/\/www.briskmanandbriskman.com\/es\/wp-json\/wp\/v2\/pages"}],"about":[{"href":"https:\/\/www.briskmanandbriskman.com\/es\/wp-json\/wp\/v2\/types\/page"}],"author":[{"embeddable":true,"href":"https:\/\/www.briskmanandbriskman.com\/es\/wp-json\/wp\/v2\/users\/1"}],"replies":[{"embeddable":true,"href":"https:\/\/www.briskmanandbriskman.com\/es\/wp-json\/wp\/v2\/comments?post=10194"}],"version-history":[{"count":2,"href":"https:\/\/www.briskmanandbriskman.com\/es\/wp-json\/wp\/v2\/pages\/10194\/revisions"}],"predecessor-version":[{"id":14743,"href":"https:\/\/www.briskmanandbriskman.com\/es\/wp-json\/wp\/v2\/pages\/10194\/revisions\/14743"}],"up":[{"embeddable":true,"href":"https:\/\/www.briskmanandbriskman.com\/es\/wp-json\/wp\/v2\/pages\/58"}],"wp:featuredmedia":[{"embeddable":true,"href":"https:\/\/www.briskmanandbriskman.com\/es\/wp-json\/wp\/v2\/media\/11112"}],"wp:attachment":[{"href":"https:\/\/www.briskmanandbriskman.com\/es\/wp-json\/wp\/v2\/media?parent=10194"}],"curies":[{"name":"wp","href":"https:\/\/api.w.org\/{rel}","templated":true}]}}