{"id":10190,"date":"2024-01-05T04:16:02","date_gmt":"2024-01-05T04:16:02","guid":{"rendered":"https:\/\/bbg.mystagingwebsite.com\/?page_id=10190"},"modified":"2025-09-08T21:51:45","modified_gmt":"2025-09-08T21:51:45","slug":"como-ser-un-dueno-responsable","status":"publish","type":"page","link":"https:\/\/www.briskmanandbriskman.com\/es\/practice-areas\/chicago-dog-bite-lawyer\/how-to-be-a-responsible-pet-owner\/","title":{"rendered":"C\u00f3mo ser un due\u00f1o de mascotas responsable"},"content":{"rendered":"<p>Desde compa\u00f1\u00eda hasta protecci\u00f3n, las mascotas pueden aportar much\u00edsimo a la vida de sus due\u00f1os. Sin embargo, el cuidado de los animales de compa\u00f1\u00eda es una v\u00eda de doble sentido. Ser un propietario responsable es importante, no s\u00f3lo porque es lo correcto por el bien del animal, sino tambi\u00e9n porque los animales maltratados son mucho m\u00e1s propensos a comportamientos agresivos.<\/p>\n\n\n\n<p>Los due\u00f1os de mascotas pueden tomar las siguientes medidas b\u00e1sicas para garantizar que sus mascotas permanezcan seguras y se sientan queridas.<\/p>\n\n\n\n<p><strong>Etiquetas de identificaci\u00f3n<\/strong><\/p>\n\n\n\n<p>Es un refr\u00e1n com\u00fan entre los due\u00f1os de mascotas: \"Mi perro siempre va con correa, as\u00ed que no necesito una placa de identificaci\u00f3n\". Sin embargo, se sabe que a los perros se les escapa la correa y que a veces los due\u00f1os no la enganchan bien al collar. Las placas de identificaci\u00f3n cuestan unos pocos d\u00f3lares y son f\u00e1ciles de conseguir.<\/p>\n\n\n\n<p><strong>Obtener una licencia<\/strong><\/p>\n\n\n\n<p>El gobierno local puede tener leyes de registro obligatorio dependiendo de d\u00f3nde viva. Por ejemplo, en Chicago, los due\u00f1os de todos los perros de m\u00e1s de cuatro meses deben registrar a sus mascotas. Cuando registras a tu mascota, la ciudad le asigna un \"n\u00famero de emblema\", que puedes colocar en su placa de identificaci\u00f3n. Si un perro se pierde, quien lo encuentre puede llamar a la l\u00ednea directa de perros perdidos, facilitando el n\u00famero de emblema. Esto ayuda a la ciudad a localizar animales perdidos y protege a la comunidad.<\/p>\n\n\n\n<p><strong>Refugio adecuado<\/strong><\/p>\n\n\n\n<p>Los perros prosperan cuando pueden tener contacto frecuente con su familia. Y aunque los perros tambi\u00e9n necesitan pasar tiempo al aire libre, es fundamental para su salud f\u00edsica y mental no dejarlos solos fuera durante largos periodos de tiempo. Si lo hace, puede desarrollar tendencias antisociales y volverse agresivo. Cuando los perros permanecen en el exterior, deben disponer de una caseta o refugio similar que les proporcione calor y protecci\u00f3n contra los elementos.<\/p>\n\n\n\n<p><strong>Fuera de la propiedad, Con correa<\/strong><\/p>\n\n\n\n<p>Siempre que saque a su mascota de su propiedad, aseg\u00farese de ponerle una correa. Aunque su mascota lleve collar, placa de identificaci\u00f3n, est\u00e9 vacunada y se comporte bien en general, lo mejor es llevarla siempre atada para la protecci\u00f3n de todos.<\/p>\n\n\n\n<p><strong>Revisiones peri\u00f3dicas<\/strong><\/p>\n\n\n\n<p>Los perros, al igual que las personas, deben someterse a revisiones m\u00e9dicas peri\u00f3dicas para mantenerse sanos. Llevar a su mascota al veterinario con regularidad garantiza la detecci\u00f3n precoz de cualquier enfermedad, lo que aumenta las opciones de tratamiento.<\/p>\n\n\n\n<p><strong>Esterilizaci\u00f3n<\/strong><\/p>\n\n\n\n<p>La superpoblaci\u00f3n es una aut\u00e9ntica preocupaci\u00f3n, sobre todo en grandes \u00e1reas metropolitanas como Chicago. Cuando las perras tienen cachorros a los que su due\u00f1o no puede cuidar adecuadamente, es m\u00e1s probable que los cachorros acaben viviendo en hogares que no les proporcionan los cuidados y el cari\u00f1o que necesitan para prosperar. Por tanto, esto es importante no s\u00f3lo desde el punto de vista del animal, sino tambi\u00e9n para la seguridad de la comunidad.<\/p>\n\n\n\n<p><strong>Mostrar compasi\u00f3n<\/strong><\/p>\n\n\n\n<p>Los perros son animales muy sociables y tienen sentimientos parecidos a las emociones humanas. Sienten alegr\u00eda, felicidad, tristeza y miedo. Los animales que experimentan emociones negativas con demasiada frecuencia son mucho m\u00e1s propensos a comportarse mal, ya sea mostrando signos de agresividad o teniendo accidentes en casa.<\/p>\n\n\n\n<p>Los perros pueden proporcionar a\u00f1os de compa\u00f1\u00eda y amor a sus due\u00f1os. Sin embargo, los due\u00f1os de perros deben tomar las medidas necesarias para garantizar que sus mascotas reciben los cuidados adecuados. Los due\u00f1os de mascotas que no les proporcionan un entorno nutritivo y seguro pueden acabar enfrent\u00e1ndose a responsabilidades legales. Por ejemplo, Chicago tiene leyes estrictas sobre refugios de animales y correas que pueden dar lugar a cargos penales contra el propietario de una mascota. Del mismo modo, si un animal ataca a otra persona, el propietario puede ser responsable por un delito penal. <a href=\"https:\/\/www.briskmanandbriskman.com\/es\/areas-de-practica\/abogado-de-mordedura-de-perro-chicago\/\">demanda por mordedura de perro<\/a>.<\/p>\n\n\n\n<p><strong>A Guide to the Dog Bite Lawsuit Process Infographic<\/strong><\/p>\n\n\n\n<figure class=\"wp-block-image size-large\"><a href=\"https:\/\/www.briskmanandbriskman.com\/es\/infografia\/guide-to-the-dog-bite-lawsuit-process\/\"><img loading=\"lazy\" decoding=\"async\" width=\"1024\" height=\"743\" src=\"https:\/\/www.briskmanandbriskman.com\/wp-content\/uploads\/2025\/09\/Guide-to-the-Dog-Bite-Lawsuit-Process-Infographic-Thumbnail-1024x743.jpg\" alt=\"Guide to the Dog Bite Lawsuit Process Infographic Thumbnail\" class=\"wp-image-15316\" title=\"\" srcset=\"https:\/\/www.briskmanandbriskman.com\/wp-content\/uploads\/2025\/09\/Guide-to-the-Dog-Bite-Lawsuit-Process-Infographic-Thumbnail-1024x743.jpg 1024w, https:\/\/www.briskmanandbriskman.com\/wp-content\/uploads\/2025\/09\/Guide-to-the-Dog-Bite-Lawsuit-Process-Infographic-Thumbnail-300x218.jpg 300w, https:\/\/www.briskmanandbriskman.com\/wp-content\/uploads\/2025\/09\/Guide-to-the-Dog-Bite-Lawsuit-Process-Infographic-Thumbnail-768x557.jpg 768w, https:\/\/www.briskmanandbriskman.com\/wp-content\/uploads\/2025\/09\/Guide-to-the-Dog-Bite-Lawsuit-Process-Infographic-Thumbnail-18x12.jpg 18w, https:\/\/www.briskmanandbriskman.com\/wp-content\/uploads\/2025\/09\/Guide-to-the-Dog-Bite-Lawsuit-Process-Infographic-Thumbnail-150x109.jpg 150w, https:\/\/www.briskmanandbriskman.com\/wp-content\/uploads\/2025\/09\/Guide-to-the-Dog-Bite-Lawsuit-Process-Infographic-Thumbnail.jpg 1200w\" sizes=\"auto, (max-width: 1024px) 100vw, 1024px\" \/><\/a><\/figure>\n\n\n\n<p><strong>\u00bfHa resultado herido por un animal dom\u00e9stico ajeno?<\/strong><\/p>\n\n\n\n<p>Si usted o un ser querido ha sufrido recientemente lesiones graves por mordedura de perro u otro ataque de animal dom\u00e9stico, p\u00f3ngase en contacto con el <a href=\"https:\/\/www.briskmanandbriskman.com\/es\/areas-de-practica\/abogado-de-mordedura-de-perro-chicago\/\">Chicago abogados de mordeduras de perro en Briskman Briskman &amp; Greenberg<\/a> para obtener asistencia inmediata. Nuestro <a href=\"https:\/\/www.briskmanandbriskman.com\/es\/\">equipo especializado de abogados especializados en lesiones personales<\/a> tiene una amplia experiencia representando a v\u00edctimas de mordeduras de perro en reclamaciones contra propietarios de animales. Entendemos que el camino hacia la recuperaci\u00f3n despu\u00e9s de un ataque de mordedura de perro es largo, y hacemos todo lo posible para que el proceso de recuperaci\u00f3n sea lo m\u00e1s f\u00e1cil posible para usted. Para obtener m\u00e1s informaci\u00f3n sobre las leyes de mordedura de perro Chicago y discutir su reclamo con un abogado con experiencia, <a href=\"tel:1-877-595-4878\">llame hoy mismo a Briskman Briskman &amp; Greenberg al 877-595-4878<\/a>. Tambi\u00e9n puede <a href=\"https:\/\/www.briskmanandbriskman.com\/es\/abogados-de-accidentes-de-camiones-en-chicago-2\/\">con\u00e9ctese con nosotros a trav\u00e9s de nuestro formulario de contacto en l\u00ednea<\/a>.<\/p>","protected":false},"excerpt":{"rendered":"<p>Desde compa\u00f1\u00eda hasta protecci\u00f3n, las mascotas pueden aportar much\u00edsimo a la vida de sus due\u00f1os. Sin embargo, el cuidado de los animales de compa\u00f1\u00eda es una v\u00eda de doble sentido. Ser un propietario responsable es importante, no s\u00f3lo porque es lo correcto por el bien del animal, sino tambi\u00e9n porque los animales maltratados tienen muchas m\u00e1s probabilidades de...<\/p>","protected":false},"author":1,"featured_media":11050,"parent":58,"menu_order":0,"comment_status":"closed","ping_status":"closed","template":"","meta":{"_acf_changed":false,"footnotes":""},"class_list":["post-10190","page","type-page","status-publish","has-post-thumbnail","hentry"],"acf":[],"_links":{"self":[{"href":"https:\/\/www.briskmanandbriskman.com\/es\/wp-json\/wp\/v2\/pages\/10190","targetHints":{"allow":["GET"]}}],"collection":[{"href":"https:\/\/www.briskmanandbriskman.com\/es\/wp-json\/wp\/v2\/pages"}],"about":[{"href":"https:\/\/www.briskmanandbriskman.com\/es\/wp-json\/wp\/v2\/types\/page"}],"author":[{"embeddable":true,"href":"https:\/\/www.briskmanandbriskman.com\/es\/wp-json\/wp\/v2\/users\/1"}],"replies":[{"embeddable":true,"href":"https:\/\/www.briskmanandbriskman.com\/es\/wp-json\/wp\/v2\/comments?post=10190"}],"version-history":[{"count":3,"href":"https:\/\/www.briskmanandbriskman.com\/es\/wp-json\/wp\/v2\/pages\/10190\/revisions"}],"predecessor-version":[{"id":15375,"href":"https:\/\/www.briskmanandbriskman.com\/es\/wp-json\/wp\/v2\/pages\/10190\/revisions\/15375"}],"up":[{"embeddable":true,"href":"https:\/\/www.briskmanandbriskman.com\/es\/wp-json\/wp\/v2\/pages\/58"}],"wp:featuredmedia":[{"embeddable":true,"href":"https:\/\/www.briskmanandbriskman.com\/es\/wp-json\/wp\/v2\/media\/11050"}],"wp:attachment":[{"href":"https:\/\/www.briskmanandbriskman.com\/es\/wp-json\/wp\/v2\/media?parent=10190"}],"curies":[{"name":"wp","href":"https:\/\/api.w.org\/{rel}","templated":true}]}}