{"id":10185,"date":"2024-01-05T04:12:52","date_gmt":"2024-01-05T04:12:52","guid":{"rendered":"https:\/\/bbg.mystagingwebsite.com\/?page_id=10185"},"modified":"2025-06-23T21:06:31","modified_gmt":"2025-06-23T21:06:31","slug":"doordash-abogados-de-mordeduras-de-perro","status":"publish","type":"page","link":"https:\/\/www.briskmanandbriskman.com\/es\/practice-areas\/chicago-dog-bite-lawyer\/doordash-dog-bite-lawyers\/","title":{"rendered":"Doordash Abogados de mordeduras de perro"},"content":{"rendered":"<h2 class=\"wp-block-heading\">Chicago Los abogados luchan por los conductores de Doordash que sufren mordeduras de perro<\/h2>\n\n\n\n<p>Doordash es un servicio \u00fatil para quienes necesitan que les lleven comida a domicilio y para quienes quieren ganar dinero extra con un trabajo extra. En 2022, Doordash realiz\u00f3 el 57% de todos los pedidos de comida a domicilio basados en aplicaciones, superando r\u00e1pidamente a su competencia a medida que la empresa se expand\u00eda a nuevos mercados. A finales de 2022, Doordash ten\u00eda 32 millones de usuarios y m\u00e1s de 390.000 restaurantes miembros.<\/p>\n\n\n\n<p>Doordash tambi\u00e9n mantiene ocupados a miles de repartidores con pedidos. Estos conductores pueden ganar dinero completando entregas, pero tambi\u00e9n se enfrentan a riesgos. <a href=\"https:\/\/www.briskmanandbriskman.com\/es\/areas-de-practica\/abogado-de-mordedura-de-perro-chicago\/\">Las mordeduras de perro son uno de los riesgos<\/a> - y las consecuencias pueden ser graves.<\/p>\n\n\n\n<h3 class=\"wp-block-heading\">\u00bfSon habituales las mordeduras de perro entre los repartidores?<\/h3>\n\n\n\n<p>Aproximadamente 69 millones de hogares estadounidenses tienen al menos un perro. Muchos perros son amistosos con los extra\u00f1os. Algunos son agresivos. Y cualquier perro puede morder si se siente asustado o amenazado.<\/p>\n\n\n\n<p>El Servicio Postal de EE.UU. (USPS) calcula que m\u00e1s de <a href=\"https:\/\/www.briskmanandbriskman.com\/es\/areas-de-practica\/abogado-de-mordedura-de-perro-chicago\/usps-abogados-de-mordeduras-de-perro\/\">5.800 trabajadores de correos sufrieron el ataque de un perro<\/a> in 2020. This number does not include attacks against other package carriers, like <a href=\"https:\/\/www.briskmanandbriskman.com\/es\/areas-de-practica\/abogado-de-mordedura-de-perro-chicago\/fedex-driver-dog-bite-lawyer\/\">FedEx<\/a> o <a href=\"https:\/\/www.briskmanandbriskman.com\/es\/areas-de-practica\/abogado-de-mordedura-de-perro-chicago\/ups-driver-dog-bite-attorney\/\">UPS drivers<\/a>. Nor does it include attacks involving Doordash or other app-based delivery drivers.<\/p>\n\n\n\n<p>En general, Illinois se sit\u00faa por debajo de muchos estados en cuanto al total de lesiones por mordedura de perro registradas cada a\u00f1o. Sin embargo, Chicago ocupa el tercer lugar en la lista de las ciudades m\u00e1s peligrosas de EE.UU. en cuanto a mordeduras de perro a carteros. Otros conductores de reparto se enfrentan a riesgos similares a los de los carteros.<\/p>\n\n\n\n<p>Cada a\u00f1o se producen en Estados Unidos unos 4,5 millones de mordeduras de perro. Aunque las muertes son raras, no lo son las lesiones permanentes.<\/p>\n\n\n\n<h3 class=\"wp-block-heading\">Illinois Ley sobre mordeduras de perro<\/h3>\n\n\n\n<p><a href=\"https:\/\/www.ilga.gov\/legislation\/ilcs\/fulltext.asp?DocName=051000050K16\" rel=\"noreferrer noopener\" target=\"_blank\">Illinois ley de mordedura de perro, 510 ILCS 5\/16<\/a>permite a una persona lesionada reclamar da\u00f1os y perjuicios al propietario de un perro tras una mordedura u otro ataque. Una persona lesionada puede recuperar los da\u00f1os si:<\/p>\n\n\n\n<ul class=\"wp-block-list\">\n<li>El perro del propietario \"ataca, intenta atacar o lesiona\" a la persona,<\/li>\n\n\n\n<li>La persona lesionada \"se conduc\u00eda pac\u00edficamente\" en el momento de la agresi\u00f3n, y<\/li>\n\n\n\n<li>La persona lesionada se encontraba en un lugar en el que estaba legalmente autorizada a estar cuando se produjo la agresi\u00f3n.<\/li>\n<\/ul>\n\n\n\n<p>Illinois Las leyes sobre mordeduras de perro no se aplican cuando la persona herida se encuentra en un lugar en el que no tiene derecho a estar. Por ejemplo, una persona que es mordida mientras entra sin autorizaci\u00f3n no puede solicitar una indemnizaci\u00f3n por da\u00f1os y perjuicios en virtud de la ley de mordedura de perro. Del mismo modo, una persona que amenaza con hacer da\u00f1o a otros puede no estar cubierta por la ley, ya que no est\u00e1 actuando \"pac\u00edficamente\".<\/p>\n\n\n\n<p>Sin embargo, la mayor\u00eda de los repartidores no invaden propiedad privada cuando hacen entregas. Por lo general, un conductor de entrega est\u00e1 legalmente autorizado a estar en el camino de entrada de una casa, acera, escaleras o porche delantero si su prop\u00f3sito es dejar una entrega. Adem\u00e1s, la mayor\u00eda de los conductores de Doordash tienen la intenci\u00f3n de actuar pac\u00edficamente. Ellos simplemente quieren completar la entrega y seguir adelante.<\/p>\n\n\n\n<p>En el caso Illinois, el propietario del perro puede ser responsable aunque el perro llevara correa o estuviera sujeto de otro modo. Del mismo modo, un <a href=\"https:\/\/www.briskmanandbriskman.com\/es\/areas-de-practica\/abogado-de-mordedura-de-perro-chicago\/que-es-la-responsabilidad-objetiva-en-un-caso-de-mordedura-de-perro\/\">el due\u00f1o del perro puede incurrir en responsabilidad<\/a> incluso si el perro nunca ha actuado de forma agresiva en el pasado.<\/p>\n\n\n\n<h3 class=\"wp-block-heading\">Infograf\u00eda sobre mordeduras de perro a conductores de DoorDash<\/h3>\n\n\n<div class=\"wp-block-image\">\n<figure class=\"aligncenter size-large\"><a href=\"https:\/\/www.briskmanandbriskman.com\/es\/infografia\/doordash-conductor-mordedura-de-perro-lesiones\/\"><img loading=\"lazy\" decoding=\"async\" width=\"1024\" height=\"671\" src=\"https:\/\/www.briskmanandbriskman.com\/wp-content\/uploads\/2024\/03\/info-dog-bite-doordash-featured-image-1024x671.jpg\" alt=\"Heridas por mordedura de perro a un conductor de DoorDash\" class=\"wp-image-11584\" title=\"\" srcset=\"https:\/\/www.briskmanandbriskman.com\/wp-content\/uploads\/2024\/03\/info-dog-bite-doordash-featured-image-1024x671.jpg 1024w, https:\/\/www.briskmanandbriskman.com\/wp-content\/uploads\/2024\/03\/info-dog-bite-doordash-featured-image-300x197.jpg 300w, https:\/\/www.briskmanandbriskman.com\/wp-content\/uploads\/2024\/03\/info-dog-bite-doordash-featured-image-768x503.jpg 768w, https:\/\/www.briskmanandbriskman.com\/wp-content\/uploads\/2024\/03\/info-dog-bite-doordash-featured-image-150x98.jpg 150w, https:\/\/www.briskmanandbriskman.com\/wp-content\/uploads\/2024\/03\/info-dog-bite-doordash-featured-image.jpg 1190w\" sizes=\"auto, (max-width: 1024px) 100vw, 1024px\" \/><\/a><\/figure>\n<\/div>\n\n\n<h3 class=\"wp-block-heading\">Tipos de lesiones y estad\u00edsticas<\/h3>\n\n\n\n<p>Unas 48 personas murieron por mordeduras de perro en Estados Unidos en 2019. Las lesiones, sin embargo, se contaron por cientos de miles.<\/p>\n\n\n\n<p><a href=\"https:\/\/www.briskmanandbriskman.com\/es\/areas-de-practica\/abogado-de-mordedura-de-perro-chicago\/lesiones-comunes-por-mordeduras-de-perro\/\">Tipos comunes de lesiones por mordedura de perro<\/a> incluyen:<\/p>\n\n\n\n<ul class=\"wp-block-list\">\n<li>Da\u00f1os en la piel, los m\u00fasculos, los nervios y los huesos,<\/li>\n\n\n\n<li>Infecciones por mordeduras de perro<\/li>\n\n\n\n<li>Cicatrices permanentes, dolor o p\u00e9rdida de funcionalidad, y<\/li>\n\n\n\n<li>Trauma mental y emocional.<\/li>\n<\/ul>\n\n\n\n<p>Aproximadamente 1.000 personas al d\u00eda reciben atenci\u00f3n en urgencias por lesiones relacionadas con perros. Casi 27.000 personas al a\u00f1o necesitan cirug\u00eda reconstructiva para tratar los da\u00f1os causados por una mordedura de perro. Alrededor del 20% de las lesiones por mordedura de perro se infectan, lo que requiere atenci\u00f3n m\u00e9dica adicional.<\/p>\n\n\n\n<h3 class=\"wp-block-heading\">D\u00f3nde pedir ayuda<\/h3>\n\n\n\n<p>Una mordedura de perro puede ser una carga seria para un conductor de Doordash. Los conductores de Doordash suelen ser considerados contratistas independientes, no empleados. Como resultado, los conductores de Doordash no tienen seguro de salud o cobertura de compensaci\u00f3n de trabajadores de Doordash. Si se produce una mordedura de perro u otra lesi\u00f3n, estos conductores de entrega deben pagar sus propios costos.<\/p>\n\n\n\n<p>Y los costes pueden ser elevados. El coste medio de un <a href=\"https:\/\/www.briskmanandbriskman.com\/es\/centros-de-informacion\/centro-de-mordeduras-de-perro\/centros-de-trauma-de-nivel-i-que-tratan-las-mordeduras-de-perro-en-chicago\/\">hospitalizaci\u00f3n por mordedura de perro<\/a> es de $18.200. Las p\u00e9rdidas econ\u00f3micas a las que se enfrentan las v\u00edctimas de ataques de perros en Estados Unidos ascienden a m\u00e1s de $1.000 millones anuales, seg\u00fan algunas mediciones.<\/p>\n\n\n\n<p>Si ha sufrido lesiones por el ataque de un perro mientras conduc\u00eda para Doordash, puede que se sienta enfadado, preocupado o abrumado. Usted tiene derechos legales - y usted no tiene que luchar por ellos solo.<\/p>\n\n\n\n<p>Los abogados con experiencia en lesiones por mordedura de perro Doordash en Briskman, Briskman y Greenburg puede ayudar. Nuestro equipo legal entiende c\u00f3mo un ataque de perro puede cambiar la vida. Estamos aqu\u00ed para ayudarle a entender sus opciones legales y seguir el curso de acci\u00f3n que es mejor para usted y su familia. Para obtener m\u00e1s informaci\u00f3n, <a href=\"https:\/\/www.briskmanandbriskman.com\/es\/abogados-de-accidentes-de-camiones-en-chicago-2\/\">p\u00f3ngase en contacto con nosotros<\/a> para una consulta gratuita y confidencial.<\/p>","protected":false},"excerpt":{"rendered":"<p>Chicago Los abogados luchan por los conductores de Doordash que sufren mordeduras de perro Doordash es un servicio \u00fatil para aquellos que necesitan una comida a domicilio y para los que quieren ganar dinero extra con un trabajo extra. En 2022, Doordash realiz\u00f3 el 57 por ciento de todos los pedidos de entrega de comida basados en aplicaciones, superando r\u00e1pidamente a su competencia a medida que la empresa se expand\u00eda....<\/p>","protected":false},"author":1,"featured_media":11112,"parent":58,"menu_order":0,"comment_status":"closed","ping_status":"closed","template":"","meta":{"_acf_changed":false,"footnotes":""},"class_list":["post-10185","page","type-page","status-publish","has-post-thumbnail","hentry"],"acf":[],"_links":{"self":[{"href":"https:\/\/www.briskmanandbriskman.com\/es\/wp-json\/wp\/v2\/pages\/10185","targetHints":{"allow":["GET"]}}],"collection":[{"href":"https:\/\/www.briskmanandbriskman.com\/es\/wp-json\/wp\/v2\/pages"}],"about":[{"href":"https:\/\/www.briskmanandbriskman.com\/es\/wp-json\/wp\/v2\/types\/page"}],"author":[{"embeddable":true,"href":"https:\/\/www.briskmanandbriskman.com\/es\/wp-json\/wp\/v2\/users\/1"}],"replies":[{"embeddable":true,"href":"https:\/\/www.briskmanandbriskman.com\/es\/wp-json\/wp\/v2\/comments?post=10185"}],"version-history":[{"count":8,"href":"https:\/\/www.briskmanandbriskman.com\/es\/wp-json\/wp\/v2\/pages\/10185\/revisions"}],"predecessor-version":[{"id":15000,"href":"https:\/\/www.briskmanandbriskman.com\/es\/wp-json\/wp\/v2\/pages\/10185\/revisions\/15000"}],"up":[{"embeddable":true,"href":"https:\/\/www.briskmanandbriskman.com\/es\/wp-json\/wp\/v2\/pages\/58"}],"wp:featuredmedia":[{"embeddable":true,"href":"https:\/\/www.briskmanandbriskman.com\/es\/wp-json\/wp\/v2\/media\/11112"}],"wp:attachment":[{"href":"https:\/\/www.briskmanandbriskman.com\/es\/wp-json\/wp\/v2\/media?parent=10185"}],"curies":[{"name":"wp","href":"https:\/\/api.w.org\/{rel}","templated":true}]}}