{"id":10183,"date":"2024-01-05T04:00:01","date_gmt":"2024-01-05T04:00:01","guid":{"rendered":"https:\/\/bbg.mystagingwebsite.com\/?page_id=10183"},"modified":"2025-09-08T21:50:32","modified_gmt":"2025-09-08T21:50:32","slug":"proceso-judicial-por-mordedura-de-perro","status":"publish","type":"page","link":"https:\/\/www.briskmanandbriskman.com\/es\/information-centers\/dog-bite-center\/dog-bite-lawsuit-process\/","title":{"rendered":"Proceso judicial por mordedura de perro"},"content":{"rendered":"<p><a href=\"https:\/\/www.briskmanandbriskman.com\/es\/centros-de-informacion\/centro-de-mordeduras-de-perro\/\">Volver a la p\u00e1gina principal del Centro de Mordeduras de Perros<\/a><\/p>\n\n\n\n<h2 class=\"wp-block-heading\">\u00bfQu\u00e9 ocurre durante un juicio por mordedura de perro?<\/h2>\n\n\n\n<p>Una mordedura de perro puede ser una experiencia aterradora y estresante. La presentaci\u00f3n de una demanda puede a\u00f1adir estr\u00e9s, especialmente para las familias que nunca han estado involucradas en un caso judicial antes. Un abogado con experiencia trabaja para reducir ese estr\u00e9s y resolver el caso con eficacia.<\/p>\n\n\n\n<p>A menudo, el estr\u00e9s inicial de una demanda proviene de enfrentarse a lo desconocido. Comprender el proceso b\u00e1sico de una <a href=\"https:\/\/www.briskmanandbriskman.com\/es\/areas-de-practica\/abogado-de-mordedura-de-perro-chicago\/\">demanda por mordedura de perro<\/a> puede reducir este estr\u00e9s. Cuando sabes lo que te espera, puedes hacer planes, plantearte preguntas y pensar con m\u00e1s claridad en el resultado que deseas.<\/p>\n\n\n\n<h3 class=\"wp-block-heading\">Explorar sus opciones y elegir un abogado especializado en mordeduras de perro<\/h3>\n\n\n\n<p>Un primer paso fundamental para presentar una demanda por mordedura de perro es <a href=\"https:\/\/www.briskmanandbriskman.com\/es\/areas-de-practica\/abogado-de-mordedura-de-perro-chicago\/como-encontrar-el-mejor-abogado-especializado-en-mordeduras-de-perro\/\">elegir el abogado adecuado para las mordeduras de perro<\/a> para usted. Busque un abogado con experiencia en la tramitaci\u00f3n de demandas por mordeduras de perro y un historial de \u00e9xitos.<\/p>\n\n\n\n<p>Muchos abogados <a href=\"https:\/\/www.briskmanandbriskman.com\/es\/consulta-gratuita\/\">ofrecer una consulta inicial<\/a>. Esta consulta le permite conocer mejor al abogado y le ayuda a comprender su caso. Cuando tenga una consulta:<\/p>\n\n\n\n<ul class=\"wp-block-list\">\n<li>Lleve consigo historiales m\u00e9dicos, notas y cualquier otro documento que tenga relacionado con la lesi\u00f3n.<\/li>\n\n\n\n<li>Pregunte al abogado por su experiencia y resultados en anteriores demandas por mordeduras de perro.<\/li>\n\n\n\n<li>Hable de c\u00f3mo el abogado se comunicar\u00e1 con usted sobre su caso.<\/li>\n\n\n\n<li>Escriba las preguntas que se le ocurran antes de la reuni\u00f3n y ll\u00e9vese la lista como recordatorio.<\/li>\n<\/ul>\n\n\n\n<p>Tambi\u00e9n es importante hablar del pago. La mayor\u00eda de los abogados de lesiones personales toman casos en un <a href=\"https:\/\/www.briskmanandbriskman.com\/es\/la-garantia-briskman\/\">\"base \"contingente<\/a>Si su caso no prospera, el abogado no percibe honorarios. Si su caso no prospera, el abogado no percibe honorarios, pero es posible que usted tenga que pagar ciertos gastos, como el coste de presentar una demanda ante un tribunal. Lea atentamente el contrato con el abogado y haga todas las preguntas que tenga antes de firmar.<\/p>\n\n\n\n<h3 class=\"wp-block-heading\">Investigaci\u00f3n de su caso de mordedura de perro<\/h3>\n\n\n\n<p>Una vez que haya elegido un abogado, \u00e9ste investigar\u00e1 su caso. En esta fase, la investigaci\u00f3n incluye examinar toda la documentaci\u00f3n y los expedientes que usted tenga, hacer preguntas y recopilar determinados documentos, como historiales m\u00e9dicos.<\/p>\n\n\n\n<p>Su abogado tambi\u00e9n puede ponerse en contacto directamente con las compa\u00f1\u00edas de seguros para hablar en su nombre. Si el due\u00f1o del perro tiene abogado, tu abogado tambi\u00e9n puede hablar con el suyo.<\/p>\n\n\n\n<p>Durante estas conversaciones, su abogado puede intentar resolver su caso sin el estr\u00e9s y los gastos a\u00f1adidos de presentar una demanda. A menudo, una compa\u00f1\u00eda de seguros har\u00e1 una oferta. Su abogado le informar\u00e1 de la oferta y le dar\u00e1 su opini\u00f3n profesional.<\/p>\n\n\n\n<p>El consejo de su abogado sobre una oferta de acuerdo se basa en una larga experiencia. Esta opini\u00f3n puede ser una informaci\u00f3n valiosa. Sin embargo, su abogado no puede decidir por usted si acepta o no una oferta. La decisi\u00f3n final es suya.<\/p>\n\n\n\n<h3 class=\"wp-block-heading\">Presentar una demanda y gestionar los tr\u00e1mites previos al juicio<\/h3>\n\n\n\n<figure class=\"wp-block-image size-large\"><a href=\"https:\/\/www.briskmanandbriskman.com\/es\/infografia\/guide-to-the-dog-bite-lawsuit-process\/\"><img loading=\"lazy\" decoding=\"async\" width=\"1024\" height=\"743\" src=\"https:\/\/www.briskmanandbriskman.com\/wp-content\/uploads\/2025\/09\/Guide-to-the-Dog-Bite-Lawsuit-Process-Infographic-Thumbnail-1024x743.jpg\" alt=\"Guide to the Dog Bite Lawsuit Process Infographic Thumbnail\" class=\"wp-image-15316\" title=\"\" srcset=\"https:\/\/www.briskmanandbriskman.com\/wp-content\/uploads\/2025\/09\/Guide-to-the-Dog-Bite-Lawsuit-Process-Infographic-Thumbnail-1024x743.jpg 1024w, https:\/\/www.briskmanandbriskman.com\/wp-content\/uploads\/2025\/09\/Guide-to-the-Dog-Bite-Lawsuit-Process-Infographic-Thumbnail-300x218.jpg 300w, https:\/\/www.briskmanandbriskman.com\/wp-content\/uploads\/2025\/09\/Guide-to-the-Dog-Bite-Lawsuit-Process-Infographic-Thumbnail-768x557.jpg 768w, https:\/\/www.briskmanandbriskman.com\/wp-content\/uploads\/2025\/09\/Guide-to-the-Dog-Bite-Lawsuit-Process-Infographic-Thumbnail-18x12.jpg 18w, https:\/\/www.briskmanandbriskman.com\/wp-content\/uploads\/2025\/09\/Guide-to-the-Dog-Bite-Lawsuit-Process-Infographic-Thumbnail-150x109.jpg 150w, https:\/\/www.briskmanandbriskman.com\/wp-content\/uploads\/2025\/09\/Guide-to-the-Dog-Bite-Lawsuit-Process-Infographic-Thumbnail.jpg 1200w\" sizes=\"auto, (max-width: 1024px) 100vw, 1024px\" \/><\/a><\/figure>\n\n\n\n<p>Si su caso no puede resolverse, el siguiente paso de su abogado ser\u00e1 presentar una demanda ante los tribunales. Una vez presentada la demanda, el juez establece los plazos para cada paso hasta llegar al juicio. Este proceso puede durar meses o incluso a\u00f1os en un caso complejo. Su abogado le mantendr\u00e1 informado de cada paso.<\/p>\n\n\n\n<p>Entre los pasos habituales en la fase previa al juicio se incluyen:<\/p>\n\n\n\n<ul class=\"wp-block-list\">\n<li><strong>Demanda y contestaci\u00f3n.<\/strong> La \"demanda\" es el primer documento que se presenta en un pleito. Explica su versi\u00f3n del caso: C\u00f3mo se lesion\u00f3, qui\u00e9n es responsable y qu\u00e9 da\u00f1os sufri\u00f3, todo desde su punto de vista. La \"contestaci\u00f3n\" es la respuesta de la otra parte. En la respuesta, la otra parte admite o niega cada alegaci\u00f3n hecha en su demanda.<\/li>\n\n\n\n<li><strong>Descubrimiento.<\/strong> Durante la fase de proposici\u00f3n de la prueba, cada parte recopila informaci\u00f3n sobre el caso. La informaci\u00f3n puede incluir respuestas a preguntas escritas (interrogatorios), copias de documentos como historiales m\u00e9dicos (solicitudes de documentos) y testimonios orales grabados (deposiciones). En un caso de mordedura de perro, un examen f\u00edsico de las lesiones tambi\u00e9n puede formar parte de la proposici\u00f3n de prueba.<\/li>\n\n\n\n<li><strong>Mociones.<\/strong> La otra parte puede intentar presentar una moci\u00f3n para convencer al tribunal de que haga algo en su favor. Por ejemplo, la otra parte puede presentar una moci\u00f3n de sentencia sumaria, pidiendo al tribunal que falle a su favor como cuesti\u00f3n de derecho. El juez puede celebrar una vista para conocer mejor los argumentos de cada parte.<\/li>\n<\/ul>\n\n\n\n<h3 class=\"wp-block-heading\">Exploraci\u00f3n de soluciones no judiciales<\/h3>\n\n\n\n<p>En la mayor\u00eda de los casos de mordeduras de perro, ambas partes buscan formas de resolver el caso sin ir a juicio. Una forma es seguir negociando un posible acuerdo.<\/p>\n\n\n\n<p>Otra forma habitual de resoluci\u00f3n sin juicio es la mediaci\u00f3n. En la mediaci\u00f3n, ambas partes y sus abogados se re\u00fanen con un mediador neutral. El mediador ayuda a las partes a encontrar puntos en com\u00fan y llegar a un acuerdo que ambos puedan aceptar. Sin embargo, el mediador no puede obligar a las partes a aceptar una decisi\u00f3n. Si las partes no llegan a un acuerdo a trav\u00e9s de la mediaci\u00f3n, el caso contin\u00faa hacia el juicio.<\/p>\n\n\n\n<h3 class=\"wp-block-heading\">Ir a juicio<\/h3>\n\n\n\n<p>Un juicio ante un tribunal sigue una serie de pasos precisos. En un juicio con jurado, \u00e9ste se elige y jura su cargo antes de que comience el juicio propiamente dicho. A continuaci\u00f3n, cada parte presenta su caso ante el juez y el jurado (o ante el juez solo en un juicio sin jurado).<\/p>\n\n\n\n<p>A medida que se presentan los argumentos, el juez o el jurado deciden si el demandado es legalmente responsable de tus lesiones y, en caso afirmativo, cu\u00e1nto debe pagar.<\/p>\n\n\n\n<h3 class=\"wp-block-heading\">Planificar los pr\u00f3ximos pasos<\/h3>\n\n\n\n<p>Incluso cuando un juicio termina a su favor, hay algunos asuntos finales que tratar. Por ejemplo, es posible que tenga que esperar a que se resuelvan los asuntos econ\u00f3micos antes de recibir la indemnizaci\u00f3n por da\u00f1os y perjuicios que le haya concedido el tribunal.<\/p>\n\n\n\n<p>La otra parte puede decidir recurrir el caso. En una apelaci\u00f3n, un tribunal superior reconsidera la sentencia. Si el tribunal superior est\u00e1 de acuerdo, la sentencia se mantiene. Si el tribunal superior no est\u00e1 de acuerdo, el caso puede devolverse al tribunal de primera instancia.<\/p>\n\n\n\n<p><a href=\"https:\/\/www.briskmanandbriskman.com\/es\/\">Reclamaciones por da\u00f1os personales<\/a> puede ser compleja. Trabajar con un abogado experimentado mejora sus posibilidades de \u00e9xito. Su abogado puede proporcionarle informaci\u00f3n, responder a sus preguntas y abordar tareas complejas para que usted pueda centrarse en recuperarse y seguir adelante. Elija un abogado con experiencia en casos como el suyo.<\/p>\n\n\n\n<h3 class=\"wp-block-heading\">Recursos adicionales sobre mordeduras de perro<\/h3>\n\n\n<ul class=\"list-pages-shortcode sibling-pages\"><li class=\"page_item page-item-10106\"><a href=\"https:\/\/www.briskmanandbriskman.com\/es\/information-centers\/dog-bite-center\/basic-rules-on-how-to-be-safe-around-dogs\/\">Normas b\u00e1sicas de seguridad con los perros<\/a><\/li>\n<li class=\"page_item page-item-10108\"><a href=\"https:\/\/www.briskmanandbriskman.com\/es\/information-centers\/dog-bite-center\/can-you-sue-for-a-dog-bite\/\">\u00bfSe puede demandar por mordedura de perro?<\/a><\/li>\n<li class=\"page_item page-item-10131\"><a href=\"https:\/\/www.briskmanandbriskman.com\/es\/information-centers\/dog-bite-center\/common-places-where-dog-bites-can-happen\/\">Lugares comunes donde pueden producirse mordeduras de perro<\/a><\/li>\n<li class=\"page_item page-item-10183\"><a href=\"https:\/\/www.briskmanandbriskman.com\/es\/information-centers\/dog-bite-center\/dog-bite-lawsuit-process\/\">Proceso judicial por mordedura de perro<\/a><\/li>\n<li class=\"page_item page-item-10188\"><a href=\"https:\/\/www.briskmanandbriskman.com\/es\/information-centers\/dog-bite-center\/home-insurance-and-dog-bites\/\">Seguro de hogar y mordeduras de perro<\/a><\/li>\n<li class=\"page_item page-item-13289\"><a href=\"https:\/\/www.briskmanandbriskman.com\/es\/information-centers\/dog-bite-center\/level-i-trauma-centers-that-treat-dog-bites-in-chicago\/\">Centros de Traumatolog\u00eda de Nivel I que tratan mordeduras de perro en Chicago<\/a><\/li>\n<li class=\"page_item page-item-10157\"><a href=\"https:\/\/www.briskmanandbriskman.com\/es\/information-centers\/dog-bite-center\/what-evidence-is-needed-for-a-dog-bite-lawsuit\/\">\u00bfQu\u00e9 pruebas se necesitan para una demanda por mordedura de perro?<\/a><\/li>\n<li class=\"page_item page-item-10221\"><a href=\"https:\/\/www.briskmanandbriskman.com\/es\/information-centers\/dog-bite-center\/what-is-strict-liability-in-a-dog-bite-case\/\">\u00bfQu\u00e9 es la responsabilidad objetiva en un caso de mordedura de perro?<\/a><\/li>\n<li class=\"page_item page-item-10227\"><a href=\"https:\/\/www.briskmanandbriskman.com\/es\/information-centers\/dog-bite-center\/why-do-dogs-bite\/\">\u00bfPor qu\u00e9 muerden los perros?<\/a><\/li>\n<\/ul>\n\n\n\n<h3 class=\"wp-block-heading\">Abogados de mordeduras de perro disponibles en todo el Illinois<\/h3>\n\n\n\n<ul class=\"wp-block-list\">\n<li><a href=\"https:\/\/www.briskmanandbriskman.com\/es\/areas-de-practica\/abogado-de-mordedura-de-perro-chicago\/\">Chicago abogados de mordeduras de perro<\/a><\/li>\n\n\n\n<li><a href=\"https:\/\/www.briskmanandbriskman.com\/es\/lugares\/joliet\/abogado-de-mordedura-de-perro\/\">Joliet Abogado de mordeduras de perro<\/a><\/li>\n\n\n\n<li><a href=\"https:\/\/www.briskmanandbriskman.com\/es\/lugares\/condado-del-lago\/abogado-de-mordedura-de-perro-2\/\">Abogado de mordeduras de perro en Lake County<\/a><\/li>\n\n\n\n<li><a href=\"https:\/\/www.briskmanandbriskman.com\/es\/lugares\/mundelein\/abogados-de-mordeduras-de-perro\/\">Mundelein Abogados de mordeduras de perro<\/a><\/li>\n\n\n\n<li><a href=\"https:\/\/www.briskmanandbriskman.com\/es\/lugares\/norte-de-chicago\/abogados-de-mordeduras-de-perro\/\">North Chicago Abogados de mordeduras de perro<\/a><\/li>\n\n\n\n<li><a href=\"https:\/\/www.briskmanandbriskman.com\/es\/lugares\/oaklawn\/abogado-de-mordedura-de-perro-2\/\">Oak Lawn Abogados de mordeduras de perro<\/a><\/li>\n\n\n\n<li><a href=\"https:\/\/www.briskmanandbriskman.com\/es\/lugares\/orlandpark\/abogado-de-mordedura-de-perro-2\/\">Orland Park Abogados de mordeduras de perro<\/a><\/li>\n\n\n\n<li><a href=\"https:\/\/www.briskmanandbriskman.com\/es\/lugares\/waukegan\/abogado-de-mordedura-de-perro-2\/\">Waukegan Abogado de mordeduras de perro<\/a><\/li>\n\n\n\n<li><a href=\"https:\/\/www.briskmanandbriskman.com\/es\/lugares\/ruedas\/abogado-de-mordedura-de-perro\/\">Wheeling Abogado de mordeduras de perro<\/a><\/li>\n<\/ul>","protected":false},"excerpt":{"rendered":"<p>Volver a la p\u00e1gina principal del Centro de mordeduras de perro \u00bfQu\u00e9 ocurre durante un juicio por mordedura de perro? Una mordedura de perro puede ser una experiencia aterradora y estresante. La presentaci\u00f3n de una demanda puede a\u00f1adir estr\u00e9s, especialmente para las familias que nunca han estado involucradas en un caso judicial antes. Un abogado con experiencia trabaja para reducir ese estr\u00e9s y resolver el caso con eficacia.....<\/p>","protected":false},"author":1,"featured_media":0,"parent":11931,"menu_order":0,"comment_status":"closed","ping_status":"closed","template":"","meta":{"_acf_changed":false,"footnotes":""},"class_list":["post-10183","page","type-page","status-publish","hentry"],"acf":[],"_links":{"self":[{"href":"https:\/\/www.briskmanandbriskman.com\/es\/wp-json\/wp\/v2\/pages\/10183","targetHints":{"allow":["GET"]}}],"collection":[{"href":"https:\/\/www.briskmanandbriskman.com\/es\/wp-json\/wp\/v2\/pages"}],"about":[{"href":"https:\/\/www.briskmanandbriskman.com\/es\/wp-json\/wp\/v2\/types\/page"}],"author":[{"embeddable":true,"href":"https:\/\/www.briskmanandbriskman.com\/es\/wp-json\/wp\/v2\/users\/1"}],"replies":[{"embeddable":true,"href":"https:\/\/www.briskmanandbriskman.com\/es\/wp-json\/wp\/v2\/comments?post=10183"}],"version-history":[{"count":4,"href":"https:\/\/www.briskmanandbriskman.com\/es\/wp-json\/wp\/v2\/pages\/10183\/revisions"}],"predecessor-version":[{"id":15373,"href":"https:\/\/www.briskmanandbriskman.com\/es\/wp-json\/wp\/v2\/pages\/10183\/revisions\/15373"}],"up":[{"embeddable":true,"href":"https:\/\/www.briskmanandbriskman.com\/es\/wp-json\/wp\/v2\/pages\/11931"}],"wp:attachment":[{"href":"https:\/\/www.briskmanandbriskman.com\/es\/wp-json\/wp\/v2\/media?parent=10183"}],"curies":[{"name":"wp","href":"https:\/\/api.w.org\/{rel}","templated":true}]}}