{"id":10177,"date":"2024-01-05T03:54:35","date_gmt":"2024-01-05T03:54:35","guid":{"rendered":"https:\/\/bbg.mystagingwebsite.com\/?page_id=10177"},"modified":"2024-03-06T22:18:26","modified_gmt":"2024-03-06T22:18:26","slug":"por-que-es-necesario-un-repelente-para-perros","status":"publish","type":"page","link":"https:\/\/www.briskmanandbriskman.com\/es\/practice-areas\/chicago-dog-bite-lawyer\/faq\/why-is-dog-repellant-necessary\/","title":{"rendered":"\u00bfPor qu\u00e9 es necesario un repelente para perros?"},"content":{"rendered":"<p>Cada a\u00f1o, m\u00e1s de <a href=\"https:\/\/www.briskmanandbriskman.com\/es\/areas-de-practica\/abogado-de-mordedura-de-perro-chicago\/usps-abogados-de-mordeduras-de-perro\/\">5.800 empleados de correos son mordidos o atacados por perros<\/a>. Por ello, el USPS recomienda que todos los trabajadores postales lleven una lata de repelente para perros en su ruta. El repelente de perros es un aerosol que contiene un 0,35% de oleorresina de capsicum, un extracto derivado de la pimienta de cayena. Los transportistas deben apuntar con la lata de repelente de perros a un animal cuando crean que est\u00e1 a punto de atacar, apuntando a los ojos, la nariz y la boca del animal. La mayor\u00eda de los spays son precisos hasta una distancia de unos tres metros. Una vez que el repelente entra en contacto con la cara del perro, \u00e9ste mete el rabo entre las patas y retrocede. Al cabo de unos 15 minutos, los efectos desaparecer\u00e1n y el perro se encontrar\u00e1 bien. Sin embargo, quedar\u00e1 un color amarillento en el pelaje del perro, que puede requerir lavado.<\/p>\n\n\n\n<p>El repelente para perros puede venir con una fecha de caducidad o de consumo preferente; sin embargo, el producto no pierde su eficacia con el tiempo. Dicho esto, es posible que la boquilla se obstruya con suciedad o pelusas. Para quienes tengan latas antiguas de repelente para perros, es aconsejable clavar un peque\u00f1o alfiler en la boquilla, limpi\u00e1ndola de suciedad y residuos. A continuaci\u00f3n, ponga la lata boca abajo y presione la palanca de pulverizaci\u00f3n hasta que salga una niebla blanquecina de la lata.<\/p>\n\n\n\n<p>Las latas de repelente para perros tienen m\u00faltiples usos. Sin embargo, es importante cuidar adecuadamente el producto para garantizar que siga siendo eficaz en usos posteriores. Despu\u00e9s de usar el repelente para perros, quedar\u00e1 una peque\u00f1a cantidad de residuo en la boquilla. Para limpiar la boquilla, ponga el bote boca abajo y roc\u00ede hasta que salga una niebla blanca. Es importante lavarse las manos despu\u00e9s de cada uso. Cuando el bote de repelente para perros est\u00e9 vac\u00edo, puede tirarse a la basura sin ninguna consideraci\u00f3n especial. Sin embargo, USPS recomienda consultar la normativa estatal y local antes de desechar un gran n\u00famero de latas.<\/p>\n\n\n\n<p>Si usted es un trabajador de USPS y ha sido <a href=\"https:\/\/www.briskmanandbriskman.com\/es\/areas-de-practica\/abogado-de-mordedura-de-perro-chicago\/\">herido en un ataque por mordedura de perro Chicago<\/a>puede encontrarse con obst\u00e1culos a la hora de reclamar una indemnizaci\u00f3n por sus lesiones. En <a href=\"https:\/\/www.briskmanandbriskman.com\/es\/\">Briskman Briskman &amp; Greenberg<\/a>Estamos a su disposici\u00f3n. Nuestro <a href=\"https:\/\/www.briskmanandbriskman.com\/es\/\">bufete de abogados de lesiones personales<\/a> tiene m\u00e1s de 30 a\u00f1os de experiencia ayudando a las v\u00edctimas de lesiones obtener la compensaci\u00f3n que necesitan y merecen despu\u00e9s de ser mordido por un perro. Para obtener m\u00e1s informaci\u00f3n, y para programar una consulta gratuita, <a href=\"tel:1-877-595-4878\">llame al 1-877-595-4878<\/a> hoy. Debido a que trabajamos sobre una base de contingencia, usted no pagar\u00e1 ning\u00fan costo por adelantado para presentar una demanda, y no le cobraremos por nuestros servicios a menos que podamos obtener la compensaci\u00f3n que se merece.<\/p>\n\n\n\n<h3 class=\"wp-block-heading\">Otras preguntas frecuentes sobre mordeduras de perro:<\/h3>\n\n\n<ul class=\"list-pages-shortcode sibling-pages\"><li class=\"page_item page-item-10135\"><a href=\"https:\/\/www.briskmanandbriskman.com\/es\/practice-areas\/chicago-dog-bite-lawyer\/faq\/can-the-post-office-refuse-to-deliver-mail-because-of-a-dog\/\">\u00bfPuede Correos negarse a entregar el correo por culpa de un perro?<\/a><\/li>\n<li class=\"page_item page-item-10138\"><a href=\"https:\/\/www.briskmanandbriskman.com\/es\/practice-areas\/chicago-dog-bite-lawyer\/faq\/how-do-dogs-react-to-repellant\/\">\u00bfC\u00f3mo reaccionan los perros al repelente?<\/a><\/li>\n<li class=\"page_item page-item-10140\"><a href=\"https:\/\/www.briskmanandbriskman.com\/es\/practice-areas\/chicago-dog-bite-lawyer\/faq\/how-many-dog-bites-occur-in-the-us\/\">\u00bfCu\u00e1ntas mordeduras de perro se producen en EE.UU.?<\/a><\/li>\n<li class=\"page_item page-item-10142\"><a href=\"https:\/\/www.briskmanandbriskman.com\/es\/practice-areas\/chicago-dog-bite-lawyer\/faq\/how-to-prevent-a-dog-bite\/\">\u00bfC\u00f3mo prevenir las mordeduras de perro?<\/a><\/li>\n<li class=\"page_item page-item-10144\"><a href=\"https:\/\/www.briskmanandbriskman.com\/es\/practice-areas\/chicago-dog-bite-lawyer\/faq\/how-to-treat-dog-bites\/\">C\u00f3mo tratar las mordeduras de perro<\/a><\/li>\n<li class=\"page_item page-item-10148\"><a href=\"https:\/\/www.briskmanandbriskman.com\/es\/practice-areas\/chicago-dog-bite-lawyer\/faq\/my-child-got-bitten-by-a-dog-what-are-my-next-steps\/\">Mi hijo ha sido mordido por un perro; \u00bfqu\u00e9 debo hacer?<\/a><\/li>\n<li class=\"page_item page-item-10151\"><a href=\"https:\/\/www.briskmanandbriskman.com\/es\/practice-areas\/chicago-dog-bite-lawyer\/faq\/what-breed-of-dog-bites-the-most\/\">\u00bfQu\u00e9 raza de perro muerde m\u00e1s?<\/a><\/li>\n<li class=\"page_item page-item-10154\"><a href=\"https:\/\/www.briskmanandbriskman.com\/es\/practice-areas\/chicago-dog-bite-lawyer\/faq\/what-can-i-file-if-i-was-bitten-by-a-dog-during-my-delivery\/\">\u00bfQu\u00e9 puedo hacer si me ha mordido un perro durante el parto?<\/a><\/li>\n<li class=\"page_item page-item-10159\"><a href=\"https:\/\/www.briskmanandbriskman.com\/es\/practice-areas\/chicago-dog-bite-lawyer\/faq\/what-is-dog-repellant\/\">\u00bfQu\u00e9 es un repelente de perros?<\/a><\/li>\n<li class=\"page_item page-item-10161\"><a href=\"https:\/\/www.briskmanandbriskman.com\/es\/practice-areas\/chicago-dog-bite-lawyer\/faq\/what-is-the-total-cost-for-a-dog-bite-lawyer\/\">\u00bfCu\u00e1l es el coste total de un abogado especializado en mordeduras de perro?<\/a><\/li>\n<li class=\"page_item page-item-10163\"><a href=\"https:\/\/www.briskmanandbriskman.com\/es\/practice-areas\/chicago-dog-bite-lawyer\/faq\/what-should-letter-carriers-know-about-dogs\/\">\u00bfQu\u00e9 deben saber los carteros sobre los perros?<\/a><\/li>\n<li class=\"page_item page-item-10165\"><a href=\"https:\/\/www.briskmanandbriskman.com\/es\/practice-areas\/chicago-dog-bite-lawyer\/faq\/what-should-pet-owners-do-before-a-usps-worker-delivers-the-mail\/\">\u00bfQu\u00e9 deben hacer los due\u00f1os de mascotas antes de que un trabajador de USPS entregue el correo?<\/a><\/li>\n<li class=\"page_item page-item-10167\"><a href=\"https:\/\/www.briskmanandbriskman.com\/es\/practice-areas\/chicago-dog-bite-lawyer\/faq\/what-to-do-if-someones-dog-bites-you\/\">Qu\u00e9 hacer si el perro de alguien te muerde<\/a><\/li>\n<li class=\"page_item page-item-10169\"><a href=\"https:\/\/www.briskmanandbriskman.com\/es\/practice-areas\/chicago-dog-bite-lawyer\/faq\/when-should-dog-repellant-be-used\/\">\u00bfCu\u00e1ndo se debe utilizar un repelente para perros?<\/a><\/li>\n<li class=\"page_item page-item-10171\"><a href=\"https:\/\/www.briskmanandbriskman.com\/es\/practice-areas\/chicago-dog-bite-lawyer\/faq\/where-should-i-discard-dog-repellant\/\">\u00bfD\u00f3nde debo desechar el repelente para perros?<\/a><\/li>\n<li class=\"page_item page-item-10173\"><a href=\"https:\/\/www.briskmanandbriskman.com\/es\/practice-areas\/chicago-dog-bite-lawyer\/faq\/which-cities-have-the-most-dog-bites\/\">\u00bfCu\u00e1les son las ciudades con m\u00e1s mordeduras de perro?<\/a><\/li>\n<li class=\"page_item page-item-10175\"><a href=\"https:\/\/www.briskmanandbriskman.com\/es\/practice-areas\/chicago-dog-bite-lawyer\/faq\/who-do-you-contact-after-a-dog-bite\/\">\u00bfCon qui\u00e9n hay que ponerse en contacto tras una mordedura de perro?<\/a><\/li>\n<li class=\"page_item page-item-10177\"><a href=\"https:\/\/www.briskmanandbriskman.com\/es\/practice-areas\/chicago-dog-bite-lawyer\/faq\/why-is-dog-repellant-necessary\/\">\u00bfPor qu\u00e9 es necesario un repelente para perros?<\/a><\/li>\n<\/ul>","protected":false},"excerpt":{"rendered":"<p>Cada a\u00f1o, m\u00e1s de 5.800 trabajadores postales son mordidos o atacados por perros. Por ello, el USPS recomienda que todos los trabajadores postales lleven un bote de repelente de perros en su ruta. El repelente de perros es un aerosol que contiene un 0,35% de oleorresina capsicum, un extracto derivado de la pimienta de cayena. Los carteros deben...<\/p>","protected":false},"author":1,"featured_media":9527,"parent":10133,"menu_order":0,"comment_status":"closed","ping_status":"closed","template":"","meta":{"_acf_changed":false,"footnotes":""},"class_list":["post-10177","page","type-page","status-publish","has-post-thumbnail","hentry"],"acf":[],"_links":{"self":[{"href":"https:\/\/www.briskmanandbriskman.com\/es\/wp-json\/wp\/v2\/pages\/10177","targetHints":{"allow":["GET"]}}],"collection":[{"href":"https:\/\/www.briskmanandbriskman.com\/es\/wp-json\/wp\/v2\/pages"}],"about":[{"href":"https:\/\/www.briskmanandbriskman.com\/es\/wp-json\/wp\/v2\/types\/page"}],"author":[{"embeddable":true,"href":"https:\/\/www.briskmanandbriskman.com\/es\/wp-json\/wp\/v2\/users\/1"}],"replies":[{"embeddable":true,"href":"https:\/\/www.briskmanandbriskman.com\/es\/wp-json\/wp\/v2\/comments?post=10177"}],"version-history":[{"count":2,"href":"https:\/\/www.briskmanandbriskman.com\/es\/wp-json\/wp\/v2\/pages\/10177\/revisions"}],"predecessor-version":[{"id":14769,"href":"https:\/\/www.briskmanandbriskman.com\/es\/wp-json\/wp\/v2\/pages\/10177\/revisions\/14769"}],"up":[{"embeddable":true,"href":"https:\/\/www.briskmanandbriskman.com\/es\/wp-json\/wp\/v2\/pages\/10133"}],"wp:featuredmedia":[{"embeddable":true,"href":"https:\/\/www.briskmanandbriskman.com\/es\/wp-json\/wp\/v2\/media\/9527"}],"wp:attachment":[{"href":"https:\/\/www.briskmanandbriskman.com\/es\/wp-json\/wp\/v2\/media?parent=10177"}],"curies":[{"name":"wp","href":"https:\/\/api.w.org\/{rel}","templated":true}]}}