{"id":10173,"date":"2024-01-05T03:52:05","date_gmt":"2024-01-05T03:52:05","guid":{"rendered":"https:\/\/bbg.mystagingwebsite.com\/?page_id=10173"},"modified":"2024-03-06T22:17:38","modified_gmt":"2024-03-06T22:17:38","slug":"cuales-son-las-ciudades-con-mas-mordeduras-de-perro","status":"publish","type":"page","link":"https:\/\/www.briskmanandbriskman.com\/es\/practice-areas\/chicago-dog-bite-lawyer\/faq\/which-cities-have-the-most-dog-bites\/","title":{"rendered":"\u00bfCu\u00e1les son las ciudades con m\u00e1s mordeduras de perro?"},"content":{"rendered":"<p>Cada a\u00f1o, m\u00e1s de 5.800 trabajadores de USPS son atacados por perros. Sin embargo, algunas ciudades suponen una mayor amenaza para los trabajadores postales que otras. Seg\u00fan los \u00faltimos datos disponibles, las ciudades con m\u00e1s trabajadores de USPS que sufren mordeduras o ataques de perros son:<\/p>\n\n\n\n<p>1. Houston, Texas - 73 trabajadores de USPS mordidos o atacados<br>2. Chicago, Illinois - 59 trabajadores de USPS mordidos o atacados<br>3. Los \u00c1ngeles, California - 54 trabajadores de USPS mordidos o atacados<br>4. Cleveland, Ohio - 46 trabajadores de USPS mordidos o atacados<br>5. Denver, Colorado - 44 trabajadores de USPS mordidos o atacados<br>6. Baltimore, Maryland - 43 trabajadores de USPS mordidos o atacados<br>7. Dallas, Texas - 38 trabajadores de USPS mordidos o atacados<br>8. Columbus, Ohio - 37 trabajadores de USPS mordidos o atacados<br>9. San Antonio, Texas - 36 trabajadores de USPS mordidos o atacados<br>10. San Diego, California - 35 trabajadores de USPS mordidos o atacados<\/p>\n\n\n\n<p>El USPS recomienda a los carteros que tomen las siguientes precauciones para protegerse de los perros peligrosos que puedan encontrar a lo largo de su ruta:<\/p>\n\n\n\n<p>1.) Lleva un bote de repelente para perros;<br>2.) Actualizar las tarjetas de advertencia sobre perros para mantener informados a los dem\u00e1s trabajadores postales sobre la presencia de animales peligrosos;<br>3.) Tomar notas en el Dispositivo M\u00f3vil de Entrega cuando se encuentre con un perro vicioso; y<br>4.) Informar a un supervisor de cualquier incidente, incluso de los que se produzcan por poco y no den lugar a mordeduras. <\/p>\n\n\n\n<p>En caso de que un cartero sea abordado por un animal potencialmente peligroso, debe intentar mantener la calma mientras se aleja lentamente del animal. Es importante no establecer contacto visual directo con un perro, ni darse la vuelta y correr, ya que cualquiera de estas acciones puede provocar que el perro ataque. Si es posible, el cartero debe colocar un objeto f\u00edsico, como su cartera, entre \u00e9l y el perro.<\/p>\n\n\n\n<p>Si usted es un trabajador de USPS que fue atacado por un perro mientras realizaba su ruta, el <a href=\"https:\/\/www.briskmanandbriskman.com\/es\/areas-de-practica\/abogado-de-mordedura-de-perro-chicago\/\">Chicago USPS abogados de mordeduras de perro en Briskman Briskman &amp; Greenberg<\/a> est\u00e1n aqu\u00ed para usted. En <a href=\"https:\/\/www.briskmanandbriskman.com\/es\/\">Briskman Briskman &amp; Greenberg<\/a>, nuestro <a href=\"https:\/\/www.briskmanandbriskman.com\/es\/\">abogados de da\u00f1os personales<\/a> tienen m\u00e1s de 30 a\u00f1os de experiencia ayudando a los trabajadores postales a obtener la indemnizaci\u00f3n que necesitan y merecen despu\u00e9s de haber sido mordidos por un perro. Para obtener m\u00e1s informaci\u00f3n, y para <a href=\"https:\/\/www.briskmanandbriskman.com\/es\/consulta-gratuita\/\">programar una consulta gratuita<\/a>, <a href=\"tel:1-877-595-4878\">llame hoy mismo al 1-877-595-4878<\/a>. Debido a que trabajamos sobre una base de contingencia, usted no pagar\u00e1 ning\u00fan costo por adelantado para presentar una demanda, y no le cobraremos por nuestros servicios a menos que podamos obtener la compensaci\u00f3n que se merece.<\/p>\n\n\n\n<h3 class=\"wp-block-heading\">Otras preguntas frecuentes sobre mordeduras de perro:<\/h3>\n\n\n<ul class=\"list-pages-shortcode sibling-pages\"><li class=\"page_item page-item-10135\"><a href=\"https:\/\/www.briskmanandbriskman.com\/es\/practice-areas\/chicago-dog-bite-lawyer\/faq\/can-the-post-office-refuse-to-deliver-mail-because-of-a-dog\/\">\u00bfPuede Correos negarse a entregar el correo por culpa de un perro?<\/a><\/li>\n<li class=\"page_item page-item-10138\"><a href=\"https:\/\/www.briskmanandbriskman.com\/es\/practice-areas\/chicago-dog-bite-lawyer\/faq\/how-do-dogs-react-to-repellant\/\">\u00bfC\u00f3mo reaccionan los perros al repelente?<\/a><\/li>\n<li class=\"page_item page-item-10140\"><a href=\"https:\/\/www.briskmanandbriskman.com\/es\/practice-areas\/chicago-dog-bite-lawyer\/faq\/how-many-dog-bites-occur-in-the-us\/\">\u00bfCu\u00e1ntas mordeduras de perro se producen en EE.UU.?<\/a><\/li>\n<li class=\"page_item page-item-10142\"><a href=\"https:\/\/www.briskmanandbriskman.com\/es\/practice-areas\/chicago-dog-bite-lawyer\/faq\/how-to-prevent-a-dog-bite\/\">\u00bfC\u00f3mo prevenir las mordeduras de perro?<\/a><\/li>\n<li class=\"page_item page-item-10144\"><a href=\"https:\/\/www.briskmanandbriskman.com\/es\/practice-areas\/chicago-dog-bite-lawyer\/faq\/how-to-treat-dog-bites\/\">C\u00f3mo tratar las mordeduras de perro<\/a><\/li>\n<li class=\"page_item page-item-10148\"><a href=\"https:\/\/www.briskmanandbriskman.com\/es\/practice-areas\/chicago-dog-bite-lawyer\/faq\/my-child-got-bitten-by-a-dog-what-are-my-next-steps\/\">Mi hijo ha sido mordido por un perro; \u00bfqu\u00e9 debo hacer?<\/a><\/li>\n<li class=\"page_item page-item-10151\"><a href=\"https:\/\/www.briskmanandbriskman.com\/es\/practice-areas\/chicago-dog-bite-lawyer\/faq\/what-breed-of-dog-bites-the-most\/\">\u00bfQu\u00e9 raza de perro muerde m\u00e1s?<\/a><\/li>\n<li class=\"page_item page-item-10154\"><a href=\"https:\/\/www.briskmanandbriskman.com\/es\/practice-areas\/chicago-dog-bite-lawyer\/faq\/what-can-i-file-if-i-was-bitten-by-a-dog-during-my-delivery\/\">\u00bfQu\u00e9 puedo hacer si me ha mordido un perro durante el parto?<\/a><\/li>\n<li class=\"page_item page-item-10159\"><a href=\"https:\/\/www.briskmanandbriskman.com\/es\/practice-areas\/chicago-dog-bite-lawyer\/faq\/what-is-dog-repellant\/\">\u00bfQu\u00e9 es un repelente de perros?<\/a><\/li>\n<li class=\"page_item page-item-10161\"><a href=\"https:\/\/www.briskmanandbriskman.com\/es\/practice-areas\/chicago-dog-bite-lawyer\/faq\/what-is-the-total-cost-for-a-dog-bite-lawyer\/\">\u00bfCu\u00e1l es el coste total de un abogado especializado en mordeduras de perro?<\/a><\/li>\n<li class=\"page_item page-item-10163\"><a href=\"https:\/\/www.briskmanandbriskman.com\/es\/practice-areas\/chicago-dog-bite-lawyer\/faq\/what-should-letter-carriers-know-about-dogs\/\">\u00bfQu\u00e9 deben saber los carteros sobre los perros?<\/a><\/li>\n<li class=\"page_item page-item-10165\"><a href=\"https:\/\/www.briskmanandbriskman.com\/es\/practice-areas\/chicago-dog-bite-lawyer\/faq\/what-should-pet-owners-do-before-a-usps-worker-delivers-the-mail\/\">\u00bfQu\u00e9 deben hacer los due\u00f1os de mascotas antes de que un trabajador de USPS entregue el correo?<\/a><\/li>\n<li class=\"page_item page-item-10167\"><a href=\"https:\/\/www.briskmanandbriskman.com\/es\/practice-areas\/chicago-dog-bite-lawyer\/faq\/what-to-do-if-someones-dog-bites-you\/\">Qu\u00e9 hacer si el perro de alguien te muerde<\/a><\/li>\n<li class=\"page_item page-item-10169\"><a href=\"https:\/\/www.briskmanandbriskman.com\/es\/practice-areas\/chicago-dog-bite-lawyer\/faq\/when-should-dog-repellant-be-used\/\">\u00bfCu\u00e1ndo se debe utilizar un repelente para perros?<\/a><\/li>\n<li class=\"page_item page-item-10171\"><a href=\"https:\/\/www.briskmanandbriskman.com\/es\/practice-areas\/chicago-dog-bite-lawyer\/faq\/where-should-i-discard-dog-repellant\/\">\u00bfD\u00f3nde debo desechar el repelente para perros?<\/a><\/li>\n<li class=\"page_item page-item-10173\"><a href=\"https:\/\/www.briskmanandbriskman.com\/es\/practice-areas\/chicago-dog-bite-lawyer\/faq\/which-cities-have-the-most-dog-bites\/\">\u00bfCu\u00e1les son las ciudades con m\u00e1s mordeduras de perro?<\/a><\/li>\n<li class=\"page_item page-item-10175\"><a href=\"https:\/\/www.briskmanandbriskman.com\/es\/practice-areas\/chicago-dog-bite-lawyer\/faq\/who-do-you-contact-after-a-dog-bite\/\">\u00bfCon qui\u00e9n hay que ponerse en contacto tras una mordedura de perro?<\/a><\/li>\n<li class=\"page_item page-item-10177\"><a href=\"https:\/\/www.briskmanandbriskman.com\/es\/practice-areas\/chicago-dog-bite-lawyer\/faq\/why-is-dog-repellant-necessary\/\">\u00bfPor qu\u00e9 es necesario un repelente para perros?<\/a><\/li>\n<\/ul>","protected":false},"excerpt":{"rendered":"<p>Cada a\u00f1o, m\u00e1s de 5.800 trabajadores de USPS son atacados por perros. Sin embargo, algunas ciudades suponen una mayor amenaza para los trabajadores postales que otras. Seg\u00fan los \u00faltimos datos disponibles, las ciudades con m\u00e1s trabajadores de USPS que sufren mordeduras o ataques de perros son: 1. Houston, Texas - 73 trabajadores de USPS mordidos o atacados2. Chicago,...<\/p>","protected":false},"author":1,"featured_media":11116,"parent":10133,"menu_order":0,"comment_status":"closed","ping_status":"closed","template":"","meta":{"_acf_changed":false,"footnotes":""},"class_list":["post-10173","page","type-page","status-publish","has-post-thumbnail","hentry"],"acf":[],"_links":{"self":[{"href":"https:\/\/www.briskmanandbriskman.com\/es\/wp-json\/wp\/v2\/pages\/10173","targetHints":{"allow":["GET"]}}],"collection":[{"href":"https:\/\/www.briskmanandbriskman.com\/es\/wp-json\/wp\/v2\/pages"}],"about":[{"href":"https:\/\/www.briskmanandbriskman.com\/es\/wp-json\/wp\/v2\/types\/page"}],"author":[{"embeddable":true,"href":"https:\/\/www.briskmanandbriskman.com\/es\/wp-json\/wp\/v2\/users\/1"}],"replies":[{"embeddable":true,"href":"https:\/\/www.briskmanandbriskman.com\/es\/wp-json\/wp\/v2\/comments?post=10173"}],"version-history":[{"count":2,"href":"https:\/\/www.briskmanandbriskman.com\/es\/wp-json\/wp\/v2\/pages\/10173\/revisions"}],"predecessor-version":[{"id":15347,"href":"https:\/\/www.briskmanandbriskman.com\/es\/wp-json\/wp\/v2\/pages\/10173\/revisions\/15347"}],"up":[{"embeddable":true,"href":"https:\/\/www.briskmanandbriskman.com\/es\/wp-json\/wp\/v2\/pages\/10133"}],"wp:featuredmedia":[{"embeddable":true,"href":"https:\/\/www.briskmanandbriskman.com\/es\/wp-json\/wp\/v2\/media\/11116"}],"wp:attachment":[{"href":"https:\/\/www.briskmanandbriskman.com\/es\/wp-json\/wp\/v2\/media?parent=10173"}],"curies":[{"name":"wp","href":"https:\/\/api.w.org\/{rel}","templated":true}]}}