{"id":10171,"date":"2024-01-05T03:50:57","date_gmt":"2024-01-05T03:50:57","guid":{"rendered":"https:\/\/bbg.mystagingwebsite.com\/?page_id=10171"},"modified":"2024-03-06T22:17:18","modified_gmt":"2024-03-06T22:17:18","slug":"donde-debo-desechar-el-repelente-para-perros","status":"publish","type":"page","link":"https:\/\/www.briskmanandbriskman.com\/es\/practice-areas\/chicago-dog-bite-lawyer\/faq\/where-should-i-discard-dog-repellant\/","title":{"rendered":"\u00bfD\u00f3nde debo desechar el repelente para perros?"},"content":{"rendered":"<p><a href=\"https:\/\/www.briskmanandbriskman.com\/es\/areas-de-practica\/abogado-de-mordedura-de-perro-chicago\/faq\/que-es-un-repelente-para-perros\/\">Repelente para perros<\/a> es un aerosol que contiene una mezcla de aceite mineral y capsicum, un derivado de la pimienta de cayena. En <a href=\"https:\/\/www.briskmanandbriskman.com\/es\/areas-de-practica\/abogado-de-mordedura-de-perro-chicago\/faq\/cuando-se-debe-utilizar-el-repelente-para-perros\/\">utilizado correctamente<\/a>El repelente de perros inmoviliza al animal durante unos 15 minutos, impidiendo que ataque. El uso de repelente de perros en un animal no tiene efectos a largo plazo, y el producto est\u00e1 aprobado por varios organismos gubernamentales.<\/p>\n\n\n\n<p>Las latas de repelente para perros tienen m\u00faltiples usos. Sin embargo, es importante cuidar adecuadamente el producto para garantizar que siga siendo eficaz en usos posteriores. Despu\u00e9s de usar el repelente para perros, quedar\u00e1 una peque\u00f1a cantidad de residuo en la boquilla. Para limpiar la boquilla, ponga el bote boca abajo y roc\u00ede hasta que salga una niebla blanca. Es importante lavarse las manos despu\u00e9s de cada uso. Cuando el bote de repelente para perros est\u00e9 vac\u00edo, puede tirarse a la basura sin ninguna consideraci\u00f3n especial. Sin embargo, USPS recomienda consultar la normativa estatal y local antes de desechar un gran n\u00famero de latas.<\/p>\n\n\n\n<p>Si usted es un <a href=\"https:\/\/www.briskmanandbriskman.com\/es\/areas-de-practica\/abogado-de-mordedura-de-perro-chicago\/usps-abogados-de-mordeduras-de-perro\/\">trabajador de USPS y han sido heridos en un ataque de mordedura de perro Chicago<\/a>puede encontrarse con obst\u00e1culos a la hora de reclamar una indemnizaci\u00f3n por sus lesiones. En <a href=\"https:\/\/www.briskmanandbriskman.com\/es\/\">Briskman Briskman &amp; Greenberg<\/a>Estamos a su disposici\u00f3n. Nuestro <a href=\"https:\/\/www.briskmanandbriskman.com\/es\/\">bufete de abogados de lesiones personales<\/a> tiene m\u00e1s de 30 a\u00f1os de experiencia ayudando a v\u00edctimas de lesiones a obtener la compensaci\u00f3n que necesitan y merecen despu\u00e9s de haber sido <a href=\"https:\/\/www.briskmanandbriskman.com\/es\/areas-de-practica\/abogado-de-mordedura-de-perro-chicago\/\">mordido por un perro<\/a>. Para m\u00e1s informaci\u00f3n <a href=\"https:\/\/www.briskmanandbriskman.com\/es\/consulta-gratuita\/\">programar una consulta gratuita<\/a>llame al <a href=\"tel:1-877-595-4878\">1-877-595-4878<\/a> hoy. Debido a que trabajamos sobre una base de contingencia, usted no pagar\u00e1 ning\u00fan costo por adelantado para presentar una demanda, y no le cobraremos por nuestros servicios a menos que podamos obtener la compensaci\u00f3n que se merece.<\/p>\n\n\n\n<h3 class=\"wp-block-heading\">Otras preguntas frecuentes sobre mordeduras de perro:<\/h3>\n\n\n<ul class=\"list-pages-shortcode sibling-pages\"><li class=\"page_item page-item-10135\"><a href=\"https:\/\/www.briskmanandbriskman.com\/es\/practice-areas\/chicago-dog-bite-lawyer\/faq\/can-the-post-office-refuse-to-deliver-mail-because-of-a-dog\/\">\u00bfPuede Correos negarse a entregar el correo por culpa de un perro?<\/a><\/li>\n<li class=\"page_item page-item-10138\"><a href=\"https:\/\/www.briskmanandbriskman.com\/es\/practice-areas\/chicago-dog-bite-lawyer\/faq\/how-do-dogs-react-to-repellant\/\">\u00bfC\u00f3mo reaccionan los perros al repelente?<\/a><\/li>\n<li class=\"page_item page-item-10140\"><a href=\"https:\/\/www.briskmanandbriskman.com\/es\/practice-areas\/chicago-dog-bite-lawyer\/faq\/how-many-dog-bites-occur-in-the-us\/\">\u00bfCu\u00e1ntas mordeduras de perro se producen en EE.UU.?<\/a><\/li>\n<li class=\"page_item page-item-10142\"><a href=\"https:\/\/www.briskmanandbriskman.com\/es\/practice-areas\/chicago-dog-bite-lawyer\/faq\/how-to-prevent-a-dog-bite\/\">\u00bfC\u00f3mo prevenir las mordeduras de perro?<\/a><\/li>\n<li class=\"page_item page-item-10144\"><a href=\"https:\/\/www.briskmanandbriskman.com\/es\/practice-areas\/chicago-dog-bite-lawyer\/faq\/how-to-treat-dog-bites\/\">C\u00f3mo tratar las mordeduras de perro<\/a><\/li>\n<li class=\"page_item page-item-10148\"><a href=\"https:\/\/www.briskmanandbriskman.com\/es\/practice-areas\/chicago-dog-bite-lawyer\/faq\/my-child-got-bitten-by-a-dog-what-are-my-next-steps\/\">Mi hijo ha sido mordido por un perro; \u00bfqu\u00e9 debo hacer?<\/a><\/li>\n<li class=\"page_item page-item-10151\"><a href=\"https:\/\/www.briskmanandbriskman.com\/es\/practice-areas\/chicago-dog-bite-lawyer\/faq\/what-breed-of-dog-bites-the-most\/\">\u00bfQu\u00e9 raza de perro muerde m\u00e1s?<\/a><\/li>\n<li class=\"page_item page-item-10154\"><a href=\"https:\/\/www.briskmanandbriskman.com\/es\/practice-areas\/chicago-dog-bite-lawyer\/faq\/what-can-i-file-if-i-was-bitten-by-a-dog-during-my-delivery\/\">\u00bfQu\u00e9 puedo hacer si me ha mordido un perro durante el parto?<\/a><\/li>\n<li class=\"page_item page-item-10159\"><a href=\"https:\/\/www.briskmanandbriskman.com\/es\/practice-areas\/chicago-dog-bite-lawyer\/faq\/what-is-dog-repellant\/\">\u00bfQu\u00e9 es un repelente de perros?<\/a><\/li>\n<li class=\"page_item page-item-10161\"><a href=\"https:\/\/www.briskmanandbriskman.com\/es\/practice-areas\/chicago-dog-bite-lawyer\/faq\/what-is-the-total-cost-for-a-dog-bite-lawyer\/\">\u00bfCu\u00e1l es el coste total de un abogado especializado en mordeduras de perro?<\/a><\/li>\n<li class=\"page_item page-item-10163\"><a href=\"https:\/\/www.briskmanandbriskman.com\/es\/practice-areas\/chicago-dog-bite-lawyer\/faq\/what-should-letter-carriers-know-about-dogs\/\">\u00bfQu\u00e9 deben saber los carteros sobre los perros?<\/a><\/li>\n<li class=\"page_item page-item-10165\"><a href=\"https:\/\/www.briskmanandbriskman.com\/es\/practice-areas\/chicago-dog-bite-lawyer\/faq\/what-should-pet-owners-do-before-a-usps-worker-delivers-the-mail\/\">\u00bfQu\u00e9 deben hacer los due\u00f1os de mascotas antes de que un trabajador de USPS entregue el correo?<\/a><\/li>\n<li class=\"page_item page-item-10167\"><a href=\"https:\/\/www.briskmanandbriskman.com\/es\/practice-areas\/chicago-dog-bite-lawyer\/faq\/what-to-do-if-someones-dog-bites-you\/\">Qu\u00e9 hacer si el perro de alguien te muerde<\/a><\/li>\n<li class=\"page_item page-item-10169\"><a href=\"https:\/\/www.briskmanandbriskman.com\/es\/practice-areas\/chicago-dog-bite-lawyer\/faq\/when-should-dog-repellant-be-used\/\">\u00bfCu\u00e1ndo se debe utilizar un repelente para perros?<\/a><\/li>\n<li class=\"page_item page-item-10171\"><a href=\"https:\/\/www.briskmanandbriskman.com\/es\/practice-areas\/chicago-dog-bite-lawyer\/faq\/where-should-i-discard-dog-repellant\/\">\u00bfD\u00f3nde debo desechar el repelente para perros?<\/a><\/li>\n<li class=\"page_item page-item-10173\"><a href=\"https:\/\/www.briskmanandbriskman.com\/es\/practice-areas\/chicago-dog-bite-lawyer\/faq\/which-cities-have-the-most-dog-bites\/\">\u00bfCu\u00e1les son las ciudades con m\u00e1s mordeduras de perro?<\/a><\/li>\n<li class=\"page_item page-item-10175\"><a href=\"https:\/\/www.briskmanandbriskman.com\/es\/practice-areas\/chicago-dog-bite-lawyer\/faq\/who-do-you-contact-after-a-dog-bite\/\">\u00bfCon qui\u00e9n hay que ponerse en contacto tras una mordedura de perro?<\/a><\/li>\n<li class=\"page_item page-item-10177\"><a href=\"https:\/\/www.briskmanandbriskman.com\/es\/practice-areas\/chicago-dog-bite-lawyer\/faq\/why-is-dog-repellant-necessary\/\">\u00bfPor qu\u00e9 es necesario un repelente para perros?<\/a><\/li>\n<\/ul>","protected":false},"excerpt":{"rendered":"<p>El repelente para perros es un aerosol que contiene una mezcla de aceite mineral y capsicum, un derivado de la pimienta de cayena. Si se utiliza correctamente, inmoviliza al perro durante unos 15 minutos, impidiendo que ataque. El uso de repelente para perros no tiene efectos a largo plazo y el producto est\u00e1 aprobado por...<\/p>","protected":false},"author":1,"featured_media":11050,"parent":10133,"menu_order":0,"comment_status":"closed","ping_status":"closed","template":"","meta":{"_acf_changed":false,"footnotes":""},"class_list":["post-10171","page","type-page","status-publish","has-post-thumbnail","hentry"],"acf":[],"_links":{"self":[{"href":"https:\/\/www.briskmanandbriskman.com\/es\/wp-json\/wp\/v2\/pages\/10171","targetHints":{"allow":["GET"]}}],"collection":[{"href":"https:\/\/www.briskmanandbriskman.com\/es\/wp-json\/wp\/v2\/pages"}],"about":[{"href":"https:\/\/www.briskmanandbriskman.com\/es\/wp-json\/wp\/v2\/types\/page"}],"author":[{"embeddable":true,"href":"https:\/\/www.briskmanandbriskman.com\/es\/wp-json\/wp\/v2\/users\/1"}],"replies":[{"embeddable":true,"href":"https:\/\/www.briskmanandbriskman.com\/es\/wp-json\/wp\/v2\/comments?post=10171"}],"version-history":[{"count":2,"href":"https:\/\/www.briskmanandbriskman.com\/es\/wp-json\/wp\/v2\/pages\/10171\/revisions"}],"predecessor-version":[{"id":14770,"href":"https:\/\/www.briskmanandbriskman.com\/es\/wp-json\/wp\/v2\/pages\/10171\/revisions\/14770"}],"up":[{"embeddable":true,"href":"https:\/\/www.briskmanandbriskman.com\/es\/wp-json\/wp\/v2\/pages\/10133"}],"wp:featuredmedia":[{"embeddable":true,"href":"https:\/\/www.briskmanandbriskman.com\/es\/wp-json\/wp\/v2\/media\/11050"}],"wp:attachment":[{"href":"https:\/\/www.briskmanandbriskman.com\/es\/wp-json\/wp\/v2\/media?parent=10171"}],"curies":[{"name":"wp","href":"https:\/\/api.w.org\/{rel}","templated":true}]}}