{"id":10165,"date":"2024-01-05T03:47:41","date_gmt":"2024-01-05T03:47:41","guid":{"rendered":"https:\/\/bbg.mystagingwebsite.com\/?page_id=10165"},"modified":"2024-03-06T22:15:39","modified_gmt":"2024-03-06T22:15:39","slug":"que-deben-hacer-los-duenos-de-mascotas-antes-de-que-un-empleado-de-usps-entregue-el-correo","status":"publish","type":"page","link":"https:\/\/www.briskmanandbriskman.com\/es\/practice-areas\/chicago-dog-bite-lawyer\/faq\/what-should-pet-owners-do-before-a-usps-worker-delivers-the-mail\/","title":{"rendered":"\u00bfQu\u00e9 deben hacer los due\u00f1os de mascotas antes de que un trabajador de USPS entregue el correo?"},"content":{"rendered":"<p>Todos los due\u00f1os de mascotas reciben correo. Por lo tanto, no deber\u00eda sorprender que aparezca un cartero de USPS. Sin embargo, el hecho es que miles de carteros son <a href=\"https:\/\/www.briskmanandbriskman.com\/es\/areas-de-practica\/abogado-de-mordedura-de-perro-chicago\/\">heridos graves por mordeduras de perro<\/a> y otros ataques. Un estudio reciente realizado por el USPS revel\u00f3 que m\u00e1s de 5.800 empleados postales fueron atacados por perros solo en 2020.<\/p>\n\n\n\n<p>Los due\u00f1os de mascotas tienen la responsabilidad ante los carteros de tomar ciertas precauciones antes de que llegue un trabajador de USPS a entregar el correo, entre ellas:<\/p>\n\n\n\n<p><strong>Mant\u00e9n a los perros alejados de la puerta:<\/strong> Los due\u00f1os de mascotas que esperan recibir un paquete en la puerta de su casa deben asegurarse de que su perro est\u00e9 en una habitaci\u00f3n separada cuando llegue el cartero. Un perro puede ver el gesto del cartero de entregar el correo a su due\u00f1o como una amenaza. Los perros agresivos pueden arremeter contra sus due\u00f1os al abrir la puerta y atravesar las puertas de mosquitera o incluso las contraventanas de cristal.<\/p>\n\n\n\n<p><strong>Los perros que est\u00e9n en el exterior deben estar correctamente sujetos:<\/strong> Siempre que sea posible, los due\u00f1os de perros deben meter a sus mascotas en casa cuando sepan que va a llegar un cartero. Sin embargo, si el perro vive principalmente en el exterior, es imprescindible que est\u00e9 bien sujeto para proteger al cartero. Los perros deben ir siempre atados y fuera del alcance de los carteros.<\/p>\n\n\n\n<p><strong>No conf\u00ede en las vallas electr\u00f3nicas:<\/strong> Los due\u00f1os de mascotas recurren cada vez m\u00e1s a las vallas electr\u00f3nicas como alternativa a las vallas tradicionales. Sin embargo, esto puede causar confusi\u00f3n a los trabajadores de USPS, que pueden asumir que un patio sin vallar y sin perro visible es una casa libre de animales. Las vallas electr\u00f3nicas no protegen a los trabajadores de USPS de los perros, ya que deben entrar en la propiedad del propietario para entregar el correo. Por lo tanto, los due\u00f1os de perros que tengan vallas electr\u00f3nicas deben llevar a sus perros dentro de casa cuando esperen una entrega.<\/p>\n\n\n\n<p><strong>Rastrea los paquetes:<\/strong> Los propietarios de perros deben utilizar el seguimiento de entregas para determinar cu\u00e1ndo est\u00e1 prevista la llegada de un paquete. Al tener una idea general de cu\u00e1ndo un trabajador de USPS entregar\u00e1 un paquete, los due\u00f1os de mascotas pueden tomar las medidas necesarias para asegurar a su animal y no poner al repartidor en riesgo de ataque.<\/p>\n\n\n\n<h3 class=\"wp-block-heading\">Infograf\u00eda sobre mordeduras de perro a empleados de correos<\/h3>\n\n\n<div class=\"wp-block-image\">\n<figure class=\"aligncenter\"><a href=\"https:\/\/www.briskmanandbriskman.com\/es\/infografia\/lesiones-por-mordedura-de-perro-de-un-empleado-de-correos\/\"><img loading=\"lazy\" decoding=\"async\" width=\"1198\" height=\"783\" src=\"https:\/\/www.briskmanandbriskman.com\/wp-content\/uploads\/2023\/07\/2023-May-Infographic_-Dog-Bite_USPS-1.jpg\" alt=\"Lesiones por mordedura de perro de un empleado de correos\" class=\"wp-image-9446\" title=\"\" srcset=\"https:\/\/www.briskmanandbriskman.com\/wp-content\/uploads\/2023\/07\/2023-May-Infographic_-Dog-Bite_USPS-1.jpg 1198w, https:\/\/www.briskmanandbriskman.com\/wp-content\/uploads\/2023\/07\/2023-May-Infographic_-Dog-Bite_USPS-1-300x196.jpg 300w, https:\/\/www.briskmanandbriskman.com\/wp-content\/uploads\/2023\/07\/2023-May-Infographic_-Dog-Bite_USPS-1-1024x669.jpg 1024w, https:\/\/www.briskmanandbriskman.com\/wp-content\/uploads\/2023\/07\/2023-May-Infographic_-Dog-Bite_USPS-1-768x502.jpg 768w, https:\/\/www.briskmanandbriskman.com\/wp-content\/uploads\/2023\/07\/2023-May-Infographic_-Dog-Bite_USPS-1-1071x700.jpg 1071w, https:\/\/www.briskmanandbriskman.com\/wp-content\/uploads\/2023\/07\/2023-May-Infographic_-Dog-Bite_USPS-1-765x500.jpg 765w, https:\/\/www.briskmanandbriskman.com\/wp-content\/uploads\/2023\/07\/2023-May-Infographic_-Dog-Bite_USPS-1-560x366.jpg 560w, https:\/\/www.briskmanandbriskman.com\/wp-content\/uploads\/2023\/07\/2023-May-Infographic_-Dog-Bite_USPS-1-153x100.jpg 153w, https:\/\/www.briskmanandbriskman.com\/wp-content\/uploads\/2023\/07\/2023-May-Infographic_-Dog-Bite_USPS-1-321x210.jpg 321w, https:\/\/www.briskmanandbriskman.com\/wp-content\/uploads\/2023\/07\/2023-May-Infographic_-Dog-Bite_USPS-1-256x167.jpg 256w, https:\/\/www.briskmanandbriskman.com\/wp-content\/uploads\/2023\/07\/2023-May-Infographic_-Dog-Bite_USPS-1-150x98.jpg 150w\" sizes=\"auto, (max-width: 1198px) 100vw, 1198px\" \/><\/a><\/figure>\n<\/div>\n\n\n<p>Si usted es un <a href=\"https:\/\/www.briskmanandbriskman.com\/es\/areas-de-practica\/indemnizacion-por-accidente-laboral\/injured-while-working-at-ups\/\">Trabajador de USPS atacado por un perro<\/a> durante su ruta, el <a href=\"https:\/\/www.briskmanandbriskman.com\/es\/areas-de-practica\/abogado-de-mordedura-de-perro-chicago\/\">Chicago USPS abogados de mordeduras de perro en Briskman Briskman &amp; Greenberg<\/a> est\u00e1n aqu\u00ed para usted. En <a href=\"https:\/\/www.briskmanandbriskman.com\/es\/\">Briskman Briskman &amp; Greenberg<\/a>, nuestro <a href=\"https:\/\/www.briskmanandbriskman.com\/es\/\">abogados de da\u00f1os personales<\/a> tienen m\u00e1s de 30 a\u00f1os de experiencia ayudando a los trabajadores postales a obtener la compensaci\u00f3n que necesitan y merecen despu\u00e9s de haber sido mordidos por un perro. Para obtener m\u00e1s informaci\u00f3n, y para programar una consulta gratuita, <a href=\"tel:1-877-595-4878\">llame hoy mismo al 1-877-595-4878<\/a>. Debido a que trabajamos sobre una base de contingencia, usted no pagar\u00e1 ning\u00fan costo por adelantado para presentar una demanda, y no le cobraremos por nuestros servicios a menos que podamos obtener la compensaci\u00f3n que se merece.<\/p>\n\n\n\n<h3 class=\"wp-block-heading\">Otras preguntas frecuentes sobre mordeduras de perro:<\/h3>\n\n\n<ul class=\"list-pages-shortcode sibling-pages\"><li class=\"page_item page-item-10135\"><a href=\"https:\/\/www.briskmanandbriskman.com\/es\/practice-areas\/chicago-dog-bite-lawyer\/faq\/can-the-post-office-refuse-to-deliver-mail-because-of-a-dog\/\">\u00bfPuede Correos negarse a entregar el correo por culpa de un perro?<\/a><\/li>\n<li class=\"page_item page-item-10138\"><a href=\"https:\/\/www.briskmanandbriskman.com\/es\/practice-areas\/chicago-dog-bite-lawyer\/faq\/how-do-dogs-react-to-repellant\/\">\u00bfC\u00f3mo reaccionan los perros al repelente?<\/a><\/li>\n<li class=\"page_item page-item-10140\"><a href=\"https:\/\/www.briskmanandbriskman.com\/es\/practice-areas\/chicago-dog-bite-lawyer\/faq\/how-many-dog-bites-occur-in-the-us\/\">\u00bfCu\u00e1ntas mordeduras de perro se producen en EE.UU.?<\/a><\/li>\n<li class=\"page_item page-item-10142\"><a href=\"https:\/\/www.briskmanandbriskman.com\/es\/practice-areas\/chicago-dog-bite-lawyer\/faq\/how-to-prevent-a-dog-bite\/\">\u00bfC\u00f3mo prevenir las mordeduras de perro?<\/a><\/li>\n<li class=\"page_item page-item-10144\"><a href=\"https:\/\/www.briskmanandbriskman.com\/es\/practice-areas\/chicago-dog-bite-lawyer\/faq\/how-to-treat-dog-bites\/\">C\u00f3mo tratar las mordeduras de perro<\/a><\/li>\n<li class=\"page_item page-item-10148\"><a href=\"https:\/\/www.briskmanandbriskman.com\/es\/practice-areas\/chicago-dog-bite-lawyer\/faq\/my-child-got-bitten-by-a-dog-what-are-my-next-steps\/\">Mi hijo ha sido mordido por un perro; \u00bfqu\u00e9 debo hacer?<\/a><\/li>\n<li class=\"page_item page-item-10151\"><a href=\"https:\/\/www.briskmanandbriskman.com\/es\/practice-areas\/chicago-dog-bite-lawyer\/faq\/what-breed-of-dog-bites-the-most\/\">\u00bfQu\u00e9 raza de perro muerde m\u00e1s?<\/a><\/li>\n<li class=\"page_item page-item-10154\"><a href=\"https:\/\/www.briskmanandbriskman.com\/es\/practice-areas\/chicago-dog-bite-lawyer\/faq\/what-can-i-file-if-i-was-bitten-by-a-dog-during-my-delivery\/\">\u00bfQu\u00e9 puedo hacer si me ha mordido un perro durante el parto?<\/a><\/li>\n<li class=\"page_item page-item-10159\"><a href=\"https:\/\/www.briskmanandbriskman.com\/es\/practice-areas\/chicago-dog-bite-lawyer\/faq\/what-is-dog-repellant\/\">\u00bfQu\u00e9 es un repelente de perros?<\/a><\/li>\n<li class=\"page_item page-item-10161\"><a href=\"https:\/\/www.briskmanandbriskman.com\/es\/practice-areas\/chicago-dog-bite-lawyer\/faq\/what-is-the-total-cost-for-a-dog-bite-lawyer\/\">\u00bfCu\u00e1l es el coste total de un abogado especializado en mordeduras de perro?<\/a><\/li>\n<li class=\"page_item page-item-10163\"><a href=\"https:\/\/www.briskmanandbriskman.com\/es\/practice-areas\/chicago-dog-bite-lawyer\/faq\/what-should-letter-carriers-know-about-dogs\/\">\u00bfQu\u00e9 deben saber los carteros sobre los perros?<\/a><\/li>\n<li class=\"page_item page-item-10165\"><a href=\"https:\/\/www.briskmanandbriskman.com\/es\/practice-areas\/chicago-dog-bite-lawyer\/faq\/what-should-pet-owners-do-before-a-usps-worker-delivers-the-mail\/\">\u00bfQu\u00e9 deben hacer los due\u00f1os de mascotas antes de que un trabajador de USPS entregue el correo?<\/a><\/li>\n<li class=\"page_item page-item-10167\"><a href=\"https:\/\/www.briskmanandbriskman.com\/es\/practice-areas\/chicago-dog-bite-lawyer\/faq\/what-to-do-if-someones-dog-bites-you\/\">Qu\u00e9 hacer si el perro de alguien te muerde<\/a><\/li>\n<li class=\"page_item page-item-10169\"><a href=\"https:\/\/www.briskmanandbriskman.com\/es\/practice-areas\/chicago-dog-bite-lawyer\/faq\/when-should-dog-repellant-be-used\/\">\u00bfCu\u00e1ndo se debe utilizar un repelente para perros?<\/a><\/li>\n<li class=\"page_item page-item-10171\"><a href=\"https:\/\/www.briskmanandbriskman.com\/es\/practice-areas\/chicago-dog-bite-lawyer\/faq\/where-should-i-discard-dog-repellant\/\">\u00bfD\u00f3nde debo desechar el repelente para perros?<\/a><\/li>\n<li class=\"page_item page-item-10173\"><a href=\"https:\/\/www.briskmanandbriskman.com\/es\/practice-areas\/chicago-dog-bite-lawyer\/faq\/which-cities-have-the-most-dog-bites\/\">\u00bfCu\u00e1les son las ciudades con m\u00e1s mordeduras de perro?<\/a><\/li>\n<li class=\"page_item page-item-10175\"><a href=\"https:\/\/www.briskmanandbriskman.com\/es\/practice-areas\/chicago-dog-bite-lawyer\/faq\/who-do-you-contact-after-a-dog-bite\/\">\u00bfCon qui\u00e9n hay que ponerse en contacto tras una mordedura de perro?<\/a><\/li>\n<li class=\"page_item page-item-10177\"><a href=\"https:\/\/www.briskmanandbriskman.com\/es\/practice-areas\/chicago-dog-bite-lawyer\/faq\/why-is-dog-repellant-necessary\/\">\u00bfPor qu\u00e9 es necesario un repelente para perros?<\/a><\/li>\n<\/ul>","protected":false},"excerpt":{"rendered":"<p>Todos los due\u00f1os de mascotas reciben correo. Por lo tanto, no deber\u00eda sorprender que aparezca un cartero de USPS. Sin embargo, lo cierto es que miles de carteros sufren lesiones graves como consecuencia de mordeduras de perro y otros ataques. Un estudio reciente realizado por el USPS descubri\u00f3 que m\u00e1s de 5.800 empleados postales...<\/p>","protected":false},"author":1,"featured_media":11195,"parent":10133,"menu_order":0,"comment_status":"closed","ping_status":"closed","template":"","meta":{"_acf_changed":false,"footnotes":""},"class_list":["post-10165","page","type-page","status-publish","has-post-thumbnail","hentry"],"acf":[],"_links":{"self":[{"href":"https:\/\/www.briskmanandbriskman.com\/es\/wp-json\/wp\/v2\/pages\/10165","targetHints":{"allow":["GET"]}}],"collection":[{"href":"https:\/\/www.briskmanandbriskman.com\/es\/wp-json\/wp\/v2\/pages"}],"about":[{"href":"https:\/\/www.briskmanandbriskman.com\/es\/wp-json\/wp\/v2\/types\/page"}],"author":[{"embeddable":true,"href":"https:\/\/www.briskmanandbriskman.com\/es\/wp-json\/wp\/v2\/users\/1"}],"replies":[{"embeddable":true,"href":"https:\/\/www.briskmanandbriskman.com\/es\/wp-json\/wp\/v2\/comments?post=10165"}],"version-history":[{"count":2,"href":"https:\/\/www.briskmanandbriskman.com\/es\/wp-json\/wp\/v2\/pages\/10165\/revisions"}],"predecessor-version":[{"id":15346,"href":"https:\/\/www.briskmanandbriskman.com\/es\/wp-json\/wp\/v2\/pages\/10165\/revisions\/15346"}],"up":[{"embeddable":true,"href":"https:\/\/www.briskmanandbriskman.com\/es\/wp-json\/wp\/v2\/pages\/10133"}],"wp:featuredmedia":[{"embeddable":true,"href":"https:\/\/www.briskmanandbriskman.com\/es\/wp-json\/wp\/v2\/media\/11195"}],"wp:attachment":[{"href":"https:\/\/www.briskmanandbriskman.com\/es\/wp-json\/wp\/v2\/media?parent=10165"}],"curies":[{"name":"wp","href":"https:\/\/api.w.org\/{rel}","templated":true}]}}