{"id":10163,"date":"2024-01-05T03:46:40","date_gmt":"2024-01-05T03:46:40","guid":{"rendered":"https:\/\/bbg.mystagingwebsite.com\/?page_id=10163"},"modified":"2025-05-27T21:39:15","modified_gmt":"2025-05-27T21:39:15","slug":"que-deben-saber-los-carteros-sobre-los-perros","status":"publish","type":"page","link":"https:\/\/www.briskmanandbriskman.com\/es\/practice-areas\/chicago-dog-bite-lawyer\/faq\/what-should-letter-carriers-know-about-dogs\/","title":{"rendered":"\u00bfQu\u00e9 deben saber los carteros sobre los perros?"},"content":{"rendered":"<p>Quiz\u00e1 lo m\u00e1s importante que los carteros de USPS deben saber sobre los perros es que, aunque algunas razas son m\u00e1s peligrosas que otras, cualquier perro puede atacar en cualquier momento sin motivo aparente. La mayor\u00eda de los carteros saben que deben estar atentos a las razas de perros peligrosas en su ruta, como Pitbulls, Rottweilers y Dobermans. Sin embargo, hoy en d\u00eda los perros mestizos representan un gran porcentaje de la tenencia de perros.<\/p>\n\n\n\n<p>According to the most recently available data, <a href=\"https:\/\/www.briskmanandbriskman.com\/es\/areas-de-practica\/abogado-de-mordedura-de-perro-chicago\/chicago-pit-bull-dog-bite-lawyer\/\">pit bulls<\/a> are the most dangerous breed of dog. However, after pit bulls, mixed-breed animals are responsible for as many attacks as any other breed.<\/p>\n\n\n\n<p>Los carteros deben vigilar a todos los perros durante su ruta, no s\u00f3lo a los pit bull y otras razas conocidas por su peligrosidad. Cuando los carteros se encuentren con un perro, sea de la raza que sea, deben tener en cuenta lo siguiente:<\/p>\n\n\n\n<p><strong>1.) Mantener la calma<\/strong><\/p>\n\n\n\n<p>Cuando un perro se acerca, es normal sentir el deseo de darse la vuelta y huir. Sin embargo, al hacerlo se corre el riesgo de desencadenar el instinto de persecuci\u00f3n del animal. En su lugar, los carteros deben mantener la calma y permanecer quietos mientras miran en la direcci\u00f3n general del perro.<\/p>\n\n\n\n<p><strong>2.) Evitar el contacto visual<\/strong><\/p>\n\n\n\n<p>Aunque los carteros no deben dar la espalda a un perro, tambi\u00e9n deben evitar el contacto visual directo. Muchos perros interpretan el contacto visual directo como una amenaza, lo que puede aumentar las posibilidades de ataque.<\/p>\n\n\n\n<p><strong>3.) Crear una barrera f\u00edsica<\/strong><\/p>\n\n\n\n<p>Los carteros deben interponer lentamente su cartera u otro objeto entre ellos y el perro cuando se les acerque un perro desconocido. Esto bloquear\u00e1 la l\u00ednea de visi\u00f3n del perro y actuar\u00e1 como barrera f\u00edsica si el perro intenta atacar.<\/p>\n\n\n\n<p><strong>4.) Retroceder lentamente<\/strong><\/p>\n\n\n\n<p>Cuando el perro empiece a perder inter\u00e9s, los carteros deben empezar a alejarse lentamente del animal mientras mantienen el cuerpo hacia \u00e9l. No deben darse la vuelta, ya que esto puede dar a un animal asustado o agresivo la oportunidad de atacar.<\/p>\n\n\n\n<p>Si usted es un trabajador de USPS que fue atacado por un perro mientras realizaba su ruta, el <a href=\"https:\/\/www.briskmanandbriskman.com\/es\/areas-de-practica\/abogado-de-mordedura-de-perro-chicago\/\">Chicago USPS abogados de mordeduras de perro en Briskman Briskman &amp; Greenberg<\/a> est\u00e1n aqu\u00ed para usted. En <a href=\"https:\/\/www.briskmanandbriskman.com\/es\/\">Briskman Briskman &amp; Greenberg<\/a>, nuestro <a href=\"https:\/\/www.briskmanandbriskman.com\/es\/\">abogados de da\u00f1os personales<\/a> tienen m\u00e1s de 30 a\u00f1os de experiencia ayudando a los trabajadores postales a obtener la compensaci\u00f3n que necesitan y merecen despu\u00e9s de haber sido mordidos por un perro. Para obtener m\u00e1s informaci\u00f3n, y para programar una consulta gratuita, <a href=\"tel:1-877-595-4878\">llame hoy mismo al 1-877-595-4878<\/a>. Debido a que trabajamos sobre una base de contingencia, usted no pagar\u00e1 ning\u00fan costo por adelantado para presentar una demanda, y no le cobraremos por nuestros servicios a menos que podamos obtener la compensaci\u00f3n que se merece.<\/p>\n\n\n\n<h3 class=\"wp-block-heading\">Otras preguntas frecuentes sobre mordeduras de perro:<\/h3>\n\n\n<ul class=\"list-pages-shortcode sibling-pages\"><li class=\"page_item page-item-10135\"><a href=\"https:\/\/www.briskmanandbriskman.com\/es\/practice-areas\/chicago-dog-bite-lawyer\/faq\/can-the-post-office-refuse-to-deliver-mail-because-of-a-dog\/\">\u00bfPuede Correos negarse a entregar el correo por culpa de un perro?<\/a><\/li>\n<li class=\"page_item page-item-10138\"><a href=\"https:\/\/www.briskmanandbriskman.com\/es\/practice-areas\/chicago-dog-bite-lawyer\/faq\/how-do-dogs-react-to-repellant\/\">\u00bfC\u00f3mo reaccionan los perros al repelente?<\/a><\/li>\n<li class=\"page_item page-item-10140\"><a href=\"https:\/\/www.briskmanandbriskman.com\/es\/practice-areas\/chicago-dog-bite-lawyer\/faq\/how-many-dog-bites-occur-in-the-us\/\">\u00bfCu\u00e1ntas mordeduras de perro se producen en EE.UU.?<\/a><\/li>\n<li class=\"page_item page-item-10142\"><a href=\"https:\/\/www.briskmanandbriskman.com\/es\/practice-areas\/chicago-dog-bite-lawyer\/faq\/how-to-prevent-a-dog-bite\/\">\u00bfC\u00f3mo prevenir las mordeduras de perro?<\/a><\/li>\n<li class=\"page_item page-item-10144\"><a href=\"https:\/\/www.briskmanandbriskman.com\/es\/practice-areas\/chicago-dog-bite-lawyer\/faq\/how-to-treat-dog-bites\/\">C\u00f3mo tratar las mordeduras de perro<\/a><\/li>\n<li class=\"page_item page-item-10148\"><a href=\"https:\/\/www.briskmanandbriskman.com\/es\/practice-areas\/chicago-dog-bite-lawyer\/faq\/my-child-got-bitten-by-a-dog-what-are-my-next-steps\/\">Mi hijo ha sido mordido por un perro; \u00bfqu\u00e9 debo hacer?<\/a><\/li>\n<li class=\"page_item page-item-10151\"><a href=\"https:\/\/www.briskmanandbriskman.com\/es\/practice-areas\/chicago-dog-bite-lawyer\/faq\/what-breed-of-dog-bites-the-most\/\">\u00bfQu\u00e9 raza de perro muerde m\u00e1s?<\/a><\/li>\n<li class=\"page_item page-item-10154\"><a href=\"https:\/\/www.briskmanandbriskman.com\/es\/practice-areas\/chicago-dog-bite-lawyer\/faq\/what-can-i-file-if-i-was-bitten-by-a-dog-during-my-delivery\/\">\u00bfQu\u00e9 puedo hacer si me ha mordido un perro durante el parto?<\/a><\/li>\n<li class=\"page_item page-item-10159\"><a href=\"https:\/\/www.briskmanandbriskman.com\/es\/practice-areas\/chicago-dog-bite-lawyer\/faq\/what-is-dog-repellant\/\">\u00bfQu\u00e9 es un repelente de perros?<\/a><\/li>\n<li class=\"page_item page-item-10161\"><a href=\"https:\/\/www.briskmanandbriskman.com\/es\/practice-areas\/chicago-dog-bite-lawyer\/faq\/what-is-the-total-cost-for-a-dog-bite-lawyer\/\">\u00bfCu\u00e1l es el coste total de un abogado especializado en mordeduras de perro?<\/a><\/li>\n<li class=\"page_item page-item-10163\"><a href=\"https:\/\/www.briskmanandbriskman.com\/es\/practice-areas\/chicago-dog-bite-lawyer\/faq\/what-should-letter-carriers-know-about-dogs\/\">\u00bfQu\u00e9 deben saber los carteros sobre los perros?<\/a><\/li>\n<li class=\"page_item page-item-10165\"><a href=\"https:\/\/www.briskmanandbriskman.com\/es\/practice-areas\/chicago-dog-bite-lawyer\/faq\/what-should-pet-owners-do-before-a-usps-worker-delivers-the-mail\/\">\u00bfQu\u00e9 deben hacer los due\u00f1os de mascotas antes de que un trabajador de USPS entregue el correo?<\/a><\/li>\n<li class=\"page_item page-item-10167\"><a href=\"https:\/\/www.briskmanandbriskman.com\/es\/practice-areas\/chicago-dog-bite-lawyer\/faq\/what-to-do-if-someones-dog-bites-you\/\">Qu\u00e9 hacer si el perro de alguien te muerde<\/a><\/li>\n<li class=\"page_item page-item-10169\"><a href=\"https:\/\/www.briskmanandbriskman.com\/es\/practice-areas\/chicago-dog-bite-lawyer\/faq\/when-should-dog-repellant-be-used\/\">\u00bfCu\u00e1ndo se debe utilizar un repelente para perros?<\/a><\/li>\n<li class=\"page_item page-item-10171\"><a href=\"https:\/\/www.briskmanandbriskman.com\/es\/practice-areas\/chicago-dog-bite-lawyer\/faq\/where-should-i-discard-dog-repellant\/\">\u00bfD\u00f3nde debo desechar el repelente para perros?<\/a><\/li>\n<li class=\"page_item page-item-10173\"><a href=\"https:\/\/www.briskmanandbriskman.com\/es\/practice-areas\/chicago-dog-bite-lawyer\/faq\/which-cities-have-the-most-dog-bites\/\">\u00bfCu\u00e1les son las ciudades con m\u00e1s mordeduras de perro?<\/a><\/li>\n<li class=\"page_item page-item-10175\"><a href=\"https:\/\/www.briskmanandbriskman.com\/es\/practice-areas\/chicago-dog-bite-lawyer\/faq\/who-do-you-contact-after-a-dog-bite\/\">\u00bfCon qui\u00e9n hay que ponerse en contacto tras una mordedura de perro?<\/a><\/li>\n<li class=\"page_item page-item-10177\"><a href=\"https:\/\/www.briskmanandbriskman.com\/es\/practice-areas\/chicago-dog-bite-lawyer\/faq\/why-is-dog-repellant-necessary\/\">\u00bfPor qu\u00e9 es necesario un repelente para perros?<\/a><\/li>\n<\/ul>","protected":false},"excerpt":{"rendered":"<p>Quiz\u00e1 lo m\u00e1s importante que los carteros de USPS deben saber sobre los perros es que, aunque algunas razas son m\u00e1s peligrosas que otras, cualquier perro puede atacar en cualquier momento sin motivo aparente. La mayor\u00eda de los carteros saben que deben estar atentos a las razas de perros peligrosas a lo largo de su ruta, como Pitbulls, Rottweilers y...<\/p>","protected":false},"author":1,"featured_media":11195,"parent":10133,"menu_order":0,"comment_status":"closed","ping_status":"closed","template":"","meta":{"_acf_changed":false,"footnotes":""},"class_list":["post-10163","page","type-page","status-publish","has-post-thumbnail","hentry"],"acf":[],"_links":{"self":[{"href":"https:\/\/www.briskmanandbriskman.com\/es\/wp-json\/wp\/v2\/pages\/10163","targetHints":{"allow":["GET"]}}],"collection":[{"href":"https:\/\/www.briskmanandbriskman.com\/es\/wp-json\/wp\/v2\/pages"}],"about":[{"href":"https:\/\/www.briskmanandbriskman.com\/es\/wp-json\/wp\/v2\/types\/page"}],"author":[{"embeddable":true,"href":"https:\/\/www.briskmanandbriskman.com\/es\/wp-json\/wp\/v2\/users\/1"}],"replies":[{"embeddable":true,"href":"https:\/\/www.briskmanandbriskman.com\/es\/wp-json\/wp\/v2\/comments?post=10163"}],"version-history":[{"count":3,"href":"https:\/\/www.briskmanandbriskman.com\/es\/wp-json\/wp\/v2\/pages\/10163\/revisions"}],"predecessor-version":[{"id":15292,"href":"https:\/\/www.briskmanandbriskman.com\/es\/wp-json\/wp\/v2\/pages\/10163\/revisions\/15292"}],"up":[{"embeddable":true,"href":"https:\/\/www.briskmanandbriskman.com\/es\/wp-json\/wp\/v2\/pages\/10133"}],"wp:featuredmedia":[{"embeddable":true,"href":"https:\/\/www.briskmanandbriskman.com\/es\/wp-json\/wp\/v2\/media\/11195"}],"wp:attachment":[{"href":"https:\/\/www.briskmanandbriskman.com\/es\/wp-json\/wp\/v2\/media?parent=10163"}],"curies":[{"name":"wp","href":"https:\/\/api.w.org\/{rel}","templated":true}]}}