{"id":10157,"date":"2024-01-05T02:50:11","date_gmt":"2024-01-05T02:50:11","guid":{"rendered":"https:\/\/bbg.mystagingwebsite.com\/?page_id=10157"},"modified":"2025-09-08T21:54:40","modified_gmt":"2025-09-08T21:54:40","slug":"que-pruebas-se-necesitan-para-una-demanda-por-mordedura-de-perro","status":"publish","type":"page","link":"https:\/\/www.briskmanandbriskman.com\/es\/information-centers\/dog-bite-center\/what-evidence-is-needed-for-a-dog-bite-lawsuit\/","title":{"rendered":"\u00bfQu\u00e9 pruebas se necesitan para una demanda por mordedura de perro?"},"content":{"rendered":"<p><a href=\"https:\/\/www.briskmanandbriskman.com\/es\/centros-de-informacion\/centro-de-mordeduras-de-perro\/\">Volver a la p\u00e1gina principal del Centro de Mordeduras de Perros<\/a><\/p>\n\n\n\n<p>Contar con pruebas s\u00f3lidas que respalden su <a href=\"https:\/\/www.briskmanandbriskman.com\/es\/areas-de-practica\/abogado-de-mordedura-de-perro-chicago\/\">reclamaci\u00f3n por mordedura de perro<\/a> puede aumentar las posibilidades de \u00e9xito y maximizar sus da\u00f1os. Los historiales m\u00e9dicos sirven como prueba clave en los casos de ataques de perros.<\/p>\n\n\n\n<p>Recibir tratamiento m\u00e9dico inmediatamente despu\u00e9s de una mordedura de perro no s\u00f3lo le ayuda a evitar infecciones, sino que tambi\u00e9n garantiza que el alcance y la naturaleza de sus lesiones queden debidamente documentados. El informe de tu m\u00e9dico establecer\u00e1 una clara relaci\u00f3n entre las lesiones que sufriste y el ataque del perro.<\/p>\n\n\n\n<p>La polic\u00eda local o el control de animales elaborar\u00e1n un informe sobre el incidente. Aseg\u00farate de obtener una copia del informe, ya que contendr\u00e1 detalles de lo sucedido.<\/p>\n\n\n\n<figure class=\"wp-block-image size-large\"><a href=\"https:\/\/www.briskmanandbriskman.com\/es\/infografia\/guide-to-the-dog-bite-lawsuit-process\/\"><img loading=\"lazy\" decoding=\"async\" width=\"1024\" height=\"743\" src=\"https:\/\/www.briskmanandbriskman.com\/wp-content\/uploads\/2025\/09\/Guide-to-the-Dog-Bite-Lawsuit-Process-Infographic-Thumbnail-1024x743.jpg\" alt=\"Guide to the Dog Bite Lawsuit Process Infographic Thumbnail\" class=\"wp-image-15316\" title=\"\" srcset=\"https:\/\/www.briskmanandbriskman.com\/wp-content\/uploads\/2025\/09\/Guide-to-the-Dog-Bite-Lawsuit-Process-Infographic-Thumbnail-1024x743.jpg 1024w, https:\/\/www.briskmanandbriskman.com\/wp-content\/uploads\/2025\/09\/Guide-to-the-Dog-Bite-Lawsuit-Process-Infographic-Thumbnail-300x218.jpg 300w, https:\/\/www.briskmanandbriskman.com\/wp-content\/uploads\/2025\/09\/Guide-to-the-Dog-Bite-Lawsuit-Process-Infographic-Thumbnail-768x557.jpg 768w, https:\/\/www.briskmanandbriskman.com\/wp-content\/uploads\/2025\/09\/Guide-to-the-Dog-Bite-Lawsuit-Process-Infographic-Thumbnail-18x12.jpg 18w, https:\/\/www.briskmanandbriskman.com\/wp-content\/uploads\/2025\/09\/Guide-to-the-Dog-Bite-Lawsuit-Process-Infographic-Thumbnail-150x109.jpg 150w, https:\/\/www.briskmanandbriskman.com\/wp-content\/uploads\/2025\/09\/Guide-to-the-Dog-Bite-Lawsuit-Process-Infographic-Thumbnail.jpg 1200w\" sizes=\"auto, (max-width: 1024px) 100vw, 1024px\" \/><\/a><\/figure>\n\n\n\n<p>Para presentar una demanda por mordedura de perro, debe identificar al propietario del perro. Consiga los datos de contacto del due\u00f1o del perro y de los testigos que presenciaron el ataque. Los testigos pueden aportar testimonios de peso que respalden su versi\u00f3n del incidente.<\/p>\n\n\n\n<p>Las pruebas f\u00edsicas pueden ser decisivas durante un juicio. Guarde la ropa rasgada o da\u00f1ada durante el ataque del perro. Intente documentar la mordedura de perro haciendo fotos del lugar y de sus heridas. Pida ayuda a alguien si es necesario.<\/p>\n\n\n\n<p>Un abogado especializado en mordeduras de perro puede ayudarle a reunir y conservar pruebas para su caso. Si no est\u00e1 seguro de sus derechos despu\u00e9s de resultar herido en un ataque de perro, <a href=\"https:\/\/www.briskmanandbriskman.com\/es\/abogados-de-accidentes-de-camiones-en-chicago-2\/\">contacto Briskman Briskman &amp; Greenberg<\/a> hoy. Nuestra <a href=\"https:\/\/www.briskmanandbriskman.com\/es\/areas-de-practica\/abogado-de-mordedura-de-perro-chicago\/\">abogados compasivos y experimentados en mordeduras de perro Chicago<\/a> puede ayudarle a comprender sus pr\u00f3ximos pasos.<\/p>\n\n\n\n<h3 class=\"wp-block-heading\">Recursos adicionales sobre mordeduras de perro<\/h3>\n\n\n<ul class=\"list-pages-shortcode sibling-pages\"><li class=\"page_item page-item-10106\"><a href=\"https:\/\/www.briskmanandbriskman.com\/es\/information-centers\/dog-bite-center\/basic-rules-on-how-to-be-safe-around-dogs\/\">Normas b\u00e1sicas de seguridad con los perros<\/a><\/li>\n<li class=\"page_item page-item-10108\"><a href=\"https:\/\/www.briskmanandbriskman.com\/es\/information-centers\/dog-bite-center\/can-you-sue-for-a-dog-bite\/\">\u00bfSe puede demandar por mordedura de perro?<\/a><\/li>\n<li class=\"page_item page-item-10131\"><a href=\"https:\/\/www.briskmanandbriskman.com\/es\/information-centers\/dog-bite-center\/common-places-where-dog-bites-can-happen\/\">Lugares comunes donde pueden producirse mordeduras de perro<\/a><\/li>\n<li class=\"page_item page-item-10183\"><a href=\"https:\/\/www.briskmanandbriskman.com\/es\/information-centers\/dog-bite-center\/dog-bite-lawsuit-process\/\">Proceso judicial por mordedura de perro<\/a><\/li>\n<li class=\"page_item page-item-10188\"><a href=\"https:\/\/www.briskmanandbriskman.com\/es\/information-centers\/dog-bite-center\/home-insurance-and-dog-bites\/\">Seguro de hogar y mordeduras de perro<\/a><\/li>\n<li class=\"page_item page-item-13289\"><a href=\"https:\/\/www.briskmanandbriskman.com\/es\/information-centers\/dog-bite-center\/level-i-trauma-centers-that-treat-dog-bites-in-chicago\/\">Centros de Traumatolog\u00eda de Nivel I que tratan mordeduras de perro en Chicago<\/a><\/li>\n<li class=\"page_item page-item-10157\"><a href=\"https:\/\/www.briskmanandbriskman.com\/es\/information-centers\/dog-bite-center\/what-evidence-is-needed-for-a-dog-bite-lawsuit\/\">\u00bfQu\u00e9 pruebas se necesitan para una demanda por mordedura de perro?<\/a><\/li>\n<li class=\"page_item page-item-10221\"><a href=\"https:\/\/www.briskmanandbriskman.com\/es\/information-centers\/dog-bite-center\/what-is-strict-liability-in-a-dog-bite-case\/\">\u00bfQu\u00e9 es la responsabilidad objetiva en un caso de mordedura de perro?<\/a><\/li>\n<li class=\"page_item page-item-10227\"><a href=\"https:\/\/www.briskmanandbriskman.com\/es\/information-centers\/dog-bite-center\/why-do-dogs-bite\/\">\u00bfPor qu\u00e9 muerden los perros?<\/a><\/li>\n<\/ul>\n\n\n\n<h3 class=\"wp-block-heading\">Abogados de mordeduras de perro disponibles en todo el Illinois<\/h3>\n\n\n\n<ul class=\"wp-block-list\">\n<li><a href=\"https:\/\/www.briskmanandbriskman.com\/es\/areas-de-practica\/abogado-de-mordedura-de-perro-chicago\/\">Chicago abogados de mordeduras de perro<\/a><\/li>\n\n\n\n<li><a href=\"https:\/\/www.briskmanandbriskman.com\/es\/lugares\/joliet\/abogado-de-mordedura-de-perro\/\">Joliet Abogado de mordeduras de perro<\/a><\/li>\n\n\n\n<li><a href=\"https:\/\/www.briskmanandbriskman.com\/es\/lugares\/condado-del-lago\/abogado-de-mordedura-de-perro-2\/\">Abogado de mordeduras de perro en Lake County<\/a><\/li>\n\n\n\n<li><a href=\"https:\/\/www.briskmanandbriskman.com\/es\/lugares\/mundelein\/abogados-de-mordeduras-de-perro\/\">Mundelein Abogados de mordeduras de perro<\/a><\/li>\n\n\n\n<li><a href=\"https:\/\/www.briskmanandbriskman.com\/es\/lugares\/norte-de-chicago\/abogados-de-mordeduras-de-perro\/\">North Chicago Abogados de mordeduras de perro<\/a><\/li>\n\n\n\n<li><a href=\"https:\/\/www.briskmanandbriskman.com\/es\/lugares\/oaklawn\/abogado-de-mordedura-de-perro-2\/\">Oak Lawn Abogados de mordeduras de perro<\/a><\/li>\n\n\n\n<li><a href=\"https:\/\/www.briskmanandbriskman.com\/es\/lugares\/orlandpark\/abogado-de-mordedura-de-perro-2\/\">Orland Park Abogados de mordeduras de perro<\/a><\/li>\n\n\n\n<li><a href=\"https:\/\/www.briskmanandbriskman.com\/es\/lugares\/waukegan\/abogado-de-mordedura-de-perro-2\/\">Waukegan Abogado de mordeduras de perro<\/a><\/li>\n\n\n\n<li><a href=\"https:\/\/www.briskmanandbriskman.com\/es\/lugares\/ruedas\/abogado-de-mordedura-de-perro\/\">Wheeling Abogado de mordeduras de perro<\/a><\/li>\n<\/ul>","protected":false},"excerpt":{"rendered":"<p>Volver a la p\u00e1gina principal del Centro de Mordeduras de Perro Disponer de pruebas s\u00f3lidas que respalden su demanda por mordedura de perro puede aumentar las posibilidades de \u00e9xito de la misma y maximizar sus da\u00f1os. Los historiales m\u00e9dicos son una prueba clave en los casos de ataques de perros. Recibir tratamiento m\u00e9dico inmediatamente despu\u00e9s de una mordedura de perro no s\u00f3lo le ayuda a evitar la infecci\u00f3n, sino...<\/p>","protected":false},"author":1,"featured_media":0,"parent":11931,"menu_order":0,"comment_status":"closed","ping_status":"closed","template":"","meta":{"_acf_changed":false,"footnotes":""},"class_list":["post-10157","page","type-page","status-publish","hentry"],"acf":[],"_links":{"self":[{"href":"https:\/\/www.briskmanandbriskman.com\/es\/wp-json\/wp\/v2\/pages\/10157","targetHints":{"allow":["GET"]}}],"collection":[{"href":"https:\/\/www.briskmanandbriskman.com\/es\/wp-json\/wp\/v2\/pages"}],"about":[{"href":"https:\/\/www.briskmanandbriskman.com\/es\/wp-json\/wp\/v2\/types\/page"}],"author":[{"embeddable":true,"href":"https:\/\/www.briskmanandbriskman.com\/es\/wp-json\/wp\/v2\/users\/1"}],"replies":[{"embeddable":true,"href":"https:\/\/www.briskmanandbriskman.com\/es\/wp-json\/wp\/v2\/comments?post=10157"}],"version-history":[{"count":5,"href":"https:\/\/www.briskmanandbriskman.com\/es\/wp-json\/wp\/v2\/pages\/10157\/revisions"}],"predecessor-version":[{"id":15381,"href":"https:\/\/www.briskmanandbriskman.com\/es\/wp-json\/wp\/v2\/pages\/10157\/revisions\/15381"}],"up":[{"embeddable":true,"href":"https:\/\/www.briskmanandbriskman.com\/es\/wp-json\/wp\/v2\/pages\/11931"}],"wp:attachment":[{"href":"https:\/\/www.briskmanandbriskman.com\/es\/wp-json\/wp\/v2\/media?parent=10157"}],"curies":[{"name":"wp","href":"https:\/\/api.w.org\/{rel}","templated":true}]}}