{"id":10154,"date":"2024-01-05T02:37:16","date_gmt":"2024-01-05T02:37:16","guid":{"rendered":"https:\/\/bbg.mystagingwebsite.com\/?page_id=10154"},"modified":"2024-04-09T18:40:45","modified_gmt":"2024-04-09T18:40:45","slug":"que-puedo-hacer-si-me-ha-mordido-un-perro-durante-el-parto","status":"publish","type":"page","link":"https:\/\/www.briskmanandbriskman.com\/es\/practice-areas\/chicago-dog-bite-lawyer\/faq\/what-can-i-file-if-i-was-bitten-by-a-dog-during-my-delivery\/","title":{"rendered":"\u00bfQu\u00e9 puedo hacer si me ha mordido un perro durante el parto?"},"content":{"rendered":"<p>Los trabajadores de USPS que <a href=\"https:\/\/www.briskmanandbriskman.com\/es\/areas-de-practica\/abogado-de-mordedura-de-perro-chicago\/\">mordido o atacado por un perro<\/a> durante su reparto pueden sufrir lesiones graves que les mantienen de baja durante d\u00edas, semanas o incluso meses. Adem\u00e1s, los trabajadores de USPS heridos a menudo se enfrentan a enormes gastos m\u00e9dicos como resultado de una mordedura de perro. Por lo tanto, es importante que todos los carteros de USPS entiendan que tienen algunas opciones para buscar compensaci\u00f3n despu\u00e9s de una mordedura de perro.<\/p>\n\n\n\n<p>Los empleados postales mordidos por un perro pueden presentar una demanda por lesiones personales contra el propietario del animal. Adem\u00e1s, pueden solicitar una indemnizaci\u00f3n por accidente laboral. Sin embargo, estas dos reclamaciones son muy diferentes, y es importante que los carteros entiendan las diferencias entre ellas.<\/p>\n\n\n\n<p>Como empleados federales, los trabajadores de USPS pueden solicitar beneficios de compensaci\u00f3n de trabajadores federales despu\u00e9s de sufrir una lesi\u00f3n en el trabajo. El sistema de compensaci\u00f3n de los trabajadores permite a los trabajadores postales lesionados obtener compensaci\u00f3n por una lesi\u00f3n en el lugar de trabajo sin necesidad de demostrar que otra persona tuvo la culpa.<\/p>\n\n\n\n<p>Para muchos trabajadores lesionados, una <a href=\"https:\/\/www.briskmanandbriskman.com\/es\/areas-de-practica\/indemnizacion-por-accidente-laboral\/chicago-workplace-injury-lawyers-firm-represent-injured-delivery-drivers\/\">reclamaci\u00f3n de indemnizaci\u00f3n por accidente laboral<\/a> es el \u00fanico recurso disponible, ya que estas reclamaciones suelen ser el \u00fanico recurso de los trabajadores lesionados contra su empleador. Sin embargo, las mordeduras de perro de USPS son diferentes. Cuando un perro ataca a un trabajador postal, a menudo no tiene nada que ver con la negligencia de la oficina de correos. Por lo tanto, en estas situaciones, los trabajadores postales pueden presentar una demanda por lesiones personales contra el due\u00f1o del animal.<\/p>\n\n\n\n<p>M\u00e1s <a href=\"https:\/\/www.briskmanandbriskman.com\/es\/\">casos de lesiones personales<\/a> requieren que el perjudicado demuestre que la persona responsable de sus lesiones fue negligente. Sin embargo, en el Illinois, los propietarios de mascotas son estrictamente responsables de cualquier lesi\u00f3n causada por sus animales. Esto significa que un trabajador del USPS lesionado no necesita demostrar que el due\u00f1o de un perro fue negligente para considerarlo responsable de las lesiones causadas por su mascota. Si bien hay excepciones a la regla general de responsabilidad objetiva, que no suelen surgir en el contexto de los trabajadores postales, porque las personas de entrega tienen el derecho legal a estar presente en la propiedad del due\u00f1o de casa.<\/p>\n\n\n\n<p>Si un cartero del USPS consigue presentar una demanda por da\u00f1os personales contra el propietario de un animal, puede tener derecho a recibir una indemnizaci\u00f3n por los siguientes conceptos:<\/p>\n\n\n\n<ul class=\"wp-block-list\">\n<li>Gastos m\u00e9dicos anteriores,<\/li>\n\n\n\n<li>Gastos m\u00e9dicos futuros,<\/li>\n\n\n\n<li>Salarios perdidos,<\/li>\n\n\n\n<li>Disminuci\u00f3n de la capacidad de ganancia,<\/li>\n\n\n\n<li>Dolor y sufrimiento,<\/li>\n\n\n\n<li>Angustia emocional,<\/li>\n\n\n\n<li>Discapacidad o desfiguraci\u00f3n, y<\/li>\n\n\n\n<li>P\u00e9rdida del disfrute de la vida.<\/li>\n<\/ul>\n\n\n\n<p>Si usted es un trabajador de USPS que fue atacado por un perro mientras realizaba su ruta, el <a href=\"https:\/\/www.briskmanandbriskman.com\/es\/areas-de-practica\/abogado-de-mordedura-de-perro-chicago\/\">Chicago USPS abogados de mordeduras de perro en Briskman Briskman &amp; Greenberg<\/a> est\u00e1n aqu\u00ed para usted. En <a href=\"https:\/\/www.briskmanandbriskman.com\/es\/\">Briskman Briskman &amp; Greenberg<\/a>, nuestro <a href=\"https:\/\/www.briskmanandbriskman.com\/es\/\">abogados de da\u00f1os personales<\/a> tienen m\u00e1s de 30 a\u00f1os de experiencia ayudando a los trabajadores postales a obtener la indemnizaci\u00f3n que necesitan y merecen despu\u00e9s de haber sido mordidos por un perro. Para obtener m\u00e1s informaci\u00f3n, y para <a href=\"https:\/\/www.briskmanandbriskman.com\/es\/consulta-gratuita\/\">programar una consulta gratuita<\/a>llame al <a href=\"tel:1-877-595-4878\">1-877-595-4878<\/a> hoy. Debido a que trabajamos sobre una base de contingencia, usted no pagar\u00e1 ning\u00fan costo por adelantado para presentar una demanda, y no le cobraremos por nuestros servicios a menos que podamos obtener la compensaci\u00f3n que se merece.<\/p>\n\n\n\n<h3 class=\"wp-block-heading\">Otras preguntas frecuentes sobre mordeduras de perro:<\/h3>\n\n\n<ul class=\"list-pages-shortcode sibling-pages\"><li class=\"page_item page-item-10135\"><a href=\"https:\/\/www.briskmanandbriskman.com\/es\/practice-areas\/chicago-dog-bite-lawyer\/faq\/can-the-post-office-refuse-to-deliver-mail-because-of-a-dog\/\">\u00bfPuede Correos negarse a entregar el correo por culpa de un perro?<\/a><\/li>\n<li class=\"page_item page-item-10138\"><a href=\"https:\/\/www.briskmanandbriskman.com\/es\/practice-areas\/chicago-dog-bite-lawyer\/faq\/how-do-dogs-react-to-repellant\/\">\u00bfC\u00f3mo reaccionan los perros al repelente?<\/a><\/li>\n<li class=\"page_item page-item-10140\"><a href=\"https:\/\/www.briskmanandbriskman.com\/es\/practice-areas\/chicago-dog-bite-lawyer\/faq\/how-many-dog-bites-occur-in-the-us\/\">\u00bfCu\u00e1ntas mordeduras de perro se producen en EE.UU.?<\/a><\/li>\n<li class=\"page_item page-item-10142\"><a href=\"https:\/\/www.briskmanandbriskman.com\/es\/practice-areas\/chicago-dog-bite-lawyer\/faq\/how-to-prevent-a-dog-bite\/\">\u00bfC\u00f3mo prevenir las mordeduras de perro?<\/a><\/li>\n<li class=\"page_item page-item-10144\"><a href=\"https:\/\/www.briskmanandbriskman.com\/es\/practice-areas\/chicago-dog-bite-lawyer\/faq\/how-to-treat-dog-bites\/\">C\u00f3mo tratar las mordeduras de perro<\/a><\/li>\n<li class=\"page_item page-item-10148\"><a href=\"https:\/\/www.briskmanandbriskman.com\/es\/practice-areas\/chicago-dog-bite-lawyer\/faq\/my-child-got-bitten-by-a-dog-what-are-my-next-steps\/\">Mi hijo ha sido mordido por un perro; \u00bfqu\u00e9 debo hacer?<\/a><\/li>\n<li class=\"page_item page-item-10151\"><a href=\"https:\/\/www.briskmanandbriskman.com\/es\/practice-areas\/chicago-dog-bite-lawyer\/faq\/what-breed-of-dog-bites-the-most\/\">\u00bfQu\u00e9 raza de perro muerde m\u00e1s?<\/a><\/li>\n<li class=\"page_item page-item-10154\"><a href=\"https:\/\/www.briskmanandbriskman.com\/es\/practice-areas\/chicago-dog-bite-lawyer\/faq\/what-can-i-file-if-i-was-bitten-by-a-dog-during-my-delivery\/\">\u00bfQu\u00e9 puedo hacer si me ha mordido un perro durante el parto?<\/a><\/li>\n<li class=\"page_item page-item-10159\"><a href=\"https:\/\/www.briskmanandbriskman.com\/es\/practice-areas\/chicago-dog-bite-lawyer\/faq\/what-is-dog-repellant\/\">\u00bfQu\u00e9 es un repelente de perros?<\/a><\/li>\n<li class=\"page_item page-item-10161\"><a href=\"https:\/\/www.briskmanandbriskman.com\/es\/practice-areas\/chicago-dog-bite-lawyer\/faq\/what-is-the-total-cost-for-a-dog-bite-lawyer\/\">\u00bfCu\u00e1l es el coste total de un abogado especializado en mordeduras de perro?<\/a><\/li>\n<li class=\"page_item page-item-10163\"><a href=\"https:\/\/www.briskmanandbriskman.com\/es\/practice-areas\/chicago-dog-bite-lawyer\/faq\/what-should-letter-carriers-know-about-dogs\/\">\u00bfQu\u00e9 deben saber los carteros sobre los perros?<\/a><\/li>\n<li class=\"page_item page-item-10165\"><a href=\"https:\/\/www.briskmanandbriskman.com\/es\/practice-areas\/chicago-dog-bite-lawyer\/faq\/what-should-pet-owners-do-before-a-usps-worker-delivers-the-mail\/\">\u00bfQu\u00e9 deben hacer los due\u00f1os de mascotas antes de que un trabajador de USPS entregue el correo?<\/a><\/li>\n<li class=\"page_item page-item-10167\"><a href=\"https:\/\/www.briskmanandbriskman.com\/es\/practice-areas\/chicago-dog-bite-lawyer\/faq\/what-to-do-if-someones-dog-bites-you\/\">Qu\u00e9 hacer si el perro de alguien te muerde<\/a><\/li>\n<li class=\"page_item page-item-10169\"><a href=\"https:\/\/www.briskmanandbriskman.com\/es\/practice-areas\/chicago-dog-bite-lawyer\/faq\/when-should-dog-repellant-be-used\/\">\u00bfCu\u00e1ndo se debe utilizar un repelente para perros?<\/a><\/li>\n<li class=\"page_item page-item-10171\"><a href=\"https:\/\/www.briskmanandbriskman.com\/es\/practice-areas\/chicago-dog-bite-lawyer\/faq\/where-should-i-discard-dog-repellant\/\">\u00bfD\u00f3nde debo desechar el repelente para perros?<\/a><\/li>\n<li class=\"page_item page-item-10173\"><a href=\"https:\/\/www.briskmanandbriskman.com\/es\/practice-areas\/chicago-dog-bite-lawyer\/faq\/which-cities-have-the-most-dog-bites\/\">\u00bfCu\u00e1les son las ciudades con m\u00e1s mordeduras de perro?<\/a><\/li>\n<li class=\"page_item page-item-10175\"><a href=\"https:\/\/www.briskmanandbriskman.com\/es\/practice-areas\/chicago-dog-bite-lawyer\/faq\/who-do-you-contact-after-a-dog-bite\/\">\u00bfCon qui\u00e9n hay que ponerse en contacto tras una mordedura de perro?<\/a><\/li>\n<li class=\"page_item page-item-10177\"><a href=\"https:\/\/www.briskmanandbriskman.com\/es\/practice-areas\/chicago-dog-bite-lawyer\/faq\/why-is-dog-repellant-necessary\/\">\u00bfPor qu\u00e9 es necesario un repelente para perros?<\/a><\/li>\n<\/ul>","protected":false},"excerpt":{"rendered":"<p>Los trabajadores de USPS que fueron mordidos o atacados por un perro durante su entrega pueden sufrir lesiones graves que los mantienen fuera del trabajo durante d\u00edas, semanas o incluso meses. Adem\u00e1s, los trabajadores de USPS heridos a menudo se enfrentan a enormes gastos m\u00e9dicos como resultado de una mordedura de perro. Por lo tanto, es importante que todos los carteros de USPS entiendan...<\/p>","protected":false},"author":1,"featured_media":11105,"parent":10133,"menu_order":0,"comment_status":"closed","ping_status":"closed","template":"","meta":{"_acf_changed":false,"footnotes":""},"class_list":["post-10154","page","type-page","status-publish","has-post-thumbnail","hentry"],"acf":[],"_links":{"self":[{"href":"https:\/\/www.briskmanandbriskman.com\/es\/wp-json\/wp\/v2\/pages\/10154","targetHints":{"allow":["GET"]}}],"collection":[{"href":"https:\/\/www.briskmanandbriskman.com\/es\/wp-json\/wp\/v2\/pages"}],"about":[{"href":"https:\/\/www.briskmanandbriskman.com\/es\/wp-json\/wp\/v2\/types\/page"}],"author":[{"embeddable":true,"href":"https:\/\/www.briskmanandbriskman.com\/es\/wp-json\/wp\/v2\/users\/1"}],"replies":[{"embeddable":true,"href":"https:\/\/www.briskmanandbriskman.com\/es\/wp-json\/wp\/v2\/comments?post=10154"}],"version-history":[{"count":3,"href":"https:\/\/www.briskmanandbriskman.com\/es\/wp-json\/wp\/v2\/pages\/10154\/revisions"}],"predecessor-version":[{"id":15344,"href":"https:\/\/www.briskmanandbriskman.com\/es\/wp-json\/wp\/v2\/pages\/10154\/revisions\/15344"}],"up":[{"embeddable":true,"href":"https:\/\/www.briskmanandbriskman.com\/es\/wp-json\/wp\/v2\/pages\/10133"}],"wp:featuredmedia":[{"embeddable":true,"href":"https:\/\/www.briskmanandbriskman.com\/es\/wp-json\/wp\/v2\/media\/11105"}],"wp:attachment":[{"href":"https:\/\/www.briskmanandbriskman.com\/es\/wp-json\/wp\/v2\/media?parent=10154"}],"curies":[{"name":"wp","href":"https:\/\/api.w.org\/{rel}","templated":true}]}}