{"id":10151,"date":"2024-01-05T02:34:43","date_gmt":"2024-01-05T02:34:43","guid":{"rendered":"https:\/\/bbg.mystagingwebsite.com\/?page_id=10151"},"modified":"2025-05-27T21:38:50","modified_gmt":"2025-05-27T21:38:50","slug":"que-raza-de-perro-muerde-mas","status":"publish","type":"page","link":"https:\/\/www.briskmanandbriskman.com\/es\/practice-areas\/chicago-dog-bite-lawyer\/faq\/what-breed-of-dog-bites-the-most\/","title":{"rendered":"\u00bfQu\u00e9 raza de perro muerde m\u00e1s?"},"content":{"rendered":"<figure class=\"wp-block-embed is-type-video is-provider-vimeo wp-block-embed-vimeo wp-embed-aspect-16-9 wp-has-aspect-ratio\"><div class=\"wp-block-embed__wrapper\">\n<iframe loading=\"lazy\" title=\"Caracter\u00edsticas comunes de las razas de perros peligrosas en Chicago\" src=\"https:\/\/player.vimeo.com\/video\/725394682?dnt=1&amp;app_id=122963\" width=\"500\" height=\"281\" frameborder=\"0\" allow=\"autoplay; fullscreen; picture-in-picture; clipboard-write; encrypted-media; web-share\" referrerpolicy=\"strict-origin-when-cross-origin\"><\/iframe>\n<\/div><\/figure>\n\n\n\n<p>Aunque cualquier perro tiene potencial para actuar de forma agresiva, <a href=\"https:\/\/www.briskmanandbriskman.com\/es\/areas-de-practica\/abogado-de-mordedura-de-perro-chicago\/tipos-de-perros-que-pueden-causar-lesiones-graves\/\">algunas razas son especialmente peligrosas<\/a>. <a href=\"https:\/\/www.briskmanandbriskman.com\/es\/areas-de-practica\/abogado-de-mordedura-de-perro-chicago\/chicago-pit-bull-dog-bite-lawyer\/\">Pit bulls<\/a> and Rottweilers have consistently been identified as dog breeds that are most likely to bite. They have been known to cause serious injuries and even fatal attacks.<br>\u00a0<br>Los pit bulls y los rottweilers tienen tendencias agresivas y pueden actuar de forma territorial. Mientras que los pitbulls han sido criados para luchar, los rottweilers fueron criados para cazar presas y pastorear animales.<br>\u00a0<br>Otras razas de perro que pueden suponer un alto riesgo de mordedura son los pastores alemanes, los terriers, los bulldogs, los mastines, los huskies y los perros de razas mixtas. Factores como el adiestramiento del perro, su historial de malos tratos y su nivel de socializaci\u00f3n tambi\u00e9n pueden influir en su probabilidad de morder a alguien.\u00a0<br>\u00a0<br>Recuerde que incluso los perros que nunca han mostrado tendencias hostiles pueden morder, independientemente de su raza. Los perros mansos tambi\u00e9n pueden atacar si se les provoca.<br>\u00a0<br>En Illinois, no importa si la mordedura de perro de una persona procede de una raza peligrosa, como un pit bull o un rottweiler. Los due\u00f1os de perros son enteramente responsables cada vez que sus mascotas causan lesiones.\u00a0<br>\u00a0<br>En <a href=\"https:\/\/www.briskmanandbriskman.com\/es\/\">Briskman Briskman &amp; Greenberg<\/a>, nuestro <a href=\"https:\/\/www.briskmanandbriskman.com\/es\/areas-de-practica\/abogado-de-mordedura-de-perro-chicago\/\">abogados expertos y compasivos en mordeduras de perro<\/a> puede trabajar con usted para recuperar la compensaci\u00f3n por sus lesiones. Podemos ayudarle a responsabilizar a los due\u00f1os de perros por los da\u00f1os causados por sus mascotas.<\/p>\n\n\n\n<h3 class=\"wp-block-heading\">Otras preguntas frecuentes sobre mordeduras de perro:<\/h3>\n\n\n<ul class=\"list-pages-shortcode sibling-pages\"><li class=\"page_item page-item-10135\"><a href=\"https:\/\/www.briskmanandbriskman.com\/es\/practice-areas\/chicago-dog-bite-lawyer\/faq\/can-the-post-office-refuse-to-deliver-mail-because-of-a-dog\/\">\u00bfPuede Correos negarse a entregar el correo por culpa de un perro?<\/a><\/li>\n<li class=\"page_item page-item-10138\"><a href=\"https:\/\/www.briskmanandbriskman.com\/es\/practice-areas\/chicago-dog-bite-lawyer\/faq\/how-do-dogs-react-to-repellant\/\">\u00bfC\u00f3mo reaccionan los perros al repelente?<\/a><\/li>\n<li class=\"page_item page-item-10140\"><a href=\"https:\/\/www.briskmanandbriskman.com\/es\/practice-areas\/chicago-dog-bite-lawyer\/faq\/how-many-dog-bites-occur-in-the-us\/\">\u00bfCu\u00e1ntas mordeduras de perro se producen en EE.UU.?<\/a><\/li>\n<li class=\"page_item page-item-10142\"><a href=\"https:\/\/www.briskmanandbriskman.com\/es\/practice-areas\/chicago-dog-bite-lawyer\/faq\/how-to-prevent-a-dog-bite\/\">\u00bfC\u00f3mo prevenir las mordeduras de perro?<\/a><\/li>\n<li class=\"page_item page-item-10144\"><a href=\"https:\/\/www.briskmanandbriskman.com\/es\/practice-areas\/chicago-dog-bite-lawyer\/faq\/how-to-treat-dog-bites\/\">C\u00f3mo tratar las mordeduras de perro<\/a><\/li>\n<li class=\"page_item page-item-10148\"><a href=\"https:\/\/www.briskmanandbriskman.com\/es\/practice-areas\/chicago-dog-bite-lawyer\/faq\/my-child-got-bitten-by-a-dog-what-are-my-next-steps\/\">Mi hijo ha sido mordido por un perro; \u00bfqu\u00e9 debo hacer?<\/a><\/li>\n<li class=\"page_item page-item-10151\"><a href=\"https:\/\/www.briskmanandbriskman.com\/es\/practice-areas\/chicago-dog-bite-lawyer\/faq\/what-breed-of-dog-bites-the-most\/\">\u00bfQu\u00e9 raza de perro muerde m\u00e1s?<\/a><\/li>\n<li class=\"page_item page-item-10154\"><a href=\"https:\/\/www.briskmanandbriskman.com\/es\/practice-areas\/chicago-dog-bite-lawyer\/faq\/what-can-i-file-if-i-was-bitten-by-a-dog-during-my-delivery\/\">\u00bfQu\u00e9 puedo hacer si me ha mordido un perro durante el parto?<\/a><\/li>\n<li class=\"page_item page-item-10159\"><a href=\"https:\/\/www.briskmanandbriskman.com\/es\/practice-areas\/chicago-dog-bite-lawyer\/faq\/what-is-dog-repellant\/\">\u00bfQu\u00e9 es un repelente de perros?<\/a><\/li>\n<li class=\"page_item page-item-10161\"><a href=\"https:\/\/www.briskmanandbriskman.com\/es\/practice-areas\/chicago-dog-bite-lawyer\/faq\/what-is-the-total-cost-for-a-dog-bite-lawyer\/\">\u00bfCu\u00e1l es el coste total de un abogado especializado en mordeduras de perro?<\/a><\/li>\n<li class=\"page_item page-item-10163\"><a href=\"https:\/\/www.briskmanandbriskman.com\/es\/practice-areas\/chicago-dog-bite-lawyer\/faq\/what-should-letter-carriers-know-about-dogs\/\">\u00bfQu\u00e9 deben saber los carteros sobre los perros?<\/a><\/li>\n<li class=\"page_item page-item-10165\"><a href=\"https:\/\/www.briskmanandbriskman.com\/es\/practice-areas\/chicago-dog-bite-lawyer\/faq\/what-should-pet-owners-do-before-a-usps-worker-delivers-the-mail\/\">\u00bfQu\u00e9 deben hacer los due\u00f1os de mascotas antes de que un trabajador de USPS entregue el correo?<\/a><\/li>\n<li class=\"page_item page-item-10167\"><a href=\"https:\/\/www.briskmanandbriskman.com\/es\/practice-areas\/chicago-dog-bite-lawyer\/faq\/what-to-do-if-someones-dog-bites-you\/\">Qu\u00e9 hacer si el perro de alguien te muerde<\/a><\/li>\n<li class=\"page_item page-item-10169\"><a href=\"https:\/\/www.briskmanandbriskman.com\/es\/practice-areas\/chicago-dog-bite-lawyer\/faq\/when-should-dog-repellant-be-used\/\">\u00bfCu\u00e1ndo se debe utilizar un repelente para perros?<\/a><\/li>\n<li class=\"page_item page-item-10171\"><a href=\"https:\/\/www.briskmanandbriskman.com\/es\/practice-areas\/chicago-dog-bite-lawyer\/faq\/where-should-i-discard-dog-repellant\/\">\u00bfD\u00f3nde debo desechar el repelente para perros?<\/a><\/li>\n<li class=\"page_item page-item-10173\"><a href=\"https:\/\/www.briskmanandbriskman.com\/es\/practice-areas\/chicago-dog-bite-lawyer\/faq\/which-cities-have-the-most-dog-bites\/\">\u00bfCu\u00e1les son las ciudades con m\u00e1s mordeduras de perro?<\/a><\/li>\n<li class=\"page_item page-item-10175\"><a href=\"https:\/\/www.briskmanandbriskman.com\/es\/practice-areas\/chicago-dog-bite-lawyer\/faq\/who-do-you-contact-after-a-dog-bite\/\">\u00bfCon qui\u00e9n hay que ponerse en contacto tras una mordedura de perro?<\/a><\/li>\n<li class=\"page_item page-item-10177\"><a href=\"https:\/\/www.briskmanandbriskman.com\/es\/practice-areas\/chicago-dog-bite-lawyer\/faq\/why-is-dog-repellant-necessary\/\">\u00bfPor qu\u00e9 es necesario un repelente para perros?<\/a><\/li>\n<\/ul>","protected":false},"excerpt":{"rendered":"<p>Although any dog has the potential to act aggressively, certain breeds are known to be especially dangerous. Pit bulls and Rottweilers have consistently been identified as dog breeds that are most likely to bite. They have been known to cause serious injuries and even fatal attacks.\u00a0Pit bulls and Rottweilers have aggressive behavioral tendencies and can&hellip;<\/p>","protected":false},"author":1,"featured_media":0,"parent":10133,"menu_order":0,"comment_status":"closed","ping_status":"closed","template":"","meta":{"_acf_changed":false,"footnotes":""},"class_list":["post-10151","page","type-page","status-publish","hentry"],"acf":[],"_links":{"self":[{"href":"https:\/\/www.briskmanandbriskman.com\/es\/wp-json\/wp\/v2\/pages\/10151","targetHints":{"allow":["GET"]}}],"collection":[{"href":"https:\/\/www.briskmanandbriskman.com\/es\/wp-json\/wp\/v2\/pages"}],"about":[{"href":"https:\/\/www.briskmanandbriskman.com\/es\/wp-json\/wp\/v2\/types\/page"}],"author":[{"embeddable":true,"href":"https:\/\/www.briskmanandbriskman.com\/es\/wp-json\/wp\/v2\/users\/1"}],"replies":[{"embeddable":true,"href":"https:\/\/www.briskmanandbriskman.com\/es\/wp-json\/wp\/v2\/comments?post=10151"}],"version-history":[{"count":3,"href":"https:\/\/www.briskmanandbriskman.com\/es\/wp-json\/wp\/v2\/pages\/10151\/revisions"}],"predecessor-version":[{"id":15288,"href":"https:\/\/www.briskmanandbriskman.com\/es\/wp-json\/wp\/v2\/pages\/10151\/revisions\/15288"}],"up":[{"embeddable":true,"href":"https:\/\/www.briskmanandbriskman.com\/es\/wp-json\/wp\/v2\/pages\/10133"}],"wp:attachment":[{"href":"https:\/\/www.briskmanandbriskman.com\/es\/wp-json\/wp\/v2\/media?parent=10151"}],"curies":[{"name":"wp","href":"https:\/\/api.w.org\/{rel}","templated":true}]}}