{"id":10144,"date":"2024-01-05T01:29:10","date_gmt":"2024-01-05T01:29:10","guid":{"rendered":"https:\/\/bbg.mystagingwebsite.com\/?page_id=10144"},"modified":"2024-06-28T19:51:14","modified_gmt":"2024-06-28T19:51:14","slug":"como-tratar-las-mordeduras-de-perro","status":"publish","type":"page","link":"https:\/\/www.briskmanandbriskman.com\/es\/practice-areas\/chicago-dog-bite-lawyer\/faq\/how-to-treat-dog-bites\/","title":{"rendered":"C\u00f3mo tratar las mordeduras de perro"},"content":{"rendered":"<p>Si usted o alguien que conoce ha sufrido una mordedura de perro, hay cosas importantes que puede hacer para tratar la herida y prevenir la infecci\u00f3n. El primer paso es limpiar la herida lo antes posible tras el ataque.<\/p>\n\n\n\n<p>Lava cuidadosamente la zona lesionada con agua y jab\u00f3n neutro durante cinco o diez minutos. A continuaci\u00f3n, utiliza un pa\u00f1o limpio para detener la hemorragia y envuelve la herida en un vendaje est\u00e9ril. Presta atenci\u00f3n a los signos de infecci\u00f3n, como fiebre, hinchaz\u00f3n o enrojecimiento.<\/p>\n\n\n\n<p>Despu\u00e9s de administrar estos primeros auxilios, aseg\u00farese de acudir al m\u00e9dico de inmediato. Las mordeduras de perro pueden causar rabia y otras infecciones graves que pueden requerir antibi\u00f3ticos, sobre todo si te ha mordido un perro desconocido que no ten\u00eda las vacunas adecuadas. Siempre debes <a href=\"https:\/\/www.briskmanandbriskman.com\/es\/centros-de-informacion\/centro-de-mordeduras-de-perro\/centros-de-trauma-de-nivel-i-que-tratan-las-mordeduras-de-perro-en-chicago\/\">ir al hospital tras el ataque de un perro<\/a>incluso aunque las lesiones parezcan leves o puedan tratarse en casa.<\/p>\n\n\n\n<p>Un m\u00e9dico identificar\u00e1 cualquier complicaci\u00f3n y determinar\u00e1 si es necesario un tratamiento m\u00e9dico adicional. Las heridas profundas pueden da\u00f1ar gravemente m\u00fasculos, nervios y tendones. En casos graves de mordedura de perro, especialmente los que implican cicatrices o desfiguraci\u00f3n, la v\u00edctima puede necesitar inyecciones, injertos de piel, dermoabrasi\u00f3n o cirug\u00eda pl\u00e1stica.<\/p>\n\n\n\n<p>El tratamiento de las lesiones por mordedura de perro puede resultar caro, con un coste potencial de miles de d\u00f3lares en facturas hospitalarias. Adem\u00e1s de garantizar que reciba el tratamiento que necesita, acudir al m\u00e9dico tambi\u00e9n le ser\u00e1 \u00fatil si decide presentar una demanda por mordedura de perro m\u00e1s adelante. Su historial m\u00e9dico mostrar\u00e1 el alcance de sus lesiones.&nbsp;<\/p>\n\n\n\n<p>En <a href=\"https:\/\/www.briskmanandbriskman.com\/es\/areas-de-practica\/abogado-de-mordedura-de-perro-chicago\/\">abogado con experiencia en mordeduras de perro<\/a> puede determinar si tiene derecho a reclamar una indemnizaci\u00f3n por sus lesiones y otros gastos relacionados. <a href=\"https:\/\/www.briskmanandbriskman.com\/es\/abogados-de-accidentes-de-camiones-en-chicago-2\/\">Contacto Briskman Briskman &amp; Greenberg<\/a> para saber m\u00e1s.<\/p>\n\n\n<ul class=\"list-pages-shortcode sibling-pages\"><li class=\"page_item page-item-10135\"><a href=\"https:\/\/www.briskmanandbriskman.com\/es\/practice-areas\/chicago-dog-bite-lawyer\/faq\/can-the-post-office-refuse-to-deliver-mail-because-of-a-dog\/\">\u00bfPuede Correos negarse a entregar el correo por culpa de un perro?<\/a><\/li>\n<li class=\"page_item page-item-10138\"><a href=\"https:\/\/www.briskmanandbriskman.com\/es\/practice-areas\/chicago-dog-bite-lawyer\/faq\/how-do-dogs-react-to-repellant\/\">\u00bfC\u00f3mo reaccionan los perros al repelente?<\/a><\/li>\n<li class=\"page_item page-item-10140\"><a href=\"https:\/\/www.briskmanandbriskman.com\/es\/practice-areas\/chicago-dog-bite-lawyer\/faq\/how-many-dog-bites-occur-in-the-us\/\">\u00bfCu\u00e1ntas mordeduras de perro se producen en EE.UU.?<\/a><\/li>\n<li class=\"page_item page-item-10142\"><a href=\"https:\/\/www.briskmanandbriskman.com\/es\/practice-areas\/chicago-dog-bite-lawyer\/faq\/how-to-prevent-a-dog-bite\/\">\u00bfC\u00f3mo prevenir las mordeduras de perro?<\/a><\/li>\n<li class=\"page_item page-item-10144\"><a href=\"https:\/\/www.briskmanandbriskman.com\/es\/practice-areas\/chicago-dog-bite-lawyer\/faq\/how-to-treat-dog-bites\/\">C\u00f3mo tratar las mordeduras de perro<\/a><\/li>\n<li class=\"page_item page-item-10148\"><a href=\"https:\/\/www.briskmanandbriskman.com\/es\/practice-areas\/chicago-dog-bite-lawyer\/faq\/my-child-got-bitten-by-a-dog-what-are-my-next-steps\/\">Mi hijo ha sido mordido por un perro; \u00bfqu\u00e9 debo hacer?<\/a><\/li>\n<li class=\"page_item page-item-10151\"><a href=\"https:\/\/www.briskmanandbriskman.com\/es\/practice-areas\/chicago-dog-bite-lawyer\/faq\/what-breed-of-dog-bites-the-most\/\">\u00bfQu\u00e9 raza de perro muerde m\u00e1s?<\/a><\/li>\n<li class=\"page_item page-item-10154\"><a href=\"https:\/\/www.briskmanandbriskman.com\/es\/practice-areas\/chicago-dog-bite-lawyer\/faq\/what-can-i-file-if-i-was-bitten-by-a-dog-during-my-delivery\/\">\u00bfQu\u00e9 puedo hacer si me ha mordido un perro durante el parto?<\/a><\/li>\n<li class=\"page_item page-item-10159\"><a href=\"https:\/\/www.briskmanandbriskman.com\/es\/practice-areas\/chicago-dog-bite-lawyer\/faq\/what-is-dog-repellant\/\">\u00bfQu\u00e9 es un repelente de perros?<\/a><\/li>\n<li class=\"page_item page-item-10161\"><a href=\"https:\/\/www.briskmanandbriskman.com\/es\/practice-areas\/chicago-dog-bite-lawyer\/faq\/what-is-the-total-cost-for-a-dog-bite-lawyer\/\">\u00bfCu\u00e1l es el coste total de un abogado especializado en mordeduras de perro?<\/a><\/li>\n<li class=\"page_item page-item-10163\"><a href=\"https:\/\/www.briskmanandbriskman.com\/es\/practice-areas\/chicago-dog-bite-lawyer\/faq\/what-should-letter-carriers-know-about-dogs\/\">\u00bfQu\u00e9 deben saber los carteros sobre los perros?<\/a><\/li>\n<li class=\"page_item page-item-10165\"><a href=\"https:\/\/www.briskmanandbriskman.com\/es\/practice-areas\/chicago-dog-bite-lawyer\/faq\/what-should-pet-owners-do-before-a-usps-worker-delivers-the-mail\/\">\u00bfQu\u00e9 deben hacer los due\u00f1os de mascotas antes de que un trabajador de USPS entregue el correo?<\/a><\/li>\n<li class=\"page_item page-item-10167\"><a href=\"https:\/\/www.briskmanandbriskman.com\/es\/practice-areas\/chicago-dog-bite-lawyer\/faq\/what-to-do-if-someones-dog-bites-you\/\">Qu\u00e9 hacer si el perro de alguien te muerde<\/a><\/li>\n<li class=\"page_item page-item-10169\"><a href=\"https:\/\/www.briskmanandbriskman.com\/es\/practice-areas\/chicago-dog-bite-lawyer\/faq\/when-should-dog-repellant-be-used\/\">\u00bfCu\u00e1ndo se debe utilizar un repelente para perros?<\/a><\/li>\n<li class=\"page_item page-item-10171\"><a href=\"https:\/\/www.briskmanandbriskman.com\/es\/practice-areas\/chicago-dog-bite-lawyer\/faq\/where-should-i-discard-dog-repellant\/\">\u00bfD\u00f3nde debo desechar el repelente para perros?<\/a><\/li>\n<li class=\"page_item page-item-10173\"><a href=\"https:\/\/www.briskmanandbriskman.com\/es\/practice-areas\/chicago-dog-bite-lawyer\/faq\/which-cities-have-the-most-dog-bites\/\">\u00bfCu\u00e1les son las ciudades con m\u00e1s mordeduras de perro?<\/a><\/li>\n<li class=\"page_item page-item-10175\"><a href=\"https:\/\/www.briskmanandbriskman.com\/es\/practice-areas\/chicago-dog-bite-lawyer\/faq\/who-do-you-contact-after-a-dog-bite\/\">\u00bfCon qui\u00e9n hay que ponerse en contacto tras una mordedura de perro?<\/a><\/li>\n<li class=\"page_item page-item-10177\"><a href=\"https:\/\/www.briskmanandbriskman.com\/es\/practice-areas\/chicago-dog-bite-lawyer\/faq\/why-is-dog-repellant-necessary\/\">\u00bfPor qu\u00e9 es necesario un repelente para perros?<\/a><\/li>\n<\/ul>","protected":false},"excerpt":{"rendered":"<p>Si usted o alguien que conoce ha sufrido una mordedura de perro, hay cosas importantes que puede hacer para tratar la herida y prevenir la infecci\u00f3n. El primer paso es limpiar la herida lo antes posible tras el ataque. Lave cuidadosamente la zona lesionada con agua y jab\u00f3n neutro durante cinco a diez minutos....<\/p>","protected":false},"author":1,"featured_media":11124,"parent":10133,"menu_order":0,"comment_status":"closed","ping_status":"closed","template":"","meta":{"_acf_changed":false,"footnotes":""},"class_list":["post-10144","page","type-page","status-publish","has-post-thumbnail","hentry"],"acf":[],"_links":{"self":[{"href":"https:\/\/www.briskmanandbriskman.com\/es\/wp-json\/wp\/v2\/pages\/10144","targetHints":{"allow":["GET"]}}],"collection":[{"href":"https:\/\/www.briskmanandbriskman.com\/es\/wp-json\/wp\/v2\/pages"}],"about":[{"href":"https:\/\/www.briskmanandbriskman.com\/es\/wp-json\/wp\/v2\/types\/page"}],"author":[{"embeddable":true,"href":"https:\/\/www.briskmanandbriskman.com\/es\/wp-json\/wp\/v2\/users\/1"}],"replies":[{"embeddable":true,"href":"https:\/\/www.briskmanandbriskman.com\/es\/wp-json\/wp\/v2\/comments?post=10144"}],"version-history":[{"count":4,"href":"https:\/\/www.briskmanandbriskman.com\/es\/wp-json\/wp\/v2\/pages\/10144\/revisions"}],"predecessor-version":[{"id":14741,"href":"https:\/\/www.briskmanandbriskman.com\/es\/wp-json\/wp\/v2\/pages\/10144\/revisions\/14741"}],"up":[{"embeddable":true,"href":"https:\/\/www.briskmanandbriskman.com\/es\/wp-json\/wp\/v2\/pages\/10133"}],"wp:featuredmedia":[{"embeddable":true,"href":"https:\/\/www.briskmanandbriskman.com\/es\/wp-json\/wp\/v2\/media\/11124"}],"wp:attachment":[{"href":"https:\/\/www.briskmanandbriskman.com\/es\/wp-json\/wp\/v2\/media?parent=10144"}],"curies":[{"name":"wp","href":"https:\/\/api.w.org\/{rel}","templated":true}]}}