{"id":10142,"date":"2024-01-05T01:25:48","date_gmt":"2024-01-05T01:25:48","guid":{"rendered":"https:\/\/bbg.mystagingwebsite.com\/?page_id=10142"},"modified":"2024-03-06T22:11:24","modified_gmt":"2024-03-06T22:11:24","slug":"como-prevenir-una-mordedura-de-perro","status":"publish","type":"page","link":"https:\/\/www.briskmanandbriskman.com\/es\/practice-areas\/chicago-dog-bite-lawyer\/faq\/how-to-prevent-a-dog-bite\/","title":{"rendered":"\u00bfC\u00f3mo prevenir las mordeduras de perro?"},"content":{"rendered":"<p>Tanto si se trata de una mascota familiar como de un perro callejero, saber c\u00f3mo comportarse con los perros puede ayudarle a evitar que le muerdan. Por desgracia, no todos los propietarios de perros son responsables o se han asegurado de que sus perros reciban un adiestramiento adecuado. Aunque es imposible controlar el comportamiento de los perros y sus due\u00f1os, hay varias cosas que puede hacer para protegerse de los ataques de los perros.<\/p>\n\n\n\n<p>No provoque ni se burle en modo alguno de los perros, ni siquiera de aquellos que parezcan fuera de su alcance. Evite el contacto visual directo con los perros, ya que pueden considerarlo un desaf\u00edo o una amenaza. Molestar a los perros que est\u00e1n durmiendo o comiendo tambi\u00e9n puede aumentar el riesgo de ser mordido.<\/p>\n\n\n\n<p>Cuando los perros est\u00e1n asustados, aburridos, sobresaltados o molestos, las probabilidades de que ataquen son mayores. Comprender el lenguaje corporal de los perros puede ayudarte a reconocer los signos de estr\u00e9s.<\/p>\n\n\n\n<p>Muchos comportamientos familiares como temblar, bostezar, lamerse los labios o colocar la cola entre las patas indican que un perro puede estar estresado. Los perros relajados tienden a mantener la cabeza alta y la cola baja. En cambio, los labios curvados, el lomo arqueado y el rabo levantado deben considerarse se\u00f1ales de advertencia.<\/p>\n\n\n\n<p>Ten en cuenta que los ni\u00f1os peque\u00f1os pueden no ser capaces de identificar estas se\u00f1ales. Los adultos deben supervisar sus interacciones con los perros para mantenerlos a salvo.<\/p>\n\n\n\n<p>Permanezca quieto y tranquilo si se le acerca un perro. Evite gritar o huir, ya que estos comportamientos pueden considerarse se\u00f1ales de ataque. Cuando se acerque a un perro, mu\u00e9vase despacio. Como medida de precauci\u00f3n, mant\u00e9ngase alejado de perros desconocidos.<\/p>\n\n\n\n<p>A pesar de todos los esfuerzos por prevenir las mordeduras de perro, \u00e9stas pueden producirse, y de hecho se producen. Si usted o un ser querido ha resultado herido en un ataque de perro en Illinois, <a href=\"https:\/\/www.briskmanandbriskman.com\/es\/abogados-de-accidentes-de-camiones-en-chicago-2\/\">p\u00f3ngase en contacto con<\/a> el <a href=\"https:\/\/www.briskmanandbriskman.com\/es\/areas-de-practica\/abogado-de-mordedura-de-perro-chicago\/\">abogados con experiencia en mordeduras de perro Briskman Briskman &amp; Greenberg<\/a>. Podemos ayudarle a obtener la indemnizaci\u00f3n que merece.<\/p>\n\n\n\n<h3 class=\"wp-block-heading\">Otras preguntas frecuentes sobre mordeduras de perro:<\/h3>\n\n\n<ul class=\"list-pages-shortcode sibling-pages\"><li class=\"page_item page-item-10135\"><a href=\"https:\/\/www.briskmanandbriskman.com\/es\/practice-areas\/chicago-dog-bite-lawyer\/faq\/can-the-post-office-refuse-to-deliver-mail-because-of-a-dog\/\">\u00bfPuede Correos negarse a entregar el correo por culpa de un perro?<\/a><\/li>\n<li class=\"page_item page-item-10138\"><a href=\"https:\/\/www.briskmanandbriskman.com\/es\/practice-areas\/chicago-dog-bite-lawyer\/faq\/how-do-dogs-react-to-repellant\/\">\u00bfC\u00f3mo reaccionan los perros al repelente?<\/a><\/li>\n<li class=\"page_item page-item-10140\"><a href=\"https:\/\/www.briskmanandbriskman.com\/es\/practice-areas\/chicago-dog-bite-lawyer\/faq\/how-many-dog-bites-occur-in-the-us\/\">\u00bfCu\u00e1ntas mordeduras de perro se producen en EE.UU.?<\/a><\/li>\n<li class=\"page_item page-item-10142\"><a href=\"https:\/\/www.briskmanandbriskman.com\/es\/practice-areas\/chicago-dog-bite-lawyer\/faq\/how-to-prevent-a-dog-bite\/\">\u00bfC\u00f3mo prevenir las mordeduras de perro?<\/a><\/li>\n<li class=\"page_item page-item-10144\"><a href=\"https:\/\/www.briskmanandbriskman.com\/es\/practice-areas\/chicago-dog-bite-lawyer\/faq\/how-to-treat-dog-bites\/\">C\u00f3mo tratar las mordeduras de perro<\/a><\/li>\n<li class=\"page_item page-item-10148\"><a href=\"https:\/\/www.briskmanandbriskman.com\/es\/practice-areas\/chicago-dog-bite-lawyer\/faq\/my-child-got-bitten-by-a-dog-what-are-my-next-steps\/\">Mi hijo ha sido mordido por un perro; \u00bfqu\u00e9 debo hacer?<\/a><\/li>\n<li class=\"page_item page-item-10151\"><a href=\"https:\/\/www.briskmanandbriskman.com\/es\/practice-areas\/chicago-dog-bite-lawyer\/faq\/what-breed-of-dog-bites-the-most\/\">\u00bfQu\u00e9 raza de perro muerde m\u00e1s?<\/a><\/li>\n<li class=\"page_item page-item-10154\"><a href=\"https:\/\/www.briskmanandbriskman.com\/es\/practice-areas\/chicago-dog-bite-lawyer\/faq\/what-can-i-file-if-i-was-bitten-by-a-dog-during-my-delivery\/\">\u00bfQu\u00e9 puedo hacer si me ha mordido un perro durante el parto?<\/a><\/li>\n<li class=\"page_item page-item-10159\"><a href=\"https:\/\/www.briskmanandbriskman.com\/es\/practice-areas\/chicago-dog-bite-lawyer\/faq\/what-is-dog-repellant\/\">\u00bfQu\u00e9 es un repelente de perros?<\/a><\/li>\n<li class=\"page_item page-item-10161\"><a href=\"https:\/\/www.briskmanandbriskman.com\/es\/practice-areas\/chicago-dog-bite-lawyer\/faq\/what-is-the-total-cost-for-a-dog-bite-lawyer\/\">\u00bfCu\u00e1l es el coste total de un abogado especializado en mordeduras de perro?<\/a><\/li>\n<li class=\"page_item page-item-10163\"><a href=\"https:\/\/www.briskmanandbriskman.com\/es\/practice-areas\/chicago-dog-bite-lawyer\/faq\/what-should-letter-carriers-know-about-dogs\/\">\u00bfQu\u00e9 deben saber los carteros sobre los perros?<\/a><\/li>\n<li class=\"page_item page-item-10165\"><a href=\"https:\/\/www.briskmanandbriskman.com\/es\/practice-areas\/chicago-dog-bite-lawyer\/faq\/what-should-pet-owners-do-before-a-usps-worker-delivers-the-mail\/\">\u00bfQu\u00e9 deben hacer los due\u00f1os de mascotas antes de que un trabajador de USPS entregue el correo?<\/a><\/li>\n<li class=\"page_item page-item-10167\"><a href=\"https:\/\/www.briskmanandbriskman.com\/es\/practice-areas\/chicago-dog-bite-lawyer\/faq\/what-to-do-if-someones-dog-bites-you\/\">Qu\u00e9 hacer si el perro de alguien te muerde<\/a><\/li>\n<li class=\"page_item page-item-10169\"><a href=\"https:\/\/www.briskmanandbriskman.com\/es\/practice-areas\/chicago-dog-bite-lawyer\/faq\/when-should-dog-repellant-be-used\/\">\u00bfCu\u00e1ndo se debe utilizar un repelente para perros?<\/a><\/li>\n<li class=\"page_item page-item-10171\"><a href=\"https:\/\/www.briskmanandbriskman.com\/es\/practice-areas\/chicago-dog-bite-lawyer\/faq\/where-should-i-discard-dog-repellant\/\">\u00bfD\u00f3nde debo desechar el repelente para perros?<\/a><\/li>\n<li class=\"page_item page-item-10173\"><a href=\"https:\/\/www.briskmanandbriskman.com\/es\/practice-areas\/chicago-dog-bite-lawyer\/faq\/which-cities-have-the-most-dog-bites\/\">\u00bfCu\u00e1les son las ciudades con m\u00e1s mordeduras de perro?<\/a><\/li>\n<li class=\"page_item page-item-10175\"><a href=\"https:\/\/www.briskmanandbriskman.com\/es\/practice-areas\/chicago-dog-bite-lawyer\/faq\/who-do-you-contact-after-a-dog-bite\/\">\u00bfCon qui\u00e9n hay que ponerse en contacto tras una mordedura de perro?<\/a><\/li>\n<li class=\"page_item page-item-10177\"><a href=\"https:\/\/www.briskmanandbriskman.com\/es\/practice-areas\/chicago-dog-bite-lawyer\/faq\/why-is-dog-repellant-necessary\/\">\u00bfPor qu\u00e9 es necesario un repelente para perros?<\/a><\/li>\n<\/ul>","protected":false},"excerpt":{"rendered":"<p>Tanto si se trata de una mascota familiar como de un perro callejero, saber c\u00f3mo comportarse con los perros puede ayudarle a evitar que le muerdan. Por desgracia, no todos los propietarios de perros son responsables o se han asegurado de que sus perros reciban un adiestramiento adecuado. Aunque es imposible controlar el comportamiento de los perros y sus due\u00f1os, hay varias cosas...<\/p>","protected":false},"author":1,"featured_media":11475,"parent":10133,"menu_order":0,"comment_status":"closed","ping_status":"closed","template":"","meta":{"_acf_changed":false,"footnotes":""},"class_list":["post-10142","page","type-page","status-publish","has-post-thumbnail","hentry"],"acf":[],"_links":{"self":[{"href":"https:\/\/www.briskmanandbriskman.com\/es\/wp-json\/wp\/v2\/pages\/10142","targetHints":{"allow":["GET"]}}],"collection":[{"href":"https:\/\/www.briskmanandbriskman.com\/es\/wp-json\/wp\/v2\/pages"}],"about":[{"href":"https:\/\/www.briskmanandbriskman.com\/es\/wp-json\/wp\/v2\/types\/page"}],"author":[{"embeddable":true,"href":"https:\/\/www.briskmanandbriskman.com\/es\/wp-json\/wp\/v2\/users\/1"}],"replies":[{"embeddable":true,"href":"https:\/\/www.briskmanandbriskman.com\/es\/wp-json\/wp\/v2\/comments?post=10142"}],"version-history":[{"count":2,"href":"https:\/\/www.briskmanandbriskman.com\/es\/wp-json\/wp\/v2\/pages\/10142\/revisions"}],"predecessor-version":[{"id":14742,"href":"https:\/\/www.briskmanandbriskman.com\/es\/wp-json\/wp\/v2\/pages\/10142\/revisions\/14742"}],"up":[{"embeddable":true,"href":"https:\/\/www.briskmanandbriskman.com\/es\/wp-json\/wp\/v2\/pages\/10133"}],"wp:featuredmedia":[{"embeddable":true,"href":"https:\/\/www.briskmanandbriskman.com\/es\/wp-json\/wp\/v2\/media\/11475"}],"wp:attachment":[{"href":"https:\/\/www.briskmanandbriskman.com\/es\/wp-json\/wp\/v2\/media?parent=10142"}],"curies":[{"name":"wp","href":"https:\/\/api.w.org\/{rel}","templated":true}]}}