{"id":10131,"date":"2024-01-05T01:14:25","date_gmt":"2024-01-05T01:14:25","guid":{"rendered":"https:\/\/bbg.mystagingwebsite.com\/?page_id=10131"},"modified":"2025-05-27T21:32:26","modified_gmt":"2025-05-27T21:32:26","slug":"lugares-comunes-donde-pueden-producirse-mordeduras-de-perro","status":"publish","type":"page","link":"https:\/\/www.briskmanandbriskman.com\/es\/information-centers\/dog-bite-center\/common-places-where-dog-bites-can-happen\/","title":{"rendered":"Lugares comunes donde pueden producirse mordeduras de perro"},"content":{"rendered":"<p><a href=\"https:\/\/www.briskmanandbriskman.com\/es\/centros-de-informacion\/centro-de-mordeduras-de-perro\/\">Volver a la p\u00e1gina principal del Centro de Mordeduras de Perros<\/a><\/p>\n\n\n\n<p>Aunque las mordeduras de perro pueden ocurrir en cualquier parte, lo que sorprende a mucha gente es que a menudo se producen en lugares familiares o afectan a perros conocidos. Independientemente de d\u00f3nde se produzca un ataque de perro, puede causar lesiones e infecciones graves. Si usted ha sido <a href=\"https:\/\/www.briskmanandbriskman.com\/es\/areas-de-practica\/abogado-de-mordedura-de-perro-chicago\/\">herido por mordedura de perro<\/a>El <a href=\"https:\/\/www.briskmanandbriskman.com\/es\/\">abogados expertos en lesiones personales Chicago<\/a> en <a href=\"https:\/\/www.briskmanandbriskman.com\/es\/\">Briskman, Briskman y Greenberg<\/a> can help you pursue compensation.<\/p>\n\n\n\n<figure class=\"wp-block-embed is-type-rich is-provider-embed-handler wp-block-embed-embed-handler wp-embed-aspect-16-9 wp-has-aspect-ratio\"><div class=\"wp-block-embed__wrapper\">\n<iframe loading=\"lazy\" title=\"Lugares comunes donde pueden producirse mordeduras de perro\" width=\"500\" height=\"281\" src=\"https:\/\/www.youtube.com\/embed\/np3lGMJdry8?feature=oembed\" frameborder=\"0\" allow=\"accelerometer; autoplay; clipboard-write; encrypted-media; gyroscope; picture-in-picture; web-share\" referrerpolicy=\"strict-origin-when-cross-origin\" allowfullscreen><\/iframe>\n<\/div><\/figure>\n\n\n\n<h3 class=\"wp-block-heading\">Mordeduras de perro en casa y en su barrio<\/h3>\n\n\n\n<p>Uno de los lugares m\u00e1s habituales de los ataques de perros es el domicilio de la v\u00edctima o alg\u00fan lugar cercano a su propiedad. Seg\u00fan los Centros para el Control y la Prevenci\u00f3n de Enfermedades (CDC), m\u00e1s de la mitad de las lesiones por mordedura de perro se producen en casa con perros que nos son familiares.<\/p>\n\n\n\n<p>Adem\u00e1s, a medida que aumenta el n\u00famero de perros en la casa o apartamento, tambi\u00e9n lo hace la probabilidad de ser mordido. Los adultos con dos o m\u00e1s perros tienen cinco veces m\u00e1s probabilidades de ser mordidos que los que no viven con perros.<\/p>\n\n\n\n<p>El segundo lugar m\u00e1s habitual de ataque de un perro es la casa de un amigo o familiar. Alrededor del 77% de los perros que muerden son propiedad de un pariente o amigo de la familia de la v\u00edctima.<\/p>\n\n\n\n<p>Los ni\u00f1os son especialmente vulnerables a las mordeduras de perro y tienen muchas m\u00e1s probabilidades de sufrir lesiones graves en un ataque. M\u00e1s del 50% de las v\u00edctimas de mordeduras de perro son ni\u00f1os.<\/p>\n\n\n\n<p>Los ataques de perros que afectan a ni\u00f1os peque\u00f1os suelen producirse durante interacciones con perros conocidos y actividades cotidianas. Por ejemplo, una situaci\u00f3n potencialmente peligrosa es llevar a un ni\u00f1o a casa de un amigo o pariente que tenga un perro.<\/p>\n\n\n\n<p>No s\u00f3lo <a href=\"https:\/\/www.briskmanandbriskman.com\/es\/areas-de-practica\/abogado-de-mordedura-de-perro-chicago\/chicago-nino-mordedura-de-perro-abogado\/\">los ni\u00f1os corren un mayor riesgo de ser mordidos<\/a>pero tambi\u00e9n tienen m\u00e1s probabilidades de recibir tratamiento m\u00e9dico por mordeduras de perro que los adultos. Seg\u00fan los CDC, los ni\u00f1os de entre 5 y 9 a\u00f1os son los que presentan el mayor \u00edndice de lesiones por mordedura de perro.<\/p>\n\n\n\n<h3 class=\"wp-block-heading\">Otros lugares habituales de mordeduras de perro<\/h3>\n\n\n\n<ul class=\"wp-block-list\">\n<li><strong>Parques:<\/strong> Algunos parques permiten a los perros pasear sin correa por zonas abiertas, lo que reduce el control del due\u00f1o sobre su mascota. Incluso los perros que suelen comportarse bien pueden actuar de forma inesperada o agresiva con personas desconocidas.<\/li>\n\n\n\n<li><strong>Empresas:<\/strong> Las mordeduras de perro pueden producirse en una amplia gama de tiendas, oficinas, una cl\u00ednica veterinaria o restaurantes con asientos al aire libre.<\/li>\n\n\n\n<li><strong>Aceras:<\/strong> Muchos due\u00f1os de perros pasean a sus mascotas por las aceras. Aunque los perros deben ir con correa, a veces es posible encontrar mascotas sueltas sin correa.<\/li>\n<\/ul>\n\n\n\n<h3 class=\"wp-block-heading\">\u00bfCu\u00e1l es la causa de que un perro muerda a un vecino, peat\u00f3n, due\u00f1o o desconocido?<\/h3>\n\n\n\n<p>Cualquier perro puede morder, ya sea el perro de un desconocido en una acera o la mascota de tu t\u00eda en su jard\u00edn. Los investigadores no han encontrado pruebas de que determinadas razas de perro sean m\u00e1s propensas a morder que otras. La probabilidad de que un perro ataque depende de su comportamiento y su historial. Incluso los perros m\u00e1s mimosos y educados pueden atacar si se les provoca.<\/p>\n\n\n\n<p>Dado que, estad\u00edsticamente, muchas mordeduras de perro se producen en el hogar, los due\u00f1os deben ense\u00f1ar a sus perros a comportarse en entornos sociales. Presentar al perro al mayor n\u00famero posible de personas a una edad temprana o matricularlo en una escuela de obediencia son s\u00f3lo algunos ejemplos. <a href=\"https:\/\/www.briskmanandbriskman.com\/es\/areas-de-practica\/abogado-de-mordedura-de-perro-chicago\/como-ser-un-dueno-responsable\/\">tenencia responsable de perros<\/a>. Un estudio del Consejo Nacional de Investigaci\u00f3n Canina descubri\u00f3 que muchos propietarios no proporcionan a sus perros interacciones positivas, lo que puede limitar sus oportunidades de desarrollar habilidades sociales.<\/p>\n\n\n\n<p>A menudo, los factores responsables de las lesiones o muertes por mordedura de perro son m\u00faltiples y no una \u00fanica causa. El consejo de investigaci\u00f3n identific\u00f3 siete factores bajo el control de los propietarios de perros que se produjeron en la mayor\u00eda de las muertes relacionadas con mordeduras de perro a lo largo de diez a\u00f1os.<\/p>\n\n\n\n<p>La ausencia de una persona f\u00edsicamente capaz de intervenir durante un ataque fue un factor en el 87% de los casos de mordeduras de perro. La v\u00edctima no ten\u00eda relaci\u00f3n familiar con los perros mordedores en algo m\u00e1s del 85% de los incidentes, mientras que el propietario no esteriliz\u00f3 o castr\u00f3 al perro en el 84,4% de los casos. El maltrato o abandono de los perros por parte del propietario contribuy\u00f3 a alrededor del 21% de los incidentes de mordeduras de perro.<\/p>\n\n\n\n<h3 class=\"wp-block-heading\">\u00bfQui\u00e9n es responsable de las mordeduras de perro?<\/h3>\n\n\n\n<p>Saber qui\u00e9n podr\u00eda ser <a href=\"https:\/\/www.briskmanandbriskman.com\/es\/areas-de-practica\/abogado-de-mordedura-de-perro-chicago\/se-puede-demandar-por-mordedura-de-perro\/\">legalmente responsable<\/a> para pagar sus da\u00f1os es esencial si result\u00f3 herido por el perro de otra persona en Chicago o en cualquier otro lugar de Illinois. Presentar una demanda por lesiones personales le permite recuperar una indemnizaci\u00f3n por facturas m\u00e9dicas, angustia emocional y otros gastos derivados de la mordedura de perro, siempre que usted no haya provocado el ataque.<\/p>\n\n\n\n<p>Las partes responsables pueden ser el propietario del perro o el arrendador que, a sabiendas, permiti\u00f3 que un perro peligroso permaneciera en su propiedad cuando usted fue atacado. El propietario de un perro puede ser considerado responsable incluso si la mordedura se produjo en una acera, un parque u otra propiedad p\u00fablica. Alguien que simplemente estaba cuidando a un perro cuando le atac\u00f3 tambi\u00e9n puede ser legalmente responsable.<\/p>\n\n\n\n<p><a href=\"https:\/\/www.briskmanandbriskman.com\/es\/areas-de-practica\/abogado-de-mordedura-de-perro-chicago\/que-es-la-responsabilidad-objetiva-en-un-caso-de-mordedura-de-perro\/\">Illinois utiliza un concepto conocido como responsabilidad objetiva en casos de mordedura de perro<\/a>. Under state law, the dog owner is automatically liable for any injuries caused by their pet. The dog does not have to be from a dangerous breed, such as a <a href=\"https:\/\/www.briskmanandbriskman.com\/es\/areas-de-practica\/abogado-de-mordedura-de-perro-chicago\/chicago-pit-bull-dog-bite-lawyer\/\">pit bull<\/a> or a rottweiler. It also does not matter whether the dog has a history of aggressive behavior.<\/p>\n\n\n\n<p>A <a href=\"https:\/\/www.briskmanandbriskman.com\/es\/\">abogado de lesiones personales<\/a> puede determinar su elegibilidad para reclamar una indemnizaci\u00f3n por sus lesiones por mordedura de perro. En <a href=\"https:\/\/www.briskmanandbriskman.com\/es\/\">Briskman, Briskman y Greenberg<\/a>Entendemos que el seguimiento de una reclamaci\u00f3n por mordedura de perro puede ser desalentador, sobre todo si el incidente implica a un perro conocido o a un miembro de la familia. Una vez que escuchamos lo sucedido, podemos aconsejarle sobre la mejor acci\u00f3n para resolver su reclamaci\u00f3n respetando sus relaciones.<\/p>\n\n\n\n<h3 class=\"wp-block-heading\">Tipos de pruebas necesarias para que prospere una demanda por mordedura de perro Chicago<\/h3>\n\n\n\n<p>Necesitar\u00e1 pruebas que respalden su demanda por mordedura de perro. Es esencial que reciba tratamiento m\u00e9dico para las lesiones por mordedura de perro, por leve que parezca la herida.<\/p>\n\n\n\n<p>Acudir al m\u00e9dico le proteger\u00e1 de infecciones y otras complicaciones y le garantizar\u00e1 que dispone de un historial m\u00e9dico de sus lesiones. La documentaci\u00f3n establecer\u00e1 la gravedad de tus lesiones y las relacionar\u00e1 con la mordedura de perro.<\/p>\n\n\n\n<p>Tambi\u00e9n debes denunciar el incidente de la mordedura de perro a la polic\u00eda y al control local de animales. Consigue copias de los informes, ya que contendr\u00e1n informaci\u00f3n sobre el ataque.<\/p>\n\n\n\n<p>Intenta conseguir la cartilla de vacunaci\u00f3n del perro e informaci\u00f3n sobre el due\u00f1o, incluidos sus datos de contacto. Tambi\u00e9n puedes hablar con testigos que puedan haber visto el ataque del perro.<\/p>\n\n\n\n<p>Las pruebas f\u00edsicas que documenten la mordedura de perro tambi\u00e9n ser\u00e1n \u00fatiles para su reclamaci\u00f3n. Haz fotos de tus heridas y guarda la ropa que hayas llevado.<\/p>\n\n\n\n<h3 class=\"wp-block-heading\">Consejos para prevenir las mordeduras de perro<\/h3>\n\n\n\n<p>Predecir cu\u00e1ndo puede morder un perro no siempre es posible. Sin embargo, muchas mordeduras de perro pueden prevenirse. En <a href=\"https:\/\/www.briskmanandbriskman.com\/es\/areas-de-practica\/abogado-de-mordedura-de-perro-chicago\/normas-basicas-de-seguridad-con-los-perros\/\">precauciones de seguridad de sentido com\u00fan<\/a> puede reducir el riesgo de un ataque que cause lesiones graves.<\/p>\n\n\n\n<ul class=\"wp-block-list\">\n<li>Evite acercarse a un perro desconocido.<\/li>\n\n\n\n<li>Antes de acariciar a un perro, deja que te olfatee primero.<\/li>\n\n\n\n<li>Abst\u00e9ngase de molestar a los perros mientras duermen, comen o cuidan de los cachorros.<\/li>\n\n\n\n<li>No deje a los ni\u00f1os peque\u00f1os sin supervisi\u00f3n cerca de los perros.<\/li>\n<\/ul>\n\n\n\n<p>Si se le acerca un perro desconocido, intente mantener la calma en lugar de dejarse llevar por el p\u00e1nico. Evite hacer movimientos bruscos e inesperados. Hacer ruidos fuertes o salir corriendo puede incitar al perro a atacar.<\/p>\n\n\n\n<p>No establezca contacto visual directo con el perro. Girar el cuerpo total o parcialmente hacia un lado puede parecer menos amenazador para el perro. Adem\u00e1s, puede colocar una bolsa o chaqueta entre usted y el perro para protegerse. Si te derriban, hazte un ovillo con la cabeza hacia dentro y c\u00fabrete las orejas y el cuello con las manos.<\/p>\n\n\n\n<h3 class=\"wp-block-heading\">Primeros auxilios en caso de mordedura de perro<\/h3>\n\n\n\n<p>Las mordeduras de perro no s\u00f3lo son dolorosas, sino que tambi\u00e9n pueden provocar complicaciones graves, como lesiones nerviosas e infecciones. Hasta el 18% de las mordeduras de perro se infectan con bacterias. Si te muerde o te ataca un perro, aqu\u00ed tienes algunos pasos a seguir para tratar las heridas leves una vez llegues a un lugar seguro.<\/p>\n\n\n\n<ul class=\"wp-block-list\">\n<li>Detener la hemorragia aplicando presi\u00f3n con un pa\u00f1o limpio y seco.<\/li>\n\n\n\n<li>Lavar inmediatamente la herida con agua y jab\u00f3n.<\/li>\n\n\n\n<li>Aplicar una pomada antibi\u00f3tica.<\/li>\n\n\n\n<li>Cubre la herida con un vendaje limpio.<\/li>\n<\/ul>\n\n\n\n<p>Acuda inmediatamente al m\u00e9dico, sobre todo si las lesiones son graves. Puede ser necesario un tratamiento de urgencia si sufres una hemorragia excesiva, p\u00e9rdida de funcionalidad o un dolor insoportable.<\/p>\n\n\n\n<p>Presta atenci\u00f3n a los signos de infecci\u00f3n, como enrojecimiento, dolor, calor, hinchaz\u00f3n o fiebre. Las mordeduras de perro pueden causar enfermedades como el t\u00e9tanos o la rabia, que pueden ser mortales si no se tratan. En muchos casos, es posible que desconozca el estado de vacunaci\u00f3n del perro que le mordi\u00f3. Un profesional sanitario tratar\u00e1 adecuadamente las infecciones, e incluso le administrar\u00e1 las vacunas necesarias.<\/p>\n\n\n\n<h2 class=\"wp-block-heading\">Contacto Briskman Briskman &amp; Greenberg<\/h2>\n\n\n\n<p>Si usted o un ser querido ha sido <a href=\"https:\/\/www.briskmanandbriskman.com\/es\/areas-de-practica\/abogado-de-mordedura-de-perro-chicago\/\">herido por mordedura de perro<\/a>, p\u00f3ngase en contacto con los abogados de lesiones personales Chicago, Briskman y Greenberg. Entendemos los efectos traumatizantes de un ataque de perro y c\u00f3mo el incidente puede afectar su vida. Nuestro bufete de abogados ha ayudado a innumerables clientes a recuperar la compensaci\u00f3n por sus facturas m\u00e9dicas, salarios perdidos, angustia emocional y otros costos relacionados con la mordedura de perro. <a href=\"https:\/\/www.briskmanandbriskman.com\/es\/abogados-de-accidentes-de-camiones-en-chicago-2\/\">P\u00f3ngase en contacto con nosotros para una primera consulta gratuita<\/a>.<\/p>\n\n\n\n<h3 class=\"wp-block-heading\">Recursos adicionales sobre mordeduras de perro<\/h3>\n\n\n<ul class=\"list-pages-shortcode sibling-pages\"><li class=\"page_item page-item-10106\"><a href=\"https:\/\/www.briskmanandbriskman.com\/es\/information-centers\/dog-bite-center\/basic-rules-on-how-to-be-safe-around-dogs\/\">Normas b\u00e1sicas de seguridad con los perros<\/a><\/li>\n<li class=\"page_item page-item-10108\"><a href=\"https:\/\/www.briskmanandbriskman.com\/es\/information-centers\/dog-bite-center\/can-you-sue-for-a-dog-bite\/\">\u00bfSe puede demandar por mordedura de perro?<\/a><\/li>\n<li class=\"page_item page-item-10131\"><a href=\"https:\/\/www.briskmanandbriskman.com\/es\/information-centers\/dog-bite-center\/common-places-where-dog-bites-can-happen\/\">Lugares comunes donde pueden producirse mordeduras de perro<\/a><\/li>\n<li class=\"page_item page-item-10183\"><a href=\"https:\/\/www.briskmanandbriskman.com\/es\/information-centers\/dog-bite-center\/dog-bite-lawsuit-process\/\">Proceso judicial por mordedura de perro<\/a><\/li>\n<li class=\"page_item page-item-10188\"><a href=\"https:\/\/www.briskmanandbriskman.com\/es\/information-centers\/dog-bite-center\/home-insurance-and-dog-bites\/\">Seguro de hogar y mordeduras de perro<\/a><\/li>\n<li class=\"page_item page-item-13289\"><a href=\"https:\/\/www.briskmanandbriskman.com\/es\/information-centers\/dog-bite-center\/level-i-trauma-centers-that-treat-dog-bites-in-chicago\/\">Centros de Traumatolog\u00eda de Nivel I que tratan mordeduras de perro en Chicago<\/a><\/li>\n<li class=\"page_item page-item-10157\"><a href=\"https:\/\/www.briskmanandbriskman.com\/es\/information-centers\/dog-bite-center\/what-evidence-is-needed-for-a-dog-bite-lawsuit\/\">\u00bfQu\u00e9 pruebas se necesitan para una demanda por mordedura de perro?<\/a><\/li>\n<li class=\"page_item page-item-10221\"><a href=\"https:\/\/www.briskmanandbriskman.com\/es\/information-centers\/dog-bite-center\/what-is-strict-liability-in-a-dog-bite-case\/\">\u00bfQu\u00e9 es la responsabilidad objetiva en un caso de mordedura de perro?<\/a><\/li>\n<li class=\"page_item page-item-10227\"><a href=\"https:\/\/www.briskmanandbriskman.com\/es\/information-centers\/dog-bite-center\/why-do-dogs-bite\/\">\u00bfPor qu\u00e9 muerden los perros?<\/a><\/li>\n<\/ul>\n\n\n\n<h3 class=\"wp-block-heading\">Abogados de mordeduras de perro disponibles en todo el Illinois<\/h3>\n\n\n\n<ul class=\"wp-block-list\">\n<li><a href=\"https:\/\/www.briskmanandbriskman.com\/es\/areas-de-practica\/abogado-de-mordedura-de-perro-chicago\/\">Chicago abogados de mordeduras de perro<\/a><\/li>\n\n\n\n<li><a href=\"https:\/\/www.briskmanandbriskman.com\/es\/lugares\/joliet\/abogado-de-mordedura-de-perro\/\">Joliet Abogado de mordeduras de perro<\/a><\/li>\n\n\n\n<li><a href=\"https:\/\/www.briskmanandbriskman.com\/es\/lugares\/condado-del-lago\/abogado-de-mordedura-de-perro-2\/\">Abogado de mordeduras de perro en Lake County<\/a><\/li>\n\n\n\n<li><a href=\"https:\/\/www.briskmanandbriskman.com\/es\/lugares\/mundelein\/abogados-de-mordeduras-de-perro\/\">Mundelein Abogados de mordeduras de perro<\/a><\/li>\n\n\n\n<li><a href=\"https:\/\/www.briskmanandbriskman.com\/es\/lugares\/norte-de-chicago\/abogados-de-mordeduras-de-perro\/\">North Chicago Abogados de mordeduras de perro<\/a><\/li>\n\n\n\n<li><a href=\"https:\/\/www.briskmanandbriskman.com\/es\/lugares\/oaklawn\/abogado-de-mordedura-de-perro-2\/\">Oak Lawn Abogados de mordeduras de perro<\/a><\/li>\n\n\n\n<li><a href=\"https:\/\/www.briskmanandbriskman.com\/es\/lugares\/orlandpark\/abogado-de-mordedura-de-perro-2\/\">Orland Park Abogados de mordeduras de perro<\/a><\/li>\n\n\n\n<li><a href=\"https:\/\/www.briskmanandbriskman.com\/es\/lugares\/waukegan\/abogado-de-mordedura-de-perro-2\/\">Waukegan Abogado de mordeduras de perro<\/a><\/li>\n\n\n\n<li><a href=\"https:\/\/www.briskmanandbriskman.com\/es\/lugares\/ruedas\/abogado-de-mordedura-de-perro\/\">Wheeling Abogado de mordeduras de perro<\/a><\/li>\n<\/ul>","protected":false},"excerpt":{"rendered":"<p>Volver a la p\u00e1gina principal del Centro de mordeduras de perro Aunque las mordeduras de perro pueden producirse en cualquier lugar, lo que sorprende a mucha gente es que a menudo ocurren en lugares familiares o con perros conocidos. No importa d\u00f3nde se produzca un ataque de perro, puede potencialmente causar lesiones graves e infecciones. Si usted ha sido herido debido a una mordedura de perro, el experimentado...<\/p>","protected":false},"author":1,"featured_media":8668,"parent":11931,"menu_order":0,"comment_status":"closed","ping_status":"closed","template":"","meta":{"_acf_changed":false,"footnotes":""},"class_list":["post-10131","page","type-page","status-publish","has-post-thumbnail","hentry"],"acf":[],"_links":{"self":[{"href":"https:\/\/www.briskmanandbriskman.com\/es\/wp-json\/wp\/v2\/pages\/10131","targetHints":{"allow":["GET"]}}],"collection":[{"href":"https:\/\/www.briskmanandbriskman.com\/es\/wp-json\/wp\/v2\/pages"}],"about":[{"href":"https:\/\/www.briskmanandbriskman.com\/es\/wp-json\/wp\/v2\/types\/page"}],"author":[{"embeddable":true,"href":"https:\/\/www.briskmanandbriskman.com\/es\/wp-json\/wp\/v2\/users\/1"}],"replies":[{"embeddable":true,"href":"https:\/\/www.briskmanandbriskman.com\/es\/wp-json\/wp\/v2\/comments?post=10131"}],"version-history":[{"count":6,"href":"https:\/\/www.briskmanandbriskman.com\/es\/wp-json\/wp\/v2\/pages\/10131\/revisions"}],"predecessor-version":[{"id":15277,"href":"https:\/\/www.briskmanandbriskman.com\/es\/wp-json\/wp\/v2\/pages\/10131\/revisions\/15277"}],"up":[{"embeddable":true,"href":"https:\/\/www.briskmanandbriskman.com\/es\/wp-json\/wp\/v2\/pages\/11931"}],"wp:featuredmedia":[{"embeddable":true,"href":"https:\/\/www.briskmanandbriskman.com\/es\/wp-json\/wp\/v2\/media\/8668"}],"wp:attachment":[{"href":"https:\/\/www.briskmanandbriskman.com\/es\/wp-json\/wp\/v2\/media?parent=10131"}],"curies":[{"name":"wp","href":"https:\/\/api.w.org\/{rel}","templated":true}]}}