{"id":10115,"date":"2024-01-04T22:49:31","date_gmt":"2024-01-04T22:49:31","guid":{"rendered":"https:\/\/bbg.mystagingwebsite.com\/?page_id=10115"},"modified":"2025-09-08T21:48:48","modified_gmt":"2025-09-08T21:48:48","slug":"chicago-mordedura-de-perro-abogado-de-lesiones-oculares","status":"publish","type":"page","link":"https:\/\/www.briskmanandbriskman.com\/es\/practice-areas\/chicago-dog-bite-lawyer\/chicago-dog-bite-eye-injury-attorney\/","title":{"rendered":"Chicago Abogado de lesiones oculares por mordedura de perro"},"content":{"rendered":"<p>En <a href=\"https:\/\/www.briskmanandbriskman.com\/es\/areas-de-practica\/abogado-de-mordedura-de-perro-chicago\/\">atacado por un perro<\/a> es una experiencia aterradora; sin embargo, las lesiones pueden ser incluso m\u00e1s traum\u00e1ticas que el propio ataque. Este es especialmente el caso si el ataque de un perro se dirige a la cara y los ojos. Las mordeduras de perro en los ojos son m\u00e1s frecuentes de lo que la mayor\u00eda de la gente cree. M\u00e1s de un mill\u00f3n de personas son mordidas por perros cada a\u00f1o en Estados Unidos, y las mordeduras de perro en los ojos representan alrededor del 17% de todas las lesiones relacionadas con mordeduras de perro. En el <a href=\"https:\/\/www.briskmanandbriskman.com\/es\/\">bufete de abogados de Briskman Briskman &amp; Greenberg<\/a>, nuestro <a href=\"https:\/\/www.briskmanandbriskman.com\/es\/areas-de-practica\/abogado-de-mordedura-de-perro-chicago\/\">Chicago abogados de mordeduras de perro<\/a> orgullosamente representamos a ni\u00f1os y adultos que sufrieron mordeduras de perros viciosos en los ojos y la cara. Desde 1987, hemos estado ayudando a nuestros clientes lesionados a obtener la compensaci\u00f3n que necesitan y merecen para comenzar el proceso de seguir adelante con sus vidas.<\/p>\n\n\n\n<p><strong>Tipos comunes de lesiones oculares por mordedura de perro<\/strong><\/p>\n\n\n\n<p>La idea de que un perro le muerda la cara es suficiente para que casi cualquiera se estremezca. De hecho, estos ataques suelen ser extremadamente dolorosos. No s\u00f3lo eso, sino que tambi\u00e9n pueden causar da\u00f1os permanentes en la visi\u00f3n y otros problemas de por vida relacionados con el ojo. Algunos de los tipos m\u00e1s comunes de lesiones faciales por mordedura de perro son:<\/p>\n\n\n\n<ul class=\"wp-block-list\">\n<li>Abrasiones corneales (ara\u00f1azos en el ojo);<\/li>\n\n\n\n<li>Globos oculares perforados o rotos;<\/li>\n\n\n\n<li>Avulsiones (desgarro del tejido ocular);<\/li>\n\n\n\n<li>Perforaci\u00f3n o luxaci\u00f3n del cristalino;<\/li>\n\n\n\n<li>Fracturas de los huesos orbitarios;<\/li>\n\n\n\n<li>Hemorragia intraocular (sangrado del globo ocular debido a un traumatismo f\u00edsico); y<\/li>\n\n\n\n<li>P\u00e9rdida de un ojo<\/li>\n<\/ul>\n\n\n\n<p>Con frecuencia, quienes sufren lesiones oculares tras la mordedura de un perro sufren tambi\u00e9n otras lesiones en la cara, incluidas las mejillas, los labios y la nariz. Estas lesiones suelen requerir cirug\u00eda reconstructiva y otros procedimientos m\u00e9dicos invasivos.<\/p>\n\n\n\n<p><strong>\u00bfQui\u00e9n corre m\u00e1s riesgo de sufrir lesiones faciales por mordedura de perro?<\/strong><\/p>\n\n\n\n<p>Aunque cualquiera que se encuentre con un perro corre el riesgo de ser atacado, un estudio reciente revela que los ni\u00f1os tienen 4,2 veces m\u00e1s probabilidades de sufrir lesiones en la cara por mordedura de perro. Para realizar el estudio, los investigadores revisaron los datos de 342 mordeduras de perro entre 2003 y 2013. Durante este periodo, 91 de las 342 mordeduras implicaron lesiones oculares. La edad media de las v\u00edctimas de mordeduras de perro que no sufrieron lesiones en la cara fue de 30 a\u00f1os, mientras que la edad media de las v\u00edctimas que sufrieron lesiones oculares fue de 14 a\u00f1os.<\/p>\n\n\n\n<p><strong>\u00bfExisten razas de perro m\u00e1s propensas a atacarte a la cara?<\/strong><\/p>\n\n\n\n<p>Recientemente, investigadores del Sistema de Salud de la Universidad de Virginia y del Hospital Infantil Nationwide realizaron un estudio sobre mordeduras de perro centrado en las lesiones faciales. El estudio examin\u00f3 m\u00e1s de 26.000 casos de mordeduras de perro en los \u00faltimos 15 a\u00f1os. El resultado del estudio revel\u00f3 que <a href=\"https:\/\/www.briskmanandbriskman.com\/es\/areas-de-practica\/abogado-de-mordedura-de-perro-chicago\/faq\/que-raza-de-perro-muerde-mas\/\">ciertas razas eran m\u00e1s propensas a atacar la cara<\/a> than other breeds. For example, <a href=\"https:\/\/www.briskmanandbriskman.com\/es\/areas-de-practica\/abogado-de-mordedura-de-perro-chicago\/chicago-pit-bull-dog-bite-lawyer\/\">pit bull terriers were responsible<\/a> for 22.5 percent of all facial dog bite injuries and German shepherds for 17.8 percent. Mix-breed dogs were also responsible for a significant number of facial injuries, as many mixed breed dogs are pit-bull mixes.<\/p>\n\n\n\n<p><strong>\u00bfPueden las v\u00edctimas de mordeduras de perro exigir responsabilidades a sus due\u00f1os?<\/strong><\/p>\n\n\n\n<p>Tras la mordedura de un perro que le ha causado lesiones en la cara, quiz\u00e1 se pregunte si puede presentar una reclamaci\u00f3n legal contra el due\u00f1o del animal. S\u00ed que puede. Adem\u00e1s, las leyes sobre mordeduras de perro Illinois imponen una responsabilidad objetiva tras la mayor\u00eda de los ataques de perro. Esto significa que no tendr\u00e1 que demostrar que el due\u00f1o sab\u00eda que su perro era peligroso, que ya hab\u00eda mordido antes o que no tom\u00f3 las medidas necesarias para mantenerlo seguro. En otras palabras, no necesita demostrar que el due\u00f1o del perro fue negligente. Las \u00fanicas situaciones en las que no se aplica la responsabilidad objetiva son cuando la v\u00edctima provoc\u00f3 al perro, estaba invadiendo propiedad privada o no se estaba \"comportando pac\u00edficamente.\"<\/p>\n\n\n\n<p>Aunque el propietario de un perro no pueda ser considerado estrictamente responsable debido a una de las tres excepciones, usted puede presentar una demanda por negligencia contra \u00e9l. Por supuesto, estos casos son m\u00e1s dif\u00edciles de probar y requieren que presentes pruebas de la negligencia del due\u00f1o.<\/p>\n\n\n\n<p><strong>\u00bfQu\u00e9 da\u00f1os y perjuicios puede obtener una v\u00edctima de mordedura de perro?<\/strong><\/p>\n\n\n\n<figure class=\"wp-block-image size-large\"><a href=\"https:\/\/www.briskmanandbriskman.com\/es\/infografia\/guide-to-the-dog-bite-lawsuit-process\/\"><img loading=\"lazy\" decoding=\"async\" width=\"1024\" height=\"743\" src=\"https:\/\/www.briskmanandbriskman.com\/wp-content\/uploads\/2025\/09\/Guide-to-the-Dog-Bite-Lawsuit-Process-Infographic-Thumbnail-1024x743.jpg\" alt=\"Guide to the Dog Bite Lawsuit Process Infographic Thumbnail\" class=\"wp-image-15316\" title=\"\" srcset=\"https:\/\/www.briskmanandbriskman.com\/wp-content\/uploads\/2025\/09\/Guide-to-the-Dog-Bite-Lawsuit-Process-Infographic-Thumbnail-1024x743.jpg 1024w, https:\/\/www.briskmanandbriskman.com\/wp-content\/uploads\/2025\/09\/Guide-to-the-Dog-Bite-Lawsuit-Process-Infographic-Thumbnail-300x218.jpg 300w, https:\/\/www.briskmanandbriskman.com\/wp-content\/uploads\/2025\/09\/Guide-to-the-Dog-Bite-Lawsuit-Process-Infographic-Thumbnail-768x557.jpg 768w, https:\/\/www.briskmanandbriskman.com\/wp-content\/uploads\/2025\/09\/Guide-to-the-Dog-Bite-Lawsuit-Process-Infographic-Thumbnail-18x12.jpg 18w, https:\/\/www.briskmanandbriskman.com\/wp-content\/uploads\/2025\/09\/Guide-to-the-Dog-Bite-Lawsuit-Process-Infographic-Thumbnail-150x109.jpg 150w, https:\/\/www.briskmanandbriskman.com\/wp-content\/uploads\/2025\/09\/Guide-to-the-Dog-Bite-Lawsuit-Process-Infographic-Thumbnail.jpg 1200w\" sizes=\"auto, (max-width: 1024px) 100vw, 1024px\" \/><\/a><\/figure>\n\n\n\n<p>Si consigue llevar un <a href=\"https:\/\/www.briskmanandbriskman.com\/es\/areas-de-practica\/abogado-de-mordedura-de-perro-chicago\/\">Chicago demanda por mordedura de perro<\/a>puede obtener una indemnizaci\u00f3n econ\u00f3mica por las lesiones sufridas en el ataque. Dependiendo de la situaci\u00f3n espec\u00edfica, un caso de mordedura de perro en la cara puede dar lugar a los siguientes da\u00f1os:<\/p>\n\n\n\n<ul class=\"wp-block-list\">\n<li>Gastos m\u00e9dicos anteriores,<\/li>\n\n\n\n<li>Gastos m\u00e9dicos futuros,<\/li>\n\n\n\n<li>Salarios perdidos,<\/li>\n\n\n\n<li>Disminuci\u00f3n de la capacidad de ganancia,<\/li>\n\n\n\n<li>Dolor y sufrimiento,<\/li>\n\n\n\n<li>Angustia emocional,<\/li>\n\n\n\n<li>Discapacidad o desfiguraci\u00f3n, y<\/li>\n\n\n\n<li>P\u00e9rdida del disfrute de la vida.<\/li>\n<\/ul>\n\n\n\n<p>Tenga en cuenta que, aunque el propietario del animal sea legalmente la parte responsable, en la mayor\u00eda de los casos, la compa\u00f1\u00eda de seguros de su vivienda defender\u00e1 la reclamaci\u00f3n. Las mordeduras de perro suelen estar cubiertas por la p\u00f3liza de seguro del propietario, a menos que la p\u00f3liza contenga una exclusi\u00f3n para determinadas razas peligrosas. Tratar con una compa\u00f1\u00eda de seguros despu\u00e9s de un accidente puede a\u00f1adir frustraci\u00f3n y estr\u00e9s a lo que ya es un momento abrumador. Las compa\u00f1\u00edas de seguros suelen minimizar las lesiones de una v\u00edctima, tratando de resolver el caso por lo menos posible. En <a href=\"https:\/\/www.briskmanandbriskman.com\/es\/\">Briskman Briskman &amp; Greenberg<\/a>Tenemos casi un siglo de experiencia persiguiendo agresivamente una compensaci\u00f3n completa y justa para nuestros clientes lesionados y sabemos c\u00f3mo presentar eficazmente una demanda por mordedura de perro para asegurar que usted recupere todo lo que se merece.<\/p>\n\n\n\n<h2 class=\"wp-block-heading\">P\u00f3ngase en contacto con los abogados Chicago mordedura de perro en Briskman Briskman &amp; Greenberg para programar una consulta gratuita<\/h2>\n\n\n\n<p>Si usted, su hijo o un miembro de su familia ha sufrido heridas en la cara por mordedura de perro, p\u00f3ngase en contacto con el <a href=\"https:\/\/www.briskmanandbriskman.com\/es\/areas-de-practica\/abogado-de-mordedura-de-perro-chicago\/\">Chicago abogados de mordeduras de perro<\/a> en el bufete de abogados de Briskman Briskman &amp; Greenberg. En <a href=\"https:\/\/www.briskmanandbriskman.com\/es\/\">Briskman Briskman &amp; Greenberg<\/a>, nuestro <a href=\"https:\/\/www.briskmanandbriskman.com\/es\/nuestros-abogados\/\">abogados expertos<\/a> tienen una amplia experiencia en la presentaci\u00f3n de todo tipo de demandas por mordeduras de perro bajo la ley Illinois. Hemos representado con \u00e9xito a muchos clientes ayud\u00e1ndoles a recuperar una compensaci\u00f3n significativa por lo que han pasado. Para obtener m\u00e1s informaci\u00f3n, y para <a href=\"https:\/\/www.briskmanandbriskman.com\/es\/consulta-gratuita\/\">programar una consulta gratuita<\/a> con uno de nuestros <a href=\"https:\/\/www.briskmanandbriskman.com\/es\/areas-de-practica\/abogado-de-mordedura-de-perro-chicago\/\">Illinois abogados de mordeduras de perro<\/a>Ll\u00e1menos al <a href=\"tel:1-877-595-4878\">877-595-4878<\/a>. Tambi\u00e9n puede <a href=\"https:\/\/www.briskmanandbriskman.com\/es\/abogados-de-accidentes-de-camiones-en-chicago-2\/\">p\u00f3ngase en contacto con nosotros a trav\u00e9s de nuestro formulario de contacto en l\u00ednea<\/a>.<\/p>","protected":false},"excerpt":{"rendered":"<p>Ser atacado por un perro es una experiencia aterradora; sin embargo, las lesiones pueden ser incluso m\u00e1s traum\u00e1ticas que el propio ataque. Este es especialmente el caso si el ataque de un perro se dirige a la cara y los ojos. Las mordeduras de perro en los ojos son m\u00e1s frecuentes de lo que la mayor\u00eda de la gente cree. Hay m\u00e1s de un mill\u00f3n de personas...<\/p>","protected":false},"author":1,"featured_media":0,"parent":58,"menu_order":0,"comment_status":"closed","ping_status":"closed","template":"","meta":{"_acf_changed":false,"footnotes":""},"class_list":["post-10115","page","type-page","status-publish","hentry"],"acf":[],"_links":{"self":[{"href":"https:\/\/www.briskmanandbriskman.com\/es\/wp-json\/wp\/v2\/pages\/10115","targetHints":{"allow":["GET"]}}],"collection":[{"href":"https:\/\/www.briskmanandbriskman.com\/es\/wp-json\/wp\/v2\/pages"}],"about":[{"href":"https:\/\/www.briskmanandbriskman.com\/es\/wp-json\/wp\/v2\/types\/page"}],"author":[{"embeddable":true,"href":"https:\/\/www.briskmanandbriskman.com\/es\/wp-json\/wp\/v2\/users\/1"}],"replies":[{"embeddable":true,"href":"https:\/\/www.briskmanandbriskman.com\/es\/wp-json\/wp\/v2\/comments?post=10115"}],"version-history":[{"count":3,"href":"https:\/\/www.briskmanandbriskman.com\/es\/wp-json\/wp\/v2\/pages\/10115\/revisions"}],"predecessor-version":[{"id":15369,"href":"https:\/\/www.briskmanandbriskman.com\/es\/wp-json\/wp\/v2\/pages\/10115\/revisions\/15369"}],"up":[{"embeddable":true,"href":"https:\/\/www.briskmanandbriskman.com\/es\/wp-json\/wp\/v2\/pages\/58"}],"wp:attachment":[{"href":"https:\/\/www.briskmanandbriskman.com\/es\/wp-json\/wp\/v2\/media?parent=10115"}],"curies":[{"name":"wp","href":"https:\/\/api.w.org\/{rel}","templated":true}]}}