{"id":10108,"date":"2024-01-04T22:43:55","date_gmt":"2024-01-04T22:43:55","guid":{"rendered":"https:\/\/bbg.mystagingwebsite.com\/?page_id=10108"},"modified":"2025-09-08T21:47:57","modified_gmt":"2025-09-08T21:47:57","slug":"se-puede-demandar-por-mordedura-de-perro","status":"publish","type":"page","link":"https:\/\/www.briskmanandbriskman.com\/es\/information-centers\/dog-bite-center\/can-you-sue-for-a-dog-bite\/","title":{"rendered":"\u00bfSe puede demandar por mordedura de perro?"},"content":{"rendered":"<p><a href=\"https:\/\/www.briskmanandbriskman.com\/es\/centros-de-informacion\/centro-de-mordeduras-de-perro\/\">Volver a la p\u00e1gina principal del Centro de Mordeduras de Perros<\/a><\/p>\n\n\n\n<p>A menudo se considera a los perros el mejor amigo del hombre. Por mucho que odiemos pensar que nuestros mejores amigos puedan hacer da\u00f1o a alguien, las mordeduras de perro ocurren a menudo y a veces crean situaciones desafortunadas. <a href=\"https:\/\/www.briskmanandbriskman.com\/es\/areas-de-practica\/abogado-de-mordedura-de-perro-chicago\/\">Si ha resultado herido por un perro<\/a>Si est\u00e1 sufriendo dolor, p\u00e9rdida de ingresos y gastos crecientes, puede plantearse emprender acciones legales.&nbsp;<\/p>\n\n\n\n<p>La buena noticia es que tiene opciones para resolver su caso. En efecto, en algunos casos puede demandar al due\u00f1o del perro que le ha herido y recuperar los da\u00f1os causados por su mascota. Sin embargo, este proceso puede ser complicado, y es importante conocer la ley y sus derechos.<\/p>\n\n\n\n<p><strong>Algo habitual&nbsp;<\/strong><\/p>\n\n\n\n<p>En Estados Unidos hay unos 90 millones de perros de compa\u00f1\u00eda. Seg\u00fan los Centros para el Control y la Prevenci\u00f3n de Enfermedades, esos perros causan aproximadamente 4,5 millones de lesiones por mordedura al a\u00f1o. Es probable que el n\u00famero real de lesiones sea mucho mayor, ya que no existe una recogida centralizada de datos sobre mordeduras de perro y muchos casos no se denuncian, pero se calcula que el 20% de esas lesiones son lo bastante graves como para requerir atenci\u00f3n m\u00e9dica. M\u00e1s de la mitad de las mordeduras de perro afectan a perros conocidos de la v\u00edctima. Los ni\u00f1os, sobre todo los de entre cinco y nueve a\u00f1os, son los que resultan heridos con m\u00e1s frecuencia.&nbsp;<br>&nbsp; &nbsp; &nbsp; &nbsp; &nbsp; &nbsp; &nbsp;<br><strong>Las leyes sobre mordeduras de perro pueden variar<\/strong><\/p>\n\n\n\n<p>Las leyes relativas a las mordeduras de perro var\u00edan de un estado a otro. Existen dos tipos b\u00e1sicos de leyes sobre mordeduras de perro: negligencia o responsabilidad objetiva. En virtud de las leyes de negligencia, el propietario s\u00f3lo es responsable de las lesiones causadas por su perro si ten\u00eda motivos para creer que el perro morder\u00eda o si fue negligente. Esto tambi\u00e9n puede llamarse la \"regla de la mordedura \u00fanica\" porque, en el pasado, a los propietarios de perros se les daba una mordedura \"gratis\" antes de que pudieran saber que su perro era propenso a morder. Hoy en d\u00eda, la personalidad, la raza o el historial de un perro pueden calificarlo de propenso a morder. El propietario del perro puede ser declarado negligente por su comportamiento. Por ejemplo, si permiti\u00f3 que su perro anduviera suelto sin correa. En casi todos los estados, los ni\u00f1os no pueden ser demandados por negligencia, ya que suelen ser demasiado peque\u00f1os para reconocer situaciones peligrosas con un perro.<\/p>\n\n\n\n<p>Las leyes de responsabilidad objetiva son m\u00e1s sencillas. Los propietarios son responsables de las lesiones causadas por sus perros en casi todos los casos. Illinois, por ejemplo, es un estado de responsabilidad objetiva. Un propietario puede no ser responsable de las acciones de su perro en dos casos: si puede demostrar que la persona lesionada estaba invadiendo su propiedad o si el perro fue provocado. Normalmente, una situaci\u00f3n que cause miedo o dolor a un perro puede justificarse como provocaci\u00f3n, por ejemplo, si se burlaban de \u00e9l o si actuaba para proteger a su familia.<\/p>\n\n\n\n<p>Tambi\u00e9n hay leyes estatales de prescripci\u00f3n que rigen los casos de lesiones personales como los casos de lesiones por mordedura de perro. Si espera demasiado para reclamar da\u00f1os y perjuicios, podr\u00eda perder su derecho a hacerlo para siempre. En Illinois, tienes dos a\u00f1os desde la fecha del ataque para presentar una demanda ante los tribunales.&nbsp;<\/p>\n\n\n\n<p>Some dog breeds are recognized by insurance companies and cities as aggressive and targeted by breed-specific legislation and bans designed to enhance public safety. Breeds most commonly affected by these laws are <a href=\"https:\/\/www.briskmanandbriskman.com\/es\/areas-de-practica\/abogado-de-mordedura-de-perro-chicago\/pit-bull-dog-bite-attorneys\/\">pit bulls<\/a> and other bull terrier-type dogs, German Shepherds, Rottweilers, Dobermans, Chow-Chows and others. These regulations are controversial but are in use in many cities and may influence your case.<\/p>\n\n\n\n<p><strong>Cobertura del seguro&nbsp;<\/strong><\/p>\n\n\n\n<p>La p\u00f3liza del seguro de hogar del due\u00f1o del perro suele cubrir los da\u00f1os sufridos por el animal agresor, incluso cuando el ataque se produjo fuera de su casa. En 2017, las compa\u00f1\u00edas de seguros gastaron m\u00e1s de $686 millones en cubrir reclamaciones por lesiones relacionadas con perros, aproximadamente un tercio de las reclamaciones, seg\u00fan el Insurance Information Institute y State Farm Insurance. Esa cifra no ha dejado de crecer cada a\u00f1o, tanto en n\u00famero de reclamaciones como en importe en d\u00f3lares de los pagos.<\/p>\n\n\n\n<p>La intervenci\u00f3n de una compa\u00f1\u00eda de seguros puede quitarle algo de estr\u00e9s a la situaci\u00f3n, porque usted puede reclamar da\u00f1os y perjuicios a una empresa y no directamente al propietario, que puede ser un amigo u otro ser querido. Esto tambi\u00e9n garantiza que se pague realmente cualquier indemnizaci\u00f3n ganada. Sin embargo, es dif\u00edcil tratar con las compa\u00f1\u00edas de seguros. Resulta \u00fatil tratar este proceso con un abogado que haya tratado antes con compa\u00f1\u00edas de seguros y pueda estar seguro de que le tratan con justicia.<br>&nbsp; &nbsp; &nbsp; &nbsp; &nbsp; &nbsp; &nbsp;<br><strong>Reclamaci\u00f3n de da\u00f1os y perjuicios<\/strong><\/p>\n\n\n\n<p>A veces estos casos se gestionan de forma privada y el propietario o la compa\u00f1\u00eda de seguros llegan a un acuerdo sin necesidad de acudir a los tribunales. Hay otros casos en los que es necesaria una demanda judicial.<\/p>\n\n\n\n<figure class=\"wp-block-image size-large\"><a href=\"https:\/\/www.briskmanandbriskman.com\/es\/infografia\/guide-to-the-dog-bite-lawsuit-process\/\"><img loading=\"lazy\" decoding=\"async\" width=\"1024\" height=\"743\" src=\"https:\/\/www.briskmanandbriskman.com\/wp-content\/uploads\/2025\/09\/Guide-to-the-Dog-Bite-Lawsuit-Process-Infographic-Thumbnail-1024x743.jpg\" alt=\"Guide to the Dog Bite Lawsuit Process Infographic Thumbnail\" class=\"wp-image-15316\" title=\"\" srcset=\"https:\/\/www.briskmanandbriskman.com\/wp-content\/uploads\/2025\/09\/Guide-to-the-Dog-Bite-Lawsuit-Process-Infographic-Thumbnail-1024x743.jpg 1024w, https:\/\/www.briskmanandbriskman.com\/wp-content\/uploads\/2025\/09\/Guide-to-the-Dog-Bite-Lawsuit-Process-Infographic-Thumbnail-300x218.jpg 300w, https:\/\/www.briskmanandbriskman.com\/wp-content\/uploads\/2025\/09\/Guide-to-the-Dog-Bite-Lawsuit-Process-Infographic-Thumbnail-768x557.jpg 768w, https:\/\/www.briskmanandbriskman.com\/wp-content\/uploads\/2025\/09\/Guide-to-the-Dog-Bite-Lawsuit-Process-Infographic-Thumbnail-18x12.jpg 18w, https:\/\/www.briskmanandbriskman.com\/wp-content\/uploads\/2025\/09\/Guide-to-the-Dog-Bite-Lawsuit-Process-Infographic-Thumbnail-150x109.jpg 150w, https:\/\/www.briskmanandbriskman.com\/wp-content\/uploads\/2025\/09\/Guide-to-the-Dog-Bite-Lawsuit-Process-Infographic-Thumbnail.jpg 1200w\" sizes=\"auto, (max-width: 1024px) 100vw, 1024px\" \/><\/a><\/figure>\n\n\n\n<p>La ventaja de llegar a un acuerdo extrajudicial es que recibir\u00e1 su dinero mucho m\u00e1s r\u00e1pido y podr\u00e1 resolver el caso antes. La desventaja es que puede acabar recibiendo menos dinero de esta manera, pero no siempre. Una vez m\u00e1s, hablar con un abogado con experiencia le ayudar\u00e1 a decidir qu\u00e9 curso de acci\u00f3n es mejor para su caso.<\/p>\n\n\n\n<p><strong>Qu\u00e9 hacer en caso de picadura&nbsp;<\/strong><\/p>\n\n\n\n<p>Hay pasos a seguir inmediatamente despu\u00e9s de un ataque de perro que pueden aumentar sus posibilidades de ser indemnizado por su sufrimiento. Es crucial disponer de pruebas bien documentadas del ataque y de sus lesiones, incluso si no est\u00e1 seguro de c\u00f3mo va a proceder.&nbsp;&nbsp;<\/p>\n\n\n\n<ul class=\"wp-block-list\">\n<li>Recibir la atenci\u00f3n m\u00e9dica adecuada y seguir todos los tratamientos prescritos.<\/li>\n\n\n\n<li>Fotograf\u00ede sus lesiones. La documentaci\u00f3n adecuada es crucial.<\/li>\n\n\n\n<li>Avisa al due\u00f1o del perro si a\u00fan no est\u00e1 al corriente del incidente.<\/li>\n\n\n\n<li>Consigue los nombres e informaci\u00f3n de contacto de cualquier persona que pueda haber presenciado el ataque.<\/li>\n\n\n\n<li>Denuncia el incidente a la polic\u00eda local y\/o a control de animales, sobre todo si crees que el perro sigue siendo un peligro para otras personas.<\/li>\n\n\n\n<li>P\u00f3ngase en contacto con un abogado especializado en lesiones personales.<\/li>\n<\/ul>\n\n\n\n<p><strong>Briskman Briskman &amp; Greenberg puede ayudarle<\/strong><\/p>\n\n\n\n<p>Si un perro le ha herido a usted o a un ser querido, <a href=\"https:\/\/www.briskmanandbriskman.com\/es\/abogados-de-accidentes-de-camiones-en-chicago-2\/\">p\u00f3ngase en contacto con un abogado sin demora<\/a>. Le conviene repasar los hechos de su caso y revisar sus derechos con un experto. En <a href=\"https:\/\/www.briskmanandbriskman.com\/es\/\">Briskman Briskman &amp; Greenberg<\/a>Estamos orgullosos de ayudar a las personas a recuperarse despu\u00e9s del trauma de una lesi\u00f3n por mordedura de perro. <a href=\"tel:1-877-595-4878\">Ll\u00e1menos hoy mismo al 1.877.595.HURT (4878)<\/a> a <a href=\"https:\/\/www.briskmanandbriskman.com\/es\/nuestros-abogados\/\">hable directamente con uno de nuestros abogados<\/a> y <a href=\"https:\/\/www.briskmanandbriskman.com\/es\/consulta-gratuita\/\">consulta gratuita<\/a>.&nbsp;<\/p>\n\n\n\n<h3 class=\"wp-block-heading\">Recursos adicionales sobre mordeduras de perro<\/h3>\n\n\n<ul class=\"list-pages-shortcode sibling-pages\"><li class=\"page_item page-item-10106\"><a href=\"https:\/\/www.briskmanandbriskman.com\/es\/information-centers\/dog-bite-center\/basic-rules-on-how-to-be-safe-around-dogs\/\">Normas b\u00e1sicas de seguridad con los perros<\/a><\/li>\n<li class=\"page_item page-item-10108\"><a href=\"https:\/\/www.briskmanandbriskman.com\/es\/information-centers\/dog-bite-center\/can-you-sue-for-a-dog-bite\/\">\u00bfSe puede demandar por mordedura de perro?<\/a><\/li>\n<li class=\"page_item page-item-10131\"><a href=\"https:\/\/www.briskmanandbriskman.com\/es\/information-centers\/dog-bite-center\/common-places-where-dog-bites-can-happen\/\">Lugares comunes donde pueden producirse mordeduras de perro<\/a><\/li>\n<li class=\"page_item page-item-10183\"><a href=\"https:\/\/www.briskmanandbriskman.com\/es\/information-centers\/dog-bite-center\/dog-bite-lawsuit-process\/\">Proceso judicial por mordedura de perro<\/a><\/li>\n<li class=\"page_item page-item-10188\"><a href=\"https:\/\/www.briskmanandbriskman.com\/es\/information-centers\/dog-bite-center\/home-insurance-and-dog-bites\/\">Seguro de hogar y mordeduras de perro<\/a><\/li>\n<li class=\"page_item page-item-13289\"><a href=\"https:\/\/www.briskmanandbriskman.com\/es\/information-centers\/dog-bite-center\/level-i-trauma-centers-that-treat-dog-bites-in-chicago\/\">Centros de Traumatolog\u00eda de Nivel I que tratan mordeduras de perro en Chicago<\/a><\/li>\n<li class=\"page_item page-item-10157\"><a href=\"https:\/\/www.briskmanandbriskman.com\/es\/information-centers\/dog-bite-center\/what-evidence-is-needed-for-a-dog-bite-lawsuit\/\">\u00bfQu\u00e9 pruebas se necesitan para una demanda por mordedura de perro?<\/a><\/li>\n<li class=\"page_item page-item-10221\"><a href=\"https:\/\/www.briskmanandbriskman.com\/es\/information-centers\/dog-bite-center\/what-is-strict-liability-in-a-dog-bite-case\/\">\u00bfQu\u00e9 es la responsabilidad objetiva en un caso de mordedura de perro?<\/a><\/li>\n<li class=\"page_item page-item-10227\"><a href=\"https:\/\/www.briskmanandbriskman.com\/es\/information-centers\/dog-bite-center\/why-do-dogs-bite\/\">\u00bfPor qu\u00e9 muerden los perros?<\/a><\/li>\n<\/ul>\n\n\n\n<h3 class=\"wp-block-heading\">Abogados de mordeduras de perro disponibles en todo el Illinois<\/h3>\n\n\n\n<ul class=\"wp-block-list\">\n<li><a href=\"https:\/\/www.briskmanandbriskman.com\/es\/areas-de-practica\/abogado-de-mordedura-de-perro-chicago\/\">Chicago abogados de mordeduras de perro<\/a><\/li>\n\n\n\n<li><a href=\"https:\/\/www.briskmanandbriskman.com\/es\/lugares\/joliet\/abogado-de-mordedura-de-perro\/\">Joliet Abogado de mordeduras de perro<\/a><\/li>\n\n\n\n<li><a href=\"https:\/\/www.briskmanandbriskman.com\/es\/lugares\/condado-del-lago\/abogado-de-mordedura-de-perro-2\/\">Abogado de mordeduras de perro en Lake County<\/a><\/li>\n\n\n\n<li><a href=\"https:\/\/www.briskmanandbriskman.com\/es\/lugares\/mundelein\/abogados-de-mordeduras-de-perro\/\">Mundelein Abogados de mordeduras de perro<\/a><\/li>\n\n\n\n<li><a href=\"https:\/\/www.briskmanandbriskman.com\/es\/lugares\/norte-de-chicago\/abogados-de-mordeduras-de-perro\/\">North Chicago Abogados de mordeduras de perro<\/a><\/li>\n\n\n\n<li><a href=\"https:\/\/www.briskmanandbriskman.com\/es\/lugares\/oaklawn\/abogado-de-mordedura-de-perro-2\/\">Oak Lawn Abogados de mordeduras de perro<\/a><\/li>\n\n\n\n<li><a href=\"https:\/\/www.briskmanandbriskman.com\/es\/lugares\/orlandpark\/abogado-de-mordedura-de-perro-2\/\">Orland Park Abogados de mordeduras de perro<\/a><\/li>\n\n\n\n<li><a href=\"https:\/\/www.briskmanandbriskman.com\/es\/lugares\/waukegan\/abogado-de-mordedura-de-perro-2\/\">Waukegan Abogado de mordeduras de perro<\/a><\/li>\n\n\n\n<li><a href=\"https:\/\/www.briskmanandbriskman.com\/es\/lugares\/ruedas\/abogado-de-mordedura-de-perro\/\">Wheeling Abogado de mordeduras de perro<\/a><\/li>\n<\/ul>","protected":false},"excerpt":{"rendered":"<p>Volver a la p\u00e1gina principal del Centro de Mordeduras de Perro A menudo se considera a los perros como el mejor amigo del hombre. Por mucho que odiemos pensar que nuestros mejores amigos puedan herir a alguien, las mordeduras de perro ocurren a menudo y a veces crean situaciones desafortunadas. Si usted ha sido herido por un perro, tal vez usted est\u00e1 tratando con el dolor, la p\u00e9rdida de ingresos, el aumento de los gastos,...<\/p>","protected":false},"author":1,"featured_media":11067,"parent":11931,"menu_order":0,"comment_status":"closed","ping_status":"closed","template":"","meta":{"_acf_changed":false,"footnotes":""},"class_list":["post-10108","page","type-page","status-publish","has-post-thumbnail","hentry"],"acf":[],"_links":{"self":[{"href":"https:\/\/www.briskmanandbriskman.com\/es\/wp-json\/wp\/v2\/pages\/10108","targetHints":{"allow":["GET"]}}],"collection":[{"href":"https:\/\/www.briskmanandbriskman.com\/es\/wp-json\/wp\/v2\/pages"}],"about":[{"href":"https:\/\/www.briskmanandbriskman.com\/es\/wp-json\/wp\/v2\/types\/page"}],"author":[{"embeddable":true,"href":"https:\/\/www.briskmanandbriskman.com\/es\/wp-json\/wp\/v2\/users\/1"}],"replies":[{"embeddable":true,"href":"https:\/\/www.briskmanandbriskman.com\/es\/wp-json\/wp\/v2\/comments?post=10108"}],"version-history":[{"count":6,"href":"https:\/\/www.briskmanandbriskman.com\/es\/wp-json\/wp\/v2\/pages\/10108\/revisions"}],"predecessor-version":[{"id":15366,"href":"https:\/\/www.briskmanandbriskman.com\/es\/wp-json\/wp\/v2\/pages\/10108\/revisions\/15366"}],"up":[{"embeddable":true,"href":"https:\/\/www.briskmanandbriskman.com\/es\/wp-json\/wp\/v2\/pages\/11931"}],"wp:featuredmedia":[{"embeddable":true,"href":"https:\/\/www.briskmanandbriskman.com\/es\/wp-json\/wp\/v2\/media\/11067"}],"wp:attachment":[{"href":"https:\/\/www.briskmanandbriskman.com\/es\/wp-json\/wp\/v2\/media?parent=10108"}],"curies":[{"name":"wp","href":"https:\/\/api.w.org\/{rel}","templated":true}]}}