{"id":10106,"date":"2024-01-04T22:39:28","date_gmt":"2024-01-04T22:39:28","guid":{"rendered":"https:\/\/bbg.mystagingwebsite.com\/?page_id=10106"},"modified":"2024-04-13T20:56:46","modified_gmt":"2024-04-13T20:56:46","slug":"normas-basicas-de-seguridad-con-los-perros","status":"publish","type":"page","link":"https:\/\/www.briskmanandbriskman.com\/es\/information-centers\/dog-bite-center\/basic-rules-on-how-to-be-safe-around-dogs\/","title":{"rendered":"Normas b\u00e1sicas de seguridad con los perros"},"content":{"rendered":"<p><a href=\"https:\/\/www.briskmanandbriskman.com\/es\/centros-de-informacion\/centro-de-mordeduras-de-perro\/\">Volver a la p\u00e1gina principal del Centro de Mordeduras de Perros<\/a><\/p>\n\n\n\n<p>M\u00e1s del 70% de los hogares de Estados Unidos tienen al menos un perro, lo que los convierte en la mascota m\u00e1s com\u00fan por un amplio margen. En total, m\u00e1s de 90 millones de familias tienen un perro. Aunque la mayor\u00eda de estos animales son amables y cari\u00f1osos miembros de la familia a la que pertenecen, los perros tambi\u00e9n pueden ser animales feroces. De hecho, cada a\u00f1o muerden perros en Estados Unidos m\u00e1s de 4,5 personas. Aunque no todos los ataques provocan lesiones graves, muchos s\u00ed. Seg\u00fan la American Veterinary Medical Association, m\u00e1s de 2.000 personas al d\u00eda reciben atenci\u00f3n m\u00e9dica por lesiones relacionadas con mordeduras de perro. En el bufete de abogados de Briskman Briskman &amp; Greenberg, nuestro <a href=\"https:\/\/www.briskmanandbriskman.com\/es\/areas-de-practica\/abogado-de-mordedura-de-perro-chicago\/\">Chicago abogados de mordeduras de perro<\/a> ayudar a las v\u00edctimas a recuperar la compensaci\u00f3n financiera despu\u00e9s de ser atacado por animales viciosos. Reconocemos que las lesiones por mordedura de perro resultan no s\u00f3lo en lesiones f\u00edsicas, sino tambi\u00e9n en trauma emocional, y haremos todo lo posible para que el proceso de recuperaci\u00f3n sea lo m\u00e1s f\u00e1cil para usted y su familia.<\/p>\n\n\n\n<h3 class=\"wp-block-heading\">Seguridad con los perros<\/h3>\n\n\n\n<p>Dados los riesgos que plantean los perros, es imperativo que cualquiera que se encuentre, aunque sea ocasionalmente, cerca de estos animales sepa c\u00f3mo mantenerse a salvo. Aunque la imagen de un perro persiguiendo a un cartero es un viejo estereotipo, no es inexacta. De hecho, un estudio reciente realizado por el <a href=\"https:\/\/www.briskmanandbriskman.com\/es\/areas-de-practica\/abogado-de-mordedura-de-perro-chicago\/usps-abogados-de-mordeduras-de-perro\/\">USPS descubri\u00f3 que m\u00e1s de 5.800 empleados postales fueron atacados por perros<\/a> s\u00f3lo en 2020. Consciente de la amenaza que representan los perros, el Servicio Postal de Estados Unidos ha publicado recientemente una serie de consejos sobre c\u00f3mo mantenerse seguro cuando se est\u00e1 cerca de perros desconocidos.<\/p>\n\n\n\n<h4 class=\"wp-block-heading\">Sea siempre consciente de lo que le rodea<\/h4>\n\n\n\n<p>A menudo se ve a los perros ladrar a los transe\u00fantes; sin embargo, no debe suponer que los perros se har\u00e1n visibles. Cuando camine por una zona desconocida, mant\u00e9ngase alerta y est\u00e9 siempre atento a las se\u00f1ales de un perro suelto. Por ejemplo, f\u00edjese si hay una caseta de perro, juguetes, comederos o cualquier otra se\u00f1al de que puede haber un perro en la zona.<\/p>\n\n\n\n<h4 class=\"wp-block-heading\">Sea consciente de lo que hace el perro<\/h4>\n\n\n\n<p>Si te acercas a un perro, f\u00edjate en su comportamiento. \u00bfEst\u00e1 durmiendo, comiendo o actuando de forma err\u00e1tica? Cada una de estas situaciones puede aumentar las probabilidades de que un perro ataque si se le molesta.<\/p>\n\n\n\n<h4 class=\"wp-block-heading\">Tenga cuidado con los animales asustados<\/h4>\n\n\n\n<p>Aunque algunos perros atacan por agresividad, muchos lo hacen por miedo. De hecho, los perros asustados son algunos de los animales m\u00e1s peligrosos que se pueden encontrar, ya que suelen ser extremadamente impredecibles. Si un perro le tiene miedo a usted o a cualquier otra cosa de su entorno, mant\u00e9ngase alejado.<\/p>\n\n\n\n<h4 class=\"wp-block-heading\">No asustes a un perro<\/h4>\n\n\n\n<p>Si un perro est\u00e1 durmiendo, comiendo o simplemente no presta atenci\u00f3n a su entorno, no haga nunca nada que pueda asustarlo. Cuando un perro se sobresalta, sus instintos se apoderan de \u00e9l y le hacen atacar inmediatamente sin pens\u00e1rselo dos veces.<\/p>\n\n\n\n<h4 class=\"wp-block-heading\">Nunca d\u00e9 por sentado que un perro es amistoso<\/h4>\n\n\n\n<p>Mientras que la mayor\u00eda de las mordeduras de perro graves son llevadas a cabo por <a href=\"https:\/\/www.briskmanandbriskman.com\/es\/areas-de-practica\/abogado-de-mordedura-de-perro-chicago\/caracteristicas-comunes-de-las-razas-peligrosas\/\">Pit bulls, rottweilers y otras razas conocidas por su peligrosidad<\/a>La realidad es que cualquier perro puede atacar a un ser humano sin motivo aparente. As\u00ed pues, siempre que te acerques a un perro desconocido, no des por sentado que no te morder\u00e1.<\/p>\n\n\n\n<h4 class=\"wp-block-heading\">Mantenga siempre la vista en el perro<\/h4>\n\n\n\n<p>La mayor\u00eda de las mordeduras de perro se producen cuando la v\u00edctima no presta atenci\u00f3n al perro. Por tanto, si se encuentra con un perro potencialmente peligroso, mant\u00e9ngalo siempre en su campo de visi\u00f3n. Dicho esto, debe abstenerse de establecer contacto visual directo con el animal, ya que puede interpretarlo como una se\u00f1al de agresi\u00f3n por su parte, lo que podr\u00eda desencadenar un ataque.<\/p>\n\n\n\n<h4 class=\"wp-block-heading\">S\u00e9 amable<\/h4>\n\n\n\n<p>Si se le acerca un perro desconocido, h\u00e1blele con voz suave y amistosa. Adem\u00e1s, nunca debe intentar acariciar o dar de comer al perro.<\/p>\n\n\n\n<h4 class=\"wp-block-heading\">Mant\u00e9ngase en su derecho<\/h4>\n\n\n\n<p>En caso de que un perro se acerque a ti, no te des la vuelta y corras, no grites ni hagas movimientos o gestos bruscos. En lugar de eso, permanezca en su sitio, sin apartar la vista del perro que se acerca. Si tiene algo que poner entre usted y el perro, como una cartera o un bolso, puede interrumpir la visi\u00f3n que el perro tiene de usted y actuar como barrera f\u00edsica. Una vez que el perro deje de acercarse, retroceda lentamente manteniendo el cuerpo de cara al perro. De nuevo, evite establecer contacto visual directo con el perro o hacer cualquier cosa que pueda asustar al animal.<\/p>\n\n\n\n<p>Por supuesto, a pesar de todas las precauciones del mundo, a veces no se puede evitar un ataque. En estas situaciones, se trata de controlar los da\u00f1os.<\/p>\n\n\n\n<p>Si te ataca un perro, hay cosas que puedes hacer para reducir las probabilidades de sufrir lesiones graves. Por ejemplo, puedes intentar poner un objeto en la boca del perro con la esperanza de que lo muerda. Por ejemplo, puede quitarse un zapato o utilizar el bolso. Si no tiene nada disponible, la siguiente mejor opci\u00f3n puede ser sacrificar su brazo menos dominante. Por ejemplo, si eres diestro, puedes extender el brazo izquierdo. Una vez que el perro te muerda, no tires hacia atr\u00e1s, ya que esto s\u00f3lo har\u00e1 que tus heridas sean m\u00e1s graves y, si el perro pierde el agarre, puede volver a morderte. A menudo, el perro pierde inter\u00e9s cuando se da cuenta de que no te defiendes ni te alejas. Una vez que el perro le suelte, permanezca frente a \u00e9l con una postura agresiva. A continuaci\u00f3n, puede empezar a alejarse del animal lentamente sin dejar de mirar al perro. Si todo lo dem\u00e1s falla y el perro le ataca sin descanso, la \u00fanica opci\u00f3n que le queda puede ser acurrucarse en posici\u00f3n fetal, cubri\u00e9ndose la cabeza y el abdomen con los brazos y las piernas. Cuando el perro deje de atacarle, espere a que se aleje al menos 6 metros antes de levantarse y retroceder lentamente.<\/p>\n\n\n\n<h2 class=\"wp-block-heading\">\u00bfLe ha atacado un perro feroz?<\/h2>\n\n\n\n<p>Si usted, su hijo o un ser querido ha sido atacado recientemente por un perro, puede que est\u00e9 <a href=\"https:\/\/www.briskmanandbriskman.com\/es\/areas-de-practica\/abogado-de-mordedura-de-perro-chicago\/\">derecho a una indemnizaci\u00f3n por mordedura de perro<\/a>. En el <a href=\"https:\/\/www.briskmanandbriskman.com\/es\/\">bufete de abogados de Briskman Briskman &amp; Greenberg<\/a>Nuestros abogados especializados en mordeduras de perro Chicago cuentan con m\u00e1s de 25 a\u00f1os de experiencia ayudando a las v\u00edctimas de lesiones a obtener una compensaci\u00f3n significativa por lo que han sufrido. Durante este tiempo, hemos recuperado millones de d\u00f3lares en nombre de nuestros clientes. Para obtener m\u00e1s informaci\u00f3n sobre los servicios que ofrecemos, y para hablar con un abogado local especializado en mordeduras de perro Chicago sobre sus lesiones, <a href=\"tel:1-877-595-4878\">llame al Briskman Briskman &amp; Greenberg al 877-595-4878<\/a>. Ofrecemos <a href=\"https:\/\/www.briskmanandbriskman.com\/es\/consulta-gratuita\/\">a todas las v\u00edctimas de mordeduras de perro una consulta gratuita<\/a> y, como <a href=\"https:\/\/www.briskmanandbriskman.com\/es\/la-garantia-briskman\/\">parte de la Garant\u00eda Briskman<\/a> que hacemos extensivo a todos los clientes, si nos presenta un caso, no le facturaremos nuestros servicios a menos que podamos recuperar una indemnizaci\u00f3n en su nombre.<\/p>\n\n\n\n<h3 class=\"wp-block-heading\">Recursos adicionales sobre mordeduras de perro<\/h3>\n\n\n<ul class=\"list-pages-shortcode sibling-pages\"><li class=\"page_item page-item-10106\"><a href=\"https:\/\/www.briskmanandbriskman.com\/es\/information-centers\/dog-bite-center\/basic-rules-on-how-to-be-safe-around-dogs\/\">Normas b\u00e1sicas de seguridad con los perros<\/a><\/li>\n<li class=\"page_item page-item-10108\"><a href=\"https:\/\/www.briskmanandbriskman.com\/es\/information-centers\/dog-bite-center\/can-you-sue-for-a-dog-bite\/\">\u00bfSe puede demandar por mordedura de perro?<\/a><\/li>\n<li class=\"page_item page-item-10131\"><a href=\"https:\/\/www.briskmanandbriskman.com\/es\/information-centers\/dog-bite-center\/common-places-where-dog-bites-can-happen\/\">Lugares comunes donde pueden producirse mordeduras de perro<\/a><\/li>\n<li class=\"page_item page-item-10183\"><a href=\"https:\/\/www.briskmanandbriskman.com\/es\/information-centers\/dog-bite-center\/dog-bite-lawsuit-process\/\">Proceso judicial por mordedura de perro<\/a><\/li>\n<li class=\"page_item page-item-10188\"><a href=\"https:\/\/www.briskmanandbriskman.com\/es\/information-centers\/dog-bite-center\/home-insurance-and-dog-bites\/\">Seguro de hogar y mordeduras de perro<\/a><\/li>\n<li class=\"page_item page-item-13289\"><a href=\"https:\/\/www.briskmanandbriskman.com\/es\/information-centers\/dog-bite-center\/level-i-trauma-centers-that-treat-dog-bites-in-chicago\/\">Centros de Traumatolog\u00eda de Nivel I que tratan mordeduras de perro en Chicago<\/a><\/li>\n<li class=\"page_item page-item-10157\"><a href=\"https:\/\/www.briskmanandbriskman.com\/es\/information-centers\/dog-bite-center\/what-evidence-is-needed-for-a-dog-bite-lawsuit\/\">\u00bfQu\u00e9 pruebas se necesitan para una demanda por mordedura de perro?<\/a><\/li>\n<li class=\"page_item page-item-10221\"><a href=\"https:\/\/www.briskmanandbriskman.com\/es\/information-centers\/dog-bite-center\/what-is-strict-liability-in-a-dog-bite-case\/\">\u00bfQu\u00e9 es la responsabilidad objetiva en un caso de mordedura de perro?<\/a><\/li>\n<li class=\"page_item page-item-10227\"><a href=\"https:\/\/www.briskmanandbriskman.com\/es\/information-centers\/dog-bite-center\/why-do-dogs-bite\/\">\u00bfPor qu\u00e9 muerden los perros?<\/a><\/li>\n<\/ul>\n\n\n\n<h3 class=\"wp-block-heading\">Abogados de mordeduras de perro disponibles en todo el Illinois<\/h3>\n\n\n\n<ul class=\"wp-block-list\">\n<li><a href=\"https:\/\/www.briskmanandbriskman.com\/es\/areas-de-practica\/abogado-de-mordedura-de-perro-chicago\/\">Chicago abogados de mordeduras de perro<\/a><\/li>\n\n\n\n<li><a href=\"https:\/\/www.briskmanandbriskman.com\/es\/lugares\/joliet\/abogado-de-mordedura-de-perro\/\">Joliet Abogado de mordeduras de perro<\/a><\/li>\n\n\n\n<li><a href=\"https:\/\/www.briskmanandbriskman.com\/es\/lugares\/condado-del-lago\/abogado-de-mordedura-de-perro-2\/\">Abogado de mordeduras de perro en Lake County<\/a><\/li>\n\n\n\n<li><a href=\"https:\/\/www.briskmanandbriskman.com\/es\/lugares\/mundelein\/abogados-de-mordeduras-de-perro\/\">Mundelein Abogados de mordeduras de perro<\/a><\/li>\n\n\n\n<li><a href=\"https:\/\/www.briskmanandbriskman.com\/es\/lugares\/norte-de-chicago\/abogados-de-mordeduras-de-perro\/\">North Chicago Abogados de mordeduras de perro<\/a><\/li>\n\n\n\n<li><a href=\"https:\/\/www.briskmanandbriskman.com\/es\/lugares\/oaklawn\/abogado-de-mordedura-de-perro-2\/\">Oak Lawn Abogados de mordeduras de perro<\/a><\/li>\n\n\n\n<li><a href=\"https:\/\/www.briskmanandbriskman.com\/es\/lugares\/orlandpark\/abogado-de-mordedura-de-perro-2\/\">Orland Park Abogados de mordeduras de perro<\/a><\/li>\n\n\n\n<li><a href=\"https:\/\/www.briskmanandbriskman.com\/es\/lugares\/waukegan\/abogado-de-mordedura-de-perro-2\/\">Waukegan Abogado de mordeduras de perro<\/a><\/li>\n\n\n\n<li><a href=\"https:\/\/www.briskmanandbriskman.com\/es\/lugares\/ruedas\/abogado-de-mordedura-de-perro\/\">Wheeling Abogado de mordeduras de perro<\/a><\/li>\n<\/ul>","protected":false},"excerpt":{"rendered":"<p>Volver a la p\u00e1gina principal del Centro de Mordeduras de Perro M\u00e1s del 70% de los hogares de Estados Unidos tienen al menos un perro, lo que convierte a los perros en la mascota m\u00e1s com\u00fan por un amplio margen. En total, m\u00e1s de 90 millones de familias tienen un perro. Aunque la mayor\u00eda de estos animales son simp\u00e1ticos y cari\u00f1osos miembros de la familia...<\/p>","protected":false},"author":1,"featured_media":11050,"parent":11931,"menu_order":0,"comment_status":"closed","ping_status":"closed","template":"","meta":{"_acf_changed":false,"footnotes":""},"class_list":["post-10106","page","type-page","status-publish","has-post-thumbnail","hentry"],"acf":[],"_links":{"self":[{"href":"https:\/\/www.briskmanandbriskman.com\/es\/wp-json\/wp\/v2\/pages\/10106","targetHints":{"allow":["GET"]}}],"collection":[{"href":"https:\/\/www.briskmanandbriskman.com\/es\/wp-json\/wp\/v2\/pages"}],"about":[{"href":"https:\/\/www.briskmanandbriskman.com\/es\/wp-json\/wp\/v2\/types\/page"}],"author":[{"embeddable":true,"href":"https:\/\/www.briskmanandbriskman.com\/es\/wp-json\/wp\/v2\/users\/1"}],"replies":[{"embeddable":true,"href":"https:\/\/www.briskmanandbriskman.com\/es\/wp-json\/wp\/v2\/comments?post=10106"}],"version-history":[{"count":4,"href":"https:\/\/www.briskmanandbriskman.com\/es\/wp-json\/wp\/v2\/pages\/10106\/revisions"}],"predecessor-version":[{"id":14731,"href":"https:\/\/www.briskmanandbriskman.com\/es\/wp-json\/wp\/v2\/pages\/10106\/revisions\/14731"}],"up":[{"embeddable":true,"href":"https:\/\/www.briskmanandbriskman.com\/es\/wp-json\/wp\/v2\/pages\/11931"}],"wp:featuredmedia":[{"embeddable":true,"href":"https:\/\/www.briskmanandbriskman.com\/es\/wp-json\/wp\/v2\/media\/11050"}],"wp:attachment":[{"href":"https:\/\/www.briskmanandbriskman.com\/es\/wp-json\/wp\/v2\/media?parent=10106"}],"curies":[{"name":"wp","href":"https:\/\/api.w.org\/{rel}","templated":true}]}}