{"id":10104,"date":"2024-01-04T22:36:29","date_gmt":"2024-01-04T22:36:29","guid":{"rendered":"https:\/\/bbg.mystagingwebsite.com\/?page_id=10104"},"modified":"2025-05-27T21:29:38","modified_gmt":"2025-05-27T21:29:38","slug":"hay-perros-mas-propensos-a-atacar-la-cara-de-un-humano","status":"publish","type":"page","link":"https:\/\/www.briskmanandbriskman.com\/es\/practice-areas\/chicago-dog-bite-lawyer\/are-some-dogs-more-likely-to-attack-a-humans-face\/","title":{"rendered":"\u00bfHay perros m\u00e1s propensos a atacar la cara de un humano?"},"content":{"rendered":"<p>Pocas cosas son tan aterradoras como ser <a href=\"https:\/\/www.briskmanandbriskman.com\/es\/areas-de-practica\/abogado-de-mordedura-de-perro-chicago\/\">atacado por un perro feroz<\/a>. Sin embargo, cuando un perro ataca una zona vulnerable del cuerpo -como la cara-, tanto el trauma emocional como las lesiones f\u00edsicas pueden ser graves. En 2019, varios investigadores realizaron un estudio para determinar si <a href=\"https:\/\/www.briskmanandbriskman.com\/es\/areas-de-practica\/abogado-de-mordedura-de-perro-chicago\/caracteristicas-comunes-de-las-razas-peligrosas\/\">determinadas razas de perros<\/a> eran m\u00e1s propensos a apuntar a la cara durante un ataque.<\/p>\n\n\n\n<p><strong>Metodolog\u00eda del estudio<\/strong><\/p>\n\n\n\n<p>Los investigadores revisaron los datos sobre mordeduras de perro del Sistema de Salud de la Universidad de Virginia y del Hospital Infantil Nationwide. Adem\u00e1s, los investigadores analizaron a 240 pacientes de los \u00faltimos 15 a\u00f1os, todos los cuales sufrieron <a href=\"https:\/\/www.briskmanandbriskman.com\/es\/areas-de-practica\/abogado-de-mordedura-de-perro-chicago\/lesiones-comunes-por-mordeduras-de-perro\/\">heridas graves en la cara por el ataque de un perro<\/a>. En total, los investigadores revisaron 26.000 casos de mordeduras de perro.<\/p>\n\n\n\n<p><strong>Conclusiones<\/strong><\/p>\n\n\n\n<p>According to the study, nearly 40 percent of all dog attacks were attributable to one specific breed, while the remaining 60 percent consisted of animals of mixed or unknown breeds. After analyzing the data, researchers found that \u201c<a href=\"https:\/\/www.briskmanandbriskman.com\/es\/areas-de-practica\/abogado-de-mordedura-de-perro-chicago\/chicago-pit-bull-dog-bite-lawyer\/\">pit bulls were responsible<\/a> for the highest percentage of reported bites across all the studies (22.5 percent) followed by mixed breed (21.2 percent), and German Shepherds (17.8 percent).\u201d<\/p>\n\n\n\n<p>El estudio tambi\u00e9n analiz\u00f3 la gravedad de las lesiones causadas por cada raza. Una vez m\u00e1s, los pit bulls y los perros de razas mixtas fueron los que causaron las lesiones m\u00e1s graves. Otras razas que con frecuencia causaron lesiones graves durante un ataque fueron los gran daneses y los akitas.<\/p>\n\n\n\n<p>Las conclusiones del estudio coinciden con creencias anteriores sobre las razas de perros m\u00e1s peligrosas. Por ejemplo, otro estudio realizado en 2020 concluy\u00f3 que las siguientes razas eran las responsables de la mayor\u00eda de las lesiones mortales:<\/p>\n\n\n\n<ul class=\"wp-block-list\">\n<li>Pitbull<\/li>\n\n\n\n<li>Bulldog americano<\/li>\n\n\n\n<li>pastor alem\u00e1n<\/li>\n\n\n\n<li>Mast\u00edn y bullmastiff<\/li>\n\n\n\n<li>Mestizo<\/li>\n<\/ul>\n\n\n\n<p>En parte, los pit bulls son tan peligrosos porque no dan ninguna indicaci\u00f3n de que est\u00e1n a punto de atacar, tienden a utilizar un estilo de mordedura de \"sujetar y sacudir\" y tambi\u00e9n atacan estrat\u00e9gicamente a sus v\u00edctimas.<\/p>\n\n\n\n<p><strong>Recuperaci\u00f3n tras una mordedura de perro<\/strong><\/p>\n\n\n\n<p>La mayor\u00eda de los estados, incluyendo Illinois, tienen leyes espec\u00edficas en los libros que discuten las situaciones en las que el due\u00f1o de un perro puede ser responsable de las lesiones causadas por sus animales. En Illinois, los tribunales utilizan un enfoque de \"responsabilidad objetiva\" cuando se trata de mordeduras de perro. Esto significa que el propietario de un perro es responsable de cualquier lesi\u00f3n causada por su animal, independientemente de si el propietario fue negligente o podr\u00eda haber hecho algo para evitar el ataque.<\/p>\n\n\n\n<p>Sin embargo, este marco de responsabilidad objetiva s\u00f3lo se aplica si:<\/p>\n\n\n\n<p>1. La v\u00edctima no provoc\u00f3 al perro;<br>2. La v\u00edctima ten\u00eda una \"conducta pac\u00edfica\" en el momento de la agresi\u00f3n; y<br>3. La v\u00edctima se encontraba en un lugar en el que estaba legalmente autorizada a estar.<\/p>\n\n\n\n<p>Si no se da ninguna de estas circunstancias, la v\u00edctima puede presentar una demanda contra el due\u00f1o del perro; sin embargo, tendr\u00e1 que demostrar que el due\u00f1o del animal fue negligente. Hay varias formas de demostrar la negligencia del due\u00f1o de un perro:<\/p>\n\n\n\n<ul class=\"wp-block-list\">\n<li>El propietario permiti\u00f3 que su mascota vagara sin correa;<\/li>\n\n\n\n<li>El propietario no asegur\u00f3 al animal detr\u00e1s de una valla adecuada; y <\/li>\n\n\n\n<li>El propietario no avis\u00f3 a los transe\u00fantes de que hab\u00eda un perro peligroso en la propiedad.<\/li>\n<\/ul>\n\n\n\n<p><strong>\u00bfLe ha atacado un perro?<\/strong><\/p>\n\n\n\n<p>Si usted, su hijo u otro miembro de su familia han sufrido recientemente lesiones graves como consecuencia del ataque de un perro, p\u00f3ngase en contacto con el <a href=\"https:\/\/www.briskmanandbriskman.com\/es\/areas-de-practica\/abogado-de-mordedura-de-perro-chicago\/\">Chicago abogados de mordeduras de perro<\/a> en el bufete de abogados de Briskman Briskman &amp; Greenberg. En <a href=\"https:\/\/www.briskmanandbriskman.com\/es\/\">Briskman Briskman &amp; Greenberg<\/a>, nuestro <a href=\"https:\/\/www.briskmanandbriskman.com\/es\/\">equipo especializado de abogados de lesiones personales<\/a> tiene una experiencia \u00fanica y pr\u00e1ctica en la investigaci\u00f3n, negociaci\u00f3n y litigaci\u00f3n de demandas por mordeduras de perro bajo la ley Illinois. Hemos representado con \u00e9xito a innumerables clientes en todo tipo de casos de ataques de animales, incluidos los que implican responsabilidad objetiva y negligencia. Para obtener m\u00e1s informaci\u00f3n y <a href=\"https:\/\/www.briskmanandbriskman.com\/es\/consulta-gratuita\/\">programar una consulta gratuita<\/a> con uno de nuestros abogados especialistas en mordeduras de perro Illinois, <a href=\"tel:1-877-595-4878\">ll\u00e1menos al 877-595-4878<\/a>. Tambi\u00e9n puede <a href=\"https:\/\/www.briskmanandbriskman.com\/es\/abogados-de-accidentes-de-camiones-en-chicago-2\/\">p\u00f3ngase en contacto con nosotros a trav\u00e9s de nuestro formulario de contacto en l\u00ednea<\/a>.<\/p>","protected":false},"excerpt":{"rendered":"<p>Pocas cosas son tan aterradoras como ser atacado por un perro feroz. Sin embargo, cuando un perro ataca una zona vulnerable del cuerpo -como la cara-, tanto el trauma emocional como las lesiones f\u00edsicas pueden ser graves. En 2019, varios investigadores realizaron un estudio para determinar si ciertas razas de perros eran m\u00e1s propensas a atacar...<\/p>","protected":false},"author":1,"featured_media":11127,"parent":58,"menu_order":0,"comment_status":"closed","ping_status":"closed","template":"","meta":{"_acf_changed":false,"footnotes":""},"class_list":["post-10104","page","type-page","status-publish","has-post-thumbnail","hentry"],"acf":[],"_links":{"self":[{"href":"https:\/\/www.briskmanandbriskman.com\/es\/wp-json\/wp\/v2\/pages\/10104","targetHints":{"allow":["GET"]}}],"collection":[{"href":"https:\/\/www.briskmanandbriskman.com\/es\/wp-json\/wp\/v2\/pages"}],"about":[{"href":"https:\/\/www.briskmanandbriskman.com\/es\/wp-json\/wp\/v2\/types\/page"}],"author":[{"embeddable":true,"href":"https:\/\/www.briskmanandbriskman.com\/es\/wp-json\/wp\/v2\/users\/1"}],"replies":[{"embeddable":true,"href":"https:\/\/www.briskmanandbriskman.com\/es\/wp-json\/wp\/v2\/comments?post=10104"}],"version-history":[{"count":3,"href":"https:\/\/www.briskmanandbriskman.com\/es\/wp-json\/wp\/v2\/pages\/10104\/revisions"}],"predecessor-version":[{"id":15269,"href":"https:\/\/www.briskmanandbriskman.com\/es\/wp-json\/wp\/v2\/pages\/10104\/revisions\/15269"}],"up":[{"embeddable":true,"href":"https:\/\/www.briskmanandbriskman.com\/es\/wp-json\/wp\/v2\/pages\/58"}],"wp:featuredmedia":[{"embeddable":true,"href":"https:\/\/www.briskmanandbriskman.com\/es\/wp-json\/wp\/v2\/media\/11127"}],"wp:attachment":[{"href":"https:\/\/www.briskmanandbriskman.com\/es\/wp-json\/wp\/v2\/media?parent=10104"}],"curies":[{"name":"wp","href":"https:\/\/api.w.org\/{rel}","templated":true}]}}