{"id":10102,"date":"2024-01-04T22:33:44","date_gmt":"2024-01-04T22:33:44","guid":{"rendered":"https:\/\/bbg.mystagingwebsite.com\/?page_id=10102"},"modified":"2025-10-02T20:38:52","modified_gmt":"2025-10-02T20:38:52","slug":"amazon-abogados-de-mordeduras-de-perro","status":"publish","type":"page","link":"https:\/\/www.briskmanandbriskman.com\/es\/practice-areas\/chicago-dog-bite-lawyer\/amazon-dog-bite-lawyers\/","title":{"rendered":"Amazon Delivery Driver Dog Bite Lawyers"},"content":{"rendered":"<p>Amazon delivery drivers face pressure to complete a large volume of deliveries as quickly as possible to meet their quotas. With the company\u2019s focus on speed and efficiency, safety often falls by the wayside.&nbsp;<\/p>\n\n\n\n<p>Amazon delivery drivers face the risk of dog bites while doing their job. They may encounter unrestrained pets when making the rounds at homes in Chicago and across Illinois. Like postal workers, Amazon delivery drivers face a higher risk of dog bites compared to other workers.<\/p>\n\n\n\n<p>Si ha sido mordido o atacado de cualquier otra forma por un perro mientras trabajaba para Amazon, el <a href=\"https:\/\/www.briskmanandbriskman.com\/es\/areas-de-practica\/abogado-de-mordedura-de-perro-chicago\/\">abogados expertos en mordeduras de perro Chicago en Briskman Briskman &amp; Greenberg<\/a> puede ayudarle a reclamar una indemnizaci\u00f3n por sus lesiones. Usted puede recuperar las facturas m\u00e9dicas, salarios perdidos, dolor y sufrimiento, y otros costos relacionados con la mordedura de perro.<\/p>\n\n\n\n<h3 class=\"wp-block-heading\">Package Delivery Drivers and Dog Bite Risks<\/h3>\n\n\n\n<p>Amazon delivery drivers\u2019 risk of dog bites can be compared to the risk <a href=\"https:\/\/www.briskmanandbriskman.com\/es\/usps-abogados-de-mordeduras-de-perro\/\">US Postal Service workers<\/a> face because the two groups do similar jobs. The US Postal Service releases statistics on dog bite injuries to postal workers each year.<\/p>\n\n\n\n<p>In 2023, over 5,800 mail carriers suffered dog bites and other dog-related injuries, according to USPS. Chicago ranked third in the US for dog attacks against mail carriers. In 2023, 48 mail carriers in Chicago suffered dog bites and other dog-related injuries. Only Houston (56 attacks) and Los Angeles (65 attacks) ranked higher.<\/p>\n\n\n\n<p>Amazon drivers may be at higher risk of dog bite injuries than postal workers. USPS mail carriers often carry pepper spray or other tools intended to help them ward off aggressive dogs, for example. Postal workers also receive specific training to help them handle dangerous dog situations.&nbsp;<\/p>\n\n\n\n<p>Some Amazon drivers report receiving information from the company on dealing with aggressive dogs. However, these drivers note that the training was inadequate to help them when faced with the reality of an aggressive dog.<\/p>\n\n\n\n<h3 class=\"wp-block-heading\">Why Are Chicago Amazon Delivery Drivers at Risk of Dog Bites?<\/h3>\n\n\n\n<figure class=\"wp-block-image size-large\"><a href=\"https:\/\/www.briskmanandbriskman.com\/es\/infografia\/amazon-delivery-driver-dog-bites-in-chicago\/\"><img loading=\"lazy\" decoding=\"async\" width=\"1024\" height=\"670\" src=\"https:\/\/www.briskmanandbriskman.com\/wp-content\/uploads\/2025\/10\/BBG_DogBite_Amazon-Thumbnail-1024x670.jpg\" alt=\"Amazon Delivery Driver Dog Bites Infographic Thumbnail\" class=\"wp-image-15446\" title=\"\" srcset=\"https:\/\/www.briskmanandbriskman.com\/wp-content\/uploads\/2025\/10\/BBG_DogBite_Amazon-Thumbnail-1024x670.jpg 1024w, https:\/\/www.briskmanandbriskman.com\/wp-content\/uploads\/2025\/10\/BBG_DogBite_Amazon-Thumbnail-300x196.jpg 300w, https:\/\/www.briskmanandbriskman.com\/wp-content\/uploads\/2025\/10\/BBG_DogBite_Amazon-Thumbnail-768x502.jpg 768w, https:\/\/www.briskmanandbriskman.com\/wp-content\/uploads\/2025\/10\/BBG_DogBite_Amazon-Thumbnail-18x12.jpg 18w, https:\/\/www.briskmanandbriskman.com\/wp-content\/uploads\/2025\/10\/BBG_DogBite_Amazon-Thumbnail-150x98.jpg 150w, https:\/\/www.briskmanandbriskman.com\/wp-content\/uploads\/2025\/10\/BBG_DogBite_Amazon-Thumbnail.jpg 1200w\" sizes=\"auto, (max-width: 1024px) 100vw, 1024px\" \/><\/a><\/figure>\n\n\n\n<p>Amazon has long dominated online retail sales. As of 2024, the company held a 38 percent share of the U.S. e-commerce market. With the surge in online purchases in recent years, more and more Amazon delivery drivers are on the road to meet demand. An increase in deliveries, however, goes hand in hand with a rise in dog bite incidents.<\/p>\n\n\n\n<p>Dog attacks are often unpredictable. While dogs are friendly and harmless for the most part, <a href=\"https:\/\/www.briskmanandbriskman.com\/es\/areas-de-practica\/abogado-de-mordedura-de-perro-chicago\/caracteristicas-comunes-de-las-razas-peligrosas\/\">some pets<\/a> may attack and cause severe, life-altering injuries. Almost one in five Amazon delivery drivers suffered dog bites or other injuries in 2021. The injury rate increased by 40 percent compared to the year before.<\/p>\n\n\n\n<p>Demasiado a menudo, <a href=\"https:\/\/www.briskmanandbriskman.com\/es\/areas-de-practica\/abogado-de-mordedura-de-perro-chicago\/como-ser-un-dueno-responsable\/\">los propietarios fracasan<\/a> to take the necessary steps to protect delivery drivers, such as allowing their dogs to run loose in the yard. Amazon\u2019s website requests customers preparing for a large delivery at home to keep their pets in an area separate from where the package will be dropped off for safety reasons. Doing so can help prevent dog attacks when an Amazon employee delivers a package.<\/p>\n\n\n\n<h3 class=\"wp-block-heading\">Different Types of Dog Bite Injuries<\/h3>\n\n\n\n<p><a href=\"https:\/\/www.briskmanandbriskman.com\/es\/areas-de-practica\/abogado-de-mordedura-de-perro-chicago\/lesiones-comunes-por-mordeduras-de-perro\/\">Lesiones por mordedura de perro<\/a> var\u00edan en gravedad. Las v\u00edctimas pueden correr riesgo de infecci\u00f3n si la herida no se limpia y trata con prontitud. Por ello, es importante recibir atenci\u00f3n m\u00e9dica inmediata tras el ataque de un perro. Los tipos de heridas de perro incluyen:<\/p>\n\n\n\n<ul class=\"wp-block-list\">\n<li><a href=\"https:\/\/www.briskmanandbriskman.com\/es\/areas-de-practica\/indemnizacion-por-accidente-laboral\/rotura-de-huesos-en-el-trabajo\/\">Huesos rotos y fracturas<\/a><\/li>\n\n\n\n<li>Da\u00f1os en los tejidos profundos<\/li>\n\n\n\n<li><a href=\"https:\/\/www.briskmanandbriskman.com\/es\/areas-de-practica\/abogado-de-mordedura-de-perro-chicago\/hay-perros-mas-propensos-a-atacar-la-cara-de-un-humano\/\">Lesiones faciales<\/a><\/li>\n\n\n\n<li>Da\u00f1o nervioso<\/li>\n\n\n\n<li>Cortes y p\u00e9rdidas de sangre<\/li>\n\n\n\n<li><a href=\"https:\/\/www.briskmanandbriskman.com\/es\/tipos-de-cicatrices-de-mordeduras-de-perro\/\">Cicatrizaci\u00f3n<\/a><\/li>\n\n\n\n<li>Desfiguraci\u00f3n<\/li>\n\n\n\n<li>Trauma emocional<\/li>\n<\/ul>\n\n\n\n<p>Dog bite injuries can rack up thousands of dollars in medical bills, depending on the kind of treatment required. In serious cases, the victim may require skin grafts, reconstructive surgery, or physical therapy.<\/p>\n\n\n\n<p>The injured individual may not be able to work during the recovery process. In 2021, one out of seven Amazon drivers suffered injuries that were so serious that they either could not carry out their job duties or had to take time off work.<\/p>\n\n\n\n<p>While dog attacks can cause serious, lifelong injuries, death rates are relatively low. The National Institutes of Health (NIH) estimates that about 4.5 million people in the US are bitten by dogs each year. Of these, 885,000 seek medical attention for the bite and nearly <a href=\"https:\/\/www.briskmanandbriskman.com\/es\/centros-de-informacion\/centro-de-mordeduras-de-perro\/centros-de-trauma-de-nivel-i-que-tratan-las-mordeduras-de-perro-en-chicago\/\">370,000 visit an emergency room<\/a> for help. Only about 16 of the 4.5 million suffer fatal injuries, however.<\/p>\n\n\n\n<p>Amazon workers aren\u2019t free of the risk of fatal injuries. In 2022, an Amazon delivery driver was found dead on a customer\u2019s front lawn in Missouri. Investigators found two aggressive dogs at the scene and several severe bites on the driver\u2019s body.<\/p>\n\n\n\n<h3 class=\"wp-block-heading\">How To Get Compensation for Your Dog Bite Injuries<\/h3>\n\n\n\n<p><a href=\"https:\/\/www.briskmanandbriskman.com\/es\/areas-de-practica\/abogado-de-mordedura-de-perro-chicago\/faq\/que-puedo-hacer-si-me-ha-mordido-un-perro-durante-el-parto\/\">Amazon drivers can file a dog bite claim<\/a> to recover compensation for their medical bills, lost income, future earning capacity, and more. Due to the traumatic nature of dog attacks, it is also possible to obtain non-economic damages for intangible losses that are harder to calculate, such as pain and suffering, emotional distress, and disfigurement. An experienced Chicago dog bite attorney can help you get the compensation you deserve.<\/p>\n\n\n\n<p>Los repartidores de Amazon tienen derecho legal a estar en los locales de varios domicilios para dejar paquetes como parte de su trabajo. Si un perro ataca sin provocaci\u00f3n, el trabajador tiene derecho a demandar al due\u00f1o y obtener una indemnizaci\u00f3n.<\/p>\n\n\n\n<p>Los propietarios de perros Illinois son <a href=\"https:\/\/www.briskmanandbriskman.com\/es\/areas-de-practica\/abogado-de-mordedura-de-perro-chicago\/que-es-la-responsabilidad-objetiva-en-un-caso-de-mordedura-de-perro\/\">estrictamente responsable de los da\u00f1os<\/a> cada vez que su perro lesione a alguien. La ley estatal obliga a los propietarios a tener a sus mascotas bajo completo control para asegurarse de que no hacen da\u00f1o a nadie. El comportamiento anterior del perro o sus antecedentes de agresividad no influyen en la responsabilidad. La v\u00edctima tampoco tiene que demostrar que la negligencia del due\u00f1o fue la culpable del ataque del perro.<\/p>\n\n\n\n<h3 class=\"wp-block-heading\">The Time Limit for Filing a Dog Bite Claim in Chicago&nbsp;<\/h3>\n\n\n\n<p>If you have been injured due to a dog bite while making a delivery on your work shift, do not wait to take legal action. Otherwise, the time limit for pursuing compensation may expire.<\/p>\n\n\n\n<p>In Illinois, the statute of limitations for most dog bite claims is <strong>dos a\u00f1os<\/strong> from when the attack occurred. <a href=\"https:\/\/www.briskmanandbriskman.com\/es\/abogados-de-accidentes-de-camiones-en-chicago-2\/\">P\u00f3ngase en contacto con un abogado experto en mordeduras de perro Chicago<\/a> de inmediato para asegurarse de que no se le pasa ning\u00fan plazo importante para presentar una demanda por mordedura de perro.<\/p>\n\n\n\n<h3 class=\"wp-block-heading\">What To Do If You\u2019re Bitten by a House Dog While Delivering for Amazon<\/h3>\n\n\n\n<p>Always put your safety first. Get away from the dog as quickly as you can. Then, seek medical attention for your injuries.&nbsp;<\/p>\n\n\n\n<p>In an emergency, call 911 or go straight to your nearest emergency room. For other injuries, visit an urgent care clinic or see a doctor as soon as possible. A prompt medical visit helps document your injuries. It also ensures you get the treatment you need to reduce complications and speed up your recovery.&nbsp;<\/p>\n\n\n\n<p>Report the incident to Amazon. Amazon employees can file for <a href=\"https:\/\/www.briskmanandbriskman.com\/es\/areas-de-practica\/indemnizacion-por-accidente-laboral\/chicago-abogados-de-accidentes-de-trabajo-para-los-trabajadores-de-entrega-de-amazon\/\">workers\u2019 compensation coverage<\/a>. Ask your supervisor for the necessary paperwork and a list of physicians approved by workers\u2019 compensation.&nbsp;<\/p>\n\n\n\n<p>If you\u2019re an independent contractor, you may not be able to claim workers\u2019 compensation. However, you can still seek compensation for your injuries from the dog\u2019s owner. Report the incident to Amazon so the company has notice of your injury and that it occurred while you were driving for Amazon.&nbsp;<\/p>\n\n\n\n<p>Keep all paperwork related to your injury. Types of paperwork to keep include:<\/p>\n\n\n\n<ul class=\"wp-block-list\">\n<li>Notes from doctor\u2019s appointments.<\/li>\n\n\n\n<li>All bills, invoices, or receipts from expenses related to your injury, like medical bills, pharmacy receipts, and other costs.&nbsp;<\/li>\n\n\n\n<li>Any paperwork you file with Amazon, such as an accident report or a workers\u2019 compensation claim form.&nbsp;<\/li>\n\n\n\n<li>Letters or other information from the owner of the dog.<\/li>\n\n\n\n<li>Copies of any notes you made, photos or video you took of your injuries or the place where you were attacked, or any other information you collected when the bite occurred.<\/li>\n\n\n\n<li>Copies of any police reports, if police came to the scene.<\/li>\n<\/ul>\n\n\n\n<p>Store all this information in a safe place. If you have digital copies of information, make a backup on a thumb drive or external hard drive.&nbsp;<\/p>\n\n\n\n<p><a href=\"https:\/\/www.briskmanandbriskman.com\/es\/abogados-de-accidentes-de-camiones-en-chicago-2\/\">Reach out to an experienced attorney<\/a>. If you haven\u2019t worked with a lawyer before, you may wonder where to start. When looking for an Illinois dog bite attorney:<\/p>\n\n\n\n<ul class=\"wp-block-list\">\n<li>Look for lawyers and law firms with experience representing Amazon delivery drivers who have been attacked by dogs.<\/li>\n\n\n\n<li><a href=\"https:\/\/www.briskmanandbriskman.com\/es\/testimonios\/\">Read testimonials from other clients<\/a>. Look for evidence that the attorney and law firm communicate clearly with their clients and work to protect clients\u2019 rights.&nbsp;<\/li>\n\n\n\n<li><a href=\"https:\/\/www.briskmanandbriskman.com\/es\/areas-de-practica\/abogado-de-mordedura-de-perro-chicago\/#:~:text=Briskman%20Briskman%20%26%20Greenberg%27s%20Chicago%20Dog%20Bite%20Lawyers%20Get%20Results%20for%20Injury%20Victims\">Check a lawyer\u2019s track record<\/a>. How many times have they successfully recovered compensation for people with cases like yours?<\/li>\n\n\n\n<li><a href=\"https:\/\/www.briskmanandbriskman.com\/es\/consulta-gratuita\/\">Schedule a consultation<\/a> to speak to a lawyer in person and ask questions about your specific situation.&nbsp;<\/li>\n<\/ul>\n\n\n\n<h2 class=\"wp-block-heading\">Are You An Amazon Driver Who Was Attacked by a Dog?<\/h2>\n\n\n\n<p>If you are an Amazon driver who suffered a dog bite while delivering a package, <a href=\"https:\/\/www.briskmanandbriskman.com\/es\/abogados-de-accidentes-de-camiones-en-chicago-2\/\">contacto Briskman Briskman &amp; Greenberg<\/a> de inmediato para una consulta gratuita.&nbsp;<\/p>\n\n\n\n<p>Our Chicago dog bite attorneys will help you navigate the <a href=\"https:\/\/www.briskmanandbriskman.com\/es\/\">complejas leyes de da\u00f1os personales Illinois<\/a> para obtener la indemnizaci\u00f3n que necesita. Le animamos a que se ponga en contacto con nosotros para hacernos llegar sus preguntas e inquietudes.<\/p>\n\n\n\n<p><a href=\"https:\/\/www.briskmanandbriskman.com\/es\/\">Briskman Briskman &amp; Greenberg<\/a> takes all dog bite cases on a contingency basis. You only pay if our law firm is successful in recovering damages on your behalf. We help serve our clients across Illinois, including <a href=\"https:\/\/www.briskmanandbriskman.com\/es\/lugares\/waukegan\/abogado-de-mordedura-de-perro-2\/\">Waukegan<\/a>, <a href=\"https:\/\/www.briskmanandbriskman.com\/es\/lugares\/joliet\/abogado-de-mordedura-de-perro\/\">Joliet<\/a>, <a href=\"https:\/\/www.briskmanandbriskman.com\/es\/lugares\/oaklawn\/abogado-de-mordedura-de-perro-2\/\">Oak Lawn<\/a>, <a href=\"https:\/\/www.briskmanandbriskman.com\/es\/lugares\/ruedas\/abogado-de-mordedura-de-perro\/\">Wheeling<\/a>, <a href=\"https:\/\/www.briskmanandbriskman.com\/es\/lugares\/orlandpark\/abogado-de-mordedura-de-perro-2\/\">Orland Park<\/a>, and other surrounding areas.<\/p>","protected":false},"excerpt":{"rendered":"<p>Amazon delivery drivers face pressure to complete a large volume of deliveries as quickly as possible to meet their quotas. With the company\u2019s focus on speed and efficiency, safety often falls by the wayside.&nbsp; Amazon delivery drivers face the risk of dog bites while doing their job. They may encounter unrestrained pets when making the&hellip;<\/p>","protected":false},"author":1,"featured_media":11125,"parent":58,"menu_order":0,"comment_status":"closed","ping_status":"closed","template":"","meta":{"_acf_changed":false,"footnotes":""},"class_list":["post-10102","page","type-page","status-publish","has-post-thumbnail","hentry"],"acf":[],"_links":{"self":[{"href":"https:\/\/www.briskmanandbriskman.com\/es\/wp-json\/wp\/v2\/pages\/10102","targetHints":{"allow":["GET"]}}],"collection":[{"href":"https:\/\/www.briskmanandbriskman.com\/es\/wp-json\/wp\/v2\/pages"}],"about":[{"href":"https:\/\/www.briskmanandbriskman.com\/es\/wp-json\/wp\/v2\/types\/page"}],"author":[{"embeddable":true,"href":"https:\/\/www.briskmanandbriskman.com\/es\/wp-json\/wp\/v2\/users\/1"}],"replies":[{"embeddable":true,"href":"https:\/\/www.briskmanandbriskman.com\/es\/wp-json\/wp\/v2\/comments?post=10102"}],"version-history":[{"count":5,"href":"https:\/\/www.briskmanandbriskman.com\/es\/wp-json\/wp\/v2\/pages\/10102\/revisions"}],"predecessor-version":[{"id":15452,"href":"https:\/\/www.briskmanandbriskman.com\/es\/wp-json\/wp\/v2\/pages\/10102\/revisions\/15452"}],"up":[{"embeddable":true,"href":"https:\/\/www.briskmanandbriskman.com\/es\/wp-json\/wp\/v2\/pages\/58"}],"wp:featuredmedia":[{"embeddable":true,"href":"https:\/\/www.briskmanandbriskman.com\/es\/wp-json\/wp\/v2\/media\/11125"}],"wp:attachment":[{"href":"https:\/\/www.briskmanandbriskman.com\/es\/wp-json\/wp\/v2\/media?parent=10102"}],"curies":[{"name":"wp","href":"https:\/\/api.w.org\/{rel}","templated":true}]}}